{"id":101,"date":"2021-12-06T10:40:09","date_gmt":"2021-12-06T08:40:09","guid":{"rendered":"https:\/\/blogi.savonia.fi\/laurajleskinen\/?page_id=101"},"modified":"2022-02-21T09:51:26","modified_gmt":"2022-02-21T07:51:26","slug":"lahtotasot-ja-keinot-tavoitteisiin-paasemiseksi","status":"publish","type":"page","link":"https:\/\/blogi.savonia.fi\/laurajleskinen\/esimerkkisivu\/4-saihpeo12-harjoittelu-perioperatiivinen-hoitotyo\/lahtotasot-ja-keinot-tavoitteisiin-paasemiseksi\/","title":{"rendered":"L\u00e4ht\u00f6tasot ja keinot tavoitteisiin p\u00e4\u00e4semiseksi"},"content":{"rendered":"","protected":true},"excerpt":{"rendered":"","protected":true},"author":7805,"featured_media":0,"parent":93,"menu_order":0,"comment_status":"open","ping_status":"closed","template":"","meta":{"footnotes":""},"class_list":["post-101","page","type-page","status-publish","post-password-required","hentry"],"_links":{"self":[{"href":"https:\/\/blogi.savonia.fi\/laurajleskinen\/wp-json\/wp\/v2\/pages\/101","targetHints":{"allow":["GET"]}}],"collection":[{"href":"https:\/\/blogi.savonia.fi\/laurajleskinen\/wp-json\/wp\/v2\/pages"}],"about":[{"href":"https:\/\/blogi.savonia.fi\/laurajleskinen\/wp-json\/wp\/v2\/types\/page"}],"author":[{"embeddable":true,"href":"https:\/\/blogi.savonia.fi\/laurajleskinen\/wp-json\/wp\/v2\/users\/7805"}],"replies":[{"embeddable":true,"href":"https:\/\/blogi.savonia.fi\/laurajleskinen\/wp-json\/wp\/v2\/comments?post=101"}],"version-history":[{"count":2,"href":"https:\/\/blogi.savonia.fi\/laurajleskinen\/wp-json\/wp\/v2\/pages\/101\/revisions"}],"predecessor-version":[{"id":130,"href":"https:\/\/blogi.savonia.fi\/laurajleskinen\/wp-json\/wp\/v2\/pages\/101\/revisions\/130"}],"up":[{"embeddable":true,"href":"https:\/\/blogi.savonia.fi\/laurajleskinen\/wp-json\/wp\/v2\/pages\/93"}],"wp:attachment":[{"href":"https:\/\/blogi.savonia.fi\/laurajleskinen\/wp-json\/wp\/v2\/media?parent=101"}],"curies":[{"name":"wp","href":"https:\/\/api.w.org\/{rel}","templated":true}]}}