{"id":25,"date":"2021-09-22T19:37:38","date_gmt":"2021-09-22T16:37:38","guid":{"rendered":"https:\/\/blogi.savonia.fi\/laurajleskinen\/?page_id=25"},"modified":"2021-10-04T12:51:27","modified_gmt":"2021-10-04T09:51:27","slug":"tyokokemukseni","status":"publish","type":"page","link":"https:\/\/blogi.savonia.fi\/laurajleskinen\/tyokokemukseni\/","title":{"rendered":"Ty\u00f6kokemukseni"},"content":{"rendered":"\n<p>Savas-S\u00e4\u00e4ti\u00f6 sr Louhum\u00e4en palvelukoti, Kuopio<\/p>\n\n\n\n<p><em>Ohjaajan teht\u00e4v\u00e4t kehitysvammaisten<\/em> <em>autetun asumisen yksik\u00f6ss\u00e4<\/em><\/p>\n\n\n\n<p><em>16.3.2016-<\/em><\/p>\n\n\n\n<p>Siilinj\u00e4rven kunta<\/p>\n\n\n\n<p><em>L\u00e4hihoitajan teht\u00e4v\u00e4t kotihoidossa<\/em><\/p>\n\n\n\n<p><em>3.6.2013-31.12.2014<\/em><\/p>\n\n\n\n<p>Siilinj\u00e4rven kunta<\/p>\n\n\n\n<p><em>M\u00e4\u00e4r\u00e4aikaiset sijaisuudet kotihoidossa, vammaispalveluissa, nuorisotoimessa<\/em><\/p>\n\n\n\n<p><em>1.1.2009-31.5.2013<\/em><\/p>\n\n\n\n<p>Siilinj\u00e4rven kunta<\/p>\n\n\n\n<p><em>Luottamushenkil\u00f6\/vaalilautakunnan varsinainen j\u00e4sen<\/em><\/p>\n\n\n\n<p><em>1.1.2009-1.1.2019<\/em><\/p>\n","protected":false},"excerpt":{"rendered":"<p>Savas-S\u00e4\u00e4ti\u00f6 sr Louhum\u00e4en palvelukoti, Kuopio Ohjaajan teht\u00e4v\u00e4t kehitysvammaisten autetun asumisen yksik\u00f6ss\u00e4 16.3.2016- Siilinj\u00e4rven kunta L\u00e4hihoitajan teht\u00e4v\u00e4t kotihoidossa 3.6.2013-31.12.2014 Siilinj\u00e4rven kunta M\u00e4\u00e4r\u00e4aikaiset sijaisuudet kotihoidossa, vammaispalveluissa, nuorisotoimessa 1.1.2009-31.5.2013 Siilinj\u00e4rven kunta Luottamushenkil\u00f6\/vaalilautakunnan varsinainen j\u00e4sen 1.1.2009-1.1.2019<\/p>\n","protected":false},"author":7805,"featured_media":0,"parent":0,"menu_order":0,"comment_status":"open","ping_status":"closed","template":"","meta":{"footnotes":""},"class_list":["post-25","page","type-page","status-publish","hentry"],"_links":{"self":[{"href":"https:\/\/blogi.savonia.fi\/laurajleskinen\/wp-json\/wp\/v2\/pages\/25","targetHints":{"allow":["GET"]}}],"collection":[{"href":"https:\/\/blogi.savonia.fi\/laurajleskinen\/wp-json\/wp\/v2\/pages"}],"about":[{"href":"https:\/\/blogi.savonia.fi\/laurajleskinen\/wp-json\/wp\/v2\/types\/page"}],"author":[{"embeddable":true,"href":"https:\/\/blogi.savonia.fi\/laurajleskinen\/wp-json\/wp\/v2\/users\/7805"}],"replies":[{"embeddable":true,"href":"https:\/\/blogi.savonia.fi\/laurajleskinen\/wp-json\/wp\/v2\/comments?post=25"}],"version-history":[{"count":2,"href":"https:\/\/blogi.savonia.fi\/laurajleskinen\/wp-json\/wp\/v2\/pages\/25\/revisions"}],"predecessor-version":[{"id":31,"href":"https:\/\/blogi.savonia.fi\/laurajleskinen\/wp-json\/wp\/v2\/pages\/25\/revisions\/31"}],"wp:attachment":[{"href":"https:\/\/blogi.savonia.fi\/laurajleskinen\/wp-json\/wp\/v2\/media?parent=25"}],"curies":[{"name":"wp","href":"https:\/\/api.w.org\/{rel}","templated":true}]}}