{"id":252,"date":"2024-01-11T17:28:08","date_gmt":"2024-01-11T15:28:08","guid":{"rendered":"https:\/\/blogi.savonia.fi\/laurajleskinen\/?page_id=252"},"modified":"2024-01-11T17:28:08","modified_gmt":"2024-01-11T15:28:08","slug":"harjoittelu-akuutti-ja-tehohoitotyo","status":"publish","type":"page","link":"https:\/\/blogi.savonia.fi\/laurajleskinen\/esimerkkisivu\/harjoittelu-akuutti-ja-tehohoitotyo\/","title":{"rendered":"Harjoittelu: Akuutti ja tehohoitoty\u00f6"},"content":{"rendered":"\n<p><strong>4 SAIHAKTE21<\/strong><\/p>\n\n\n\n<p>Opiskelija osaa<br>-soveltaa hoitoty\u00f6h\u00f6n liittyvi\u00e4 eettisi\u00e4 ohjeita ja lains\u00e4\u00e4d\u00e4nt\u00f6\u00e4.<br>-tunnistaa eettisi\u00e4 ristiriitatilanteita ja osaa tuoda niit\u00e4 esille rakentavalla tavalla<br>-toimia moniammatillisessa yhteisty\u00f6ss\u00e4 akuutisti sairastuneen potilaan hoitoty\u00f6ss\u00e4<br>-selitt\u00e4\u00e4 peruselintoimintojen h\u00e4iri\u00f6iden syntymekanismit ja -osaa tehd\u00e4 johtop\u00e4\u00e4t\u00f6ksi\u00e4 peruselintoimintojen h\u00e4iri\u00f6iden aiheuttamista muutoksista elimist\u00f6ss\u00e4.<br>-selitt\u00e4\u00e4 peruselintoimintojen h\u00e4iri\u00f6iden syntymekanismit ja osaa tehd\u00e4 johtop\u00e4\u00e4t\u00f6ksi\u00e4 peruselintoimintojen h\u00e4iri\u00f6iden aiheuttamista muutoksista elimist\u00f6ss\u00e4.<br>-analysoida ja tulkita eri tietol\u00e4hteiden avulla saamiaan tietoja potilaan tilasta.<br>-selitt\u00e4\u00e4 akuutissa ja tehohoidossa hoidossa k\u00e4ytettyjen l\u00e4\u00e4kkeiden ja nesteiden vaikutusmekanismit ja turvallisen k\u00e4yt\u00f6n<br>-suunnitella ja toteuttaa ja arvioida eri-ik\u00e4isten akuutisti sairastuneiden potilaiden hoitoa eri hoitoymp\u00e4rist\u00f6iss\u00e4<br>-soveltaa tutkittua tietoa potilaan hoidossa ja kuntoutumisessa ja kehitt\u00e4\u00e4 akuutti ja tehopotilaan hoitoty\u00f6t\u00e4 tutkitun tiedon ja suositusten avulla<br>-arvioida potilaan ja omaisten tuen tarvetta ja kykenee ohjaamaan heit\u00e4<br>-kuvata ammatillisen vastuunsa potilasturvallisuuden varmistamisessa ja edist\u00e4misess\u00e4<br>-ottaa vastuunsa hoitoty\u00f6n laadusta omassa toiminnassaan<br>-osaa laatia CV:n, infograafin ja video CV:n<\/p>\n","protected":false},"excerpt":{"rendered":"<p>4 SAIHAKTE21 Opiskelija osaa-soveltaa hoitoty\u00f6h\u00f6n liittyvi\u00e4 eettisi\u00e4 ohjeita ja lains\u00e4\u00e4d\u00e4nt\u00f6\u00e4.-tunnistaa eettisi\u00e4 ristiriitatilanteita ja osaa tuoda niit\u00e4 esille rakentavalla tavalla-toimia moniammatillisessa yhteisty\u00f6ss\u00e4 akuutisti sairastuneen potilaan hoitoty\u00f6ss\u00e4-selitt\u00e4\u00e4 peruselintoimintojen h\u00e4iri\u00f6iden syntymekanismit ja -osaa tehd\u00e4 johtop\u00e4\u00e4t\u00f6ksi\u00e4 peruselintoimintojen h\u00e4iri\u00f6iden aiheuttamista muutoksista elimist\u00f6ss\u00e4.-selitt\u00e4\u00e4 peruselintoimintojen h\u00e4iri\u00f6iden syntymekanismit ja osaa tehd\u00e4 johtop\u00e4\u00e4t\u00f6ksi\u00e4 peruselintoimintojen h\u00e4iri\u00f6iden aiheuttamista muutoksista elimist\u00f6ss\u00e4.-analysoida ja tulkita eri tietol\u00e4hteiden avulla saamiaan [&hellip;]<\/p>\n","protected":false},"author":7805,"featured_media":0,"parent":2,"menu_order":0,"comment_status":"closed","ping_status":"closed","template":"","meta":{"footnotes":""},"class_list":["post-252","page","type-page","status-publish","hentry"],"_links":{"self":[{"href":"https:\/\/blogi.savonia.fi\/laurajleskinen\/wp-json\/wp\/v2\/pages\/252","targetHints":{"allow":["GET"]}}],"collection":[{"href":"https:\/\/blogi.savonia.fi\/laurajleskinen\/wp-json\/wp\/v2\/pages"}],"about":[{"href":"https:\/\/blogi.savonia.fi\/laurajleskinen\/wp-json\/wp\/v2\/types\/page"}],"author":[{"embeddable":true,"href":"https:\/\/blogi.savonia.fi\/laurajleskinen\/wp-json\/wp\/v2\/users\/7805"}],"replies":[{"embeddable":true,"href":"https:\/\/blogi.savonia.fi\/laurajleskinen\/wp-json\/wp\/v2\/comments?post=252"}],"version-history":[{"count":1,"href":"https:\/\/blogi.savonia.fi\/laurajleskinen\/wp-json\/wp\/v2\/pages\/252\/revisions"}],"predecessor-version":[{"id":253,"href":"https:\/\/blogi.savonia.fi\/laurajleskinen\/wp-json\/wp\/v2\/pages\/252\/revisions\/253"}],"up":[{"embeddable":true,"href":"https:\/\/blogi.savonia.fi\/laurajleskinen\/wp-json\/wp\/v2\/pages\/2"}],"wp:attachment":[{"href":"https:\/\/blogi.savonia.fi\/laurajleskinen\/wp-json\/wp\/v2\/media?parent=252"}],"curies":[{"name":"wp","href":"https:\/\/api.w.org\/{rel}","templated":true}]}}