{"id":256,"date":"2024-01-11T17:33:20","date_gmt":"2024-01-11T15:33:20","guid":{"rendered":"https:\/\/blogi.savonia.fi\/laurajleskinen\/?page_id=256"},"modified":"2024-01-11T17:33:20","modified_gmt":"2024-01-11T15:33:20","slug":"harjoittelu-hoitotyon-osaamisen-taydentaminen","status":"publish","type":"page","link":"https:\/\/blogi.savonia.fi\/laurajleskinen\/esimerkkisivu\/harjoittelu-hoitotyon-osaamisen-taydentaminen\/","title":{"rendered":"Harjoittelu: Hoitoty\u00f6n osaamisen t\u00e4ydent\u00e4minen"},"content":{"rendered":"\n<p><strong>4 SAIHHOI12<\/strong><\/p>\n\n\n\n<p>Opintojakson suoritettuaan opiskelija<br>-osaa soveltaa eettisi\u00e4 ohjeita ja lains\u00e4\u00e4d\u00e4nt\u00f6\u00e4 toimiessaan erilaisissa hoitoty\u00f6n tilanteissa ja toimintaymp\u00e4rist\u00f6iss\u00e4<br>-t\u00e4ydent\u00e4\u00e4 hoitoty\u00f6n osaamistaan eri toimintaymp\u00e4rist\u00f6iss\u00e4<br>-osaa toimia potilasturvallisuutta edist\u00e4en potilaan hoitoprosessin kaikissa vaiheissa<br>-osaa hy\u00f6dynt\u00e4\u00e4 s\u00e4hk\u00f6isi\u00e4 terveydenhuollon palveluja osana potilaan kokonaishoitoa<br>-osaa toimia asiakasl\u00e4ht\u00f6isesti huomioiden potilaan voimavarat ja tarpeet hoito- ja ohjaustilanteissa sek\u00e4 toimia potilaan ja hoitoty\u00f6n edustajana erilaisissa ty\u00f6ryhmiss\u00e4<br>-hallitsee tavanomaiset l\u00e4\u00e4kkeiden antotavat, l\u00e4\u00e4kehoidon ohjauksen ja osaa arvioida potilaan hoidossa k\u00e4ytett\u00e4vien l\u00e4\u00e4kkeiden vaikuttavuutta sek\u00e4 l\u00e4\u00e4kkeiden haitta-, sivu- ja yhteisvaikutuksia<br>-arvioida kokonaisl\u00e4\u00e4kityksen ja toimia moniammatillisesti<br>-tiet\u00e4\u00e4 varautumissuunnitelmat terveydenhuollon erityistilanteisiin ja poikkeusoloihin Suomessa<br>-osaa toimia sairaanhoitajana hoitoelvytyksess\u00e4 ja johtaa elvytystoimintaa<br>-osaa yleissairaanhoitajan 180op valtakunnallisessa kokeessa tarvittavat tiedot ja taidot<br>-osaa reflektoida omaa oppimistaan ja osaamistaan<\/p>\n\n\n\n<p><\/p>\n\n\n\n<p>Suoritin harjoittelun ty\u00f6suhteessa KYS:n vastasyntyneiden teho-osastolla.<\/p>\n","protected":false},"excerpt":{"rendered":"<p>4 SAIHHOI12 Opintojakson suoritettuaan opiskelija-osaa soveltaa eettisi\u00e4 ohjeita ja lains\u00e4\u00e4d\u00e4nt\u00f6\u00e4 toimiessaan erilaisissa hoitoty\u00f6n tilanteissa ja toimintaymp\u00e4rist\u00f6iss\u00e4-t\u00e4ydent\u00e4\u00e4 hoitoty\u00f6n osaamistaan eri toimintaymp\u00e4rist\u00f6iss\u00e4-osaa toimia potilasturvallisuutta edist\u00e4en potilaan hoitoprosessin kaikissa vaiheissa-osaa hy\u00f6dynt\u00e4\u00e4 s\u00e4hk\u00f6isi\u00e4 terveydenhuollon palveluja osana potilaan kokonaishoitoa-osaa toimia asiakasl\u00e4ht\u00f6isesti huomioiden potilaan voimavarat ja tarpeet hoito- ja ohjaustilanteissa sek\u00e4 toimia potilaan ja hoitoty\u00f6n edustajana erilaisissa ty\u00f6ryhmiss\u00e4-hallitsee tavanomaiset l\u00e4\u00e4kkeiden antotavat, [&hellip;]<\/p>\n","protected":false},"author":7805,"featured_media":0,"parent":2,"menu_order":0,"comment_status":"closed","ping_status":"closed","template":"","meta":{"footnotes":""},"class_list":["post-256","page","type-page","status-publish","hentry"],"_links":{"self":[{"href":"https:\/\/blogi.savonia.fi\/laurajleskinen\/wp-json\/wp\/v2\/pages\/256","targetHints":{"allow":["GET"]}}],"collection":[{"href":"https:\/\/blogi.savonia.fi\/laurajleskinen\/wp-json\/wp\/v2\/pages"}],"about":[{"href":"https:\/\/blogi.savonia.fi\/laurajleskinen\/wp-json\/wp\/v2\/types\/page"}],"author":[{"embeddable":true,"href":"https:\/\/blogi.savonia.fi\/laurajleskinen\/wp-json\/wp\/v2\/users\/7805"}],"replies":[{"embeddable":true,"href":"https:\/\/blogi.savonia.fi\/laurajleskinen\/wp-json\/wp\/v2\/comments?post=256"}],"version-history":[{"count":1,"href":"https:\/\/blogi.savonia.fi\/laurajleskinen\/wp-json\/wp\/v2\/pages\/256\/revisions"}],"predecessor-version":[{"id":257,"href":"https:\/\/blogi.savonia.fi\/laurajleskinen\/wp-json\/wp\/v2\/pages\/256\/revisions\/257"}],"up":[{"embeddable":true,"href":"https:\/\/blogi.savonia.fi\/laurajleskinen\/wp-json\/wp\/v2\/pages\/2"}],"wp:attachment":[{"href":"https:\/\/blogi.savonia.fi\/laurajleskinen\/wp-json\/wp\/v2\/media?parent=256"}],"curies":[{"name":"wp","href":"https:\/\/api.w.org\/{rel}","templated":true}]}}