{"id":261,"date":"2024-02-03T17:30:59","date_gmt":"2024-02-03T15:30:59","guid":{"rendered":"https:\/\/blogi.savonia.fi\/laurajleskinen\/?page_id=261"},"modified":"2024-02-16T13:14:52","modified_gmt":"2024-02-16T11:14:52","slug":"lahtotasot-ja-keinot-tavoitteisiin-paasemiseksi","status":"publish","type":"page","link":"https:\/\/blogi.savonia.fi\/laurajleskinen\/esimerkkisivu\/harjoittelu-akuutti-ja-tehohoitotyo\/lahtotasot-ja-keinot-tavoitteisiin-paasemiseksi\/","title":{"rendered":"L\u00e4ht\u00f6tasot ja keinot tavoitteisiin p\u00e4\u00e4semiseksi"},"content":{"rendered":"","protected":true},"excerpt":{"rendered":"","protected":true},"author":7805,"featured_media":0,"parent":252,"menu_order":0,"comment_status":"open","ping_status":"closed","template":"","meta":{"footnotes":""},"class_list":["post-261","page","type-page","status-publish","post-password-required","hentry"],"_links":{"self":[{"href":"https:\/\/blogi.savonia.fi\/laurajleskinen\/wp-json\/wp\/v2\/pages\/261","targetHints":{"allow":["GET"]}}],"collection":[{"href":"https:\/\/blogi.savonia.fi\/laurajleskinen\/wp-json\/wp\/v2\/pages"}],"about":[{"href":"https:\/\/blogi.savonia.fi\/laurajleskinen\/wp-json\/wp\/v2\/types\/page"}],"author":[{"embeddable":true,"href":"https:\/\/blogi.savonia.fi\/laurajleskinen\/wp-json\/wp\/v2\/users\/7805"}],"replies":[{"embeddable":true,"href":"https:\/\/blogi.savonia.fi\/laurajleskinen\/wp-json\/wp\/v2\/comments?post=261"}],"version-history":[{"count":4,"href":"https:\/\/blogi.savonia.fi\/laurajleskinen\/wp-json\/wp\/v2\/pages\/261\/revisions"}],"predecessor-version":[{"id":284,"href":"https:\/\/blogi.savonia.fi\/laurajleskinen\/wp-json\/wp\/v2\/pages\/261\/revisions\/284"}],"up":[{"embeddable":true,"href":"https:\/\/blogi.savonia.fi\/laurajleskinen\/wp-json\/wp\/v2\/pages\/252"}],"wp:attachment":[{"href":"https:\/\/blogi.savonia.fi\/laurajleskinen\/wp-json\/wp\/v2\/media?parent=261"}],"curies":[{"name":"wp","href":"https:\/\/api.w.org\/{rel}","templated":true}]}}