{"id":69,"date":"2021-10-04T12:47:31","date_gmt":"2021-10-04T09:47:31","guid":{"rendered":"https:\/\/blogi.savonia.fi\/laurajleskinen\/?page_id=69"},"modified":"2021-11-04T18:00:02","modified_gmt":"2021-11-04T16:00:02","slug":"lahtotasot-ja-keinot-tavoitteisiin-paasemikseksi","status":"publish","type":"page","link":"https:\/\/blogi.savonia.fi\/laurajleskinen\/esimerkkisivu\/sisatautia-sairastavan-hoitotyo\/lahtotasot-ja-keinot-tavoitteisiin-paasemikseksi\/","title":{"rendered":"L\u00e4ht\u00f6tasot ja keinot tavoitteisiin p\u00e4\u00e4semiseksi"},"content":{"rendered":"","protected":true},"excerpt":{"rendered":"","protected":true},"author":7805,"featured_media":0,"parent":23,"menu_order":0,"comment_status":"open","ping_status":"closed","template":"","meta":{"footnotes":""},"class_list":["post-69","page","type-page","status-publish","post-password-required","hentry"],"_links":{"self":[{"href":"https:\/\/blogi.savonia.fi\/laurajleskinen\/wp-json\/wp\/v2\/pages\/69","targetHints":{"allow":["GET"]}}],"collection":[{"href":"https:\/\/blogi.savonia.fi\/laurajleskinen\/wp-json\/wp\/v2\/pages"}],"about":[{"href":"https:\/\/blogi.savonia.fi\/laurajleskinen\/wp-json\/wp\/v2\/types\/page"}],"author":[{"embeddable":true,"href":"https:\/\/blogi.savonia.fi\/laurajleskinen\/wp-json\/wp\/v2\/users\/7805"}],"replies":[{"embeddable":true,"href":"https:\/\/blogi.savonia.fi\/laurajleskinen\/wp-json\/wp\/v2\/comments?post=69"}],"version-history":[{"count":4,"href":"https:\/\/blogi.savonia.fi\/laurajleskinen\/wp-json\/wp\/v2\/pages\/69\/revisions"}],"predecessor-version":[{"id":75,"href":"https:\/\/blogi.savonia.fi\/laurajleskinen\/wp-json\/wp\/v2\/pages\/69\/revisions\/75"}],"up":[{"embeddable":true,"href":"https:\/\/blogi.savonia.fi\/laurajleskinen\/wp-json\/wp\/v2\/pages\/23"}],"wp:attachment":[{"href":"https:\/\/blogi.savonia.fi\/laurajleskinen\/wp-json\/wp\/v2\/media?parent=69"}],"curies":[{"name":"wp","href":"https:\/\/api.w.org\/{rel}","templated":true}]}}