{"id":110,"date":"2022-07-26T17:36:43","date_gmt":"2022-07-26T14:36:43","guid":{"rendered":"https:\/\/blogi.savonia.fi\/matkallamelbourneen\/?page_id=110"},"modified":"2024-07-18T13:56:58","modified_gmt":"2024-07-18T10:56:58","slug":"harjoittelijat","status":"publish","type":"page","link":"https:\/\/blogi.savonia.fi\/matkallamelbourneen\/harjoittelijat\/","title":{"rendered":"Harjoittelijat"},"content":{"rendered":"\n<p style=\"font-size:18px\">T\u00e4ll\u00e4 sivulla Savonia-ammattikorkeakoulun opiskelijat esitt\u00e4ytyv\u00e4t ja kertovat lyhyesti itsest\u00e4\u00e4n.<\/p>\n\n\n\n<p style=\"font-size:18px\"><strong>Minttu, Mia<\/strong> ja <strong>Noora<\/strong> ovat ensimm\u00e4iset Melbournen Suomalaisen Yst\u00e4v\u00e4palvelun harjoittelijat Savonia-ammattikorkeakoulusta! He aloittivat harjoittelunsa Melbournessa elokuussa 2022. <\/p>\n\n\n\n<p style=\"font-size:18px\"><\/p>\n\n\n\n<div class=\"wp-block-media-text alignwide has-media-on-the-right is-stacked-on-mobile\"><div class=\"wp-block-media-text__content\">\n<blockquote class=\"wp-block-quote is-layout-flow wp-block-quote-is-layout-flow\" style=\"font-size:18px\">\n<p><strong>Minttu, 21 vuotta<\/strong> <\/p>\n\n\n\n<p>Minttu on kolmannen vuoden sairaanhoitajaopiskelija, joka suorittaa Melbournen Suomalaisen Yst\u00e4v\u00e4palvelun parissa <em>kotihoito ja gerontologinen hoitoty\u00f6<\/em>-harjoittelun sek\u00e4 projektiopintoja. &nbsp;Aiemmalta tutkinnoltaan Minttu on l\u00e4hihoitaja ja valmistumisen j\u00e4lkeen h\u00e4n on tehnyt t\u00f6it\u00e4 ik\u00e4ihmisten hoivakodissa. Mintun vahvuuksiin kuuluu l\u00e4mmin ja luontainen vuorovaikutus asiakkaiden kanssa sek\u00e4 aito kiinnostus auttaa. Harjoitteluiden lis\u00e4ksi Minttu on ty\u00f6skennellyt opiskeluaikana mm. Ik\u00e4ihmisten hoivakodissa sek\u00e4 psykiatrisessa sairaalassa.<\/p>\n\n\n\n<p>Minttu haaveilee ty\u00f6skentelev\u00e4ns\u00e4 tulevaisuudessa mielenterveyspalveluiden parissa aikuisten ja ik\u00e4ihmisten kanssa.<\/p>\n<\/blockquote>\n<\/div><figure class=\"wp-block-media-text__media\"><a href=\"https:\/\/blogi.savonia.fi\/matkallamelbourneen\/opiskelijoille\/kokemuksia-harjoittelusta\/mintun-kokemuksia\/\"><img decoding=\"async\" src=\"https:\/\/blogi.savonia.fi\/matkallamelbourneen\/wp-content\/uploads\/sites\/11001\/2022\/09\/301054865_620142033004843_3573995067572855450_n.jpg\" alt=\"\" class=\"wp-image-322 size-full\" \/><\/a><\/figure><\/div>\n\n\n\n<p><\/p>\n\n\n\n<p><\/p>\n\n\n\n<div class=\"wp-block-media-text alignwide is-stacked-on-mobile\" style=\"grid-template-columns:33% auto\"><figure class=\"wp-block-media-text__media\"><a href=\"https:\/\/blogi.savonia.fi\/matkallamelbourneen\/opiskelijoille\/kokemuksia-harjoittelusta\/kokemuksia-harjoittelusta-mia\/\"><img decoding=\"async\" src=\"https:\/\/blogi.savonia.fi\/matkallamelbourneen\/wp-content\/uploads\/sites\/11001\/2022\/07\/271823537_10227551563923966_9219627804224227449_n-1024x683.jpg\" alt=\"\" class=\"wp-image-111 size-full\" \/><\/a><\/figure><div class=\"wp-block-media-text__content\">\n<blockquote class=\"wp-block-quote is-layout-flow wp-block-quote-is-layout-flow\" style=\"font-size:18px;font-style:normal;font-weight:400\">\n<p><strong>Mia, 33 vuotta<\/strong><\/p>\n\n\n\n<p><em>Mia on toisen vuoden sairaanhoitajaopiskelija ja suorittaa Melbournen Suomalaisessa Yst\u00e4v\u00e4palvelussa kotihoidon ja gerontologisen hoitoty\u00f6n harjoittelun sek\u00e4 projektiopintoja. Mia on aiemmalta tutkinnoltaan kauppatieteiden maisteri ja h\u00e4nell\u00e4 on vahva osaaminen muun muassa asiakaspalveluty\u00f6st\u00e4 ja projektijohtamisesta. Hoitoalalla Mia on ty\u00f6skennellyt kotihoidossa. <\/em><\/p>\n\n\n\n<p><em>Tulevaisuudessa Mia haaveilee yhdist\u00e4v\u00e4ns\u00e4 molempia tutkintojaan ja tekev\u00e4ns\u00e4 viel\u00e4 jonakin p\u00e4iv\u00e4n\u00e4 esimiesty\u00f6t\u00e4 hoitoalalla. <\/em><\/p>\n<\/blockquote>\n<\/div><\/div>\n\n\n\n<p><\/p>\n\n\n\n<p><\/p>\n\n\n\n<div class=\"wp-block-media-text alignwide has-media-on-the-right is-stacked-on-mobile\" style=\"grid-template-columns:auto 22%\"><div class=\"wp-block-media-text__content\">\n<blockquote class=\"wp-block-quote is-layout-flow wp-block-quote-is-layout-flow\" style=\"font-size:18px\">\n<p><strong>Noora, 24 vuotta<\/strong><\/p>\n\n\n\n<p>Noora on viimeisen eli nelj\u00e4nnen vuoden terveydenhoitajaopiskelija ja suorittaa Melbournen Suomalaisessa Yst\u00e4v\u00e4palvelussa terveytt\u00e4 edist\u00e4v\u00e4n syvent\u00e4v\u00e4n harjoittelun sek\u00e4 kehitt\u00e4misty\u00f6projektin. Koulutustausta ennen nykyist\u00e4 koulua on lukio. Hoitoalalla Noora on ty\u00f6skennellyt mm. kotihoidossa, terveyskeskuksessa sairaanhoitajan vastaanotolla, p\u00e4iv\u00e4kodissa sek\u00e4 yhdistetyss\u00e4 \u00e4itiys- ja lastenneuvolassa. Lis\u00e4ksi ty\u00f6taustaa on my\u00f6s useammasta henkil\u00f6kohtaisen avustajan ty\u00f6st\u00e4 erilaisten avustettavien kanssa sek\u00e4 muilta aloilta kuten kaupanalalta. Nooran vahvuuksiin kuuluu positiivinen el\u00e4m\u00e4nasenne ja halu auttaa. <\/p>\n\n\n\n<p>Tulevaisuudessa Noora haaveilee siit\u00e4, ett\u00e4 voi jatkaa neuvolaty\u00f6t\u00e4 tai ty\u00f6t\u00e4 ik\u00e4ihmisten parissa.<\/p>\n<\/blockquote>\n<\/div><figure class=\"wp-block-media-text__media\"><img decoding=\"async\" src=\"https:\/\/blogi.savonia.fi\/matkallamelbourneen\/wp-content\/uploads\/sites\/11001\/2022\/08\/IMG_0235-1-pieni.jpg\" alt=\"\" class=\"wp-image-314 size-full\" \/><\/figure><\/div>\n\n\n\n<p style=\"font-size:18px\"><strong>Hilda, Tinja<\/strong> ja <strong>Eevi<\/strong> ovat kev\u00e4tlukukauden 2023 harjoittelijat. He aloittivat harjoittelunsa helmikuussa 2023.<\/p>\n\n\n\n<div class=\"wp-block-group is-layout-constrained wp-block-group-is-layout-constrained\">\n<div class=\"wp-block-columns are-vertically-aligned-top is-layout-flex wp-container-core-columns-is-layout-9d6595d7 wp-block-columns-is-layout-flex\">\n<div class=\"wp-block-column is-vertically-aligned-top is-layout-flow wp-block-column-is-layout-flow\" style=\"flex-basis:100%\">\n<div class=\"wp-block-columns is-layout-flex wp-container-core-columns-is-layout-9d6595d7 wp-block-columns-is-layout-flex\">\n<div class=\"wp-block-column is-layout-flow wp-block-column-is-layout-flow\" style=\"flex-basis:100%\">\n<blockquote class=\"wp-block-quote is-layout-flow wp-block-quote-is-layout-flow\">\n<p><strong>Hilda, 21 vuotta<\/strong><\/p>\n\n\n\n<p style=\"font-size:18px\">Hilda on kolmannen vuoden fysioterapeuttiopiskelija ja suorittaa Melbournen Suomalaisessa Yst\u00e4v\u00e4palvelussa harjoittelua 3. Lis\u00e4ksi h\u00e4n tekee harjoittelun ohella muita opintoja Suomeen. Hilda on k\u00e4ynyt lukion ennen nykyisi\u00e4 opintojaan. Harjoitteluita h\u00e4n on suorittanut yksityisell\u00e4 puolella ja Savonian Wellness Centerill\u00e4 ennen t\u00e4t\u00e4 harjoittelua. Ty\u00f6kokemusta l\u00f6ytyy monesta erilaisesta teht\u00e4v\u00e4st\u00e4, enimm\u00e4kseen kuitenkin asiakaspalveluteht\u00e4vist\u00e4. Hilda on huumorintajuinen ja reipas, h\u00e4nen vahvuuksiinsa kuuluu ihmisten kohtaaminen.<\/p>\n\n\n\n<p style=\"font-size:18px\">Tulevaisuudessa Hilda haluaisi opiskella psykofyysist\u00e4 fysioterapiaa ja olla mahdollisesti mukana kehitt\u00e4m\u00e4ss\u00e4 ik\u00e4ihmisten fysioterapiapalveluita Suomessa.<\/p>\n<\/blockquote>\n\n\n\n<p style=\"font-size:18px\"><\/p>\n\n\n\n<p><\/p>\n\n\n\n<blockquote class=\"wp-block-quote is-layout-flow wp-block-quote-is-layout-flow\">\n<p><strong>Tinja, 26 vuotta<\/strong><\/p>\n\n\n\n<p style=\"font-size:18px\">Tinja on kolmannen vuoden hyvinvointialan tradenomiopiskelija ja suorittaa Melbournen Suomalaisessa Yst\u00e4v\u00e4palvelussa syvent\u00e4v\u00e4n harjoittelujakson painottuen markkinoinnin teht\u00e4viin. Aiemmalta ammatiltaan Tinja on myynnin ja markkinoinnin merkonomi. Ty\u00f6skentelytaustaa l\u00f6ytyy niin asiakaspalveluteht\u00e4vist\u00e4, osastovastaavan teht\u00e4vist\u00e4 kuin muiltakin eri aloilta monipuolisesti. Tinja omaa hyv\u00e4t kommunikaatiotaidot ja tulee helposti juttuun ihmisten kanssa. <\/p>\n\n\n\n<p style=\"font-size:18px\">Tulevaisuuden haaveissa Tinja ty\u00f6skentelee joko markkinoinnin ja myynnin parissa tai HR-alalla. <\/p>\n<\/blockquote>\n\n\n\n<p style=\"font-size:14px\"><\/p>\n\n\n\n<div class=\"wp-block-columns is-layout-flex wp-container-core-columns-is-layout-9d6595d7 wp-block-columns-is-layout-flex\">\n<div class=\"wp-block-column is-vertically-aligned-bottom is-layout-flow wp-block-column-is-layout-flow\" style=\"flex-basis:100%\">\n<blockquote class=\"wp-block-quote is-layout-flow wp-block-quote-is-layout-flow\" style=\"font-size:22px;font-style:normal;font-weight:400\">\n<p style=\"font-size:18px\"><strong>Eevi, 21 vuotta<\/strong><\/p>\n<cite><em>Eevi on kolmannen vuoden sairaanhoitajaopiskelija ja suorittaa Melbournen Suomalaisessa Yst\u00e4v\u00e4palvelussa gerontologisen hoitoty\u00f6n harjoittelun. Lis\u00e4ksi h\u00e4n tekee harjoittelun ohella muita opintoja et\u00e4n\u00e4 Suomeen. Eevi on k\u00e4ynyt lukion ennen n\u00e4it\u00e4 opintoja. Hoitoalalla Eevi on ty\u00f6skennellyt vammautuneiden parissa, traumateholla sek\u00e4 vastasyntyneiden teho-osastolla. Eevin vahvuuksia on kaikkien ihmisten kanssa toimeen tuleminen sek\u00e4 positiivinen el\u00e4m\u00e4nasenne. <\/em><br><br><em>Tulevaisuudessa Eevi haaveilee ty\u00f6skentelev\u00e4ns\u00e4 akuutin hoitoty\u00f6n parissa, erityisesti lasten ja vauvojen parissa. <\/em><\/cite><\/blockquote>\n<\/div>\n<\/div>\n<\/div>\n<\/div>\n<\/div>\n<\/div>\n<\/div>\n\n\n\n<p><strong>Noora, Oona, Pirkko <\/strong>ja<strong> Juulia <\/strong>ovat syyslukukauden 2023 harjoittelijat. <\/p>\n\n\n\n<p><\/p>\n\n\n\n<blockquote class=\"wp-block-quote is-layout-flow wp-block-quote-is-layout-flow\">\n<p><strong>Juulia<\/strong><\/p>\n\n\n\n<p><em>Juulia on kolmannen vuoden sairaanhoitajaopiskelija. H\u00e4n suorittaa Suomalaisessa Yst\u00e4v\u00e4palvelussa kotihoidon ja gerontologisen harjoittelun sek\u00e4 projektikurssin. Juulian vahvuuksiin kuuluu positiivisuus sek\u00e4 l\u00e4mmin vuorovaikutus.&nbsp; Juulia on ty\u00f6skennellyt pitk\u00e4aikaishoivan parissa sek\u00e4 gastrokirurgian osastolla. Tulevaisuudessa h\u00e4n haluaisi ty\u00f6skennell\u00e4 leikkaussalissa.&nbsp;&nbsp;<\/em><\/p>\n<\/blockquote>\n\n\n\n<p><\/p>\n\n\n\n<blockquote class=\"wp-block-quote has-text-align-right is-layout-flow wp-block-quote-is-layout-flow\">\n<p><strong>Noora<\/strong>, <strong>26 vuotta<\/strong><\/p>\n\n\n\n<p><em>Noora on sairaanhoitajaopiskelija Savonlinnasta. Aikaisemmalta koulutukseltaan Noora on liikuntaneuvoja ja h\u00e4n on ty\u00f6skennellyt muutaman vuoden kuntosalilla. Noora on ty\u00f6skennellyt viimeksi lasten sy\u00f6p\u00e4osastolla. Nooraa kiinnostaa tulevaisuudessa akuutti hoitoty\u00f6.<\/em><\/p>\n<\/blockquote>\n\n\n\n<h4 class=\"wp-block-heading\">Pike<\/h4>\n\n\n\n<p>Olen Savonian YAMK SoTe kehitt\u00e4misen ja johtamisen opiskelija. Olen terveydenhoitaja, sis\u00e4tautien ja kirurgian sairaanhoitaja ja ty\u00f6tervyeshoitaja. Lis\u00e4ksi olen opiskellut ty\u00f6nohjaajaksi ja Terveyshallintotieteen maisteriksi. Valitsin vaihtoon innovatiivisen osaamisen ja strategisen johtamisen kurssit sek\u00e4 Ty\u00f6ote-kurssin tavoitteenani kehitt\u00e4\u00e4 opiskelijayhteisty\u00f6t\u00e4 oppilaitoksen, kohdeyhteis\u00f6n ja opiskelijoiden v\u00e4lill\u00e4.<\/p>\n\n\n\n<blockquote class=\"wp-block-quote is-layout-flow wp-block-quote-is-layout-flow\">\n<p><strong>Oona<\/strong><\/p>\n\n\n\n<p>Olen kolmannen vuoden suuhygienistiopiskelija Savonialla ja suoritan Melbournen Suomalaisten Yst\u00e4v\u00e4palvelulla suun terveydenhoitoty\u00f6 erityisryhmiss\u00e4 -harjoittelun. P\u00e4\u00e4tin l\u00e4hte\u00e4 vaihtoon, koska pid\u00e4n uusiin kulttuureihin tutustumisesta ja Yst\u00e4v\u00e4palvelu vaikutti ainutlaatuiselta harjoittelupaikalta sen mielenkiintoisten ihmisten ja tarinoiden vuoksi.<\/p>\n<\/blockquote>\n\n\n\n<p><\/p>\n\n\n\n<p><strong>Piia<\/strong> ja <strong>Sanni<\/strong> ovat kev\u00e4tlukukauden 2024 harjoittelijat.<\/p>\n\n\n\n<blockquote class=\"wp-block-quote is-layout-flow wp-block-quote-is-layout-flow\">\n<p><strong>Piia<\/strong><\/p>\n\n\n\n<p>Piia on kolmannen vuoden fysioterapiaopiskelija ja suorittaa Melbournen Suomalaisessa Yst\u00e4v\u00e4palvelussa Harjoittelu 4:n. H\u00e4nell\u00e4 on pitk\u00e4 kokemus yritt\u00e4jyydest\u00e4, joten t\u00e4m\u00e4n harjoittelun vaatima itsen\u00e4inen ty\u00f6ote tuntuu luontevalta. Piian vahvuuksia on rauhallisuus sek\u00e4 empaattinen ja l\u00e4mmin ihmisten kohtaaminen ja vuorovaikutus. Harjoittelupaikkana Australia ja siell\u00e4 ik\u00e4\u00e4ntyneet Australian-Suomalaiset hienoine el\u00e4m\u00e4ntarinoineen kuulostaakin todella ainutlaatuiselta kokemukselta, jota ei voi j\u00e4tt\u00e4\u00e4 kokematta. <\/p>\n<\/blockquote>\n","protected":false},"excerpt":{"rendered":"<p>T\u00e4ll\u00e4 sivulla Savonia-ammattikorkeakoulun opiskelijat esitt\u00e4ytyv\u00e4t ja kertovat lyhyesti itsest\u00e4\u00e4n. Minttu, Mia ja Noora ovat ensimm\u00e4iset Melbournen Suomalaisen Yst\u00e4v\u00e4palvelun harjoittelijat Savonia-ammattikorkeakoulusta! He aloittivat harjoittelunsa Melbournessa elokuussa 2022. Hilda, Tinja ja Eevi ovat kev\u00e4tlukukauden 2023 harjoittelijat. He aloittivat harjoittelunsa helmikuussa 2023. Hilda, &hellip;<\/p>\n<p class=\"read-more\"> <a class=\"more-link\" href=\"https:\/\/blogi.savonia.fi\/matkallamelbourneen\/harjoittelijat\/\"> <span class=\"screen-reader-text\">Harjoittelijat<\/span> Lue lis\u00e4\u00e4 &raquo;<\/a><\/p>\n","protected":false},"author":8206,"featured_media":0,"parent":0,"menu_order":1,"comment_status":"closed","ping_status":"closed","template":"","meta":{"footnotes":""},"class_list":["post-110","page","type-page","status-publish","hentry"],"_links":{"self":[{"href":"https:\/\/blogi.savonia.fi\/matkallamelbourneen\/wp-json\/wp\/v2\/pages\/110","targetHints":{"allow":["GET"]}}],"collection":[{"href":"https:\/\/blogi.savonia.fi\/matkallamelbourneen\/wp-json\/wp\/v2\/pages"}],"about":[{"href":"https:\/\/blogi.savonia.fi\/matkallamelbourneen\/wp-json\/wp\/v2\/types\/page"}],"author":[{"embeddable":true,"href":"https:\/\/blogi.savonia.fi\/matkallamelbourneen\/wp-json\/wp\/v2\/users\/8206"}],"replies":[{"embeddable":true,"href":"https:\/\/blogi.savonia.fi\/matkallamelbourneen\/wp-json\/wp\/v2\/comments?post=110"}],"version-history":[{"count":50,"href":"https:\/\/blogi.savonia.fi\/matkallamelbourneen\/wp-json\/wp\/v2\/pages\/110\/revisions"}],"predecessor-version":[{"id":647,"href":"https:\/\/blogi.savonia.fi\/matkallamelbourneen\/wp-json\/wp\/v2\/pages\/110\/revisions\/647"}],"wp:attachment":[{"href":"https:\/\/blogi.savonia.fi\/matkallamelbourneen\/wp-json\/wp\/v2\/media?parent=110"}],"curies":[{"name":"wp","href":"https:\/\/api.w.org\/{rel}","templated":true}]}}