{"id":114,"date":"2022-07-27T13:55:13","date_gmt":"2022-07-27T10:55:13","guid":{"rendered":"https:\/\/blogi.savonia.fi\/matkallamelbourneen\/?page_id=114"},"modified":"2022-07-27T20:48:52","modified_gmt":"2022-07-27T17:48:52","slug":"savonia-ammattikorkeakoulu","status":"publish","type":"page","link":"https:\/\/blogi.savonia.fi\/matkallamelbourneen\/savonia-ammattikorkeakoulu\/","title":{"rendered":"Savonia-ammattikorkeakoulu"},"content":{"rendered":"\n<p><\/p>\n\n\n\n<div class=\"wp-block-media-text alignwide has-media-on-the-right is-stacked-on-mobile\"><figure class=\"wp-block-media-text__media\"><img loading=\"lazy\" decoding=\"async\" width=\"872\" height=\"1024\" src=\"https:\/\/blogi.savonia.fi\/matkallamelbourneen\/wp-content\/uploads\/sites\/11001\/2022\/07\/196117378_10226243537784130_2990213758086335192_n-872x1024.jpg\" alt=\"\" class=\"wp-image-139 size-full\" srcset=\"https:\/\/blogi.savonia.fi\/matkallamelbourneen\/wp-content\/uploads\/sites\/11001\/2022\/07\/196117378_10226243537784130_2990213758086335192_n-872x1024.jpg 872w, https:\/\/blogi.savonia.fi\/matkallamelbourneen\/wp-content\/uploads\/sites\/11001\/2022\/07\/196117378_10226243537784130_2990213758086335192_n-255x300.jpg 255w, https:\/\/blogi.savonia.fi\/matkallamelbourneen\/wp-content\/uploads\/sites\/11001\/2022\/07\/196117378_10226243537784130_2990213758086335192_n-768x902.jpg 768w, https:\/\/blogi.savonia.fi\/matkallamelbourneen\/wp-content\/uploads\/sites\/11001\/2022\/07\/196117378_10226243537784130_2990213758086335192_n-700x822.jpg 700w, https:\/\/blogi.savonia.fi\/matkallamelbourneen\/wp-content\/uploads\/sites\/11001\/2022\/07\/196117378_10226243537784130_2990213758086335192_n-520x611.jpg 520w, https:\/\/blogi.savonia.fi\/matkallamelbourneen\/wp-content\/uploads\/sites\/11001\/2022\/07\/196117378_10226243537784130_2990213758086335192_n-360x423.jpg 360w, https:\/\/blogi.savonia.fi\/matkallamelbourneen\/wp-content\/uploads\/sites\/11001\/2022\/07\/196117378_10226243537784130_2990213758086335192_n-250x294.jpg 250w, https:\/\/blogi.savonia.fi\/matkallamelbourneen\/wp-content\/uploads\/sites\/11001\/2022\/07\/196117378_10226243537784130_2990213758086335192_n-100x117.jpg 100w, https:\/\/blogi.savonia.fi\/matkallamelbourneen\/wp-content\/uploads\/sites\/11001\/2022\/07\/196117378_10226243537784130_2990213758086335192_n.jpg 1090w\" sizes=\"auto, (max-width: 872px) 100vw, 872px\" \/><\/figure><div class=\"wp-block-media-text__content\">\n<p style=\"font-size:18px\">Savonia-ammattikorkeakoulu on Pohjois-Savon alueella toimiva ammattikorkeakoulu. Savonian kampuksia on kolmella paikkakunnalla: Kuopiossa, Iisalmessa ja Varkaudessa. Savoniassa voi opiskella yli 30 eri ammattikorkeakoulututkintoa. <\/p>\n\n\n\n<p style=\"font-size:18px\">Savonia-ammattikorkeakoulun koulutusalat ovat:<\/p>\n\n\n\n<ul class=\"wp-block-list\" style=\"font-size:18px\"><li>Liiketalouden ala<\/li><li>Luonnonvara-ala<\/li><li>Matkailu- ja ravitsemisala<\/li><li>Muotoilun koulutus<\/li><li>Musiikki ja tanssi<\/li><li>Sosiaali- ja terveysala<\/li><li>Tekniikan ala<\/li><\/ul>\n\n\n\n<p style=\"font-size:18px\">Savonia-ammattikorkeakoulu tekee my\u00f6s yhteisty\u00f6t\u00e4 yritysten ja yhteis\u00f6jen kanssa esimerkiksi tutkimuksen ja tuotekehityksen saralla.<\/p>\n\n\n\n<div class=\"wp-block-buttons is-layout-flex wp-block-buttons-is-layout-flex\">\n<div class=\"wp-block-button\"><a class=\"wp-block-button__link\" href=\"https:\/\/www.savonia.fi\/\">Lue lis\u00e4\u00e4 Savonian verkkosivuilta<\/a><\/div>\n<\/div>\n<\/div><\/div>\n","protected":false},"excerpt":{"rendered":"","protected":false},"author":8206,"featured_media":0,"parent":0,"menu_order":0,"comment_status":"closed","ping_status":"closed","template":"","meta":{"footnotes":""},"class_list":["post-114","page","type-page","status-publish","hentry"],"_links":{"self":[{"href":"https:\/\/blogi.savonia.fi\/matkallamelbourneen\/wp-json\/wp\/v2\/pages\/114","targetHints":{"allow":["GET"]}}],"collection":[{"href":"https:\/\/blogi.savonia.fi\/matkallamelbourneen\/wp-json\/wp\/v2\/pages"}],"about":[{"href":"https:\/\/blogi.savonia.fi\/matkallamelbourneen\/wp-json\/wp\/v2\/types\/page"}],"author":[{"embeddable":true,"href":"https:\/\/blogi.savonia.fi\/matkallamelbourneen\/wp-json\/wp\/v2\/users\/8206"}],"replies":[{"embeddable":true,"href":"https:\/\/blogi.savonia.fi\/matkallamelbourneen\/wp-json\/wp\/v2\/comments?post=114"}],"version-history":[{"count":9,"href":"https:\/\/blogi.savonia.fi\/matkallamelbourneen\/wp-json\/wp\/v2\/pages\/114\/revisions"}],"predecessor-version":[{"id":265,"href":"https:\/\/blogi.savonia.fi\/matkallamelbourneen\/wp-json\/wp\/v2\/pages\/114\/revisions\/265"}],"wp:attachment":[{"href":"https:\/\/blogi.savonia.fi\/matkallamelbourneen\/wp-json\/wp\/v2\/media?parent=114"}],"curies":[{"name":"wp","href":"https:\/\/api.w.org\/{rel}","templated":true}]}}