{"id":117,"date":"2022-07-27T14:03:25","date_gmt":"2022-07-27T11:03:25","guid":{"rendered":"https:\/\/blogi.savonia.fi\/matkallamelbourneen\/?page_id=117"},"modified":"2024-02-09T13:17:23","modified_gmt":"2024-02-09T11:17:23","slug":"viretori","status":"publish","type":"page","link":"https:\/\/blogi.savonia.fi\/matkallamelbourneen\/viretori\/","title":{"rendered":"Wellness Centre"},"content":{"rendered":"\n<p><\/p>\n\n\n\n<div class=\"wp-block-columns alignwide is-layout-flex wp-container-core-columns-is-layout-9d6595d7 wp-block-columns-is-layout-flex\">\n<div class=\"wp-block-column is-layout-flow wp-block-column-is-layout-flow\">\n<p style=\"font-size:18px\">Melbournen Suomalaisessa Yst\u00e4v\u00e4palvelussa harjoittelevat opiskelijat tekev\u00e4t tiivist\u00e4 yhteisty\u00f6t\u00e4 muiden Savonian opiskelijoiden kanssa VireTori-virtuaaliymp\u00e4rist\u00f6n kautta. <\/p>\n\n\n\n<p style=\"font-size:18px\">VireTori on Savonia-ammattikorkeakoulun sosiaali- ja terveysalan opiskelijoiden oppimisymp\u00e4rist\u00f6, jossa opiskelijat harjoittelevat palveluiden tuottamista ja j\u00e4rjest\u00e4v\u00e4t vastaanottotoimintaa. VireTorilla harjoittelevat esimerkiksi fysioterapia-, terveydenhoitaja-, ja sairaanhoitajaopiskelijat. <\/p>\n\n\n\n<p style=\"font-size:18px\">VireTorilla toteutetaan matalan kynnyksen terveytt\u00e4 edist\u00e4v\u00e4\u00e4 ohjausta ja neuvontaa, toimintakykykartoituksia sek\u00e4 kuntotestausta. <\/p>\n\n\n\n<p style=\"font-size:18px\">Melbournen Suomalaisen Yst\u00e4v\u00e4palvelun j\u00e4senet ovat tervetulleita k\u00e4ytt\u00e4m\u00e4\u00e4n VireTorin et\u00e4palveluita. Harjoittelijat kertovat sinulle mielell\u00e4\u00e4n lis\u00e4\u00e4 VireTorista!<\/p>\n<\/div>\n\n\n\n<div class=\"wp-block-column is-layout-flow wp-block-column-is-layout-flow\">\n<div class=\"wp-block-columns alignwide is-layout-flex wp-container-core-columns-is-layout-9d6595d7 wp-block-columns-is-layout-flex\">\n<div class=\"wp-block-column has-text-color has-background has-link-color wp-elements-0f9c905d760e090bbbdf2a5e042a9ecb is-layout-flow wp-block-column-is-layout-flow\" style=\"background-color:#d1d1e1;color:#000000;padding-top:2em;padding-right:2em;padding-bottom:2em;padding-left:2em\">\n<h2 class=\"wp-block-heading\" id=\"family\" style=\"font-size:20px\"><strong>Esimerkkej\u00e4 VireTorin et\u00e4palveluista:<\/strong><\/h2>\n\n\n\n<hr class=\"wp-block-separator has-css-opacity is-style-wide\" \/>\n\n\n\n<ul class=\"has-normal-font-size wp-block-list\"><li>Ravitsemus<\/li><li>Uni ja palautuminen<\/li><li>Psyykkinen hyvinvointi<\/li><li>Jatkopalveluihin ohjaaminen<\/li><li>Sairauksien itsehoito<\/li><li>P\u00e4ihteiden k\u00e4yt\u00f6n arviointi<\/li><li>Koronan aiheuttamat huolet<\/li><li>Tuki- ja liikuntaelinongelmat<\/li><li>Kuntouttavat kotiharjoitteet <\/li><li>Tukilihas- ja voimaharjoitteet <\/li><li>Taukoliikunnan ohjaus kaiken ik\u00e4isille<\/li><\/ul>\n\n\n\n<div class=\"wp-block-buttons alignfull is-horizontal is-content-justification-center is-layout-flex wp-container-core-buttons-is-layout-499968f5 wp-block-buttons-is-layout-flex\">\n<div class=\"wp-block-button has-custom-width wp-block-button__width-100 is-style-fill\"><a class=\"wp-block-button__link has-white-color has-text-color has-background no-border-radius\" href=\"https:\/\/viretori.savonia.fi\/palvelut\/yksilo-ja-etaohjaus\" style=\"background-color:#000000\">Tutustu VireToriin<\/a><\/div>\n<\/div>\n<\/div>\n<\/div>\n<\/div>\n<\/div>\n\n\n\n<div class=\"wp-block-columns is-layout-flex wp-container-core-columns-is-layout-9d6595d7 wp-block-columns-is-layout-flex\">\n<div class=\"wp-block-column is-layout-flow wp-block-column-is-layout-flow\">\n<p><\/p>\n<\/div>\n<\/div>\n","protected":false},"excerpt":{"rendered":"<p>Melbournen Suomalaisessa Yst\u00e4v\u00e4palvelussa harjoittelevat opiskelijat tekev\u00e4t tiivist\u00e4 yhteisty\u00f6t\u00e4 muiden Savonian opiskelijoiden kanssa VireTori-virtuaaliymp\u00e4rist\u00f6n kautta. VireTori on Savonia-ammattikorkeakoulun sosiaali- ja terveysalan opiskelijoiden oppimisymp\u00e4rist\u00f6, jossa opiskelijat harjoittelevat palveluiden tuottamista ja j\u00e4rjest\u00e4v\u00e4t vastaanottotoimintaa. VireTorilla harjoittelevat esimerkiksi fysioterapia-, terveydenhoitaja-, ja sairaanhoitajaopiskelijat. VireTorilla toteutetaan matalan &hellip;<\/p>\n<p class=\"read-more\"> <a class=\"more-link\" href=\"https:\/\/blogi.savonia.fi\/matkallamelbourneen\/viretori\/\"> <span class=\"screen-reader-text\">Wellness Centre<\/span> Lue lis\u00e4\u00e4 &raquo;<\/a><\/p>\n","protected":false},"author":8206,"featured_media":0,"parent":0,"menu_order":2,"comment_status":"closed","ping_status":"closed","template":"","meta":{"footnotes":""},"class_list":["post-117","page","type-page","status-publish","hentry"],"_links":{"self":[{"href":"https:\/\/blogi.savonia.fi\/matkallamelbourneen\/wp-json\/wp\/v2\/pages\/117","targetHints":{"allow":["GET"]}}],"collection":[{"href":"https:\/\/blogi.savonia.fi\/matkallamelbourneen\/wp-json\/wp\/v2\/pages"}],"about":[{"href":"https:\/\/blogi.savonia.fi\/matkallamelbourneen\/wp-json\/wp\/v2\/types\/page"}],"author":[{"embeddable":true,"href":"https:\/\/blogi.savonia.fi\/matkallamelbourneen\/wp-json\/wp\/v2\/users\/8206"}],"replies":[{"embeddable":true,"href":"https:\/\/blogi.savonia.fi\/matkallamelbourneen\/wp-json\/wp\/v2\/comments?post=117"}],"version-history":[{"count":42,"href":"https:\/\/blogi.savonia.fi\/matkallamelbourneen\/wp-json\/wp\/v2\/pages\/117\/revisions"}],"predecessor-version":[{"id":634,"href":"https:\/\/blogi.savonia.fi\/matkallamelbourneen\/wp-json\/wp\/v2\/pages\/117\/revisions\/634"}],"wp:attachment":[{"href":"https:\/\/blogi.savonia.fi\/matkallamelbourneen\/wp-json\/wp\/v2\/media?parent=117"}],"curies":[{"name":"wp","href":"https:\/\/api.w.org\/{rel}","templated":true}]}}