{"id":2,"date":"2022-07-11T19:00:46","date_gmt":"2022-07-11T16:00:46","guid":{"rendered":"https:\/\/blogi.savonia.fi\/matkallamelbourneen\/?page_id=2"},"modified":"2024-03-11T15:24:13","modified_gmt":"2024-03-11T13:24:13","slug":"esimerkkisivu","status":"publish","type":"page","link":"https:\/\/blogi.savonia.fi\/matkallamelbourneen\/esimerkkisivu\/","title":{"rendered":"Melbournen Suomalainen Yst\u00e4v\u00e4palvelu &#8211; Finnish Friendly Visiting Service"},"content":{"rendered":"\n<p style=\"font-size:18px\">Harjoittelukohteesi on nimelt\u00e4\u00e4n Melbournen Suomalainen Yst\u00e4v\u00e4palvelu, paikallisittain Finnish Friendly Visiting Service (FFVS). Melbournen Suomalainen Yst\u00e4v\u00e4palvelu on perustettu vuonna 1996 ja sen ydintoimintaa on erilaisten aktiviteettien, tapaamisten ja liikuntatoiminnan j\u00e4rjest\u00e4minen vanhuksille, vammaisille sek\u00e4 heid\u00e4n omaishoitajilleen. Yst\u00e4v\u00e4palvelun vapaaehtoiset tekev\u00e4t kotivierailuja ik\u00e4\u00e4ntyneille ja lis\u00e4ksi palveluihin kuuluu neuvonta kunnan ja valtion tarjoamista palveluista.<\/p>\n\n\n\n<p style=\"font-size:18px\">Moni Melbournen Suomalaisen Yst\u00e4v\u00e4palvelun tapahtumista j\u00e4rjestet\u00e4\u00e4n Suomitalolla, joka sijaitsee Altonassa, noin 13 km lounaaseen Melbournen Central Business District -alueesta.<\/p>\n\n\n\n<p style=\"font-size:18px\">Lis\u00e4\u00e4 Melbournen Suomalaisesta Yst\u00e4v\u00e4palvelusta p\u00e4\u00e4set lukemaan heid\u00e4n <a href=\"https:\/\/ffvs.org.au\/\" data-type=\"URL\" data-id=\"https:\/\/ffvs.org.au\/\">verkkosivuiltaan<\/a>. Voit my\u00f6s seurata toimintaa <a href=\"https:\/\/www.facebook.com\/ffvisitingservice\" data-type=\"URL\" data-id=\"https:\/\/www.facebook.com\/ffvisitingservice\">Facebookissa<\/a>.<\/p>\n","protected":false},"excerpt":{"rendered":"<p>Harjoittelukohteesi on nimelt\u00e4\u00e4n Melbournen Suomalainen Yst\u00e4v\u00e4palvelu, paikallisittain Finnish Friendly Visiting Service (FFVS). Melbournen Suomalainen Yst\u00e4v\u00e4palvelu on perustettu vuonna 1996 ja sen ydintoimintaa on erilaisten aktiviteettien, tapaamisten ja liikuntatoiminnan j\u00e4rjest\u00e4minen vanhuksille, vammaisille sek\u00e4 heid\u00e4n omaishoitajilleen. Yst\u00e4v\u00e4palvelun vapaaehtoiset tekev\u00e4t kotivierailuja ik\u00e4\u00e4ntyneille ja &hellip;<\/p>\n<p class=\"read-more\"> <a class=\"more-link\" href=\"https:\/\/blogi.savonia.fi\/matkallamelbourneen\/esimerkkisivu\/\"> <span class=\"screen-reader-text\">Melbournen Suomalainen Yst\u00e4v\u00e4palvelu &#8211; Finnish Friendly Visiting Service<\/span> Lue lis\u00e4\u00e4 &raquo;<\/a><\/p>\n","protected":false},"author":8206,"featured_media":0,"parent":0,"menu_order":0,"comment_status":"closed","ping_status":"closed","template":"","meta":{"footnotes":""},"class_list":["post-2","page","type-page","status-publish","hentry"],"_links":{"self":[{"href":"https:\/\/blogi.savonia.fi\/matkallamelbourneen\/wp-json\/wp\/v2\/pages\/2","targetHints":{"allow":["GET"]}}],"collection":[{"href":"https:\/\/blogi.savonia.fi\/matkallamelbourneen\/wp-json\/wp\/v2\/pages"}],"about":[{"href":"https:\/\/blogi.savonia.fi\/matkallamelbourneen\/wp-json\/wp\/v2\/types\/page"}],"author":[{"embeddable":true,"href":"https:\/\/blogi.savonia.fi\/matkallamelbourneen\/wp-json\/wp\/v2\/users\/8206"}],"replies":[{"embeddable":true,"href":"https:\/\/blogi.savonia.fi\/matkallamelbourneen\/wp-json\/wp\/v2\/comments?post=2"}],"version-history":[{"count":5,"href":"https:\/\/blogi.savonia.fi\/matkallamelbourneen\/wp-json\/wp\/v2\/pages\/2\/revisions"}],"predecessor-version":[{"id":252,"href":"https:\/\/blogi.savonia.fi\/matkallamelbourneen\/wp-json\/wp\/v2\/pages\/2\/revisions\/252"}],"wp:attachment":[{"href":"https:\/\/blogi.savonia.fi\/matkallamelbourneen\/wp-json\/wp\/v2\/media?parent=2"}],"curies":[{"name":"wp","href":"https:\/\/api.w.org\/{rel}","templated":true}]}}