{"id":26,"date":"2022-07-12T17:24:07","date_gmt":"2022-07-12T14:24:07","guid":{"rendered":"https:\/\/blogi.savonia.fi\/matkallamelbourneen\/?page_id=26"},"modified":"2024-03-11T15:27:27","modified_gmt":"2024-03-11T13:27:27","slug":"oletko-kiinnostunut-harjoittelusta-melbournessa","status":"publish","type":"page","link":"https:\/\/blogi.savonia.fi\/matkallamelbourneen\/oletko-kiinnostunut-harjoittelusta-melbournessa\/","title":{"rendered":"Oletko kiinnostunut harjoittelusta Melbournessa?"},"content":{"rendered":"\n<p style=\"font-size:18px\">Jos olet kiinnostunut harjoittelusta Melbournen Suomalaisessa Yst\u00e4v\u00e4palvelussa, voit kysy\u00e4 lis\u00e4\u00e4 harjoittelumahdollisuudesta oman alasi kansainv\u00e4liselt\u00e4 koordinaattorilta. Lis\u00e4tietoja vaihtoon hakemisesta l\u00f6yd\u00e4t my\u00f6s&nbsp;<a href=\"https:\/\/amksavonia.sharepoint.com\/sites\/reppu-kansainvalisyys\">Savonian Repusta<\/a>.<\/p>\n\n\n\n<p style=\"font-size:18px\">Mik\u00e4li harjoittelupaikkoja on haettavissa, sinun t\u00e4ytyy alkuun kirjoittaa motivaatiokirje sek\u00e4 Curriculum Vitae englanniksi, ellei koordinaattorisi ohjeista sinua muulla tavalla.<\/p>\n\n\n\n<p style=\"font-size:18px\">Motivaatiokirje ja Curriculum Vitae l\u00e4hetet\u00e4\u00e4n s\u00e4hk\u00f6postilla alasi kansainv\u00e4liselle koordinaattorille ja h\u00e4n tarvittaessa v\u00e4litt\u00e4\u00e4 ne eteenp\u00e4in Melbournen Suomalaiselle Yst\u00e4v\u00e4palvelulle.<\/p>\n\n\n\n<div class=\"wp-block-buttons is-layout-flex wp-block-buttons-is-layout-flex\">\n<div class=\"wp-block-button\"><a class=\"wp-block-button__link\" href=\"https:\/\/blogi.savonia.fi\/matkallamelbourneen\/motivaatiokirje-ja-cv\/\">Lue lis\u00e4\u00e4: Motivaatiokirje ja CV<\/a><\/div>\n<\/div>\n","protected":false},"excerpt":{"rendered":"<p>Jos olet kiinnostunut harjoittelusta Melbournen Suomalaisessa Yst\u00e4v\u00e4palvelussa, voit kysy\u00e4 lis\u00e4\u00e4 harjoittelumahdollisuudesta oman alasi kansainv\u00e4liselt\u00e4 koordinaattorilta. Lis\u00e4tietoja vaihtoon hakemisesta l\u00f6yd\u00e4t my\u00f6s&nbsp;Savonian Repusta. Mik\u00e4li harjoittelupaikkoja on haettavissa, sinun t\u00e4ytyy alkuun kirjoittaa motivaatiokirje sek\u00e4 Curriculum Vitae englanniksi, ellei koordinaattorisi ohjeista sinua muulla tavalla. &hellip;<\/p>\n<p class=\"read-more\"> <a class=\"more-link\" href=\"https:\/\/blogi.savonia.fi\/matkallamelbourneen\/oletko-kiinnostunut-harjoittelusta-melbournessa\/\"> <span class=\"screen-reader-text\">Oletko kiinnostunut harjoittelusta Melbournessa?<\/span> Lue lis\u00e4\u00e4 &raquo;<\/a><\/p>\n","protected":false},"author":8206,"featured_media":0,"parent":0,"menu_order":4,"comment_status":"closed","ping_status":"closed","template":"","meta":{"footnotes":""},"class_list":["post-26","page","type-page","status-publish","hentry"],"_links":{"self":[{"href":"https:\/\/blogi.savonia.fi\/matkallamelbourneen\/wp-json\/wp\/v2\/pages\/26","targetHints":{"allow":["GET"]}}],"collection":[{"href":"https:\/\/blogi.savonia.fi\/matkallamelbourneen\/wp-json\/wp\/v2\/pages"}],"about":[{"href":"https:\/\/blogi.savonia.fi\/matkallamelbourneen\/wp-json\/wp\/v2\/types\/page"}],"author":[{"embeddable":true,"href":"https:\/\/blogi.savonia.fi\/matkallamelbourneen\/wp-json\/wp\/v2\/users\/8206"}],"replies":[{"embeddable":true,"href":"https:\/\/blogi.savonia.fi\/matkallamelbourneen\/wp-json\/wp\/v2\/comments?post=26"}],"version-history":[{"count":22,"href":"https:\/\/blogi.savonia.fi\/matkallamelbourneen\/wp-json\/wp\/v2\/pages\/26\/revisions"}],"predecessor-version":[{"id":253,"href":"https:\/\/blogi.savonia.fi\/matkallamelbourneen\/wp-json\/wp\/v2\/pages\/26\/revisions\/253"}],"wp:attachment":[{"href":"https:\/\/blogi.savonia.fi\/matkallamelbourneen\/wp-json\/wp\/v2\/media?parent=26"}],"curies":[{"name":"wp","href":"https:\/\/api.w.org\/{rel}","templated":true}]}}