{"id":267,"date":"2022-07-27T21:05:35","date_gmt":"2022-07-27T18:05:35","guid":{"rendered":"https:\/\/blogi.savonia.fi\/matkallamelbourneen\/?page_id=267"},"modified":"2022-09-10T12:28:17","modified_gmt":"2022-09-10T09:28:17","slug":"harjoittelun-kustannukset","status":"publish","type":"page","link":"https:\/\/blogi.savonia.fi\/matkallamelbourneen\/oletko-kiinnostunut-harjoittelusta-melbournessa\/harjoittelun-kustannukset\/","title":{"rendered":"Harjoittelun kustannukset"},"content":{"rendered":"\n<p style=\"font-size:18px\">Monia harjoitteluun l\u00e4htij\u00f6it\u00e4 mietitytt\u00e4\u00e4 harjoitteluun liittyv\u00e4t kustannukset. Sinun kannattaa mietti\u00e4 harjoittelun kustannuksia jo hyviss\u00e4 ajoin: maksettavaksesi tulevat lennot Melbourneen, asuminen, matkat Melbournessa (v\u00e4limatkat ovat pitki\u00e4!), ruoka ja muut p\u00e4ivitt\u00e4iset menoer\u00e4t harjoittelusi aikana. Jos mahdollista, kannattaa sinun pyrki\u00e4 s\u00e4\u00e4st\u00e4m\u00e4\u00e4n ennen matkaa, jotta voit olla harjoittelussa taloudellisesta n\u00e4k\u00f6kulmasta rauhallisin mielin.<\/p>\n\n\n\n<p style=\"font-size:18px\">Harjoittelun aikana saat normaalisti Kelan my\u00f6nt\u00e4m\u00e4\u00e4 opintotukea sek\u00e4 asumislis\u00e4\u00e4. Lis\u00e4ksi sinun on mahdollista nostaa opintolainaa.<\/p>\n\n\n\n<p style=\"font-size:18px\">Harjoitteluun l\u00e4hteville my\u00f6nnet\u00e4\u00e4n apurahaa, joka yleens\u00e4 on riitt\u00e4v\u00e4n suuri kattamaan ainakin lentojen kustannukset. Apurahan suuruus m\u00e4\u00e4r\u00e4ytyy yleens\u00e4 harjoittelun kohdemaan ja keston mukaan. Apurahan my\u00f6nt\u00e4j\u00e4st\u00e4 riippuen apurahan hakemiseen saattaa liitty\u00e4 tiettyj\u00e4 ehtoja, kuten harjoittelun pituuteen liittyv\u00e4 minimivaatimus. Voit lukea lis\u00e4\u00e4 apurahoista <a href=\"https:\/\/amksavonia.sharepoint.com\/sites\/reppu-kansainvalisyys\/SitePages\/apurahat.aspx\">Repusta<\/a>.<\/p>\n\n\n\n<p style=\"font-size:18px\">Harjoittelun kustannuksia ei kuitenkaan kannata murehtia liikaa, sill\u00e4 kokemus on ainutlaatuinen! Kannattaa nauttia kokemuksesta ja matkustaa my\u00f6s Australian rajojen sis\u00e4ll\u00e4, vaikka siit\u00e4 lis\u00e4kustannuksia syntyykin.<\/p>\n\n\n\n<div class=\"wp-block-buttons is-layout-flex wp-block-buttons-is-layout-flex\">\n<div class=\"wp-block-button\"><a class=\"wp-block-button__link\" href=\"https:\/\/www.kela.fi\/opintotuki-ulkomaille-maara-ja-maksaminen\">Lue lis\u00e4\u00e4 Kelan my\u00f6nt\u00e4mist\u00e4 etuuksista t\u00e4\u00e4lt\u00e4<\/a><\/div>\n\n\n\n<div class=\"wp-block-button\"><a class=\"wp-block-button__link\" href=\"https:\/\/www.kela.fi\/opintolaina-nain-haet#pankki\">N\u00e4in haet opintolainaa<\/a><\/div>\n\n\n\n<div class=\"wp-block-button\"><a class=\"wp-block-button__link\" href=\"https:\/\/amksavonia.sharepoint.com\/sites\/reppu-kansainvalisyys\/SitePages\/apurahat.aspx\">Lue lis\u00e4\u00e4 Savonian my\u00f6nt\u00e4mist\u00e4 apurahoista<\/a><\/div>\n<\/div>\n","protected":false},"excerpt":{"rendered":"<p>Monia harjoitteluun l\u00e4htij\u00f6it\u00e4 mietitytt\u00e4\u00e4 harjoitteluun liittyv\u00e4t kustannukset. Sinun kannattaa mietti\u00e4 harjoittelun kustannuksia jo hyviss\u00e4 ajoin: maksettavaksesi tulevat lennot Melbourneen, asuminen, matkat Melbournessa (v\u00e4limatkat ovat pitki\u00e4!), ruoka ja muut p\u00e4ivitt\u00e4iset menoer\u00e4t harjoittelusi aikana. Jos mahdollista, kannattaa sinun pyrki\u00e4 s\u00e4\u00e4st\u00e4m\u00e4\u00e4n ennen matkaa, &hellip;<\/p>\n<p class=\"read-more\"> <a class=\"more-link\" href=\"https:\/\/blogi.savonia.fi\/matkallamelbourneen\/oletko-kiinnostunut-harjoittelusta-melbournessa\/harjoittelun-kustannukset\/\"> <span class=\"screen-reader-text\">Harjoittelun kustannukset<\/span> Lue lis\u00e4\u00e4 &raquo;<\/a><\/p>\n","protected":false},"author":8206,"featured_media":0,"parent":26,"menu_order":3,"comment_status":"closed","ping_status":"closed","template":"","meta":{"footnotes":""},"class_list":["post-267","page","type-page","status-publish","hentry"],"_links":{"self":[{"href":"https:\/\/blogi.savonia.fi\/matkallamelbourneen\/wp-json\/wp\/v2\/pages\/267","targetHints":{"allow":["GET"]}}],"collection":[{"href":"https:\/\/blogi.savonia.fi\/matkallamelbourneen\/wp-json\/wp\/v2\/pages"}],"about":[{"href":"https:\/\/blogi.savonia.fi\/matkallamelbourneen\/wp-json\/wp\/v2\/types\/page"}],"author":[{"embeddable":true,"href":"https:\/\/blogi.savonia.fi\/matkallamelbourneen\/wp-json\/wp\/v2\/users\/8206"}],"replies":[{"embeddable":true,"href":"https:\/\/blogi.savonia.fi\/matkallamelbourneen\/wp-json\/wp\/v2\/comments?post=267"}],"version-history":[{"count":4,"href":"https:\/\/blogi.savonia.fi\/matkallamelbourneen\/wp-json\/wp\/v2\/pages\/267\/revisions"}],"predecessor-version":[{"id":331,"href":"https:\/\/blogi.savonia.fi\/matkallamelbourneen\/wp-json\/wp\/v2\/pages\/267\/revisions\/331"}],"up":[{"embeddable":true,"href":"https:\/\/blogi.savonia.fi\/matkallamelbourneen\/wp-json\/wp\/v2\/pages\/26"}],"wp:attachment":[{"href":"https:\/\/blogi.savonia.fi\/matkallamelbourneen\/wp-json\/wp\/v2\/media?parent=267"}],"curies":[{"name":"wp","href":"https:\/\/api.w.org\/{rel}","templated":true}]}}