{"id":273,"date":"2022-07-27T21:18:21","date_gmt":"2022-07-27T18:18:21","guid":{"rendered":"https:\/\/blogi.savonia.fi\/matkallamelbourneen\/?page_id=273"},"modified":"2024-03-11T15:25:45","modified_gmt":"2024-03-11T13:25:45","slug":"melbourne","status":"publish","type":"page","link":"https:\/\/blogi.savonia.fi\/matkallamelbourneen\/esimerkkisivu\/melbourne\/","title":{"rendered":"Melbourne"},"content":{"rendered":"\n<p style=\"font-size:18px\">Melbourne on Australian toiseksi suurin kaupunki ja sijaitsee Victorian osavaltiossa. Melbourne on Victorian osavaltion p\u00e4\u00e4kaupunki ja siell\u00e4 asui vuonna 2020 noin 5 miljoonaa ihmist\u00e4. Melbournesta l\u00f6ytyy kulttuuria, kauppoja, puistoja, museoita ja muita n\u00e4ht\u00e4vyyksi\u00e4 sek\u00e4 paljon eri tapahtumia. Suosittuja kohteita Melbournessa ovat muun muassa keskustan ostoskeskukset, Queen Victoria Market, State Library of Victoria, Eureka Skydeck, puistot kuten Calrton- tai Fizroy Gardens sek\u00e4 Yarra-joen varren n\u00e4kym\u00e4t ja ruokapaikat. Junamatkan p\u00e4\u00e4st\u00e4 l\u00f6ytyy my\u00f6s suosittu iso kauppakeskus High Point Shopping Centre. <\/p>\n\n\n\n<p style=\"font-size:18px\">Australiassa vuodenajat menev\u00e4t p\u00e4invastoin kuin Suomessa: Suomen kes\u00e4n aikaan Australiassa on talvi ja talven aikaan kes\u00e4. Suomen syksyll\u00e4 (eli Australian kev\u00e4\u00e4ll\u00e4) Melbournen s\u00e4\u00e4 on hyvin vaihteleva. Y\u00f6ll\u00e4 ja aamulla s\u00e4\u00e4 on v\u00e4lill\u00e4 hyvinkin viile\u00e4 ja talojen eristykset ovat huonoja, joten mukaan kannattaa pakata l\u00e4mpimi\u00e4 vaatteita. Koska Melbourne sijaitsee meren \u00e4\u00e4rell\u00e4, saattaa t\u00e4\u00e4ll\u00e4 tuulla kylm\u00e4sti. L\u00e4mpimint\u00e4 on tammi-helmikuussa ja tammikuussa australialaiset viett\u00e4v\u00e4tkin kes\u00e4lomaansa.<\/p>\n\n\n\n<p style=\"font-size:18px\">Lentoaika Kuopiosta Melbourneen on lyhyimmill\u00e4\u00e4n noin 29 tuntia v\u00e4lilaskuineen. Kuopiosta p\u00e4\u00e4see matkustamaan Melbourneen kahdella v\u00e4lilaskulla Helsingin ja esimerkiksi Singaporen tai Bangkokin kautta. <\/p>\n\n\n\n<p style=\"font-size:18px\">Lis\u00e4\u00e4 kuvia p\u00e4\u00e4set n\u00e4kem\u00e4\u00e4n kuvagalleria-sivulta.<\/p>\n\n\n\n<figure class=\"wp-block-gallery has-nested-images columns-default is-cropped wp-block-gallery-1 is-layout-flex wp-block-gallery-is-layout-flex\">\n<figure class=\"wp-block-image size-large\"><img loading=\"lazy\" decoding=\"async\" width=\"768\" height=\"1024\" data-id=\"370\" src=\"https:\/\/blogi.savonia.fi\/matkallamelbourneen\/wp-content\/uploads\/sites\/11001\/2022\/09\/IMG_6115-768x1024.jpg\" alt=\"\" class=\"wp-image-370\" srcset=\"https:\/\/blogi.savonia.fi\/matkallamelbourneen\/wp-content\/uploads\/sites\/11001\/2022\/09\/IMG_6115-768x1024.jpg 768w, https:\/\/blogi.savonia.fi\/matkallamelbourneen\/wp-content\/uploads\/sites\/11001\/2022\/09\/IMG_6115-225x300.jpg 225w, https:\/\/blogi.savonia.fi\/matkallamelbourneen\/wp-content\/uploads\/sites\/11001\/2022\/09\/IMG_6115-1152x1536.jpg 1152w, https:\/\/blogi.savonia.fi\/matkallamelbourneen\/wp-content\/uploads\/sites\/11001\/2022\/09\/IMG_6115-1536x2048.jpg 1536w, https:\/\/blogi.savonia.fi\/matkallamelbourneen\/wp-content\/uploads\/sites\/11001\/2022\/09\/IMG_6115-100x133.jpg 100w, https:\/\/blogi.savonia.fi\/matkallamelbourneen\/wp-content\/uploads\/sites\/11001\/2022\/09\/IMG_6115-150x200.jpg 150w, https:\/\/blogi.savonia.fi\/matkallamelbourneen\/wp-content\/uploads\/sites\/11001\/2022\/09\/IMG_6115-200x267.jpg 200w, https:\/\/blogi.savonia.fi\/matkallamelbourneen\/wp-content\/uploads\/sites\/11001\/2022\/09\/IMG_6115-300x400.jpg 300w, https:\/\/blogi.savonia.fi\/matkallamelbourneen\/wp-content\/uploads\/sites\/11001\/2022\/09\/IMG_6115-450x600.jpg 450w, https:\/\/blogi.savonia.fi\/matkallamelbourneen\/wp-content\/uploads\/sites\/11001\/2022\/09\/IMG_6115-600x800.jpg 600w, https:\/\/blogi.savonia.fi\/matkallamelbourneen\/wp-content\/uploads\/sites\/11001\/2022\/09\/IMG_6115-900x1200.jpg 900w, https:\/\/blogi.savonia.fi\/matkallamelbourneen\/wp-content\/uploads\/sites\/11001\/2022\/09\/IMG_6115-scaled.jpg 1920w\" sizes=\"auto, (max-width: 768px) 100vw, 768px\" \/><\/figure>\n\n\n\n<figure class=\"wp-block-image size-large\"><img loading=\"lazy\" decoding=\"async\" width=\"768\" height=\"1024\" data-id=\"376\" src=\"https:\/\/blogi.savonia.fi\/matkallamelbourneen\/wp-content\/uploads\/sites\/11001\/2022\/09\/IMG_6116-768x1024.jpg\" alt=\"\" class=\"wp-image-376\" srcset=\"https:\/\/blogi.savonia.fi\/matkallamelbourneen\/wp-content\/uploads\/sites\/11001\/2022\/09\/IMG_6116-768x1024.jpg 768w, https:\/\/blogi.savonia.fi\/matkallamelbourneen\/wp-content\/uploads\/sites\/11001\/2022\/09\/IMG_6116-225x300.jpg 225w, https:\/\/blogi.savonia.fi\/matkallamelbourneen\/wp-content\/uploads\/sites\/11001\/2022\/09\/IMG_6116-1152x1536.jpg 1152w, https:\/\/blogi.savonia.fi\/matkallamelbourneen\/wp-content\/uploads\/sites\/11001\/2022\/09\/IMG_6116-1536x2048.jpg 1536w, https:\/\/blogi.savonia.fi\/matkallamelbourneen\/wp-content\/uploads\/sites\/11001\/2022\/09\/IMG_6116-100x133.jpg 100w, https:\/\/blogi.savonia.fi\/matkallamelbourneen\/wp-content\/uploads\/sites\/11001\/2022\/09\/IMG_6116-150x200.jpg 150w, https:\/\/blogi.savonia.fi\/matkallamelbourneen\/wp-content\/uploads\/sites\/11001\/2022\/09\/IMG_6116-200x267.jpg 200w, https:\/\/blogi.savonia.fi\/matkallamelbourneen\/wp-content\/uploads\/sites\/11001\/2022\/09\/IMG_6116-300x400.jpg 300w, https:\/\/blogi.savonia.fi\/matkallamelbourneen\/wp-content\/uploads\/sites\/11001\/2022\/09\/IMG_6116-450x600.jpg 450w, https:\/\/blogi.savonia.fi\/matkallamelbourneen\/wp-content\/uploads\/sites\/11001\/2022\/09\/IMG_6116-600x800.jpg 600w, https:\/\/blogi.savonia.fi\/matkallamelbourneen\/wp-content\/uploads\/sites\/11001\/2022\/09\/IMG_6116-900x1200.jpg 900w, https:\/\/blogi.savonia.fi\/matkallamelbourneen\/wp-content\/uploads\/sites\/11001\/2022\/09\/IMG_6116-scaled.jpg 1920w\" sizes=\"auto, (max-width: 768px) 100vw, 768px\" \/><\/figure>\n\n\n\n<figure class=\"wp-block-image size-large\"><img loading=\"lazy\" decoding=\"async\" width=\"1920\" height=\"2560\" data-id=\"386\" src=\"https:\/\/blogi.savonia.fi\/matkallamelbourneen\/wp-content\/uploads\/sites\/11001\/2022\/09\/IMG_7106-scaled.jpg\" alt=\"\" class=\"wp-image-386\" srcset=\"https:\/\/blogi.savonia.fi\/matkallamelbourneen\/wp-content\/uploads\/sites\/11001\/2022\/09\/IMG_7106-scaled.jpg 1920w, https:\/\/blogi.savonia.fi\/matkallamelbourneen\/wp-content\/uploads\/sites\/11001\/2022\/09\/IMG_7106-225x300.jpg 225w, https:\/\/blogi.savonia.fi\/matkallamelbourneen\/wp-content\/uploads\/sites\/11001\/2022\/09\/IMG_7106-768x1024.jpg 768w, https:\/\/blogi.savonia.fi\/matkallamelbourneen\/wp-content\/uploads\/sites\/11001\/2022\/09\/IMG_7106-1152x1536.jpg 1152w, https:\/\/blogi.savonia.fi\/matkallamelbourneen\/wp-content\/uploads\/sites\/11001\/2022\/09\/IMG_7106-1536x2048.jpg 1536w, https:\/\/blogi.savonia.fi\/matkallamelbourneen\/wp-content\/uploads\/sites\/11001\/2022\/09\/IMG_7106-100x133.jpg 100w, https:\/\/blogi.savonia.fi\/matkallamelbourneen\/wp-content\/uploads\/sites\/11001\/2022\/09\/IMG_7106-150x200.jpg 150w, https:\/\/blogi.savonia.fi\/matkallamelbourneen\/wp-content\/uploads\/sites\/11001\/2022\/09\/IMG_7106-200x267.jpg 200w, https:\/\/blogi.savonia.fi\/matkallamelbourneen\/wp-content\/uploads\/sites\/11001\/2022\/09\/IMG_7106-300x400.jpg 300w, https:\/\/blogi.savonia.fi\/matkallamelbourneen\/wp-content\/uploads\/sites\/11001\/2022\/09\/IMG_7106-450x600.jpg 450w, https:\/\/blogi.savonia.fi\/matkallamelbourneen\/wp-content\/uploads\/sites\/11001\/2022\/09\/IMG_7106-600x800.jpg 600w, https:\/\/blogi.savonia.fi\/matkallamelbourneen\/wp-content\/uploads\/sites\/11001\/2022\/09\/IMG_7106-900x1200.jpg 900w\" sizes=\"auto, (max-width: 1920px) 100vw, 1920px\" \/><\/figure>\n<\/figure>\n\n\n\n<figure class=\"wp-block-gallery has-nested-images columns-default is-cropped wp-block-gallery-2 is-layout-flex wp-block-gallery-is-layout-flex\">\n<figure class=\"wp-block-image size-large\"><img loading=\"lazy\" decoding=\"async\" width=\"1920\" height=\"2560\" data-id=\"378\" src=\"https:\/\/blogi.savonia.fi\/matkallamelbourneen\/wp-content\/uploads\/sites\/11001\/2022\/09\/IMG_5939-6-scaled.jpg\" alt=\"\" class=\"wp-image-378\" srcset=\"https:\/\/blogi.savonia.fi\/matkallamelbourneen\/wp-content\/uploads\/sites\/11001\/2022\/09\/IMG_5939-6-scaled.jpg 1920w, https:\/\/blogi.savonia.fi\/matkallamelbourneen\/wp-content\/uploads\/sites\/11001\/2022\/09\/IMG_5939-6-225x300.jpg 225w, https:\/\/blogi.savonia.fi\/matkallamelbourneen\/wp-content\/uploads\/sites\/11001\/2022\/09\/IMG_5939-6-768x1024.jpg 768w, https:\/\/blogi.savonia.fi\/matkallamelbourneen\/wp-content\/uploads\/sites\/11001\/2022\/09\/IMG_5939-6-1152x1536.jpg 1152w, https:\/\/blogi.savonia.fi\/matkallamelbourneen\/wp-content\/uploads\/sites\/11001\/2022\/09\/IMG_5939-6-1536x2048.jpg 1536w, https:\/\/blogi.savonia.fi\/matkallamelbourneen\/wp-content\/uploads\/sites\/11001\/2022\/09\/IMG_5939-6-100x133.jpg 100w, https:\/\/blogi.savonia.fi\/matkallamelbourneen\/wp-content\/uploads\/sites\/11001\/2022\/09\/IMG_5939-6-150x200.jpg 150w, https:\/\/blogi.savonia.fi\/matkallamelbourneen\/wp-content\/uploads\/sites\/11001\/2022\/09\/IMG_5939-6-200x267.jpg 200w, https:\/\/blogi.savonia.fi\/matkallamelbourneen\/wp-content\/uploads\/sites\/11001\/2022\/09\/IMG_5939-6-300x400.jpg 300w, https:\/\/blogi.savonia.fi\/matkallamelbourneen\/wp-content\/uploads\/sites\/11001\/2022\/09\/IMG_5939-6-450x600.jpg 450w, https:\/\/blogi.savonia.fi\/matkallamelbourneen\/wp-content\/uploads\/sites\/11001\/2022\/09\/IMG_5939-6-600x800.jpg 600w, https:\/\/blogi.savonia.fi\/matkallamelbourneen\/wp-content\/uploads\/sites\/11001\/2022\/09\/IMG_5939-6-900x1200.jpg 900w\" sizes=\"auto, (max-width: 1920px) 100vw, 1920px\" \/><\/figure>\n\n\n\n<figure class=\"wp-block-image size-large\"><img loading=\"lazy\" decoding=\"async\" width=\"768\" height=\"1024\" data-id=\"385\" src=\"https:\/\/blogi.savonia.fi\/matkallamelbourneen\/wp-content\/uploads\/sites\/11001\/2022\/09\/IMG_6802-768x1024.jpg\" alt=\"\" class=\"wp-image-385\" srcset=\"https:\/\/blogi.savonia.fi\/matkallamelbourneen\/wp-content\/uploads\/sites\/11001\/2022\/09\/IMG_6802-768x1024.jpg 768w, https:\/\/blogi.savonia.fi\/matkallamelbourneen\/wp-content\/uploads\/sites\/11001\/2022\/09\/IMG_6802-225x300.jpg 225w, https:\/\/blogi.savonia.fi\/matkallamelbourneen\/wp-content\/uploads\/sites\/11001\/2022\/09\/IMG_6802-1152x1536.jpg 1152w, https:\/\/blogi.savonia.fi\/matkallamelbourneen\/wp-content\/uploads\/sites\/11001\/2022\/09\/IMG_6802-1536x2048.jpg 1536w, https:\/\/blogi.savonia.fi\/matkallamelbourneen\/wp-content\/uploads\/sites\/11001\/2022\/09\/IMG_6802-100x133.jpg 100w, https:\/\/blogi.savonia.fi\/matkallamelbourneen\/wp-content\/uploads\/sites\/11001\/2022\/09\/IMG_6802-150x200.jpg 150w, https:\/\/blogi.savonia.fi\/matkallamelbourneen\/wp-content\/uploads\/sites\/11001\/2022\/09\/IMG_6802-200x267.jpg 200w, https:\/\/blogi.savonia.fi\/matkallamelbourneen\/wp-content\/uploads\/sites\/11001\/2022\/09\/IMG_6802-300x400.jpg 300w, https:\/\/blogi.savonia.fi\/matkallamelbourneen\/wp-content\/uploads\/sites\/11001\/2022\/09\/IMG_6802-450x600.jpg 450w, https:\/\/blogi.savonia.fi\/matkallamelbourneen\/wp-content\/uploads\/sites\/11001\/2022\/09\/IMG_6802-600x800.jpg 600w, https:\/\/blogi.savonia.fi\/matkallamelbourneen\/wp-content\/uploads\/sites\/11001\/2022\/09\/IMG_6802-900x1200.jpg 900w, https:\/\/blogi.savonia.fi\/matkallamelbourneen\/wp-content\/uploads\/sites\/11001\/2022\/09\/IMG_6802-scaled.jpg 1920w\" sizes=\"auto, (max-width: 768px) 100vw, 768px\" \/><\/figure>\n\n\n\n<figure class=\"wp-block-image size-large\"><img loading=\"lazy\" decoding=\"async\" width=\"768\" height=\"1024\" data-id=\"341\" src=\"https:\/\/blogi.savonia.fi\/matkallamelbourneen\/wp-content\/uploads\/sites\/11001\/2022\/09\/20220827_163643-768x1024.jpg\" alt=\"\" class=\"wp-image-341\" srcset=\"https:\/\/blogi.savonia.fi\/matkallamelbourneen\/wp-content\/uploads\/sites\/11001\/2022\/09\/20220827_163643-768x1024.jpg 768w, https:\/\/blogi.savonia.fi\/matkallamelbourneen\/wp-content\/uploads\/sites\/11001\/2022\/09\/20220827_163643-225x300.jpg 225w, https:\/\/blogi.savonia.fi\/matkallamelbourneen\/wp-content\/uploads\/sites\/11001\/2022\/09\/20220827_163643-1152x1536.jpg 1152w, https:\/\/blogi.savonia.fi\/matkallamelbourneen\/wp-content\/uploads\/sites\/11001\/2022\/09\/20220827_163643-1536x2048.jpg 1536w, https:\/\/blogi.savonia.fi\/matkallamelbourneen\/wp-content\/uploads\/sites\/11001\/2022\/09\/20220827_163643-100x133.jpg 100w, https:\/\/blogi.savonia.fi\/matkallamelbourneen\/wp-content\/uploads\/sites\/11001\/2022\/09\/20220827_163643-150x200.jpg 150w, https:\/\/blogi.savonia.fi\/matkallamelbourneen\/wp-content\/uploads\/sites\/11001\/2022\/09\/20220827_163643-200x267.jpg 200w, https:\/\/blogi.savonia.fi\/matkallamelbourneen\/wp-content\/uploads\/sites\/11001\/2022\/09\/20220827_163643-300x400.jpg 300w, https:\/\/blogi.savonia.fi\/matkallamelbourneen\/wp-content\/uploads\/sites\/11001\/2022\/09\/20220827_163643-450x600.jpg 450w, https:\/\/blogi.savonia.fi\/matkallamelbourneen\/wp-content\/uploads\/sites\/11001\/2022\/09\/20220827_163643-600x800.jpg 600w, https:\/\/blogi.savonia.fi\/matkallamelbourneen\/wp-content\/uploads\/sites\/11001\/2022\/09\/20220827_163643-900x1200.jpg 900w, https:\/\/blogi.savonia.fi\/matkallamelbourneen\/wp-content\/uploads\/sites\/11001\/2022\/09\/20220827_163643-scaled.jpg 1920w\" sizes=\"auto, (max-width: 768px) 100vw, 768px\" \/><\/figure>\n<\/figure>\n","protected":false},"excerpt":{"rendered":"<p>Melbourne on Australian toiseksi suurin kaupunki ja sijaitsee Victorian osavaltiossa. Melbourne on Victorian osavaltion p\u00e4\u00e4kaupunki ja siell\u00e4 asui vuonna 2020 noin 5 miljoonaa ihmist\u00e4. Melbournesta l\u00f6ytyy kulttuuria, kauppoja, puistoja, museoita ja muita n\u00e4ht\u00e4vyyksi\u00e4 sek\u00e4 paljon eri tapahtumia. Suosittuja kohteita Melbournessa &hellip;<\/p>\n<p class=\"read-more\"> <a class=\"more-link\" href=\"https:\/\/blogi.savonia.fi\/matkallamelbourneen\/esimerkkisivu\/melbourne\/\"> <span class=\"screen-reader-text\">Melbourne<\/span> Lue lis\u00e4\u00e4 &raquo;<\/a><\/p>\n","protected":false},"author":8206,"featured_media":0,"parent":2,"menu_order":1,"comment_status":"closed","ping_status":"closed","template":"","meta":{"footnotes":""},"class_list":["post-273","page","type-page","status-publish","hentry"],"_links":{"self":[{"href":"https:\/\/blogi.savonia.fi\/matkallamelbourneen\/wp-json\/wp\/v2\/pages\/273","targetHints":{"allow":["GET"]}}],"collection":[{"href":"https:\/\/blogi.savonia.fi\/matkallamelbourneen\/wp-json\/wp\/v2\/pages"}],"about":[{"href":"https:\/\/blogi.savonia.fi\/matkallamelbourneen\/wp-json\/wp\/v2\/types\/page"}],"author":[{"embeddable":true,"href":"https:\/\/blogi.savonia.fi\/matkallamelbourneen\/wp-json\/wp\/v2\/users\/8206"}],"replies":[{"embeddable":true,"href":"https:\/\/blogi.savonia.fi\/matkallamelbourneen\/wp-json\/wp\/v2\/comments?post=273"}],"version-history":[{"count":13,"href":"https:\/\/blogi.savonia.fi\/matkallamelbourneen\/wp-json\/wp\/v2\/pages\/273\/revisions"}],"predecessor-version":[{"id":488,"href":"https:\/\/blogi.savonia.fi\/matkallamelbourneen\/wp-json\/wp\/v2\/pages\/273\/revisions\/488"}],"up":[{"embeddable":true,"href":"https:\/\/blogi.savonia.fi\/matkallamelbourneen\/wp-json\/wp\/v2\/pages\/2"}],"wp:attachment":[{"href":"https:\/\/blogi.savonia.fi\/matkallamelbourneen\/wp-json\/wp\/v2\/media?parent=273"}],"curies":[{"name":"wp","href":"https:\/\/api.w.org\/{rel}","templated":true}]}}