{"id":291,"date":"2022-07-28T21:26:15","date_gmt":"2022-07-28T18:26:15","guid":{"rendered":"https:\/\/blogi.savonia.fi\/matkallamelbourneen\/?page_id=291"},"modified":"2022-10-13T09:28:43","modified_gmt":"2022-10-13T06:28:43","slug":"kokemuksia-harjoittelusta-mia","status":"publish","type":"page","link":"https:\/\/blogi.savonia.fi\/matkallamelbourneen\/opiskelijoille\/kokemuksia-harjoittelusta\/kokemuksia-harjoittelusta-mia\/","title":{"rendered":"Mian kokemuksia (syyslukukausi 2022)"},"content":{"rendered":"\n<div class=\"wp-block-media-text alignwide is-stacked-on-mobile\"><figure class=\"wp-block-media-text__media\"><img loading=\"lazy\" decoding=\"async\" width=\"771\" height=\"1024\" src=\"https:\/\/blogi.savonia.fi\/matkallamelbourneen\/wp-content\/uploads\/sites\/11001\/2022\/10\/IMG-20221001-WA0021-771x1024.jpg\" alt=\"\" class=\"wp-image-445 size-full\" srcset=\"https:\/\/blogi.savonia.fi\/matkallamelbourneen\/wp-content\/uploads\/sites\/11001\/2022\/10\/IMG-20221001-WA0021-771x1024.jpg 771w, https:\/\/blogi.savonia.fi\/matkallamelbourneen\/wp-content\/uploads\/sites\/11001\/2022\/10\/IMG-20221001-WA0021-226x300.jpg 226w, https:\/\/blogi.savonia.fi\/matkallamelbourneen\/wp-content\/uploads\/sites\/11001\/2022\/10\/IMG-20221001-WA0021-768x1021.jpg 768w, https:\/\/blogi.savonia.fi\/matkallamelbourneen\/wp-content\/uploads\/sites\/11001\/2022\/10\/IMG-20221001-WA0021-1156x1536.jpg 1156w, https:\/\/blogi.savonia.fi\/matkallamelbourneen\/wp-content\/uploads\/sites\/11001\/2022\/10\/IMG-20221001-WA0021-100x133.jpg 100w, https:\/\/blogi.savonia.fi\/matkallamelbourneen\/wp-content\/uploads\/sites\/11001\/2022\/10\/IMG-20221001-WA0021-150x199.jpg 150w, https:\/\/blogi.savonia.fi\/matkallamelbourneen\/wp-content\/uploads\/sites\/11001\/2022\/10\/IMG-20221001-WA0021-200x266.jpg 200w, https:\/\/blogi.savonia.fi\/matkallamelbourneen\/wp-content\/uploads\/sites\/11001\/2022\/10\/IMG-20221001-WA0021-300x399.jpg 300w, https:\/\/blogi.savonia.fi\/matkallamelbourneen\/wp-content\/uploads\/sites\/11001\/2022\/10\/IMG-20221001-WA0021-450x598.jpg 450w, https:\/\/blogi.savonia.fi\/matkallamelbourneen\/wp-content\/uploads\/sites\/11001\/2022\/10\/IMG-20221001-WA0021-600x797.jpg 600w, https:\/\/blogi.savonia.fi\/matkallamelbourneen\/wp-content\/uploads\/sites\/11001\/2022\/10\/IMG-20221001-WA0021-900x1196.jpg 900w, https:\/\/blogi.savonia.fi\/matkallamelbourneen\/wp-content\/uploads\/sites\/11001\/2022\/10\/IMG-20221001-WA0021.jpg 1204w\" sizes=\"auto, (max-width: 771px) 100vw, 771px\" \/><\/figure><div class=\"wp-block-media-text__content\">\n<p>Melbournen Suomalainen Yst\u00e4v\u00e4palvelu on eritt\u00e4in opiskelijayst\u00e4v\u00e4llinen yhdistys. Jo ennen harjoitteluun l\u00e4ht\u00f6\u00e4 k\u00e4vi selv\u00e4ksi, ettei tyhmi\u00e4 kysymyksi\u00e4 ole ja he mielell\u00e4\u00e4n auttavat asiassa kuin asiassa &#8211; oli todella helppoa l\u00e4hte\u00e4 maapallon toiselle puolelle harjoitteluun, kun Melbournen Suomalaisen Yst\u00e4v\u00e4palvelun yhteyshenkil\u00f6in\u00e4 olivat asiansa osaavat ja oikeasti opiskelijoiden parhaasta kiinnostuneet henkil\u00f6t. Lis\u00e4ksi tukena ja isona apuna harjoittelun j\u00e4rjest\u00e4misess\u00e4 toimi oman alani kansainv\u00e4linen koordinaattori.<\/p>\n\n\n\n<p>L\u00e4hdin harjoitteluun luottavaisin mielin, sill\u00e4 olen aiemmin ty\u00f6skennellyt ulkomailla ja olen t\u00e4ll\u00e4 hetkell\u00e4 opintovapaalla englanninkielisest\u00e4 yrityksest\u00e4. Kielitaidon tasosta riippumatta olen sit\u00e4 mielt\u00e4, ett\u00e4 ulkomaille kannattaa ehdottomasti l\u00e4hte\u00e4 harjoitteluun, eik\u00e4 englannin puhumista tarvitse j\u00e4nnitt\u00e4\u00e4! Suomalaiset puhuvat hyv\u00e4\u00e4 englantia ja ovat vaatimattomia oman osaamisensa suhteen. Lis\u00e4ksi harjoittelussa p\u00e4rj\u00e4\u00e4 hyvin my\u00f6s suomen kielell\u00e4, sill\u00e4 kyse on Suomalaisesta Yst\u00e4v\u00e4palvelusta.<\/p>\n\n\n\n<p>Vaikka alkuun harjoittelu maapallon toisella puolella tuntui j\u00e4nnitt\u00e4v\u00e4lt\u00e4 ja jopa haasteelliselta, on viikko-ohjelmasta ja asiakasty\u00f6st\u00e4 tullut nopeasti mukavaa rutiinia. Harjoittelun p\u00e4\u00e4teemana on ik\u00e4ihmisten sosiaalinen kuntoutus koronan j\u00e4lkeen ja harjoittelussa teemme kotik\u00e4yntej\u00e4, olemme asiakkaisiin yhteyksiss\u00e4 puhelimitse ja annamme esimerkiksi terveysneuvontaa ja j\u00e4rjest\u00e4mme viriketoimintaa. Asiakkaat ovat ottaneet meid\u00e4t opiskelijat hyvin avoimesti vastaan ja tuntuu, ett\u00e4 olemme p\u00e4\u00e4sseet hyvin nopeasti osaksi paikallista yhteis\u00f6\u00e4. Harjoittelussa on ollut eritt\u00e4in mukavaa kun on tuntenut itsens\u00e4 alusta asti tervetulleeksi.<\/p>\n<\/div><\/div>\n","protected":false},"excerpt":{"rendered":"<p>Melbournen Suomalainen Yst\u00e4v\u00e4palvelu on eritt\u00e4in opiskelijayst\u00e4v\u00e4llinen yhdistys. Jo ennen harjoitteluun l\u00e4ht\u00f6\u00e4 k\u00e4vi selv\u00e4ksi, ettei tyhmi\u00e4 kysymyksi\u00e4 ole ja he mielell\u00e4\u00e4n auttavat asiassa kuin asiassa &#8211; oli todella helppoa l\u00e4hte\u00e4 maapallon toiselle puolelle harjoitteluun, kun Melbournen Suomalaisen Yst\u00e4v\u00e4palvelun yhteyshenkil\u00f6in\u00e4 olivat asiansa &hellip;<\/p>\n<p class=\"read-more\"> <a class=\"more-link\" href=\"https:\/\/blogi.savonia.fi\/matkallamelbourneen\/opiskelijoille\/kokemuksia-harjoittelusta\/kokemuksia-harjoittelusta-mia\/\"> <span class=\"screen-reader-text\">Mian kokemuksia (syyslukukausi 2022)<\/span> Lue lis\u00e4\u00e4 &raquo;<\/a><\/p>\n","protected":false},"author":8206,"featured_media":0,"parent":294,"menu_order":0,"comment_status":"closed","ping_status":"closed","template":"","meta":{"footnotes":""},"class_list":["post-291","page","type-page","status-publish","hentry"],"_links":{"self":[{"href":"https:\/\/blogi.savonia.fi\/matkallamelbourneen\/wp-json\/wp\/v2\/pages\/291","targetHints":{"allow":["GET"]}}],"collection":[{"href":"https:\/\/blogi.savonia.fi\/matkallamelbourneen\/wp-json\/wp\/v2\/pages"}],"about":[{"href":"https:\/\/blogi.savonia.fi\/matkallamelbourneen\/wp-json\/wp\/v2\/types\/page"}],"author":[{"embeddable":true,"href":"https:\/\/blogi.savonia.fi\/matkallamelbourneen\/wp-json\/wp\/v2\/users\/8206"}],"replies":[{"embeddable":true,"href":"https:\/\/blogi.savonia.fi\/matkallamelbourneen\/wp-json\/wp\/v2\/comments?post=291"}],"version-history":[{"count":12,"href":"https:\/\/blogi.savonia.fi\/matkallamelbourneen\/wp-json\/wp\/v2\/pages\/291\/revisions"}],"predecessor-version":[{"id":485,"href":"https:\/\/blogi.savonia.fi\/matkallamelbourneen\/wp-json\/wp\/v2\/pages\/291\/revisions\/485"}],"up":[{"embeddable":true,"href":"https:\/\/blogi.savonia.fi\/matkallamelbourneen\/wp-json\/wp\/v2\/pages\/294"}],"wp:attachment":[{"href":"https:\/\/blogi.savonia.fi\/matkallamelbourneen\/wp-json\/wp\/v2\/media?parent=291"}],"curies":[{"name":"wp","href":"https:\/\/api.w.org\/{rel}","templated":true}]}}