{"id":294,"date":"2022-07-28T21:29:50","date_gmt":"2022-07-28T18:29:50","guid":{"rendered":"https:\/\/blogi.savonia.fi\/matkallamelbourneen\/?page_id=294"},"modified":"2022-07-28T21:30:51","modified_gmt":"2022-07-28T18:30:51","slug":"kokemuksia-harjoittelusta","status":"publish","type":"page","link":"https:\/\/blogi.savonia.fi\/matkallamelbourneen\/opiskelijoille\/kokemuksia-harjoittelusta\/","title":{"rendered":"Kokemuksia harjoittelusta"},"content":{"rendered":"\n<p style=\"font-size:18px\">T\u00e4\u00e4lt\u00e4 p\u00e4\u00e4set lukemaan Melbournen Suomalaisessa Yst\u00e4v\u00e4palvelussa harjoittelunsa suorittaneiden opiskelijoiden kokemuksia harjoittelujaksosta.<\/p>\n","protected":false},"excerpt":{"rendered":"<p>T\u00e4\u00e4lt\u00e4 p\u00e4\u00e4set lukemaan Melbournen Suomalaisessa Yst\u00e4v\u00e4palvelussa harjoittelunsa suorittaneiden opiskelijoiden kokemuksia harjoittelujaksosta.<\/p>\n","protected":false},"author":8206,"featured_media":0,"parent":94,"menu_order":2,"comment_status":"closed","ping_status":"closed","template":"","meta":{"footnotes":""},"class_list":["post-294","page","type-page","status-publish","hentry"],"_links":{"self":[{"href":"https:\/\/blogi.savonia.fi\/matkallamelbourneen\/wp-json\/wp\/v2\/pages\/294","targetHints":{"allow":["GET"]}}],"collection":[{"href":"https:\/\/blogi.savonia.fi\/matkallamelbourneen\/wp-json\/wp\/v2\/pages"}],"about":[{"href":"https:\/\/blogi.savonia.fi\/matkallamelbourneen\/wp-json\/wp\/v2\/types\/page"}],"author":[{"embeddable":true,"href":"https:\/\/blogi.savonia.fi\/matkallamelbourneen\/wp-json\/wp\/v2\/users\/8206"}],"replies":[{"embeddable":true,"href":"https:\/\/blogi.savonia.fi\/matkallamelbourneen\/wp-json\/wp\/v2\/comments?post=294"}],"version-history":[{"count":1,"href":"https:\/\/blogi.savonia.fi\/matkallamelbourneen\/wp-json\/wp\/v2\/pages\/294\/revisions"}],"predecessor-version":[{"id":295,"href":"https:\/\/blogi.savonia.fi\/matkallamelbourneen\/wp-json\/wp\/v2\/pages\/294\/revisions\/295"}],"up":[{"embeddable":true,"href":"https:\/\/blogi.savonia.fi\/matkallamelbourneen\/wp-json\/wp\/v2\/pages\/94"}],"wp:attachment":[{"href":"https:\/\/blogi.savonia.fi\/matkallamelbourneen\/wp-json\/wp\/v2\/media?parent=294"}],"curies":[{"name":"wp","href":"https:\/\/api.w.org\/{rel}","templated":true}]}}