{"id":320,"date":"2022-09-05T09:23:40","date_gmt":"2022-09-05T06:23:40","guid":{"rendered":"https:\/\/blogi.savonia.fi\/matkallamelbourneen\/?page_id=320"},"modified":"2022-11-28T09:47:39","modified_gmt":"2022-11-28T07:47:39","slug":"mintun-kokemuksia","status":"publish","type":"page","link":"https:\/\/blogi.savonia.fi\/matkallamelbourneen\/opiskelijoille\/kokemuksia-harjoittelusta\/mintun-kokemuksia\/","title":{"rendered":"Mintun kokemuksia (syyslukukausi 2022)"},"content":{"rendered":"\n<p>Suomalainen Yst\u00e4v\u00e4palvelu Melbournessa antoi l\u00e4mpim\u00e4n vastaanoton heti k\u00e4ttelyss\u00e4! Olimme paljon yhteydess\u00e4 jo ennen matkalle l\u00e4ht\u00f6\u00e4, jolloin saimme hyv\u00e4\u00e4 tietoa kaikesta mahdollisesta, kuten viisumeista, lennoista, yst\u00e4v\u00e4palvelun toiminnasta sek\u00e4 kuinka valmistautua reissua varten. Melbourneen saapuessa saimme kuulla niin ty\u00f6ntekij\u00f6ilt\u00e4 kuin asiakkailta, ett\u00e4 meit\u00e4 on kovasti odotettu!<\/p>\n\n\n\n<p>Paljon tuli uutta asiaa sek\u00e4 sopimuksia kirjoitettavaksi, mutta koulun kansainv\u00e4linen koordinaattori sek\u00e4 opettajat olivat tukena, joilta pystyi aina kysym\u00e4\u00e4n apua. Vaikka ennakkoon hoidettavia asioita onkin paljon jo ennen l\u00e4ht\u00f6\u00e4, on se kaikki silti t\u00e4m\u00e4n arvoista! Englanninkielentaitoni on perustasolla, joten luotin siihen, ett\u00e4 p\u00e4rj\u00e4\u00e4n. Kielitaito kehittyy koko ajan, joten sen puolesta ei kannata huolehtia. Kokemus on ainutlaatuinen johon kannattaa tarttua! <\/p>\n\n\n\n<p>Kaikenkaikkiaan olin Melbournessa 3kk elokuun lopusta marraskuun puoliv\u00e4liin. T\u00e4n\u00e4 aikana p\u00e4\u00e4sin laajasti toimimaan eri ty\u00f6nkuvien parissa. Finnish Friendly visiting service j\u00e4rjest\u00e4\u00e4 mm. p\u00e4iv\u00e4retki\u00e4, tapaamisia suomitalolla sek\u00e4 kotik\u00e4yntej\u00e4. N\u00e4it\u00e4 kaikkia p\u00e4\u00e4sin aktiivisesti toteuttamaan. Heti harjoittelun alkaessa otin koppia kevyen liikunnan harjoittamisesta asiakkaiden kanssa viikottaisissa tapaamisissa. Oli ihanaa huomata kuinka hyvin porukkaa l\u00e4hti liikkelle, my\u00f6s heit\u00e4 jotka eiv\u00e4t yleens\u00e4 t\u00e4mm\u00f6iseen toimintaan l\u00e4hde. T\u00e4st\u00e4 sain my\u00f6s hyv\u00e4\u00e4 palautetta ty\u00f6porukalta. <\/p>\n\n\n\n<p>Yhten\u00e4 p\u00e4\u00e4tavoitteena meill\u00e4 oli saada ik\u00e4ihmisi\u00e4 taas aktivoitumaan koronan lockdownien j\u00e4lkeiselt\u00e4 ajalta. Australiassa rajoitukset olivat olleet eritt\u00e4in tiukat, joten oli t\u00e4rke\u00e4\u00e4 l\u00f6yt\u00e4\u00e4 erilaisia keinoja kuinka porukkaa saadaan taas liikkeelle. Rakastan j\u00e4rjest\u00e4\u00e4 erilaista toimintaa ja retki\u00e4, heid\u00e4n toiveitaan kuunnellen. P\u00e4\u00e4sin pit\u00e4m\u00e4\u00e4n mm, bingoa, karaokea, jumppaa, leivontaa sek\u00e4 retkill\u00e4 p\u00e4\u00e4simme yhdess\u00e4 k\u00e4ym\u00e4\u00e4n eri n\u00e4ht\u00e4vyyksill\u00e4 ja kulttuuritapahtumissa. My\u00f6s arkinen keskustelu kahvin \u00e4\u00e4rell\u00e4 oli t\u00e4rke\u00e4\u00e4 molemminpuolin.<\/p>\n\n\n\n<p>Kokemus oli uskomattoman ainutlaatuinen ja haikein mielin jouduin j\u00e4tt\u00e4m\u00e4\u00e4n Melbournen taakseni kun Suomeen paluu koitti. Vaikka matka Australiaan on pitk\u00e4 ja ajoittain pieni\u00e4 vastoink\u00e4ymisi\u00e4 sattui, en mist\u00e4\u00e4n hinnasta olisi j\u00e4tt\u00e4nyt t\u00e4t\u00e4 reissua v\u00e4list\u00e4. Asiakkaat sek\u00e4 ty\u00f6yhteis\u00f6 olivat \u00e4lytt\u00f6m\u00e4n ihania ja heit\u00e4 olenkin j\u00e4\u00e4nyt suuresti kaipaamaan. Matkan aikana oppii paljon itsest\u00e4\u00e4n, mik\u00e4 on jo pelk\u00e4st\u00e4\u00e4n todella merkitt\u00e4v\u00e4 syy l\u00e4hte\u00e4 vaihtoon. Sanonkin siis kaikille vaihtoa harkitseville, ett\u00e4 uskaltakaa l\u00e4hte\u00e4! Asioilla on tapana j\u00e4rjesty\u00e4, joten kun alkuh\u00e4ss\u00e4k\u00e4t on saatu hoidettua, on edess\u00e4 mielett\u00f6m\u00e4n hieno reissu. <\/p>\n","protected":false},"excerpt":{"rendered":"<p>Suomalainen Yst\u00e4v\u00e4palvelu Melbournessa antoi l\u00e4mpim\u00e4n vastaanoton heti k\u00e4ttelyss\u00e4! Olimme paljon yhteydess\u00e4 jo ennen matkalle l\u00e4ht\u00f6\u00e4, jolloin saimme hyv\u00e4\u00e4 tietoa kaikesta mahdollisesta, kuten viisumeista, lennoista, yst\u00e4v\u00e4palvelun toiminnasta sek\u00e4 kuinka valmistautua reissua varten. Melbourneen saapuessa saimme kuulla niin ty\u00f6ntekij\u00f6ilt\u00e4 kuin asiakkailta, ett\u00e4 &hellip;<\/p>\n<p class=\"read-more\"> <a class=\"more-link\" href=\"https:\/\/blogi.savonia.fi\/matkallamelbourneen\/opiskelijoille\/kokemuksia-harjoittelusta\/mintun-kokemuksia\/\"> <span class=\"screen-reader-text\">Mintun kokemuksia (syyslukukausi 2022)<\/span> Lue lis\u00e4\u00e4 &raquo;<\/a><\/p>\n","protected":false},"author":7160,"featured_media":0,"parent":294,"menu_order":0,"comment_status":"closed","ping_status":"closed","template":"","meta":{"footnotes":""},"class_list":["post-320","page","type-page","status-publish","hentry"],"_links":{"self":[{"href":"https:\/\/blogi.savonia.fi\/matkallamelbourneen\/wp-json\/wp\/v2\/pages\/320","targetHints":{"allow":["GET"]}}],"collection":[{"href":"https:\/\/blogi.savonia.fi\/matkallamelbourneen\/wp-json\/wp\/v2\/pages"}],"about":[{"href":"https:\/\/blogi.savonia.fi\/matkallamelbourneen\/wp-json\/wp\/v2\/types\/page"}],"author":[{"embeddable":true,"href":"https:\/\/blogi.savonia.fi\/matkallamelbourneen\/wp-json\/wp\/v2\/users\/7160"}],"replies":[{"embeddable":true,"href":"https:\/\/blogi.savonia.fi\/matkallamelbourneen\/wp-json\/wp\/v2\/comments?post=320"}],"version-history":[{"count":6,"href":"https:\/\/blogi.savonia.fi\/matkallamelbourneen\/wp-json\/wp\/v2\/pages\/320\/revisions"}],"predecessor-version":[{"id":509,"href":"https:\/\/blogi.savonia.fi\/matkallamelbourneen\/wp-json\/wp\/v2\/pages\/320\/revisions\/509"}],"up":[{"embeddable":true,"href":"https:\/\/blogi.savonia.fi\/matkallamelbourneen\/wp-json\/wp\/v2\/pages\/294"}],"wp:attachment":[{"href":"https:\/\/blogi.savonia.fi\/matkallamelbourneen\/wp-json\/wp\/v2\/media?parent=320"}],"curies":[{"name":"wp","href":"https:\/\/api.w.org\/{rel}","templated":true}]}}