{"id":350,"date":"2022-09-21T12:22:35","date_gmt":"2022-09-21T09:22:35","guid":{"rendered":"https:\/\/blogi.savonia.fi\/matkallamelbourneen\/?page_id=350"},"modified":"2022-10-13T09:29:17","modified_gmt":"2022-10-13T06:29:17","slug":"nooran-kokemuksia","status":"publish","type":"page","link":"https:\/\/blogi.savonia.fi\/matkallamelbourneen\/opiskelijoille\/kokemuksia-harjoittelusta\/nooran-kokemuksia\/","title":{"rendered":"Nooran kokemuksia (syyslukukausi 2022)"},"content":{"rendered":"\n<div class=\"wp-block-media-text alignwide is-stacked-on-mobile\" style=\"grid-template-columns:44% auto\"><figure class=\"wp-block-media-text__media\"><img decoding=\"async\" src=\"https:\/\/blogi.savonia.fi\/matkallamelbourneen\/wp-content\/uploads\/sites\/11001\/2022\/09\/IMG_6272-1-768x1024.jpg\" alt=\"\" class=\"wp-image-357 size-full\" \/><\/figure><div class=\"wp-block-media-text__content\">\n<p class=\"has-text-align-left\">Alusta saakka Suomalaisen yst\u00e4v\u00e4palvelun kanssa oli helppo tehd\u00e4 yhteisty\u00f6t\u00e4 l\u00e4mpim\u00e4n vastaanoton my\u00f6t\u00e4. He toivottivat meid\u00e4t l\u00e4mpim\u00e4sti tervetulleeksi ja heilt\u00e4 on saanut apua tarvittaessa. Olimme ennen Melbourneen saapumista yhteydess\u00e4 videopuheluiden sek\u00e4 viestien v\u00e4lityksell\u00e4. T\u00e4m\u00e4 auttoi k\u00e4yt\u00e4nn\u00f6n j\u00e4rjestelyiden sek\u00e4 muuten matkan suunnittelun suhteen paljon. Lis\u00e4ksi apuna on koulun kansainv\u00e4linen koordinaattori, jonka kanssa olimme my\u00f6s paljon yhteydess\u00e4 ennen l\u00e4ht\u00f6\u00e4. H\u00e4nelt\u00e4 sai my\u00f6s arvokasta tietoa k\u00e4yt\u00e4nn\u00f6n j\u00e4rjestelyiden suhteen.<\/p>\n\n\n\n<p>T\u00e4\u00e4ll\u00e4 ollessa olemme osallistuneet maanantaisin ja keskiviikkoisin ryhm\u00e4tapaamisiin. Tapaamisten kokoontumispaikka on Finnish Hall eli tuttavallisemmin suomitalo. Olemme n\u00e4iden ryhmien aikana pit\u00e4neet karaoke-hetki\u00e4, jumppaa, jutustelua ja toiveiden mukaisesti muuta tekemist\u00e4. Lis\u00e4ksi olemme soittaneet asiakkaille puheluita ja jutelleet kaikesta arkisten asioiden ja haastavampien aiheiden v\u00e4lilt\u00e4. Lis\u00e4ksi pianon soittoa ja lauluhetki\u00e4 on mahtunut useita n\u00e4ihin viikkoihin. Olemme olleet mukana retkill\u00e4, joita on j\u00e4rjestetty ja n\u00e4it\u00e4 on tarkoitus j\u00e4rjest\u00e4\u00e4 my\u00f6s opiskelijoiden toimesta tulevaisuudessa. Olemme my\u00f6s osallistuneet leivonta-aamuihin, jolloin olemme tehneet karjalanpiirakoita, pullaa sek\u00e4 lihapiirakoita.<\/p>\n\n\n\n<p class=\"has-text-align-left\">Voin l\u00e4mpim\u00e4sti suositella vaihtoon l\u00e4ht\u00f6\u00e4. Ennakkoon teht\u00e4vien k\u00e4yt\u00e4nn\u00f6n j\u00e4rjestelyiden m\u00e4\u00e4r\u00e4 voi kuulostaa suurelle, mutta on ehdottomasti sen vaivan arvoista. K\u00e4yt\u00e4nn\u00f6n j\u00e4rjestelyiss\u00e4 apua saa aina, kun joku mietitytt\u00e4\u00e4 ja kaikkea saa kysy\u00e4. Suosittelen suuresti t\u00e4t\u00e4 ainutlaatuista kokemusta kaikille, t\u00e4h\u00e4n tilaisuuteen kannattaa tarttua! Alla kuvia vaihdon ajalta.<\/p>\n<\/div><\/div>\n\n\n\n<figure class=\"wp-block-gallery has-nested-images columns-default is-cropped wp-block-gallery-1 is-layout-flex wp-block-gallery-is-layout-flex\"><\/figure>\n\n\n\n<figure class=\"wp-block-gallery has-nested-images columns-default is-cropped wp-block-gallery-2 is-layout-flex wp-block-gallery-is-layout-flex\"><\/figure>\n","protected":false},"excerpt":{"rendered":"<p>Alusta saakka Suomalaisen yst\u00e4v\u00e4palvelun kanssa oli helppo tehd\u00e4 yhteisty\u00f6t\u00e4 l\u00e4mpim\u00e4n vastaanoton my\u00f6t\u00e4. He toivottivat meid\u00e4t l\u00e4mpim\u00e4sti tervetulleeksi ja heilt\u00e4 on saanut apua tarvittaessa. Olimme ennen Melbourneen saapumista yhteydess\u00e4 videopuheluiden sek\u00e4 viestien v\u00e4lityksell\u00e4. T\u00e4m\u00e4 auttoi k\u00e4yt\u00e4nn\u00f6n j\u00e4rjestelyiden sek\u00e4 muuten matkan suunnittelun &hellip;<\/p>\n<p class=\"read-more\"> <a class=\"more-link\" href=\"https:\/\/blogi.savonia.fi\/matkallamelbourneen\/opiskelijoille\/kokemuksia-harjoittelusta\/nooran-kokemuksia\/\"> <span class=\"screen-reader-text\">Nooran kokemuksia (syyslukukausi 2022)<\/span> Lue lis\u00e4\u00e4 &raquo;<\/a><\/p>\n","protected":false},"author":4323,"featured_media":0,"parent":294,"menu_order":0,"comment_status":"closed","ping_status":"closed","template":"","meta":{"footnotes":""},"class_list":["post-350","page","type-page","status-publish","hentry"],"_links":{"self":[{"href":"https:\/\/blogi.savonia.fi\/matkallamelbourneen\/wp-json\/wp\/v2\/pages\/350","targetHints":{"allow":["GET"]}}],"collection":[{"href":"https:\/\/blogi.savonia.fi\/matkallamelbourneen\/wp-json\/wp\/v2\/pages"}],"about":[{"href":"https:\/\/blogi.savonia.fi\/matkallamelbourneen\/wp-json\/wp\/v2\/types\/page"}],"author":[{"embeddable":true,"href":"https:\/\/blogi.savonia.fi\/matkallamelbourneen\/wp-json\/wp\/v2\/users\/4323"}],"replies":[{"embeddable":true,"href":"https:\/\/blogi.savonia.fi\/matkallamelbourneen\/wp-json\/wp\/v2\/comments?post=350"}],"version-history":[{"count":12,"href":"https:\/\/blogi.savonia.fi\/matkallamelbourneen\/wp-json\/wp\/v2\/pages\/350\/revisions"}],"predecessor-version":[{"id":486,"href":"https:\/\/blogi.savonia.fi\/matkallamelbourneen\/wp-json\/wp\/v2\/pages\/350\/revisions\/486"}],"up":[{"embeddable":true,"href":"https:\/\/blogi.savonia.fi\/matkallamelbourneen\/wp-json\/wp\/v2\/pages\/294"}],"wp:attachment":[{"href":"https:\/\/blogi.savonia.fi\/matkallamelbourneen\/wp-json\/wp\/v2\/media?parent=350"}],"curies":[{"name":"wp","href":"https:\/\/api.w.org\/{rel}","templated":true}]}}