{"id":422,"date":"2022-10-05T14:47:47","date_gmt":"2022-10-05T11:47:47","guid":{"rendered":"https:\/\/blogi.savonia.fi\/matkallamelbourneen\/?page_id=422"},"modified":"2022-10-13T07:39:19","modified_gmt":"2022-10-13T04:39:19","slug":"tyonkuva","status":"publish","type":"page","link":"https:\/\/blogi.savonia.fi\/matkallamelbourneen\/opiskelijoille\/tyonkuva\/","title":{"rendered":"Harjoittelun ty\u00f6nkuva"},"content":{"rendered":"\n<p style=\"font-size:18px\">Hoitoalan opiskelijoille harjoittelun p\u00e4\u00e4teema on ik\u00e4ihmisten sosiaalinen kuntoutus koronan j\u00e4lkeen. Harjoittelun ty\u00f6nkuva on hyvin monipuolinen ja vaihteleva. Siihen sis\u00e4ltyy muun muassa kotik\u00e4yntej\u00e4 ik\u00e4ihmisten luona, yhteydenottoja asiakkaisiin puhelimitse ja ryhm\u00e4tapaamiset Suomitalolla Altonassa tai Glen Waverleyss\u00e4 Melbournen it\u00e4puolella. Vuoroviikoin j\u00e4rjestet\u00e4\u00e4n retkip\u00e4iv\u00e4 Melbournen Suomalaisen Yst\u00e4v\u00e4palvelun asiakkaille. Ty\u00f6p\u00e4ivi\u00e4 tulee siis yleens\u00e4 3-4 viikossa. Nelj\u00e4s ty\u00f6p\u00e4iv\u00e4 sis\u00e4lt\u00e4\u00e4 puheluita, suunnittelua, kotik\u00e4yntej\u00e4 tai muuta erikseen sovittua. Lis\u00e4ksi on ollut leivonta-aamuja, joihin olemme osallistuneet.<\/p>\n\n\n\n<p style=\"font-size:18px\">Opiskelijat j\u00e4rjest\u00e4v\u00e4t viikoittain viriketoimintaa Melbournen Suomalaisen Yst\u00e4v\u00e4palvelun asiakkaille. Viriketoiminta voi olla esimerkiksi jumppaa, pelej\u00e4, bingoa tai karaokea.<\/p>\n\n\n\n<p style=\"font-size:18px\"><strong>Viikko-ohjelma<\/strong><\/p>\n\n\n\n<p style=\"font-size:18px\">Maanantai: Maanantairyhm\u00e4, jossa tarjolla on lounas, j\u00e4lkiruoka sek\u00e4 aamulla kahvia ja pient\u00e4 naposteltavaa. Opiskelijat j\u00e4rjest\u00e4v\u00e4t maanantairyhm\u00e4lle viriketoimintaa.<\/p>\n\n\n\n<p style=\"font-size:18px\">Tiistai: Joka toinen viikko kokoontuu Glen Waverleyss\u00e4 id\u00e4n ryhm\u00e4, jossa on lounas, j\u00e4lkiruoka sek\u00e4 aamulla kahvia ja pient\u00e4 naposteltavaa. Kun tiistai-ryhm\u00e4\u00e4 ei ole, on tiistai vapaap\u00e4iv\u00e4 ellei muuta ole sovittu erikseen. Opiskelijat j\u00e4rjest\u00e4v\u00e4t id\u00e4n ryhm\u00e4lle viriketoimintaa.<\/p>\n\n\n\n<p style=\"font-size:18px\">Keskiviikko: Keskiviikkoisin kokoontuu Melbournen Suomi-seura ja tarjolla on kahvia, voileipi\u00e4 ja naposteltavaa. Opiskelijat voivat j\u00e4rjest\u00e4\u00e4 Suomi-seuran muun ohjelman salliessa viriketoimintaa my\u00f6s keskiviikkoisin.<\/p>\n\n\n\n<p style=\"font-size:18px\">Torstai: Joka toinen viikko retkip\u00e4iv\u00e4, muutoin vapaap\u00e4iv\u00e4 mik\u00e4li muuta ei ole sovittu erikseen.<\/p>\n\n\n\n<p style=\"font-size:18px\">Perjantai: Vapaap\u00e4iv\u00e4<\/p>\n\n\n\n<figure class=\"wp-block-gallery has-nested-images columns-default is-cropped wp-block-gallery-1 is-layout-flex wp-block-gallery-is-layout-flex\">\n<figure class=\"wp-block-image size-large\"><img decoding=\"async\" data-id=\"416\" src=\"https:\/\/blogi.savonia.fi\/matkallamelbourneen\/wp-content\/uploads\/sites\/11001\/2022\/10\/IMG_6457.jpeg\" alt=\"\" class=\"wp-image-416\" \/><\/figure>\n\n\n\n<figure class=\"wp-block-image size-large\"><img decoding=\"async\" data-id=\"415\" src=\"https:\/\/blogi.savonia.fi\/matkallamelbourneen\/wp-content\/uploads\/sites\/11001\/2022\/10\/IMG_6634.jpeg\" alt=\"\" class=\"wp-image-415\" \/><\/figure>\n<\/figure>\n","protected":false},"excerpt":{"rendered":"<p>Hoitoalan opiskelijoille harjoittelun p\u00e4\u00e4teema on ik\u00e4ihmisten sosiaalinen kuntoutus koronan j\u00e4lkeen. Harjoittelun ty\u00f6nkuva on hyvin monipuolinen ja vaihteleva. Siihen sis\u00e4ltyy muun muassa kotik\u00e4yntej\u00e4 ik\u00e4ihmisten luona, yhteydenottoja asiakkaisiin puhelimitse ja ryhm\u00e4tapaamiset Suomitalolla Altonassa tai Glen Waverleyss\u00e4 Melbournen it\u00e4puolella. Vuoroviikoin j\u00e4rjestet\u00e4\u00e4n retkip\u00e4iv\u00e4 Melbournen &hellip;<\/p>\n<p class=\"read-more\"> <a class=\"more-link\" href=\"https:\/\/blogi.savonia.fi\/matkallamelbourneen\/opiskelijoille\/tyonkuva\/\"> <span class=\"screen-reader-text\">Harjoittelun ty\u00f6nkuva<\/span> Lue lis\u00e4\u00e4 &raquo;<\/a><\/p>\n","protected":false},"author":4323,"featured_media":0,"parent":94,"menu_order":2,"comment_status":"closed","ping_status":"closed","template":"","meta":{"footnotes":""},"class_list":["post-422","page","type-page","status-publish","hentry"],"_links":{"self":[{"href":"https:\/\/blogi.savonia.fi\/matkallamelbourneen\/wp-json\/wp\/v2\/pages\/422","targetHints":{"allow":["GET"]}}],"collection":[{"href":"https:\/\/blogi.savonia.fi\/matkallamelbourneen\/wp-json\/wp\/v2\/pages"}],"about":[{"href":"https:\/\/blogi.savonia.fi\/matkallamelbourneen\/wp-json\/wp\/v2\/types\/page"}],"author":[{"embeddable":true,"href":"https:\/\/blogi.savonia.fi\/matkallamelbourneen\/wp-json\/wp\/v2\/users\/4323"}],"replies":[{"embeddable":true,"href":"https:\/\/blogi.savonia.fi\/matkallamelbourneen\/wp-json\/wp\/v2\/comments?post=422"}],"version-history":[{"count":11,"href":"https:\/\/blogi.savonia.fi\/matkallamelbourneen\/wp-json\/wp\/v2\/pages\/422\/revisions"}],"predecessor-version":[{"id":468,"href":"https:\/\/blogi.savonia.fi\/matkallamelbourneen\/wp-json\/wp\/v2\/pages\/422\/revisions\/468"}],"up":[{"embeddable":true,"href":"https:\/\/blogi.savonia.fi\/matkallamelbourneen\/wp-json\/wp\/v2\/pages\/94"}],"wp:attachment":[{"href":"https:\/\/blogi.savonia.fi\/matkallamelbourneen\/wp-json\/wp\/v2\/media?parent=422"}],"curies":[{"name":"wp","href":"https:\/\/api.w.org\/{rel}","templated":true}]}}