{"id":52,"date":"2022-07-12T18:26:03","date_gmt":"2022-07-12T15:26:03","guid":{"rendered":"https:\/\/blogi.savonia.fi\/matkallamelbourneen\/?page_id=52"},"modified":"2022-07-27T20:36:30","modified_gmt":"2022-07-27T17:36:30","slug":"ensivaiheen-hakemus","status":"publish","type":"page","link":"https:\/\/blogi.savonia.fi\/matkallamelbourneen\/oletko-kiinnostunut-harjoittelusta-melbournessa\/ensivaiheen-hakemus\/","title":{"rendered":"Ensivaiheen hakemus"},"content":{"rendered":"\n<p style=\"font-size:18px\">Jos tulet valituksi harjoitteluun, t\u00e4ytyy sinun t\u00e4ytt\u00e4\u00e4 ensivaiheen hakemus. Ensivaiheen hakemuksen l\u00f6yd\u00e4t <a href=\"https:\/\/amksavonia.sharepoint.com\/sites\/reppu-kansainvalisyys\/SitePages\/kuinka-vaihtoon.aspx\" data-type=\"URL\" data-id=\"https:\/\/amksavonia.sharepoint.com\/sites\/reppu-kansainvalisyys\/SitePages\/kuinka-vaihtoon.aspx\">Savonian Repusta.<\/a> Hakemuksen tarkoituksena on esitt\u00e4\u00e4 vaihtosuunnitelmasi (eli mit\u00e4 opintoja aiot suorittaa vaihdossa) substanssi- ja tutoropettajille. Kirjaa hakemukseen tietosi, harjoittelupaikan tiedot sek\u00e4 harjoitteluajankohta. Lis\u00e4ksi hakemukseen t\u00e4ytyy listata opintojaksot tai -kokonaisuudet, jotka aiot suorittaa harjoittelun aikana. <\/p>\n\n\n\n<p style=\"font-size:18px\">Kuten <a href=\"https:\/\/amksavonia.sharepoint.com\/sites\/reppu-kansainvalisyys\/SitePages\/Valintakriteerit.aspx\" data-type=\"URL\" data-id=\"https:\/\/amksavonia.sharepoint.com\/sites\/reppu-kansainvalisyys\/SitePages\/Valintakriteerit.aspx\">Savonian Repussa<\/a> mainitaan, ulkomaan jaksolle osallistuminen edellytt\u00e4\u00e4 vaihdossa&nbsp;suoritettavan aineen&nbsp;substanssi-&nbsp;ja&nbsp;tutoropettajan puoltoa. Harjoittelusta on siis hyv\u00e4 keskustella my\u00f6s aineen opettajien sek\u00e4 tutoropettajan kanssa.<\/p>\n\n\n\n<div class=\"wp-block-buttons is-layout-flex wp-block-buttons-is-layout-flex\">\n<div class=\"wp-block-button\"><a class=\"wp-block-button__link\" href=\"https:\/\/blogi.savonia.fi\/matkallamelbourneen\/harjoittelu-odottaa\/\">Saitko harjoittelupaikan Australiasta? Lue lis\u00e4\u00e4!<\/a><\/div>\n<\/div>\n","protected":false},"excerpt":{"rendered":"<p>Jos tulet valituksi harjoitteluun, t\u00e4ytyy sinun t\u00e4ytt\u00e4\u00e4 ensivaiheen hakemus. Ensivaiheen hakemuksen l\u00f6yd\u00e4t Savonian Repusta. Hakemuksen tarkoituksena on esitt\u00e4\u00e4 vaihtosuunnitelmasi (eli mit\u00e4 opintoja aiot suorittaa vaihdossa) substanssi- ja tutoropettajille. Kirjaa hakemukseen tietosi, harjoittelupaikan tiedot sek\u00e4 harjoitteluajankohta. Lis\u00e4ksi hakemukseen t\u00e4ytyy listata opintojaksot &hellip;<\/p>\n<p class=\"read-more\"> <a class=\"more-link\" href=\"https:\/\/blogi.savonia.fi\/matkallamelbourneen\/oletko-kiinnostunut-harjoittelusta-melbournessa\/ensivaiheen-hakemus\/\"> <span class=\"screen-reader-text\">Ensivaiheen hakemus<\/span> Lue lis\u00e4\u00e4 &raquo;<\/a><\/p>\n","protected":false},"author":8206,"featured_media":0,"parent":26,"menu_order":1,"comment_status":"closed","ping_status":"closed","template":"","meta":{"footnotes":""},"class_list":["post-52","page","type-page","status-publish","hentry"],"_links":{"self":[{"href":"https:\/\/blogi.savonia.fi\/matkallamelbourneen\/wp-json\/wp\/v2\/pages\/52","targetHints":{"allow":["GET"]}}],"collection":[{"href":"https:\/\/blogi.savonia.fi\/matkallamelbourneen\/wp-json\/wp\/v2\/pages"}],"about":[{"href":"https:\/\/blogi.savonia.fi\/matkallamelbourneen\/wp-json\/wp\/v2\/types\/page"}],"author":[{"embeddable":true,"href":"https:\/\/blogi.savonia.fi\/matkallamelbourneen\/wp-json\/wp\/v2\/users\/8206"}],"replies":[{"embeddable":true,"href":"https:\/\/blogi.savonia.fi\/matkallamelbourneen\/wp-json\/wp\/v2\/comments?post=52"}],"version-history":[{"count":6,"href":"https:\/\/blogi.savonia.fi\/matkallamelbourneen\/wp-json\/wp\/v2\/pages\/52\/revisions"}],"predecessor-version":[{"id":255,"href":"https:\/\/blogi.savonia.fi\/matkallamelbourneen\/wp-json\/wp\/v2\/pages\/52\/revisions\/255"}],"up":[{"embeddable":true,"href":"https:\/\/blogi.savonia.fi\/matkallamelbourneen\/wp-json\/wp\/v2\/pages\/26"}],"wp:attachment":[{"href":"https:\/\/blogi.savonia.fi\/matkallamelbourneen\/wp-json\/wp\/v2\/media?parent=52"}],"curies":[{"name":"wp","href":"https:\/\/api.w.org\/{rel}","templated":true}]}}