{"id":529,"date":"2023-05-20T04:59:08","date_gmt":"2023-05-20T01:59:08","guid":{"rendered":"https:\/\/blogi.savonia.fi\/matkallamelbourneen\/?page_id=529"},"modified":"2023-05-20T06:58:38","modified_gmt":"2023-05-20T03:58:38","slug":"tinjan-kokemuksia-kevatlukukausi-2023","status":"publish","type":"page","link":"https:\/\/blogi.savonia.fi\/matkallamelbourneen\/opiskelijoille\/kokemuksia-harjoittelusta\/tinjan-kokemuksia-kevatlukukausi-2023\/","title":{"rendered":"Tinjan kokemuksia (kev\u00e4tlukukausi 2023)"},"content":{"rendered":"\n<figure class=\"wp-block-image alignright size-large is-resized\"><img loading=\"lazy\" decoding=\"async\" src=\"https:\/\/blogi.savonia.fi\/matkallamelbourneen\/wp-content\/uploads\/sites\/11001\/2023\/05\/Snapchat-1055537251-558x1024.jpg\" alt=\"\" class=\"wp-image-542\" width=\"419\" height=\"768\" srcset=\"https:\/\/blogi.savonia.fi\/matkallamelbourneen\/wp-content\/uploads\/sites\/11001\/2023\/05\/Snapchat-1055537251-558x1024.jpg 558w, https:\/\/blogi.savonia.fi\/matkallamelbourneen\/wp-content\/uploads\/sites\/11001\/2023\/05\/Snapchat-1055537251-163x300.jpg 163w, https:\/\/blogi.savonia.fi\/matkallamelbourneen\/wp-content\/uploads\/sites\/11001\/2023\/05\/Snapchat-1055537251-768x1410.jpg 768w, https:\/\/blogi.savonia.fi\/matkallamelbourneen\/wp-content\/uploads\/sites\/11001\/2023\/05\/Snapchat-1055537251-100x184.jpg 100w, https:\/\/blogi.savonia.fi\/matkallamelbourneen\/wp-content\/uploads\/sites\/11001\/2023\/05\/Snapchat-1055537251-150x275.jpg 150w, https:\/\/blogi.savonia.fi\/matkallamelbourneen\/wp-content\/uploads\/sites\/11001\/2023\/05\/Snapchat-1055537251-200x367.jpg 200w, https:\/\/blogi.savonia.fi\/matkallamelbourneen\/wp-content\/uploads\/sites\/11001\/2023\/05\/Snapchat-1055537251-300x551.jpg 300w, https:\/\/blogi.savonia.fi\/matkallamelbourneen\/wp-content\/uploads\/sites\/11001\/2023\/05\/Snapchat-1055537251-450x826.jpg 450w, https:\/\/blogi.savonia.fi\/matkallamelbourneen\/wp-content\/uploads\/sites\/11001\/2023\/05\/Snapchat-1055537251.jpg 1162w\" sizes=\"auto, (max-width: 419px) 100vw, 419px\" \/><\/figure>\n\n\n\n<div class=\"wp-block-group is-layout-constrained wp-block-group-is-layout-constrained\">\n<p>Kuulin harjoittelumahdollisuudesta Melbournessa ja kiinnostuin siit\u00e4 heti. Jo pari kuukautta paikasta kuultuani olinkin jo pakkaamassa laukkujani. Reissuvalmisteluihin kuuluivat mm. videopuhelut Australiaan harjoittelijalle ja ty\u00f6ntekij\u00e4lle sek\u00e4 erilaiset sopimusten kirjoittamiset. Loimme alustavan suunnitelman harjoittelun ty\u00f6nkuvalleni. Minulla oli jo kokemusta vaihdosta ulkomailla, joten prosessi oli minulle entuudestaan tuttu. Kuitenkin kaikkiin askarruttaviin kysymyksiin sain aina nopeasti apua koulun kansainv\u00e4lisyyskoordinaattoreilta. <\/p>\n\n\n\n<p>Saavuttuamme Melbourneen meit\u00e4 oli vastassa l\u00e4mpim\u00e4t kes\u00e4kelit. Saavuimme toisen harjoittelijan Eevin kanssa muutamaa viikkoa ennen kolmatta harjoittelijaa. Ensimm\u00e4iset viikot perehdyimme toimintaan. Harjoittelun alussa kaikki oli hieman sekavaa, kun ty\u00f6paikan sis\u00e4ll\u00e4 tapahtui isoja muutoksia. N\u00e4m\u00e4 toivat haasteita omaan ty\u00f6nkuvani hahmottamiseen ja ty\u00f6teht\u00e4vien aloitukseen. Harjoittelun edetess\u00e4 ty\u00f6teht\u00e4v\u00e4t selkiytyiv\u00e4t pikkuhiljaa. Ty\u00f6teht\u00e4viini kuuluivat mm. toiminnan suunnittelu kuten toimintakalenterien suunnittelu seuraaville kuukausille, markkinoinnin kehitt\u00e4missuunnitelman teko, toimiston teht\u00e4v\u00e4t sek\u00e4 toimintaan osallistuminen. Huolehdin, ett\u00e4 osallistujien ja tapahtumien tiedot tulivat ajantasaisesti raportoitua. Ty\u00f6skentelimme paljon yhdess\u00e4 eri alan opiskelijoiden sek\u00e4 ty\u00f6ntekij\u00f6iden kanssa, mutta my\u00f6s tein paljon asioita itsen\u00e4isesti. <\/p>\n\n\n\n<p>Harjoittelumatka Australiassa sis\u00e4lsi my\u00f6s muuta askaretta. Arki Melbournessa muodostui yll\u00e4tt\u00e4v\u00e4n nopeasti ja se py\u00f6ri niin opiskeluiden, harjoittelun kuin kuntosalilla k\u00e4ymisen ymp\u00e4rill\u00e4. Vapaa-aikanamme reissasimme jonkin verran. Kohteita olivat mm. Bali, Gold Coast ja Tasmania. Melbourne on miljoonakaupunki, joten jo kaupungin sis\u00e4ll\u00e4 riitti paljon kaikkea mielenkiintoista tekemist\u00e4.<\/p>\n\n\n\n<p>Reissu kokonaisuudessaan oli samanaikaisesti hieno kokemus, mutta my\u00f6s ajoittain haastava. Se opetti meille harjoittelijoille paljon ja saimme varmasti paljon oppia taskuun tulevaisuutta varten. Vaihdosta haaveileville sanoisin, ett\u00e4 l\u00e4htek\u00e4\u00e4! Vaihtojakso on lyhyt jakso el\u00e4m\u00e4st\u00e4, mutta sen aikana tulee koettua niin paljon asioita, tunteita ja muuta mitk\u00e4 j\u00e4\u00e4v\u00e4t takuulla mieleen. Se opettaa paljon itsest\u00e4 sek\u00e4 muista kulttuureista. <\/p>\n<\/div>\n\n\n\n<p><\/p>\n\n\n\n<p><\/p>\n","protected":false},"excerpt":{"rendered":"<p>Kuulin harjoittelumahdollisuudesta Melbournessa ja kiinnostuin siit\u00e4 heti. Jo pari kuukautta paikasta kuultuani olinkin jo pakkaamassa laukkujani. Reissuvalmisteluihin kuuluivat mm. videopuhelut Australiaan harjoittelijalle ja ty\u00f6ntekij\u00e4lle sek\u00e4 erilaiset sopimusten kirjoittamiset. Loimme alustavan suunnitelman harjoittelun ty\u00f6nkuvalleni. Minulla oli jo kokemusta vaihdosta ulkomailla, joten &hellip;<\/p>\n<p class=\"read-more\"> <a class=\"more-link\" href=\"https:\/\/blogi.savonia.fi\/matkallamelbourneen\/opiskelijoille\/kokemuksia-harjoittelusta\/tinjan-kokemuksia-kevatlukukausi-2023\/\"> <span class=\"screen-reader-text\">Tinjan kokemuksia (kev\u00e4tlukukausi 2023)<\/span> Lue lis\u00e4\u00e4 &raquo;<\/a><\/p>\n","protected":false},"author":7755,"featured_media":0,"parent":294,"menu_order":-1,"comment_status":"closed","ping_status":"closed","template":"","meta":{"footnotes":""},"class_list":["post-529","page","type-page","status-publish","hentry"],"_links":{"self":[{"href":"https:\/\/blogi.savonia.fi\/matkallamelbourneen\/wp-json\/wp\/v2\/pages\/529","targetHints":{"allow":["GET"]}}],"collection":[{"href":"https:\/\/blogi.savonia.fi\/matkallamelbourneen\/wp-json\/wp\/v2\/pages"}],"about":[{"href":"https:\/\/blogi.savonia.fi\/matkallamelbourneen\/wp-json\/wp\/v2\/types\/page"}],"author":[{"embeddable":true,"href":"https:\/\/blogi.savonia.fi\/matkallamelbourneen\/wp-json\/wp\/v2\/users\/7755"}],"replies":[{"embeddable":true,"href":"https:\/\/blogi.savonia.fi\/matkallamelbourneen\/wp-json\/wp\/v2\/comments?post=529"}],"version-history":[{"count":2,"href":"https:\/\/blogi.savonia.fi\/matkallamelbourneen\/wp-json\/wp\/v2\/pages\/529\/revisions"}],"predecessor-version":[{"id":545,"href":"https:\/\/blogi.savonia.fi\/matkallamelbourneen\/wp-json\/wp\/v2\/pages\/529\/revisions\/545"}],"up":[{"embeddable":true,"href":"https:\/\/blogi.savonia.fi\/matkallamelbourneen\/wp-json\/wp\/v2\/pages\/294"}],"wp:attachment":[{"href":"https:\/\/blogi.savonia.fi\/matkallamelbourneen\/wp-json\/wp\/v2\/media?parent=529"}],"curies":[{"name":"wp","href":"https:\/\/api.w.org\/{rel}","templated":true}]}}