{"id":547,"date":"2023-05-22T13:39:16","date_gmt":"2023-05-22T10:39:16","guid":{"rendered":"https:\/\/blogi.savonia.fi\/matkallamelbourneen\/?page_id=547"},"modified":"2023-05-22T13:42:54","modified_gmt":"2023-05-22T10:42:54","slug":"eevin-kokemuksia-kevatlukukausi-2023","status":"publish","type":"page","link":"https:\/\/blogi.savonia.fi\/matkallamelbourneen\/opiskelijoille\/kokemuksia-harjoittelusta\/eevin-kokemuksia-kevatlukukausi-2023\/","title":{"rendered":"Eevin kokemuksia (kev\u00e4tlukukausi 2023)"},"content":{"rendered":"\n<p>Minulla on aina ollut haaveena vaihtoon l\u00e4hteminen. Kun ekan kerran sain vaihto info-tilaisuudessa kuulla mahdollisuudesta l\u00e4hte\u00e4 vaihtoon, olin heti yhteydess\u00e4 koulun kv-koordinaattoriin. Kohde, jonne ehdottomasti halusin oli Australia. Otin asioista selv\u00e4\u00e4 ja pian selkenikin, ett\u00e4 minulla olisi mahdollisuus tehd\u00e4 gerontologian harjoittelu Melbournessa, Australiassa. Tartuin heti tuumasta toimeen ja kirjoitin motivaatiokirjeeni kv-koordinaattorille ja sovimme ajan Teams-keskustelulle. Pian varmistuikin, ett\u00e4 sain paikan ja p\u00e4\u00e4sen l\u00e4htem\u00e4\u00e4n Australiaan vaihtoon, unelmieni t\u00e4yttymys!! Ennen reissua oli paljon asioita mit\u00e4 piti hoitaa ja osa aiheutti stressi\u00e4 mutta kv-koordinaattorin, opettajien, l\u00e4heisten ja erityisesti Hildan ja Tinjan tuen avulla kaikesta selvittiin.<\/p>\n\n\n\n<p>Harjoittelussa viikkoni koostuivat viikottaisista ryhm\u00e4tapaamisista, joissa sai jutella ja kahvitella asiakkaiden kanssa. Lis\u00e4ksi pidin yhdess\u00e4 fysioterapeuttiopiskelijan kanssa terveysneuvontaa. T\u00e4m\u00e4n lis\u00e4ksi p\u00e4\u00e4sin tekem\u00e4\u00e4n kotik\u00e4yntej\u00e4 yhdess\u00e4 fysioterapeuttiopiskelijan kanssa. T\u00e4ss\u00e4 harjoittelussa ei tullut harjoitettua kliinist\u00e4 puolta ollenkaan vaan harjoittelu perustui l\u00e4hinn\u00e4 sosiaalisen tuen antamiselle. Harjoittelu ei ollut helpoin ja selkein mutta yhdess\u00e4 muiden harkkareiden tuella selvisimme siit\u00e4. T\u00e4m\u00e4 reissu opetti paljon itsest\u00e4ni enk\u00e4 kuitenkaan kadu l\u00e4htemist\u00e4!<\/p>\n\n\n\n<p>Vaihdon aikana ehdimme tehd\u00e4 paljon kaikenlaista. Mm. reissasimme tytt\u00f6jen kanssa kiitett\u00e4v\u00e4sti, Balilla, Gold Goastilla sek\u00e4 Tasmaniassa. My\u00f6s Melbournen sis\u00e4ll\u00e4 tuli koettua kaikenlaista. Omia suosikkejani olivat mm. surffaus, ulkoilmaelokuvateatteri, monet illat keskustassa upeiden pilvenpiirt\u00e4jien ymp\u00e4r\u00f6imin\u00e4, st. kilda&#8230;Vaihto oli ikimuistoinen ja nyt matkaan takaisin Suomeen monta kokemusta rikkaampana!<\/p>\n\n\n\n<p>Suosittelen vaihtoon l\u00e4htemist\u00e4 ihan kaikille!!! \ud83d\ude42 <\/p>\n\n\n\n<figure class=\"wp-block-image size-large is-resized\"><img loading=\"lazy\" decoding=\"async\" src=\"https:\/\/blogi.savonia.fi\/matkallamelbourneen\/wp-content\/uploads\/sites\/11001\/2023\/05\/0ACDE65F-018A-495B-A668-A0926FC556CC-768x1024.jpg\" alt=\"\" class=\"wp-image-555\" width=\"429\" height=\"572\" srcset=\"https:\/\/blogi.savonia.fi\/matkallamelbourneen\/wp-content\/uploads\/sites\/11001\/2023\/05\/0ACDE65F-018A-495B-A668-A0926FC556CC-768x1024.jpg 768w, https:\/\/blogi.savonia.fi\/matkallamelbourneen\/wp-content\/uploads\/sites\/11001\/2023\/05\/0ACDE65F-018A-495B-A668-A0926FC556CC-225x300.jpg 225w, https:\/\/blogi.savonia.fi\/matkallamelbourneen\/wp-content\/uploads\/sites\/11001\/2023\/05\/0ACDE65F-018A-495B-A668-A0926FC556CC-1152x1536.jpg 1152w, https:\/\/blogi.savonia.fi\/matkallamelbourneen\/wp-content\/uploads\/sites\/11001\/2023\/05\/0ACDE65F-018A-495B-A668-A0926FC556CC-1536x2048.jpg 1536w, https:\/\/blogi.savonia.fi\/matkallamelbourneen\/wp-content\/uploads\/sites\/11001\/2023\/05\/0ACDE65F-018A-495B-A668-A0926FC556CC-100x133.jpg 100w, https:\/\/blogi.savonia.fi\/matkallamelbourneen\/wp-content\/uploads\/sites\/11001\/2023\/05\/0ACDE65F-018A-495B-A668-A0926FC556CC-150x200.jpg 150w, https:\/\/blogi.savonia.fi\/matkallamelbourneen\/wp-content\/uploads\/sites\/11001\/2023\/05\/0ACDE65F-018A-495B-A668-A0926FC556CC-200x267.jpg 200w, https:\/\/blogi.savonia.fi\/matkallamelbourneen\/wp-content\/uploads\/sites\/11001\/2023\/05\/0ACDE65F-018A-495B-A668-A0926FC556CC-300x400.jpg 300w, https:\/\/blogi.savonia.fi\/matkallamelbourneen\/wp-content\/uploads\/sites\/11001\/2023\/05\/0ACDE65F-018A-495B-A668-A0926FC556CC-450x600.jpg 450w, https:\/\/blogi.savonia.fi\/matkallamelbourneen\/wp-content\/uploads\/sites\/11001\/2023\/05\/0ACDE65F-018A-495B-A668-A0926FC556CC-600x800.jpg 600w, https:\/\/blogi.savonia.fi\/matkallamelbourneen\/wp-content\/uploads\/sites\/11001\/2023\/05\/0ACDE65F-018A-495B-A668-A0926FC556CC-900x1200.jpg 900w, https:\/\/blogi.savonia.fi\/matkallamelbourneen\/wp-content\/uploads\/sites\/11001\/2023\/05\/0ACDE65F-018A-495B-A668-A0926FC556CC-scaled.jpg 1920w\" sizes=\"auto, (max-width: 429px) 100vw, 429px\" \/><\/figure>\n","protected":false},"excerpt":{"rendered":"<p>Minulla on aina ollut haaveena vaihtoon l\u00e4hteminen. Kun ekan kerran sain vaihto info-tilaisuudessa kuulla mahdollisuudesta l\u00e4hte\u00e4 vaihtoon, olin heti yhteydess\u00e4 koulun kv-koordinaattoriin. Kohde, jonne ehdottomasti halusin oli Australia. Otin asioista selv\u00e4\u00e4 ja pian selkenikin, ett\u00e4 minulla olisi mahdollisuus tehd\u00e4 gerontologian &hellip;<\/p>\n<p class=\"read-more\"> <a class=\"more-link\" href=\"https:\/\/blogi.savonia.fi\/matkallamelbourneen\/opiskelijoille\/kokemuksia-harjoittelusta\/eevin-kokemuksia-kevatlukukausi-2023\/\"> <span class=\"screen-reader-text\">Eevin kokemuksia (kev\u00e4tlukukausi 2023)<\/span> Lue lis\u00e4\u00e4 &raquo;<\/a><\/p>\n","protected":false},"author":7991,"featured_media":0,"parent":294,"menu_order":3,"comment_status":"closed","ping_status":"closed","template":"","meta":{"footnotes":""},"class_list":["post-547","page","type-page","status-publish","hentry"],"_links":{"self":[{"href":"https:\/\/blogi.savonia.fi\/matkallamelbourneen\/wp-json\/wp\/v2\/pages\/547","targetHints":{"allow":["GET"]}}],"collection":[{"href":"https:\/\/blogi.savonia.fi\/matkallamelbourneen\/wp-json\/wp\/v2\/pages"}],"about":[{"href":"https:\/\/blogi.savonia.fi\/matkallamelbourneen\/wp-json\/wp\/v2\/types\/page"}],"author":[{"embeddable":true,"href":"https:\/\/blogi.savonia.fi\/matkallamelbourneen\/wp-json\/wp\/v2\/users\/7991"}],"replies":[{"embeddable":true,"href":"https:\/\/blogi.savonia.fi\/matkallamelbourneen\/wp-json\/wp\/v2\/comments?post=547"}],"version-history":[{"count":9,"href":"https:\/\/blogi.savonia.fi\/matkallamelbourneen\/wp-json\/wp\/v2\/pages\/547\/revisions"}],"predecessor-version":[{"id":557,"href":"https:\/\/blogi.savonia.fi\/matkallamelbourneen\/wp-json\/wp\/v2\/pages\/547\/revisions\/557"}],"up":[{"embeddable":true,"href":"https:\/\/blogi.savonia.fi\/matkallamelbourneen\/wp-json\/wp\/v2\/pages\/294"}],"wp:attachment":[{"href":"https:\/\/blogi.savonia.fi\/matkallamelbourneen\/wp-json\/wp\/v2\/media?parent=547"}],"curies":[{"name":"wp","href":"https:\/\/api.w.org\/{rel}","templated":true}]}}