{"id":569,"date":"2023-11-24T01:34:35","date_gmt":"2023-11-23T23:34:35","guid":{"rendered":"https:\/\/blogi.savonia.fi\/matkallamelbourneen\/?page_id=569"},"modified":"2023-11-24T01:34:36","modified_gmt":"2023-11-23T23:34:36","slug":"juulian-kokemuksia-syyslukukausi-2023","status":"publish","type":"page","link":"https:\/\/blogi.savonia.fi\/matkallamelbourneen\/opiskelijoille\/kokemuksia-harjoittelusta\/juulian-kokemuksia-syyslukukausi-2023\/","title":{"rendered":"Juulian kokemuksia (syyslukukausi 2023)"},"content":{"rendered":"\n<p>Ennen korkeakoulun alkua minulla oli ollut haaveena p\u00e4\u00e4st\u00e4 vaihtoon opiskeluiden aikana. Opiskeluiden alkaessa otin selv\u00e4\u00e4 vaihtoon l\u00e4htemisest\u00e4 ja osallistuin noin vuosi ennen l\u00e4ht\u00f6\u00e4 kansainv\u00e4lisyyskoordinaattorin infotilaisuuteen. Infotilaisuudessa kv-koordinaattori kertoi mahdollisuudesta p\u00e4\u00e4st\u00e4 tekem\u00e4\u00e4n kotihoidon ja gerontologisen harjoittelua Melbourneen, Australiaan. Innostuin siit\u00e4, sill\u00e4 kukapa ei haluaisi viett\u00e4\u00e4 harmaata Suomen syksy\u00e4 etel\u00e4n l\u00e4mm\u00f6ss\u00e4! Australiassa kiinnosti my\u00f6s itse maa sek\u00e4 ainutlaatuinen tilaisuus p\u00e4\u00e4st\u00e4 maailman toiselle puolelle.&nbsp;&nbsp;<\/p>\n\n\n\n<p>Vaihdon varmistuttua oli monta asiaa, mit\u00e4 piti hoitaa ennen l\u00e4ht\u00f6\u00e4. Entiset opiskelijat olivat kirjoittaneet kattavasti Matkalla Melbourneen -blogiin tarvittavat asiat, mit\u00e4 pit\u00e4\u00e4 muistaa ja tehd\u00e4.&nbsp;&nbsp;<\/p>\n\n\n\n<p>Harjoittelu koostui maanatain ja keskiviikon ryhm\u00e4tapaamisista, joissa p\u00e4\u00e4sin juttelemaan ja kahvittelemaan asiakkaiden kanssa. P\u00e4\u00e4sin my\u00f6s k\u00e4ym\u00e4\u00e4n torstairetkell\u00e4 Lake Colacilla. Pidimme toisen sairaanhoitajaopiskelijan kanssa lyhyit\u00e4 \u201dluentoja\u201d erilaisista ik\u00e4ihmisi\u00e4 koskettavista terveyshuolista, kuten muistisairauksista sek\u00e4 syd\u00e4n- ja verisuonisairauksista. P\u00e4\u00e4sin my\u00f6s tekem\u00e4\u00e4n kotik\u00e4yntej\u00e4, joista nautin kovasti. Harjoittelupaikka sek\u00e4 sen tuomat oppimismahdollisuudet olivat hyvin erilaiset, mit\u00e4 olin tottunut Suomen harjoittelussa. Esimerkiksi kliinist\u00e4 osaamista p\u00e4\u00e4si harjoittelemaan ainoastaan verenpaineen, kolesterolin ja verensokerin mittaamisella. Harjoittelussa korostuikin sosiaalisen tuen ja ohjauksen antaminen.&nbsp;&nbsp;<\/p>\n\n\n\n<p>Vapaa-ajalla p\u00e4\u00e4sin kokemaan paljon erilaisia asioita. Melbournen sis\u00e4ll\u00e4 k\u00e4vin muun muassa Philip Islandilla sek\u00e4 Great ocean roadilla. Australian sis\u00e4ll\u00e4 matkustaminen k\u00e4y n\u00e4pp\u00e4r\u00e4sti lent\u00e4en. K\u00e4vin my\u00f6s Sydneyss\u00e4 pienell\u00e4 irtiotolla, jonka kohokohtia olikin surffaus Bondi-beachilla sek\u00e4 Sydneyn sataman l\u00e4mmin tunnelma.&nbsp;&nbsp;<\/p>\n\n\n\n<p>Vaihtoon on liittynyt monenlaisia tunteita, mutta kaiken kaikkiaan reissu on ollut ikimuistoinen. Suosittelen vaihtoon l\u00e4htemist\u00e4 jokaiselle, joka yht\u00e4\u00e4n miettii l\u00e4htemist\u00e4. Australia on ihana maa ja t\u00e4nne voisin matkustaa uudelleenkin!\u00a0\u00a0<\/p>\n\n\n\n<figure class=\"wp-block-image size-full is-resized\"><img loading=\"lazy\" decoding=\"async\" width=\"768\" height=\"1024\" src=\"https:\/\/blogi.savonia.fi\/matkallamelbourneen\/wp-content\/uploads\/sites\/11001\/2023\/11\/ff59f74a-248a-4199-aff6-d016259e0205.jpg\" alt=\"\" class=\"wp-image-570\" style=\"aspect-ratio:0.75;width:233px;height:auto\" srcset=\"https:\/\/blogi.savonia.fi\/matkallamelbourneen\/wp-content\/uploads\/sites\/11001\/2023\/11\/ff59f74a-248a-4199-aff6-d016259e0205.jpg 768w, https:\/\/blogi.savonia.fi\/matkallamelbourneen\/wp-content\/uploads\/sites\/11001\/2023\/11\/ff59f74a-248a-4199-aff6-d016259e0205-225x300.jpg 225w, https:\/\/blogi.savonia.fi\/matkallamelbourneen\/wp-content\/uploads\/sites\/11001\/2023\/11\/ff59f74a-248a-4199-aff6-d016259e0205-100x133.jpg 100w, https:\/\/blogi.savonia.fi\/matkallamelbourneen\/wp-content\/uploads\/sites\/11001\/2023\/11\/ff59f74a-248a-4199-aff6-d016259e0205-150x200.jpg 150w, https:\/\/blogi.savonia.fi\/matkallamelbourneen\/wp-content\/uploads\/sites\/11001\/2023\/11\/ff59f74a-248a-4199-aff6-d016259e0205-200x267.jpg 200w, https:\/\/blogi.savonia.fi\/matkallamelbourneen\/wp-content\/uploads\/sites\/11001\/2023\/11\/ff59f74a-248a-4199-aff6-d016259e0205-300x400.jpg 300w, https:\/\/blogi.savonia.fi\/matkallamelbourneen\/wp-content\/uploads\/sites\/11001\/2023\/11\/ff59f74a-248a-4199-aff6-d016259e0205-450x600.jpg 450w, https:\/\/blogi.savonia.fi\/matkallamelbourneen\/wp-content\/uploads\/sites\/11001\/2023\/11\/ff59f74a-248a-4199-aff6-d016259e0205-600x800.jpg 600w\" sizes=\"auto, (max-width: 768px) 100vw, 768px\" \/><\/figure>\n\n\n\n<figure class=\"wp-block-image size-large is-resized\"><img loading=\"lazy\" decoding=\"async\" width=\"768\" height=\"1024\" src=\"https:\/\/blogi.savonia.fi\/matkallamelbourneen\/wp-content\/uploads\/sites\/11001\/2023\/11\/IMG_4214-768x1024.jpeg\" alt=\"\" class=\"wp-image-571\" style=\"aspect-ratio:0.75;width:234px;height:auto\" srcset=\"https:\/\/blogi.savonia.fi\/matkallamelbourneen\/wp-content\/uploads\/sites\/11001\/2023\/11\/IMG_4214-768x1024.jpeg 768w, https:\/\/blogi.savonia.fi\/matkallamelbourneen\/wp-content\/uploads\/sites\/11001\/2023\/11\/IMG_4214-225x300.jpeg 225w, https:\/\/blogi.savonia.fi\/matkallamelbourneen\/wp-content\/uploads\/sites\/11001\/2023\/11\/IMG_4214-1152x1536.jpeg 1152w, https:\/\/blogi.savonia.fi\/matkallamelbourneen\/wp-content\/uploads\/sites\/11001\/2023\/11\/IMG_4214-1536x2048.jpeg 1536w, https:\/\/blogi.savonia.fi\/matkallamelbourneen\/wp-content\/uploads\/sites\/11001\/2023\/11\/IMG_4214-100x133.jpeg 100w, https:\/\/blogi.savonia.fi\/matkallamelbourneen\/wp-content\/uploads\/sites\/11001\/2023\/11\/IMG_4214-150x200.jpeg 150w, https:\/\/blogi.savonia.fi\/matkallamelbourneen\/wp-content\/uploads\/sites\/11001\/2023\/11\/IMG_4214-200x267.jpeg 200w, https:\/\/blogi.savonia.fi\/matkallamelbourneen\/wp-content\/uploads\/sites\/11001\/2023\/11\/IMG_4214-300x400.jpeg 300w, https:\/\/blogi.savonia.fi\/matkallamelbourneen\/wp-content\/uploads\/sites\/11001\/2023\/11\/IMG_4214-450x600.jpeg 450w, https:\/\/blogi.savonia.fi\/matkallamelbourneen\/wp-content\/uploads\/sites\/11001\/2023\/11\/IMG_4214-600x800.jpeg 600w, https:\/\/blogi.savonia.fi\/matkallamelbourneen\/wp-content\/uploads\/sites\/11001\/2023\/11\/IMG_4214-900x1200.jpeg 900w, https:\/\/blogi.savonia.fi\/matkallamelbourneen\/wp-content\/uploads\/sites\/11001\/2023\/11\/IMG_4214-scaled.jpeg 1920w\" sizes=\"auto, (max-width: 768px) 100vw, 768px\" \/><\/figure>\n\n\n\n<p><\/p>\n","protected":false},"excerpt":{"rendered":"<p>Ennen korkeakoulun alkua minulla oli ollut haaveena p\u00e4\u00e4st\u00e4 vaihtoon opiskeluiden aikana. Opiskeluiden alkaessa otin selv\u00e4\u00e4 vaihtoon l\u00e4htemisest\u00e4 ja osallistuin noin vuosi ennen l\u00e4ht\u00f6\u00e4 kansainv\u00e4lisyyskoordinaattorin infotilaisuuteen. Infotilaisuudessa kv-koordinaattori kertoi mahdollisuudesta p\u00e4\u00e4st\u00e4 tekem\u00e4\u00e4n kotihoidon ja gerontologisen harjoittelua Melbourneen, Australiaan. Innostuin siit\u00e4, sill\u00e4 &hellip;<\/p>\n<p class=\"read-more\"> <a class=\"more-link\" href=\"https:\/\/blogi.savonia.fi\/matkallamelbourneen\/opiskelijoille\/kokemuksia-harjoittelusta\/juulian-kokemuksia-syyslukukausi-2023\/\"> <span class=\"screen-reader-text\">Juulian kokemuksia (syyslukukausi 2023)<\/span> Lue lis\u00e4\u00e4 &raquo;<\/a><\/p>\n","protected":false},"author":8106,"featured_media":0,"parent":294,"menu_order":7,"comment_status":"closed","ping_status":"closed","template":"","meta":{"footnotes":""},"class_list":["post-569","page","type-page","status-publish","hentry"],"_links":{"self":[{"href":"https:\/\/blogi.savonia.fi\/matkallamelbourneen\/wp-json\/wp\/v2\/pages\/569","targetHints":{"allow":["GET"]}}],"collection":[{"href":"https:\/\/blogi.savonia.fi\/matkallamelbourneen\/wp-json\/wp\/v2\/pages"}],"about":[{"href":"https:\/\/blogi.savonia.fi\/matkallamelbourneen\/wp-json\/wp\/v2\/types\/page"}],"author":[{"embeddable":true,"href":"https:\/\/blogi.savonia.fi\/matkallamelbourneen\/wp-json\/wp\/v2\/users\/8106"}],"replies":[{"embeddable":true,"href":"https:\/\/blogi.savonia.fi\/matkallamelbourneen\/wp-json\/wp\/v2\/comments?post=569"}],"version-history":[{"count":1,"href":"https:\/\/blogi.savonia.fi\/matkallamelbourneen\/wp-json\/wp\/v2\/pages\/569\/revisions"}],"predecessor-version":[{"id":572,"href":"https:\/\/blogi.savonia.fi\/matkallamelbourneen\/wp-json\/wp\/v2\/pages\/569\/revisions\/572"}],"up":[{"embeddable":true,"href":"https:\/\/blogi.savonia.fi\/matkallamelbourneen\/wp-json\/wp\/v2\/pages\/294"}],"wp:attachment":[{"href":"https:\/\/blogi.savonia.fi\/matkallamelbourneen\/wp-json\/wp\/v2\/media?parent=569"}],"curies":[{"name":"wp","href":"https:\/\/api.w.org\/{rel}","templated":true}]}}