{"id":577,"date":"2023-11-29T05:16:08","date_gmt":"2023-11-29T03:16:08","guid":{"rendered":"https:\/\/blogi.savonia.fi\/matkallamelbourneen\/?page_id=577"},"modified":"2023-11-29T05:23:20","modified_gmt":"2023-11-29T03:23:20","slug":"nooran-kokemuksia-syyslukukausi-2023","status":"publish","type":"page","link":"https:\/\/blogi.savonia.fi\/matkallamelbourneen\/opiskelijoille\/kokemuksia-harjoittelusta\/nooran-kokemuksia-syyslukukausi-2023\/","title":{"rendered":"Nooran kokemuksia (syyslukukausi 2023)"},"content":{"rendered":"\n<p>Jo ennen koulun aloittamista minulla oli ollut haaveena viett\u00e4\u00e4 pidempi ajanjakso ulkomailla. Olin kuullut, ett\u00e4 Savonian opiskelijoita on ollut ulkomailla tekem\u00e4ss\u00e4 harjoittelua. Innostuin ideasta ja otinkin kansainv\u00e4lisyyskoordinaattoriin yhteytt\u00e4 2. vuoden syksyll\u00e4. Seuraavana kev\u00e4\u00e4n\u00e4 osallistuin terveysalojen yhteiseen infoon, jossa sain kuulla erilaisista mahdollisuuksista vaihtoon liittyen. Minulla oli halu l\u00e4hte\u00e4 mahdollisimman kauas, joten Australia valikoitui kohteeksi.<\/p>\n\n\n\n<p>Suoritin vaihdon aikana gerontologian ja kotihoidon harjoittelun sek\u00e4 sairaanhoitaja ohjaajana, mentorina ja terveydenedist\u00e4j\u00e4n\u00e4 -harjoittelun Finnish friendly visiting service -j\u00e4rjest\u00f6ss\u00e4. T\u00e4m\u00e4 harjoittelupaikka tarjosi hyv\u00e4t mahdollisuudet molempiin harjoitteluihin, etenkin j\u00e4lkimm\u00e4iseen &#8221;projektikurssiin&#8221;. Pidimme toisen opiskelijan kanssa luentoja mm. eri ik\u00e4ihmisten sairauksista ja ohjasimme jumppaa. K\u00e4vimme kotik\u00e4ynneill\u00e4, leivoimme ja teimme ruokaa Suomi-talolla sek\u00e4 juttelimme ja joimme kahvia asiakkaitten kanssa. Marraskuussa vietettiin Melbourne cup hevosjuhlaa pukeutuen hattuihin ja juhlavaatteisiin. Joulukuussa osallistuimme Suomiseuran joulumyyj\u00e4isiin.<\/p>\n\n\n\n<p>Koska harjoittelua oli enimm\u00e4kseen vain maanantaisin ja keskiviikkoisin, minulla oli aikaa tutustua kaupunkiin ja muuhunkin Australiaan. K\u00e4vin Sydneyss\u00e4, Brisbanessa, Gold Coastilla ja Melbournen sis\u00e4ll\u00e4 mm. Great ocean roadilla. Majoituimme Yst\u00e4v\u00e4palvelun vuokraamassa omakotitalossa 2 kilometrin p\u00e4\u00e4ss\u00e4 Suomi-talolta. Ihan talomme l\u00e4hell\u00e4 on junapys\u00e4kki, jolla p\u00e4\u00e4see k\u00e4tev\u00e4sti keskustaan puolessa tunnissa.<\/p>\n\n\n\n<p>Aika Australiassa on ollut ikimuistoinen. T\u00e4\u00e4lt\u00e4 j\u00e4\u00e4n kaipaamaan yst\u00e4v\u00e4llisi\u00e4 ihmisi\u00e4 ja rentoa tunnelmaa. Harjoittelu on opettanut erilaisia taitoja, joita esimerkiksi ty\u00f6el\u00e4m\u00e4ss\u00e4 tarvitaan.<\/p>\n\n\n\n<figure class=\"wp-block-image size-large is-resized\"><img loading=\"lazy\" decoding=\"async\" width=\"768\" height=\"1024\" src=\"https:\/\/blogi.savonia.fi\/matkallamelbourneen\/wp-content\/uploads\/sites\/11001\/2023\/11\/IMG_9565-768x1024.jpeg\" alt=\"\" class=\"wp-image-581\" style=\"aspect-ratio:0.75;width:359px;height:auto\" srcset=\"https:\/\/blogi.savonia.fi\/matkallamelbourneen\/wp-content\/uploads\/sites\/11001\/2023\/11\/IMG_9565-768x1024.jpeg 768w, https:\/\/blogi.savonia.fi\/matkallamelbourneen\/wp-content\/uploads\/sites\/11001\/2023\/11\/IMG_9565-225x300.jpeg 225w, https:\/\/blogi.savonia.fi\/matkallamelbourneen\/wp-content\/uploads\/sites\/11001\/2023\/11\/IMG_9565-1152x1536.jpeg 1152w, https:\/\/blogi.savonia.fi\/matkallamelbourneen\/wp-content\/uploads\/sites\/11001\/2023\/11\/IMG_9565-1536x2048.jpeg 1536w, https:\/\/blogi.savonia.fi\/matkallamelbourneen\/wp-content\/uploads\/sites\/11001\/2023\/11\/IMG_9565-100x133.jpeg 100w, https:\/\/blogi.savonia.fi\/matkallamelbourneen\/wp-content\/uploads\/sites\/11001\/2023\/11\/IMG_9565-150x200.jpeg 150w, https:\/\/blogi.savonia.fi\/matkallamelbourneen\/wp-content\/uploads\/sites\/11001\/2023\/11\/IMG_9565-200x267.jpeg 200w, https:\/\/blogi.savonia.fi\/matkallamelbourneen\/wp-content\/uploads\/sites\/11001\/2023\/11\/IMG_9565-300x400.jpeg 300w, https:\/\/blogi.savonia.fi\/matkallamelbourneen\/wp-content\/uploads\/sites\/11001\/2023\/11\/IMG_9565-450x600.jpeg 450w, https:\/\/blogi.savonia.fi\/matkallamelbourneen\/wp-content\/uploads\/sites\/11001\/2023\/11\/IMG_9565-600x800.jpeg 600w, https:\/\/blogi.savonia.fi\/matkallamelbourneen\/wp-content\/uploads\/sites\/11001\/2023\/11\/IMG_9565-900x1200.jpeg 900w, https:\/\/blogi.savonia.fi\/matkallamelbourneen\/wp-content\/uploads\/sites\/11001\/2023\/11\/IMG_9565-scaled.jpeg 1920w\" sizes=\"auto, (max-width: 768px) 100vw, 768px\" \/><\/figure>\n","protected":false},"excerpt":{"rendered":"<p>Jo ennen koulun aloittamista minulla oli ollut haaveena viett\u00e4\u00e4 pidempi ajanjakso ulkomailla. Olin kuullut, ett\u00e4 Savonian opiskelijoita on ollut ulkomailla tekem\u00e4ss\u00e4 harjoittelua. Innostuin ideasta ja otinkin kansainv\u00e4lisyyskoordinaattoriin yhteytt\u00e4 2. vuoden syksyll\u00e4. Seuraavana kev\u00e4\u00e4n\u00e4 osallistuin terveysalojen yhteiseen infoon, jossa sain kuulla &hellip;<\/p>\n<p class=\"read-more\"> <a class=\"more-link\" href=\"https:\/\/blogi.savonia.fi\/matkallamelbourneen\/opiskelijoille\/kokemuksia-harjoittelusta\/nooran-kokemuksia-syyslukukausi-2023\/\"> <span class=\"screen-reader-text\">Nooran kokemuksia (syyslukukausi 2023)<\/span> Lue lis\u00e4\u00e4 &raquo;<\/a><\/p>\n","protected":false},"author":8265,"featured_media":0,"parent":294,"menu_order":8,"comment_status":"open","ping_status":"closed","template":"","meta":{"footnotes":""},"class_list":["post-577","page","type-page","status-publish","hentry"],"_links":{"self":[{"href":"https:\/\/blogi.savonia.fi\/matkallamelbourneen\/wp-json\/wp\/v2\/pages\/577","targetHints":{"allow":["GET"]}}],"collection":[{"href":"https:\/\/blogi.savonia.fi\/matkallamelbourneen\/wp-json\/wp\/v2\/pages"}],"about":[{"href":"https:\/\/blogi.savonia.fi\/matkallamelbourneen\/wp-json\/wp\/v2\/types\/page"}],"author":[{"embeddable":true,"href":"https:\/\/blogi.savonia.fi\/matkallamelbourneen\/wp-json\/wp\/v2\/users\/8265"}],"replies":[{"embeddable":true,"href":"https:\/\/blogi.savonia.fi\/matkallamelbourneen\/wp-json\/wp\/v2\/comments?post=577"}],"version-history":[{"count":2,"href":"https:\/\/blogi.savonia.fi\/matkallamelbourneen\/wp-json\/wp\/v2\/pages\/577\/revisions"}],"predecessor-version":[{"id":582,"href":"https:\/\/blogi.savonia.fi\/matkallamelbourneen\/wp-json\/wp\/v2\/pages\/577\/revisions\/582"}],"up":[{"embeddable":true,"href":"https:\/\/blogi.savonia.fi\/matkallamelbourneen\/wp-json\/wp\/v2\/pages\/294"}],"wp:attachment":[{"href":"https:\/\/blogi.savonia.fi\/matkallamelbourneen\/wp-json\/wp\/v2\/media?parent=577"}],"curies":[{"name":"wp","href":"https:\/\/api.w.org\/{rel}","templated":true}]}}