{"id":649,"date":"2024-07-18T14:04:16","date_gmt":"2024-07-18T11:04:16","guid":{"rendered":"https:\/\/blogi.savonia.fi\/matkallamelbourneen\/?page_id=649"},"modified":"2024-08-15T13:40:23","modified_gmt":"2024-08-15T10:40:23","slug":"piian-kokemuksia-kevatlukukausi-2024","status":"publish","type":"page","link":"https:\/\/blogi.savonia.fi\/matkallamelbourneen\/opiskelijoille\/kokemuksia-harjoittelusta\/piian-kokemuksia-kevatlukukausi-2024\/","title":{"rendered":"Piian kokemuksia (kev\u00e4tlukukausi 2024)"},"content":{"rendered":"\n<p>Aloittaessani opinnot lupasin itselleni, ett\u00e4 otan t\u00e4st\u00e4 ajasta kaiken irti. Enp\u00e4 olisi siin\u00e4 vaiheessa viel\u00e4 osannut edes unelmoida, ett\u00e4 mit\u00e4 oli tulossa. Kun kv-koordinaattorin infossa kuulin Australian kuuluvan vaihtokohteisiin innostuin v\u00e4litt\u00f6m\u00e4sti. Olen haaveillut matkustamisesta Australiaan niin kauan kuin muistan. Alun lomakerumba tuntui jokseenkin raskaalta mutta se kannatti kun kuulin tulleeeni valituksi. Aika kului nopeasti matkavalmisteluita tehdess\u00e4. <\/p>\n\n\n\n<p>Melbournessa ty\u00f6yhteis\u00f6n ja asiakkaiden vastaanotto oli todella l\u00e4mmin ja olo oli eritt\u00e4in tervetullut. Kotiutumista ja asettumista  helpotti my\u00f6s se, ett\u00e4 asunto hyv\u00e4ll\u00e4 sijainnilla oli valmiina eik\u00e4 sit\u00e4 tarvinnut itse etsi\u00e4. Harjoittelup\u00e4iv\u00e4t koostuivat mm. erilaisista jumpista, peleist\u00e4, retkist\u00e4, pienist\u00e4 luennoista, testauksista, neuvonnasta ja kotik\u00e4ynneist\u00e4. My\u00f6s kohtaamiset ik\u00e4\u00e4ntyneiden kanssa heid\u00e4n el\u00e4m\u00e4ntarinoitaan kuunnellen olivat mielenkiintoisia ja heille hyvin t\u00e4rkeit\u00e4. Itsen\u00e4inen ty\u00f6ote ja itseohjautuvuus oli harjoittelussa t\u00e4rke\u00e4\u00e4, koska ohjaavaa fysioterapeuttia ei ole.  Saimme my\u00f6s tilaisuuden verkostoitua ik\u00e4\u00e4ntyvien liikkumista koskevassa tapahtumassa, jossa oli esill\u00e4 suomalaista osaamista. P\u00e4\u00e4simme tutustumaan Australiassa asuvan suomalaisen fysioterapeutin johdolla ik\u00e4\u00e4ntyvien liikuntasuosituksiin, Lappset- ik\u00e4\u00e4ntyvien liikuntapuistoihin ja HUR50+ kuntosaliin. Oli ilo tutustua my\u00f6s tilaisuuden puhevieraiseen tuoreeseen Suomen Suurl\u00e4hettil\u00e4\u00e4seen. <\/p>\n\n\n\n<p>Australiassa vietetyn 4 kuukauden aikana ehdimme n\u00e4hd\u00e4 vain pienen osan maata vaikka vapaa-ajat seikkailimmekin tutustuen n\u00e4ht\u00e4vyyksiin ja ainutlaatuiseen luontoon. Paikalliseen tanssigenreenkin tutustuin tanssituntien ja salsa-bachatabileiden muodossa. Harjoittelun aikana matkustimme my\u00f6s mm. Tasmaniaan ja Uuteen Seelantiin. Paljon j\u00e4i n\u00e4ht\u00e4v\u00e4\u00e4 ja ainakin itsell\u00e4ni j\u00e4i kova halu palata.<\/p>\n\n\n\n<p>Vaihtoon l\u00e4htemist\u00e4 suosittelen kaikille, seikkailu on kasvattava kokemus josta saa valtavasti.<\/p>\n","protected":false},"excerpt":{"rendered":"<p>Aloittaessani opinnot lupasin itselleni, ett\u00e4 otan t\u00e4st\u00e4 ajasta kaiken irti. Enp\u00e4 olisi siin\u00e4 vaiheessa viel\u00e4 osannut edes unelmoida, ett\u00e4 mit\u00e4 oli tulossa. Kun kv-koordinaattorin infossa kuulin Australian kuuluvan vaihtokohteisiin innostuin v\u00e4litt\u00f6m\u00e4sti. Olen haaveillut matkustamisesta Australiaan niin kauan kuin muistan. Alun &hellip;<\/p>\n<p class=\"read-more\"> <a class=\"more-link\" href=\"https:\/\/blogi.savonia.fi\/matkallamelbourneen\/opiskelijoille\/kokemuksia-harjoittelusta\/piian-kokemuksia-kevatlukukausi-2024\/\"> <span class=\"screen-reader-text\">Piian kokemuksia (kev\u00e4tlukukausi 2024)<\/span> Lue lis\u00e4\u00e4 &raquo;<\/a><\/p>\n","protected":false},"author":8494,"featured_media":0,"parent":294,"menu_order":9,"comment_status":"closed","ping_status":"closed","template":"","meta":{"footnotes":""},"class_list":["post-649","page","type-page","status-publish","hentry"],"_links":{"self":[{"href":"https:\/\/blogi.savonia.fi\/matkallamelbourneen\/wp-json\/wp\/v2\/pages\/649","targetHints":{"allow":["GET"]}}],"collection":[{"href":"https:\/\/blogi.savonia.fi\/matkallamelbourneen\/wp-json\/wp\/v2\/pages"}],"about":[{"href":"https:\/\/blogi.savonia.fi\/matkallamelbourneen\/wp-json\/wp\/v2\/types\/page"}],"author":[{"embeddable":true,"href":"https:\/\/blogi.savonia.fi\/matkallamelbourneen\/wp-json\/wp\/v2\/users\/8494"}],"replies":[{"embeddable":true,"href":"https:\/\/blogi.savonia.fi\/matkallamelbourneen\/wp-json\/wp\/v2\/comments?post=649"}],"version-history":[{"count":2,"href":"https:\/\/blogi.savonia.fi\/matkallamelbourneen\/wp-json\/wp\/v2\/pages\/649\/revisions"}],"predecessor-version":[{"id":653,"href":"https:\/\/blogi.savonia.fi\/matkallamelbourneen\/wp-json\/wp\/v2\/pages\/649\/revisions\/653"}],"up":[{"embeddable":true,"href":"https:\/\/blogi.savonia.fi\/matkallamelbourneen\/wp-json\/wp\/v2\/pages\/294"}],"wp:attachment":[{"href":"https:\/\/blogi.savonia.fi\/matkallamelbourneen\/wp-json\/wp\/v2\/media?parent=649"}],"curies":[{"name":"wp","href":"https:\/\/api.w.org\/{rel}","templated":true}]}}