{"id":94,"date":"2022-07-26T17:12:36","date_gmt":"2022-07-26T14:12:36","guid":{"rendered":"https:\/\/blogi.savonia.fi\/matkallamelbourneen\/?page_id=94"},"modified":"2022-07-27T20:46:08","modified_gmt":"2022-07-27T17:46:08","slug":"opiskelijoille","status":"publish","type":"page","link":"https:\/\/blogi.savonia.fi\/matkallamelbourneen\/opiskelijoille\/","title":{"rendered":"Opiskelijoille"},"content":{"rendered":"\n<p style=\"font-size:18px\">Jos olet kiinnostunut harjoittelusta Melbournen Suomalaisessa Yst\u00e4v\u00e4palvelussa, voit kysy\u00e4 lis\u00e4\u00e4 harjoittelumahdollisuudesta oman alasi kansainv\u00e4liselt\u00e4 koordinaattorilta. Lis\u00e4tietoja vaihtoon hakemisesta l\u00f6yd\u00e4t my\u00f6s&nbsp;<a href=\"https:\/\/amksavonia.sharepoint.com\/sites\/reppu-kansainvalisyys\">Savonian Repusta<\/a>.<\/p>\n\n\n\n<p style=\"font-size:18px\">Mik\u00e4li harjoittelupaikkoja on haettavissa, t\u00e4ytyy sinun alkuun kirjoittaa motivaatiokirje sek\u00e4 Curriculum Vitae englanniksi, ellei koordinaattorisi ohjeista sinua muulla tavalla.<\/p>\n\n\n\n<p style=\"font-size:18px\">Motivaatiokirje ja Curriculum Vitae l\u00e4hetet\u00e4\u00e4n s\u00e4hk\u00f6postilla alasi kansainv\u00e4liselle koordinaattorille ja h\u00e4n tarvittaessa v\u00e4litt\u00e4\u00e4 ne eteenp\u00e4in Melbournen Suomalaiselle Yst\u00e4v\u00e4palvelulle.<\/p>\n","protected":false},"excerpt":{"rendered":"<p>Jos olet kiinnostunut harjoittelusta Melbournen Suomalaisessa Yst\u00e4v\u00e4palvelussa, voit kysy\u00e4 lis\u00e4\u00e4 harjoittelumahdollisuudesta oman alasi kansainv\u00e4liselt\u00e4 koordinaattorilta. Lis\u00e4tietoja vaihtoon hakemisesta l\u00f6yd\u00e4t my\u00f6s&nbsp;Savonian Repusta. Mik\u00e4li harjoittelupaikkoja on haettavissa, t\u00e4ytyy sinun alkuun kirjoittaa motivaatiokirje sek\u00e4 Curriculum Vitae englanniksi, ellei koordinaattorisi ohjeista sinua muulla tavalla. &hellip;<\/p>\n<p class=\"read-more\"> <a class=\"more-link\" href=\"https:\/\/blogi.savonia.fi\/matkallamelbourneen\/opiskelijoille\/\"> <span class=\"screen-reader-text\">Opiskelijoille<\/span> Lue lis\u00e4\u00e4 &raquo;<\/a><\/p>\n","protected":false},"author":8206,"featured_media":0,"parent":0,"menu_order":3,"comment_status":"closed","ping_status":"closed","template":"","meta":{"footnotes":""},"class_list":["post-94","page","type-page","status-publish","hentry"],"_links":{"self":[{"href":"https:\/\/blogi.savonia.fi\/matkallamelbourneen\/wp-json\/wp\/v2\/pages\/94","targetHints":{"allow":["GET"]}}],"collection":[{"href":"https:\/\/blogi.savonia.fi\/matkallamelbourneen\/wp-json\/wp\/v2\/pages"}],"about":[{"href":"https:\/\/blogi.savonia.fi\/matkallamelbourneen\/wp-json\/wp\/v2\/types\/page"}],"author":[{"embeddable":true,"href":"https:\/\/blogi.savonia.fi\/matkallamelbourneen\/wp-json\/wp\/v2\/users\/8206"}],"replies":[{"embeddable":true,"href":"https:\/\/blogi.savonia.fi\/matkallamelbourneen\/wp-json\/wp\/v2\/comments?post=94"}],"version-history":[{"count":3,"href":"https:\/\/blogi.savonia.fi\/matkallamelbourneen\/wp-json\/wp\/v2\/pages\/94\/revisions"}],"predecessor-version":[{"id":251,"href":"https:\/\/blogi.savonia.fi\/matkallamelbourneen\/wp-json\/wp\/v2\/pages\/94\/revisions\/251"}],"wp:attachment":[{"href":"https:\/\/blogi.savonia.fi\/matkallamelbourneen\/wp-json\/wp\/v2\/media?parent=94"}],"curies":[{"name":"wp","href":"https:\/\/api.w.org\/{rel}","templated":true}]}}