{"id":178,"date":"2017-11-11T10:26:39","date_gmt":"2017-11-11T08:26:39","guid":{"rendered":"https:\/\/blogi.savonia.fi\/myrverkkoluennot\/?page_id=178"},"modified":"2024-11-15T16:56:46","modified_gmt":"2024-11-15T14:56:46","slug":"metsaverotus","status":"publish","type":"page","link":"https:\/\/blogi.savonia.fi\/myrverkkoluennot\/metsaverotus\/","title":{"rendered":"Mets\u00e4verotus"},"content":{"rendered":"<h1 class=\"entry-title\">Mets\u00e4talouden verotus<\/h1>\n<div class=\"entry-content\">\n<p>Mets\u00e4talouden verotus on esitelty verkkoluennoilla harjoitusteht\u00e4vien avulla. Yleisohjeet auttavat hahmottamaan kokonaisuutta.<\/p>\n<p>Tarkista ajantasaiset ohjeet Moodlesta ja <a href=\"https:\/\/www.vero.fi\/henkiloasiakkaat\/omaisuus\/metsa\/\" target=\"_blank\" rel=\"noopener noreferrer\">www.vero.fi<\/a><\/p>\n<p>Veroharjoitukset on saatavissa Maatilan verosuunnittelu Moodlesta, johon saat tunnukset ilmoittautumalla Avoimen amkin tai CampusOnlinen kautta opintojaksolle.<\/p>\n<p>Katso lis\u00e4ksi verkkoluennot aiheista arvonlis\u00e4verotus, maatalouden verotus ja maatilan verosuunnittelu.<\/p>\n<p>Sivua on viimeksi p\u00e4ivitetty 15.11.2024<\/p>\n<\/div>\n<p>&#8211;<\/p>\n<p><a href=\"https:\/\/media.savonia.fi\/View.aspx?id=92649~5r~LF89wog2bO&amp;code=T7~Jcc2tMTUcTsnwP6WjOfcxwOQixmPSnVh9DXP7ubJmcumIxRpek7IeqqX8CKWviH8mpIrTDLnB9nnvkHF&amp;ax=7L~VtHzJXwxhGC6xE\">Maatalousyritt\u00e4j\u00e4n mets\u00e4talouden verotus<\/a> (2 min)<\/p>\n<p>&#8211;<\/p>\n<p><a href=\"https:\/\/media.savonia.fi\/View.aspx?id=92650~5j~C8GRS6vBwk&amp;code=SY~zDKKPuihxysPSVXqkmhQDaBLJaedmtVtHw8LNaXJiPwmpOb8pORbkTtgOFnhxIBhaIxOdtt3UZQBbFeN&amp;ax=7M~w5XbtWHTFIvoVu\">Mets\u00e4verotus 1, Puukaupan verotus<\/a> (4 min)<\/p>\n<p><a href=\"https:\/\/media.savonia.fi\/View.aspx?id=92651~5k~cIWtC6GWUm&amp;code=SW~xgfxujMLCHGg7gXf7cvOdY7Tpdc3SoIePZNcKiixVT6f7Pr9foBVzOgwliI2Lz9hlav4tuokm4xlKE7G&amp;ax=7N~6FlAdVTfczoGs8\">Mets\u00e4verotus 2, Puukaupan termej\u00e4<\/a> (5 min)<\/p>\n<p><a href=\"https:\/\/media.savonia.fi\/View.aspx?id=92652~5l~EvkTm5Sjrc&amp;code=Sw~Trzhl5jxQCV5pUUUMRRKWVJevVBeHNvBTLGO8QeXxIDiE4mJDqQGgZaGbDLifOhlOaNEpdhAKxMamqka&amp;ax=7w~cYmekblFtGwkMv\">Mets\u00e4verotus 3, Mets\u00e4talouden veroilmoitus 2C-lomake<\/a> (5 min)<\/p>\n<p><a href=\"https:\/\/media.savonia.fi\/View.aspx?id=92653~5m~f7AvXgctPe&amp;code=SY~zDKKPuihxysPSVXqkmhQDaBLJaedmtVtHw8LNaXJiPwmpOb8pORbkTtgOFnpxGBkaNxHdvsZUZQFbweM&amp;ax=7x~EMBPVnx0RIpCj9\">Mets\u00e4verotus 4, Muistiinpanot<\/a> (2 min)<\/p>\n<p><a href=\"https:\/\/media.savonia.fi\/View.aspx?id=92654~5n~GTQ7HfnOm4&amp;code=T6~hoNCJMIzG5z58ZxsdeMLLw9jzaMlh9o3EtqQXfIkf7hjzyyO97qGlSLcL9VbbFt3SaH9B3JaKhEpm6dx&amp;ax=7y~fnRrFmInoyiUGY\">Mets\u00e4verotus 5, Puun myyntituloverotus<\/a> (4 min)<\/p>\n<p><a href=\"https:\/\/media.savonia.fi\/View.aspx?id=92655~5o~huewrezbK6&amp;code=SX~7Qv9ejY89wzyv6wJdMPqRaNr8ADJCroglasYLJD9bLjigPJJkBiWsmNuzZxFe5nmGEwpM4qFcVgiTEBR&amp;ax=7z~HafQplTJMBccdC\">Mets\u00e4verotus 6, Mets\u00e4talouden p\u00e4\u00e4omatulot<\/a> (4 min)<\/p>\n<p><a href=\"https:\/\/media.savonia.fi\/View.aspx?id=92656~5p~Jiu8beKxgV&amp;code=SP~PvcFA0muubA0Rdw0ekS6WOAmzdv7XIosT4v7AdxW8qlhPiUEw6bdyQPMoPaaguhGuYlGWY8hwLJuA28X&amp;ax=7A~hKvs9kdSjrWGBs\">Mets\u00e4verotus 7, Mets\u00e4talouden menot<\/a> (5 min)<\/p>\n<p><a href=\"https:\/\/media.savonia.fi\/View.aspx?id=92657~5q~jSJJMpVSEX&amp;code=T6~hoNCJMIzG5z58ZxsdeMLLw9jzaMlh9o3EtqQXfIkf7hjzyyO97qGlSLcL9VjbDt7S5H9B2J9KfEpm8du&amp;ax=7B~JyL4KwpfHtPY86\">Mets\u00e4verotus 8, Mets\u00e4talouden poistot<\/a> (7 min)<\/p>\n<p style=\"padding-left: 40px\"><a href=\"https:\/\/media.savonia.fi\/View.aspx?id=92667~5r~LF89wog4bM&amp;code=SO~nIOfQ2b8XmGItnWw7KytjCM2PPUDmuIrwHPkyLdlSy8eGjC4qRucGjiOackuObUK9CkmEoX8FL9jqVvX&amp;ax=7C~k99uuvACeiJhvV\">Mets\u00e4verotus, hy\u00f6dykekohtainen raja 600 euroa<\/a> (2 min)<\/p>\n<p>Mets\u00e4verotus 9, <a href=\"https:\/\/media.savonia.fi\/View.aspx?id=48626~5n~GOQdHfnLm6&amp;code=T6~hoNCJMIzG5z58ZxsdeMLLw9jzaMlh9o3EtqQXfIkf7hjzyyO97qzlSLjLdVdbAt5SbHaB6J9KaErm8dt&amp;ax=7H~QCyqUOEirXbJII\">Mets\u00e4talouden puhdas p\u00e4\u00e4omatulo<\/a> (3 min)<\/p>\n<p style=\"padding-left: 40px\"><a href=\"https:\/\/media.savonia.fi\/View.aspx?id=48627~5o~hpeCrez8K8&amp;code=T7~Jcc2tMTUcTsnwP6WjOfcxwOQixmPSnVh9DXP7ubJmcumIxRpek7Beqr58IKSvbH9mmIoTELuB0nvvkHH&amp;ax=7I~reO2ENPDPZWefm\">Mets\u00e4talouden puhdas p\u00e4\u00e4omatulo, esimerkki<\/a> (3 min)<\/p>\n<p>Mets\u00e4verotus 10, <a href=\"https:\/\/media.savonia.fi\/View.aspx?id=48628~5p~JduebeKugX&amp;code=Th~V78wtf9SEieuWo7PwrPLR3EAbRxBSmh8kthhlTW8DFSus4qsdguzKdBvNgNJeTnynsVNsEhoQbdCg2qA&amp;ax=7J~T0csoM9NmPPvDc\">Mets\u00e4v\u00e4hennys<\/a> (3 min)<\/p>\n<p style=\"padding-left: 40px\"><a href=\"https:\/\/media.savonia.fi\/View.aspx?id=92658~5r~LF89wog3bN&amp;code=SX~7Qv9ejY89wzyv6wJdMPqRaNr8ADJCroglasYLJD9bLjigPJJkBiWsmNuA0xDe3nqGzwrLYqMcSgnTDBQ&amp;ax=7C~k99uuvABejJhvV\">Mets\u00e4v\u00e4hennys, esimerkki<\/a> (8 min)<\/p>\n<p><a href=\"https:\/\/media.savonia.fi\/View.aspx?id=92659~5s~mgnLgnrozP&amp;code=SP~PvcFA0muubA0Rdw0ekS6WOAmzdv7XIosT4v7AdxW8qlhPiUEw6bdyQPMoQa7gDhzv4lJX28cwIJuzZ8W&amp;ax=7D~LVp6euLWClCzTL\">Mets\u00e4verotus 11, Mets\u00e4talouden varaukset<\/a> (7 min)<\/p>\n<p><a href=\"https:\/\/media.savonia.fi\/View.aspx?id=92660~5k~cIWtC6GXUl&amp;code=SN~N8yDeQQYzlNrWJvPSmeQxCXHfgsWCsbdalilxkJWLtMnxjjulENbNLD4MFuRuuGKFvj3lQUSOXq8hJSU&amp;ax=7E~mxEHPF679bvQqp\">Mets\u00e4verotus 12, Hankintaty\u00f6n arvo<\/a> (17 min)<\/p>\n<p><a href=\"https:\/\/media.savonia.fi\/View.aspx?id=92661~5l~EvkTm5Skrb&amp;code=SO~nIOfQ2b8XmGItnWw7KytjCM2PPUDmuIrwHPkyLdlSy8eGjC4qRucGjiOabkpO4UM9JknEvX5FN9hqQw2&amp;ax=7F~OkUjzEhsxdp9Of\">Mets\u00e4verotus 13, Luovutusvoitto ja -tappio<\/a> (5 min)<\/p>\n<p>&#8211;<\/p>\n<p><a href=\"https:\/\/media.savonia.fi\/View.aspx?id=92662~5m~f7AvXgcuPd&amp;code=SG~ebvLkxqGqNHcPtVO8iB8phyXpgM0HMIDdoRsnf89PcadnzMYCmmsMMl7QeO5QDP7Pg9HPtEM8rCk79Ue&amp;ax=7x~EMBPVnx2RHpCj9\">Mets\u00e4veroharjoitus Malli 1, ratkaisu<\/a> (20 min)<\/p>\n<p><a href=\"https:\/\/media.savonia.fi\/View.aspx?id=92663~5n~GTQ7HfnPm3&amp;code=SN~N8yDeQQYzlNrWJvPSmeQxCXHfgsWCsbdalilxkJWLtMnxjjulENbNLD4MGuPusGOFrj3lQUOP3q9hLST&amp;ax=7y~fnRrFmIooxiUGY\">Mets\u00e4veroharjoitus Malli 2, ratkaisu, Mets\u00e4veroharjoituksissa eteneminen<\/a> (8 min)<\/p>\n<p><a href=\"https:\/\/media.savonia.fi\/View.aspx?id=92664~5o~huewrezcK5&amp;code=T7~Jcc2tMTUcTsnwP6WjOfcxwOQixmPSnVh9DXP7ubJmcumIxRpek7IeqqX8GKVvkH6mlIpTBLrB7nqvfHK&amp;ax=7z~HafQplTKMAccdC\">Mets\u00e4veroharjoitus Malli 3, ratkaisu<\/a> (9 min)<\/p>\n<p><a href=\"https:\/\/media.savonia.fi\/View.aspx?id=92665~5p~Jiu8beKygU&amp;code=SY~zDKKPuihxysPSVXqkmhQDaBLJaedmtVtHw8LNaXJiPwmpOb8pORbkTtgOJngxJBoaPxLdmsWUVQybFeS&amp;ax=7A~hKvs9kdTjqWGBs\">Mets\u00e4veroharjoitus 6, hankintaty\u00f6n arvo<\/a> (12 min)<\/p>\n<p><a href=\"https:\/\/media.savonia.fi\/View.aspx?id=92666~5q~jSJJMpVTEW&amp;code=SW~xgfxujMLCHGg7gXf7cvOdY7Tpdc3SoIePZNcKiixVT6f7Pr9foBVzOgwlmI0LA9olhv9tqoolXxeKz7B&amp;ax=7B~JyL4KwpgHsPY86\">Mets\u00e4veroharjoitus 6, varaukset<\/a> (3 min)<\/p>\n","protected":false},"excerpt":{"rendered":"<p>Mets\u00e4talouden verotus Mets\u00e4talouden verotus on esitelty verkkoluennoilla harjoitusteht\u00e4vien avulla. Yleisohjeet auttavat hahmottamaan kokonaisuutta. Tarkista ajantasaiset ohjeet Moodlesta ja www.vero.fi Veroharjoitukset on saatavissa Maatilan verosuunnittelu Moodlesta, johon saat tunnukset ilmoittautumalla Avoimen amkin tai CampusOnlinen kautta opintojaksolle. Katso lis\u00e4ksi verkkoluennot aiheista arvonlis\u00e4verotus,<\/p>\n","protected":false},"author":21,"featured_media":0,"parent":0,"menu_order":0,"comment_status":"open","ping_status":"closed","template":"","meta":{"footnotes":""},"class_list":["post-178","page","type-page","status-publish","hentry"],"_links":{"self":[{"href":"https:\/\/blogi.savonia.fi\/myrverkkoluennot\/wp-json\/wp\/v2\/pages\/178","targetHints":{"allow":["GET"]}}],"collection":[{"href":"https:\/\/blogi.savonia.fi\/myrverkkoluennot\/wp-json\/wp\/v2\/pages"}],"about":[{"href":"https:\/\/blogi.savonia.fi\/myrverkkoluennot\/wp-json\/wp\/v2\/types\/page"}],"author":[{"embeddable":true,"href":"https:\/\/blogi.savonia.fi\/myrverkkoluennot\/wp-json\/wp\/v2\/users\/21"}],"replies":[{"embeddable":true,"href":"https:\/\/blogi.savonia.fi\/myrverkkoluennot\/wp-json\/wp\/v2\/comments?post=178"}],"version-history":[{"count":15,"href":"https:\/\/blogi.savonia.fi\/myrverkkoluennot\/wp-json\/wp\/v2\/pages\/178\/revisions"}],"predecessor-version":[{"id":702,"href":"https:\/\/blogi.savonia.fi\/myrverkkoluennot\/wp-json\/wp\/v2\/pages\/178\/revisions\/702"}],"wp:attachment":[{"href":"https:\/\/blogi.savonia.fi\/myrverkkoluennot\/wp-json\/wp\/v2\/media?parent=178"}],"curies":[{"name":"wp","href":"https:\/\/api.w.org\/{rel}","templated":true}]}}