{"id":18,"date":"2013-09-22T13:34:50","date_gmt":"2013-09-22T10:34:50","guid":{"rendered":"https:\/\/blogi.savonia.fi\/myrverkkoluennot\/?page_id=18"},"modified":"2023-12-19T20:10:45","modified_gmt":"2023-12-19T18:10:45","slug":"taloussuunnitelma","status":"publish","type":"page","link":"https:\/\/blogi.savonia.fi\/myrverkkoluennot\/taloussuunnitelma\/","title":{"rendered":"Taloussuunnitelma"},"content":{"rendered":"\n<p>Katetuottomenetelm\u00e4n mukainen taloussuunnitelma (Talsu) on esitelty t\u00e4ll\u00e4 sivulla luentotallenteissa: Tausta ja tarkoitus, esimerkkej\u00e4 ja harjoitusteht\u00e4v\u00e4n ohjeita.<\/p>\n\n\n\n<p>Tutustu ensiksi yleisohjeisiin harjoitusteht\u00e4v\u00e4ss\u00e4 etenemisest\u00e4 ja etene vaiheittain.<\/p>\n\n\n\n<p>Luentotallenteissa voi esiinty\u00e4 vanhoja hintatietoja, mutta esitetyt periaatteet ovat kuitenkin edelleen toimivia! Tarkista ajantasaiset ohjeet Moodlesta: <em>Mallilaskelmat, esimerkit ja ohjeet<\/em> sek\u00e4 <em>Hintatietoja<\/em>.<\/p>\n\n\n\n<p>Sivua on viimeksi p\u00e4ivitetty 19.12.2023<\/p>\n\n\n\n<p>&#8211;<\/p>\n\n\n\n<h2 class=\"wp-block-heading\">Katetuottomenetelm\u00e4n mukainen taloussuunnitelma<\/h2>\n\n\n\n<p>00 <a href=\"https:\/\/media.savonia.fi\/View.aspx?id=82154~5h~zIbEwQ8TBy&amp;code=T6~hoNCJMIzG5z58ZxsdeMLLw9jzaMlh9o3EtqQXfIkf7hjzyyO97qDlXLhLeVabBt5ScHaAYJ8KbEpm6dx&amp;ax=7B~JxL3KBpfHqPY86\">Katetuottomenetelm\u00e4n mukainen taloussuunnitelma eli Talsu<\/a> (10 min)<\/p>\n\n\n\n<p>01 <a href=\"https:\/\/media.savonia.fi\/View.aspx?id=82155~5i~akrggPkf8o&amp;code=Tg~tkK7JgPIghlcyyylpQw9dRQfsuX8h8B6PjBuksBwwBFrj47R83NCRKVHyA6QMp9xThUsa4f586uz6PNA&amp;ax=7C~k89tuAABegJhvV\">Talsun laskelmapohjan ohjeet<\/a> (6 min)<\/p>\n\n\n\n<p>02 <a href=\"https:\/\/media.savonia.fi\/View.aspx?id=82156~5j~C7GRS0vBwq&amp;code=T8~jMrDdLe5AUlFUFxDqoyNjvDbT7OvCqBjvZDC8VwktgHqRxiMjxFS726NnqAwOTV8HGJMkVNLrV6uEqkG&amp;ax=7D~LUp5ezLWCiCzTL\">Talsun aloitusohjeet<\/a> (3 min)<\/p>\n\n\n\n<p>&#8211;<\/p>\n\n\n\n<h2 class=\"wp-block-heading\">Talsun vaiheet<\/h2>\n\n\n\n<p>03 <a href=\"https:\/\/media.savonia.fi\/View.aspx?id=82157~5k~cHWtC0GWUs&amp;code=T6~hoNCJMIzG5z58ZxsdeMLLw9jzaMlh9o3EtqQXfIkf7hjzyyO97qDlXLhLeVgbDt2SdH7B7J6K8Ekm8du&amp;ax=7E~mwEGPK6798vQqp\">Talsu tehd\u00e4\u00e4n nelj\u00e4ss\u00e4 vaiheessa<\/a> (5 min)<\/p>\n\n\n\n<h2 class=\"wp-block-heading\">Ensimm\u00e4inen vaihe<\/h2>\n\n\n\n<p>04 <a href=\"https:\/\/media.savonia.fi\/View.aspx?id=82158~5l~EukTlZSjri&amp;code=Tg~tkK7JgPIghlcyyylpQw9dRQfsuX8h8B6PjBuksBwwBFrj47R83NCRKVHyA6WMq9ETiUs9Wf283uz6ONz&amp;ax=7F~OjUizJhsxap9Of\">Ensimm\u00e4isen vaiheen esittely<\/a> (15 min)<\/p>\n\n\n\n<h2 class=\"wp-block-heading\">L\u00e4ht\u00f6tiedot<\/h2>\n\n\n\n<p>05 <a href=\"https:\/\/media.savonia.fi\/View.aspx?id=82159~5m~f6AvXbctPk&amp;code=T8~jMrDdLe5AUlFUFxDqoyNjvDbT7OvCqBjvZDC8VwktgHqRxiMjxFS726NnrAsOVV5HHJMl4NHrS6zEokF&amp;ax=7G~oTiHjJsOVcirkS\">Tuotantotiedot (kaavat), sivu 4<\/a> (34 min)<\/p>\n\n\n\n<p>06 <a href=\"https:\/\/media.savonia.fi\/View.aspx?id=82160~5e~WKi2rGs3iC&amp;code=SW~xgfxujMLCHGg7gXf7cvOdY7Tpdc3SoIePZNcKiixVT6f7Pr9foBSzTgBlpHZLH9hl8vatoopm3xeKw7z&amp;ax=7H~QGyjUUEbs2bJII\">Ty\u00f6nk\u00e4ytt\u00f6 (kaavat), sivu 4<\/a> (11 min)<\/p>\n\n\n\n<p>07 <a href=\"https:\/\/media.savonia.fi\/View.aspx?id=82161~5f~xlxDbFDoGE&amp;code=Tg~tkK7JgPIghlcyyylpQw9dRQfsuX8h8B6PjBuksBwwBFrj47R83NCRKVHyB6SMs9BTjUva5eV82uu6PNC&amp;ax=7I~riNUETPwQ4Wefm\">Tuet (kaavat), sivu 4<\/a> (9 min)<\/p>\n\n\n\n<p>08 <a href=\"https:\/\/media.savonia.fi\/View.aspx?id=82162~5g~7VNfMROKdv&amp;code=SP~PvcFA0muubA0Rdw0ekS6WOAmzdv7XIosT4v7AdxW8qlhPiUEw6bayVPRoVa9gDhBv4lIWX8gwEJqzV8T&amp;ax=7A~hJvr9pdTjnWGBs\">Miten toimin, kun Ty\u00f6nk\u00e4ytt\u00f6 ja Tuet tietoja ei saatavissa<\/a> (1 min)<\/p>\n\n\n\n<p>09 <a href=\"https:\/\/media.savonia.fi\/View.aspx?id=82163~5h~zIbEwQ8UBx&amp;code=To~CRbonxAaMOkIcsz4pjtu8dc8T4exN2AThpzmvYGIzWDrBNO9NKVmLgTpJKuwJZfldzdTQhxuFtSDqxpa&amp;ax=7B~JxL3KBpgHpPY86\">Tuotantotietojen tarkentavia ohjeita, sivu 4<\/a> (7 min)<\/p>\n\n\n\n<p>10 <a href=\"https:\/\/media.savonia.fi\/View.aspx?id=82164~5i~akrggPkg8n&amp;code=SX~7Qv9ejY89wzyv6wJdMPqRaNr8ADJCroglasYLJD9bLjigPJJkBiTsrNzA7xCe0nkGFwuLYqEcNgkTEBS&amp;ax=7C~k89tuAACefJhvV\">Ty\u00f6nk\u00e4ytt\u00f6 ja tuet tarkentavia ohjeita, sivu 4<\/a> (3 min)<\/p>\n\n\n\n<h2 class=\"wp-block-heading\">Rehun k\u00e4ytt\u00f6<\/h2>\n\n\n\n<p>11 <a href=\"https:\/\/media.savonia.fi\/View.aspx?id=82165~5j~C7GRS0vCwp&amp;code=Th~V78wtf9SEieuWo7PwrPLR3EAbRxBSmh8kthhlTW8DFSus4qsdguDKiBtNjNIeLnFnvVIsDhjQ6dEg4qB&amp;ax=7D~LUp5ezLXChCzTL\">Rehun k\u00e4ytt\u00f6 kotiel\u00e4intuotannossa, sivu 5<\/a> (7 min)<\/p>\n\n\n\n<p>12 <a href=\"https:\/\/media.savonia.fi\/View.aspx?id=82166~5k~cHWtC0GXUr&amp;code=Tf~SJuv84EmJsrTaI7FjhcxrRaIJ7vrx6V5sWVHj0gVpxsna5GuU2fp80oKjUhgsHMMxRT7IIcJhiLrOXjl&amp;ax=7E~mwEGPK6897vQqp\">Rehun k\u00e4yt\u00f6n tarkentavia ohjeita, sivu 5<\/a> (18 min)<\/p>\n\n\n\n<p>13 <a href=\"https:\/\/media.savonia.fi\/View.aspx?id=82167~5l~EukTlZSkrh&amp;code=T7~Jcc2tMTUcTsnwP6WjOfcxwOQixmPSnVh9DXP7ubJmcumIxRpek7Fevr38LKVvdH0miImTELwB3nqvkHH&amp;ax=7F~OjUizJhtx9p9Of\">Miten toimin, kun rehun k\u00e4ytt\u00f6tietoja ei saatavissa<\/a> (4 min)<\/p>\n\n\n\n<p>14 <a href=\"https:\/\/media.savonia.fi\/View.aspx?id=82168~5m~f6AvXbcuPj&amp;code=Tq~FgGCIIWRHE7j6VzfCtfwxpFZlOgHh7O98VM8yQuIO6cmTLy8YcjowleWlX9OvXHlUtgAAgBZnakHIRws&amp;ax=7G~oTiHjJsPVbirkS\">Naudan energiantarvelaskurin k\u00e4ytt\u00f6ohjeet<\/a> (12 min)<\/p>\n\n\n\n<p>15 <a href=\"https:\/\/media.savonia.fi\/View.aspx?id=82169~5n~GSQ7HanPm9&amp;code=SN~N8yDeQQYzlNrWJvPSmeQxCXHfgsWCsbdalilxkJWLtMnxjjulEN8NQDaMCuLusGLFvj2lUUOOVqchJSV&amp;ax=7H~QGyjUUEcs0bJII\">Energiatarpeen m\u00e4\u00e4ritt\u00e4minen muille el\u00e4inlajeille<\/a> (5 min)<\/p>\n\n\n\n<h2 class=\"wp-block-heading\">Rehun tuotannon ja k\u00e4yt\u00f6n vastaavuus<\/h2>\n\n\n\n<p>16 <a href=\"https:\/\/media.savonia.fi\/View.aspx?id=82170~5f~xlxDbFDpGD&amp;code=T7~Jcc2tMTUcTsnwP6WjOfcxwOQixmPSnVh9DXP7ubJmcumIxRpek7Fevr48CKRveH8mkItTGLrB7nrvgHE&amp;ax=7I~riNUETPxQ3Wefm\">Rehun tuotannon ja k\u00e4yt\u00f6n vertailu, sivu 6<\/a> (2 min)<\/p>\n\n\n\n<p>17 <a href=\"https:\/\/media.savonia.fi\/View.aspx?id=82171~5g~7VNfMROLdu&amp;code=T8~jMrDdLe5AUlFUFxDqoyNjvDbT7OvCqBjvZDC8VwktgHqRxiMjxFS726OnjAxOSV4HGJKl0NLs06sEpkL&amp;ax=7J~T5cloS9HmSPvDc\">Rehun tuotannon ja k\u00e4yt\u00f6n vastaavuus<\/a> (7 min)<\/p>\n\n\n\n<p>18 <a href=\"https:\/\/media.savonia.fi\/View.aspx?id=82172~5h~zIbEwQ8VBw&amp;code=SN~N8yDeQQYzlNrWJvPSmeQxCXHfgsWCsbdalilxkJWLtMnxjjulEN8NQDaMCuRuuGJFoj2lVURP2q7hISS&amp;ax=7B~JxL3KBphHoPY86\">Rehun tuotannon ja k\u00e4yt\u00f6n vastaavuus, esimerkki<\/a> (3 min)<\/p>\n\n\n\n<p>19 <a href=\"https:\/\/media.savonia.fi\/View.aspx?id=82245~5i~akrggQke8o&amp;code=Tp~dsr07xLwjDe0Ai8yvSN7LpRECrGex5gUDLf9xpa7H0QvKMfxSYCnDNzd7ck9cqtiz4fahCzNwjBIzGTs&amp;ax=7L~VsHyK4wxhCC6xE\">Rehun tuotannon ja k\u00e4yt\u00f6n vastaavuus, linkit<\/a> (8 min)<\/p>\n\n\n\n<p>20 <a href=\"https:\/\/media.savonia.fi\/View.aspx?id=82174~5j~C7GRS0vDwo&amp;code=T8~jMrDdLe5AUlFUFxDqoyNjvDbT7OvCqBjvZDC8VwktgHqRxiMjxFS726OnkAtOUV0HJJNl2NNrX6sEokK&amp;ax=7D~LUp5ezLYCgCzTL\">Lannan tuotannon ja k\u00e4yt\u00f6n vastaavuus, sivu 6<\/a> (5 min)<\/p>\n\n\n\n<p>21 <a href=\"https:\/\/media.savonia.fi\/View.aspx?id=82175~5k~cHWtC0GYUq&amp;code=Tf~SJuv84EmJsrTaI7FjhcxrRaIJ7vrx6V5sWVHj0gVpxsna5GuU2fp80oLjMhesMMOxQT8ICcKheLxOZjo&amp;ax=7E~mwEGPK6996vQqp\">Lannan tuotannon ja k\u00e4yt\u00f6n vastaavuus, kaavat<\/a> (5 min)<\/p>\n\n\n\n<p>22 <a href=\"https:\/\/media.savonia.fi\/View.aspx?id=82176~5l~EukTlZSlrg&amp;code=SX~7Qv9ejY89wzyv6wJdMPqRaNr8ADJCroglasYLJD9bLjigPJJkBiTsrNAzYxGe8nkGxwrM4qKcOgjTEBO&amp;ax=7F~OjUizJhux8p9Of\">Tuotantopanosten ja tuotannon vastaavuus vaihtoehdossa, sivu 6<\/a> (6 min)<\/p>\n\n\n\n<p>23 <a href=\"https:\/\/media.savonia.fi\/View.aspx?id=82177~5m~f6AvXbcvPi&amp;code=Th~V78wtf9SEieuWo7PwrPLR3EAbRxBSmh8kthhlTW8DFSus4qsdguDKiBuNbNMeSnEnxVMsyhlQadDfWqz&amp;ax=7G~oTiHjJsQVairkS\">Tuotantopanosten ja tuotannon vastaavuus vaihtoehdossa, esimerkki<\/a> (9 min)<\/p>\n\n\n\n<h2 class=\"wp-block-heading\">Toinen vaihe<\/h2>\n\n\n\n<p>24 <a href=\"https:\/\/media.savonia.fi\/View.aspx?id=82179~5o~htewr9zdKa&amp;code=SX~7Qv9ejY89wzyv6wJdMPqRaNr8ADJCroglasYLJD9bLjigPJJkBiTsrNAzZxCeanhGBwsLZqHcPgjTKBN&amp;ax=7I~riNUETPyQ2Wefm\">Toisen vaiheen esittely<\/a> (2 min)<\/p>\n\n\n\n<h2 class=\"wp-block-heading\">Hintatiedot<\/h2>\n\n\n\n<p>25 <a href=\"https:\/\/media.savonia.fi\/View.aspx?id=82180~5g~7VNfMROMdt&amp;code=T8~jMrDdLe5AUlFUFxDqoyNjvDbT7OvCqBjvZDC8VwktgHqRxiMjxFS726OnlAvOXV6HHJNkYNIrY6vEpkE&amp;ax=7J~T5cloS9ImRPvDc\">Hintatiedot, sivu 7<\/a> (12 min)<\/p>\n\n\n\n<p>26 <a href=\"https:\/\/media.savonia.fi\/View.aspx?id=82181~5h~zIbEwQ8WBv&amp;code=T6~hoNCJMIzG5z58ZxsdeMLLw9jzaMlh9o3EtqQXfIkf7hjzyyO97qDlXLiL9Vgbxt0S5HbAYJ5KgEqmedy&amp;ax=7K~tFrW8Sl5KTIN9P\">Hintatiedot, esimerkki<\/a> (4 min)<\/p>\n\n\n\n<p>27 <a href=\"https:\/\/media.savonia.fi\/View.aspx?id=82182~5i~akrggPki8l&amp;code=SO~nIOfQ2b8XmGItnWw7KytjCM2PPUDmuIrwHPkyLdlSy8eGjC4qRu9GoiUa9kxO3US9AknEpXdFS9bqOvS&amp;ax=7C~k89tuAAEedJhvV\">Rehujen hinnat, esimerkki<\/a> (7 min)<\/p>\n\n\n\n<h2 class=\"wp-block-heading\">Maatalouden rakennukset, perusparannukset, koneet ja laitteet<\/h2>\n\n\n\n<p>28 <a href=\"https:\/\/media.savonia.fi\/View.aspx?id=82183~5j~C7GRS0vEwn&amp;code=SY~zDKKPuihxysPSVXqkmhQDaBLJaedmtVtHw8LNaXJiPwmpOb8pOR8kYtmOHngxFBkaQxJdut2USQxbFeM&amp;ax=7D~LUp5ezLZCfCzTL\">Maatalouden rakennukset, perusparannukset, koneet ja laitteet, sivut 8 ja 9<\/a> (17 min)<\/p>\n\n\n\n<p>29 <a href=\"https:\/\/media.savonia.fi\/View.aspx?id=82184~5k~cHWtC0GZUp&amp;code=T6~hoNCJMIzG5z58ZxsdeMLLw9jzaMlh9o3EtqQXfIkf7hjzyyO97qDlXLiLaVcbyt8SaH9AYJ8KcEmmcdx&amp;ax=7E~mwEGPK6a95vQqp\">Maatalouden rakennusten nykyarvo, j\u00e4\u00e4nn\u00f6sarvo ja kiinte\u00e4t kustannukset, kaavat<\/a> (16 min)<\/p>\n\n\n\n<p>30 <a href=\"https:\/\/media.savonia.fi\/View.aspx?id=82185~5l~EukTlZSmrf&amp;code=SX~7Qv9ejY89wzyv6wJdMPqRaNr8ADJCroglasYLJD9bLjigPJJkBiTsrNAA0xFe3nmGBwmM6qDcPgmTFBR&amp;ax=7F~OjUizJhvx7p9Of\">Salaojien j\u00e4lleenhankinta-arvo, nykyarvo ja kiinte\u00e4t kustannukset, kaavat<\/a> (3 min)<\/p>\n\n\n\n<p>31 <a href=\"https:\/\/media.savonia.fi\/View.aspx?id=82186~5m~f6AvXbcwPh&amp;code=T8~jMrDdLe5AUlFUFxDqoyNjvDbT7OvCqBjvZDC8VwktgHqRxiMjxFS726OnmAyORV0HHJKl4NMs06xEkkG&amp;ax=7G~oTiHjJsRV9irkS\">Koneiden ja laitteiden nykyarvo, j\u00e4\u00e4nn\u00f6sarvo ja kiinte\u00e4t kustannukset, kaavat<\/a> (8 min)<\/p>\n\n\n\n<p>32 <a href=\"https:\/\/media.savonia.fi\/View.aspx?id=82187~5n~GSQ7HanRm7&amp;code=Tf~SJuv84EmJsrTaI7FjhcxrRaIJ7vrx6V5sWVHj0gVpxsna5GuU2fp80oLjOhjsJMOxOTbIEcGhbLyP0jm&amp;ax=7H~QGyjUUEerYbJII\">Koneiden ja laitteiden arvon m\u00e4\u00e4ritt\u00e4minen<\/a> (9 min)<\/p>\n\n\n\n<h2 class=\"wp-block-heading\">Kasvinviljelyn katetuottolaskelmat<\/h2>\n\n\n\n<p>33 <a href=\"https:\/\/media.savonia.fi\/View.aspx?id=82188~5o~htewr9zeK9&amp;code=SX~7Qv9ejY89wzyv6wJdMPqRaNr8ADJCroglasYLJD9bLjigPJJkBiTsrNAA2xBe5nkGwwqM5qMcPghTHBQ&amp;ax=7I~riNUETPzQ0Wefm\">Katetuottolaskelmat, sivu 10<\/a> (15 min)<\/p>\n\n\n\n<p>34 <a href=\"https:\/\/media.savonia.fi\/View.aspx?id=82189~5p~Jhu8b9KAgY&amp;code=SY~zDKKPuihxysPSVXqkmhQDaBLJaedmtVtHw8LNaXJiPwmpOb8pOR8kYtmOInixIBpaRxGdpt0UQQybBeO&amp;ax=7J~T5cloS9JmQPvDc\">Katetuottolaskelmat, kaavat ja linkit<\/a> (9 min)<\/p>\n\n\n\n<p>35 <a href=\"https:\/\/media.savonia.fi\/View.aspx?id=82190~5h~zIbEwQ8XBu&amp;code=T6~hoNCJMIzG5z58ZxsdeMLLw9jzaMlh9o3EtqQXfIkf7hjzyyO97qDlXLiLbVebCt3SbH8B4J5KcEnmddr&amp;ax=7K~tFrW8Sl6KSIN9P\">Liikep\u00e4\u00e4oman m\u00e4\u00e4r\u00e4, kaava<\/a> (3 min)<\/p>\n\n\n\n<p>36 <a href=\"https:\/\/media.savonia.fi\/View.aspx?id=82191~5i~akrggPkj8k&amp;code=T7~Jcc2tMTUcTsnwP6WjOfcxwOQixmPSnVh9DXP7ubJmcumIxRpek7Fevr48GKUvhGZmmIpTzLsB5nuveHL&amp;ax=7L~VsHyK4wrhIC6xE\">Ty\u00f6nmenekki katuottolaskelmissa<\/a> (3 min)<\/p>\n\n\n\n<p>37 <a href=\"https:\/\/media.savonia.fi\/View.aspx?id=82192~5j~C7GRS0vFwm&amp;code=SP~PvcFA0muubA0Rdw0ekS6WOAmzdv7XIosT4v7AdxW8qlhPiUEw6bayVPSoRabgAhFv4lGX08cwHJqzV8T&amp;ax=7D~LUp5ezM0CeCzTL\">Karjanlanta katetuottolaskelmassa<\/a> (2 min)<\/p>\n\n\n\n<p>38 <a href=\"https:\/\/media.savonia.fi\/View.aspx?id=82193~5k~cHWtC0H0Uo&amp;code=T6~hoNCJMIzG5z58ZxsdeMLLw9jzaMlh9o3EtqQXfIkf7hjzyyO97qDlXLiLcVabEt0S7H9B8J9KhEmm8dq&amp;ax=7E~mwEGPK6b94vQqp\">Peltoviljelyn urakointikustannus<\/a> (2 min)<\/p>\n\n\n\n<p>39 <a href=\"https:\/\/media.savonia.fi\/View.aspx?id=82194~5l~EukTlZSnre&amp;code=Tg~tkK7JgPIghlcyyylpQw9dRQfsuX8h8B6PjBuksBwwBFrj47R83NCRKVIyy6QMr9DTeUs9Wf582uz6VNB&amp;ax=7F~OjUizJhwx6p9Of\">Traktority\u00f6n hinta<\/a> (2 min)<\/p>\n\n\n\n<h2 class=\"wp-block-heading\">Kotiel\u00e4intuotannon katetuottolaskelmat<\/h2>\n\n\n\n<p>40 <a href=\"https:\/\/media.savonia.fi\/View.aspx?id=82195~5m~f6AvXbcxPg&amp;code=SY~zDKKPuihxysPSVXqkmhQDaBLJaedmtVtHw8LNaXJiPwmpOb8pOR8kYtmOJnkxMBlaJxKdtsYURQxbweS&amp;ax=7G~oTiHjJsSV8irkS\">Kotiel\u00e4intuotannon katetuottolaskelmat, sivu 11<\/a> (13 min)<\/p>\n\n\n\n<p>41 <a href=\"https:\/\/media.savonia.fi\/View.aspx?id=82196~5n~GSQ7HanSm6&amp;code=Tf~SJuv84EmJsrTaI7FjhcxrRaIJ7vrx6V5sWVHj0gVpxsna5GuU2fp80oLjQhhsPMHxNT5IHcJhgLvP2jl&amp;ax=7H~QGyjUUEfrXbJII\">Kotiel\u00e4intuotannon katetuottolaskelmat, esimerkki<\/a> (3 min)<\/p>\n\n\n\n<p>42 <a href=\"https:\/\/media.savonia.fi\/View.aspx?id=82197~5o~htewr9zfK8&amp;code=T7~Jcc2tMTUcTsnwP6WjOfcxwOQixmPSnVh9DXP7ubJmcumIxRpek7Fevr48HKWvkH5mpIpTDLnB0novfHH&amp;ax=7I~riNUETPAPZWefm\">Poistolehm\u00e4n liha, esimerkki<\/a> (2 min)<\/p>\n\n\n\n<p>43 <a href=\"https:\/\/media.savonia.fi\/View.aspx?id=82198~5p~Jhu8b9KBgX&amp;code=SY~zDKKPuihxysPSVXqkmhQDaBLJaedmtVtHw8LNaXJiPwmpOb8pOR8kYtmOKnhxEBiaQxJdssYURQDbzeR&amp;ax=7J~T5cloS9KmPPvDc\">Ty\u00f6aika kotiel\u00e4intuotannossa<\/a> (6 min)<\/p>\n\n\n\n<p>44 <a href=\"https:\/\/media.savonia.fi\/View.aspx?id=82199~5q~jRJJMkVWEZ&amp;code=T6~hoNCJMIzG5z58ZxsdeMLLw9jzaMlh9o3EtqQXfIkf7hjzyyO97qDlXLiLdVdbxt6SbH6B0JaKhEnm8ds&amp;ax=7K~tFrW8Sl7KRIN9P\">Uudistuskustannus<\/a> (3 min)<\/p>\n\n\n\n<p>45 <a href=\"https:\/\/media.savonia.fi\/View.aspx?id=82200~59~qbKnSzonW8&amp;code=T7~Jcc2tMTUcTsnwP6WjOfcxwOQixmPSnVh9DXP7ubJmcumIxRpek7Fevr48IKTvcH3mmIrTBLvB4novmHE&amp;ax=7L~VsHyK4wshHC6xE\">El\u00e4inp\u00e4\u00e4oma<\/a> (3 min)<\/p>\n\n\n\n<p>46 <a href=\"https:\/\/media.savonia.fi\/View.aspx?id=82201~5a~RY8MCyzIsX&amp;code=T8~jMrDdLe5AUlFUFxDqoyNjvDbT7OvCqBjvZDC8VwktgHqRxiMjxFS726OnpAzOPV9HJJNkVNGrX6qEokL&amp;ax=7M~w4Xau3HOFJvoVu\">El\u00e4inp\u00e4\u00e4oma, kaava<\/a> (4 min)<\/p>\n\n\n\n<p>47 <a href=\"https:\/\/media.savonia.fi\/View.aspx?id=82202~5b~szoomyL5QZ&amp;code=SW~xgfxujMLCHGg7gXf7cvOdY7Tpdc3SoIePZNcKiixVT6f7Pr9foBSzTgClnI7LB9llcvbtpomlZxdKv7x&amp;ax=7E~mwEGPK6c93vQqp\">Emolehm\u00e4, Uuhi, Sika ym. uudistus<\/a> (2 min)<\/p>\n\n\n\n<p>48 <a href=\"https:\/\/media.savonia.fi\/View.aspx?id=82203~5c~UmDZ6xWqnP&amp;code=SO~nIOfQ2b8XmGItnWw7KytjCM2PPUDmuIrwHPkyLdlSy8eGjC4qRu9GoiUaekqO6UL9EknEvX9FM9bqTvT&amp;ax=7F~OjUizJhxx5p9Of\">Liikep\u00e4\u00e4oman m\u00e4\u00e4r\u00e4 kotiel\u00e4intuotannossa<\/a> (2 min)<\/p>\n\n\n\n<p>49 <a href=\"https:\/\/media.savonia.fi\/View.aspx?id=82204~5d~uWTBHIgALR&amp;code=T8~jMrDdLe5AUlFUFxDqoyNjvDbT7OvCqBjvZDC8VwktgHqRxiMjxFS726OnqAvORV7HHJKl4NLrV6sEkkK&amp;ax=7G~oTiHjJsTV7irkS\">Katetuotto A ja B<\/a> (1 min)<\/p>\n\n\n\n<h2 class=\"wp-block-heading\">Kolmas vaihe<\/h2>\n\n\n\n<p>50 <a href=\"https:\/\/media.savonia.fi\/View.aspx?id=82206~5f~xlxDbGDiGJ&amp;code=Tg~tkK7JgPIghlcyyylpQw9dRQfsuX8h8B6PjBuksBwwBFrj47R83NCRKVIyA6VMo9ETeUoa2f382uB6TNx&amp;ax=7I~riNUETPBPYWefm\">Kolmannen vaiheen esittely<\/a> (5 min)<\/p>\n\n\n\n<h2 class=\"wp-block-heading\">Ostopanokset<\/h2>\n\n\n\n<p>51 <a href=\"https:\/\/media.savonia.fi\/View.aspx?id=82208~5h~zIbEwR8OBC&amp;code=SW~xgfxujMLCHGg7gXf7cvOdY7Tpdc3SoIePZNcKiixVT6f7Pr9foBSzTgClpHYLF9hl9v4tqorm3xdKw7D&amp;ax=7K~tFrW8Sl8KQIN9P\">Ostopanosten vertailu kirjanpitoon, sivu 12<\/a> (4 min)<\/p>\n\n\n\n<p>52 <a href=\"https:\/\/media.savonia.fi\/View.aspx?id=82207~5g~7VNfMSOEdA&amp;code=Th~V78wtf9SEieuWo7PwrPLR3EAbRxBSmh8kthhlTW8DFSus4qsdguDKiBuNhNOeQnBnpVOsxhmQbdAg2qz&amp;ax=7J~T5cloS9LmOPvDc\">Ostopanosten vertailu kirjanpitoon, kaavat ja linkit<\/a> (3 min)<\/p>\n\n\n\n<p>53 <a href=\"https:\/\/media.savonia.fi\/View.aspx?id=82209~5i~akrggQka8s&amp;code=Tp~dsr07xLwjDe0Ai8yvSN7LpRECrGex5gUDLf9xpa7H0QvKMfxSYCnDNzc7fk5cotlyVfhhFzNwkBGzKTo&amp;ax=7L~VsHyK4wthGC6xE\">Ostopanosten vertailu kirjanpitoon, esimerkki<\/a> (3 min)<\/p>\n\n\n\n<p>54 <a href=\"https:\/\/media.savonia.fi\/View.aspx?id=82210~5a~RY8MCyzJsW&amp;code=T8~jMrDdLe5AUlFUFxDqoyNjvDbT7OvCqBjvZDC8VwktgHqRxiMjxFS726OnrAxOVV3HEJJl5NNrT6xElkE&amp;ax=7M~w4Xau3HPFIvoVu\">Investoinnit ja kunnossapito, sivu 12<\/a> (6 min)<\/p>\n\n\n\n<p>55 <a href=\"https:\/\/media.savonia.fi\/View.aspx?id=82211~5b~szoomyL6QY&amp;code=To~CRbonxAaMOkIcsz4pjtu8dc8T4exN2AThpzmvYGIzWDrBNO9NKVmLgTqJKuvJXfmdxdPQfxtFrSDqBpi&amp;ax=7N~6Elze2TbczoGs8\">Investoinnit ja kunnossapito, kaavat ja linkit<\/a> (6 min)<\/p>\n\n\n\n<p>56 <a href=\"https:\/\/media.savonia.fi\/View.aspx?id=82212~5c~UmDZ6xWrnO&amp;code=Tg~tkK7JgPIghlcyyylpQw9dRQfsuX8h8B6PjBuksBwwBFrj47R83NCRKVIyB6XMs9zTlUta3f087ut6NNt&amp;ax=7F~OjUizJhyx4p9Of\">Investoinnit ja kunnossapito, esimerkki<\/a> (2 min)<\/p>\n\n\n\n<h2 class=\"wp-block-heading\">Koko tilan kateyhteenveto<\/h2>\n\n\n\n<p>57 <a href=\"https:\/\/media.savonia.fi\/View.aspx?id=82213~5d~uWTBHIgBLQ&amp;code=T8~jMrDdLe5AUlFUFxDqoyNjvDbT7OvCqBjvZDC8VwktgHqRxiMjxFS726OnsAtOXUZHNJLkXNKrU6tEskD&amp;ax=7G~oTiHjJsUV6irkS\">Koko tilan kateyhteenveto, sivu 13<\/a> (13 min)<\/p>\n\n\n\n<p>58 <a href=\"https:\/\/media.savonia.fi\/View.aspx?id=82214~5e~WKi2rHrXiG&amp;code=To~CRbonxAaMOkIcsz4pjtu8dc8T4exN2AThpzmvYGIzWDrBNO9NKVmLgTqJLurJZfjdGdSQdxpFtSFqwph&amp;ax=7H~QGyjUUEhrVbJII\">Koko tilan kateyhteenveto, kaavat ja linkit<\/a> (7 min)<\/p>\n\n\n\n<h2 class=\"wp-block-heading\">Vaihtoehdon esittely<\/h2>\n\n\n\n<p>59 <a href=\"https:\/\/media.savonia.fi\/View.aspx?id=82215~5f~xlxDbGDjGI&amp;code=Tg~tkK7JgPIghlcyyylpQw9dRQfsuX8h8B6PjBuksBwwBFrj47R83NCRKVIyC6UMk9xTlUna6eV8auz6RNA&amp;ax=7I~riNUETPCPXWefm\">Vaihtoehdon esittely, sivu 14<\/a> (9 min)<\/p>\n\n\n\n<h2 class=\"wp-block-heading\">Tuotantosuuntavaihtoehdon valinta<\/h2>\n\n\n\n<p>60 <a href=\"https:\/\/media.savonia.fi\/View.aspx?id=82216~5g~7VNfMSOFdz&amp;code=Tq~FgGCIIWRHE7j6VzfCtfwxpFZlOgHh7O98VM8yQuIO6cmTLy8YcjowleXlX9NvVHnUtgvAgC7nekIIMwq&amp;ax=7J~T5cloS9MmNPvDc\">Tuotantosuuntavaihtoehdon valinta, sivu 15<\/a> (7 min)<\/p>\n\n\n\n<h2 class=\"wp-block-heading\">Yhteenveto laskelmista tunnuslukujen m\u00e4\u00e4ritt\u00e4miseksi<\/h2>\n\n\n\n<p>61 <a href=\"https:\/\/media.savonia.fi\/View.aspx?id=82217~5h~zIbEwR8PBB&amp;code=SW~xgfxujMLCHGg7gXf7cvOdY7Tpdc3SoIePZNcKiixVT6f7Pr9foBSzTgDlhHXLA9klhv2ttoqlYxjKx7C&amp;ax=7K~tFrW8Sl9KPIN9P\">Yhteenveto laskelmista tunnuslukujen m\u00e4\u00e4ritt\u00e4miseksi, sivu 16<\/a> (3 min)<\/p>\n\n\n\n<p>62 <a href=\"https:\/\/media.savonia.fi\/View.aspx?id=82218~5i~akrggQkb8r&amp;code=T7~Jcc2tMTUcTsnwP6WjOfcxwOQixmPSnVh9DXP7ubJmcumIxRpek7Fevr58CKQvdGZmpImTELqB7nvvmHI&amp;ax=7L~VsHyK4wuhFC6xE\">Tuotot ja liikevaihto<\/a> (5 min)<\/p>\n\n\n\n<p>63 <a href=\"https:\/\/media.savonia.fi\/View.aspx?id=82219~5j~C7GRS2vxwt&amp;code=SY~zDKKPuihxysPSVXqkmhQDaBLJaedmtVtHw8LNaXJiPwmpOb8pOR8kYtnOEnkxGBnaRxHdosVUYQzbCeO&amp;ax=7M~w4Xau3HQFHvoVu\">Maatalouden p\u00e4\u00e4oma<\/a> (9 min)<\/p>\n\n\n\n<p>64 <a href=\"https:\/\/media.savonia.fi\/View.aspx?id=82220~5b~szoomyL7QX&amp;code=SW~xgfxujMLCHGg7gXf7cvOdY7Tpdc3SoIePZNcKiixVT6f7Pr9foBSzTgDlhI4LC9ilhv4tqorm0xdKy7z&amp;ax=7N~6Elze2TccyoGs8\">Pellon ja tontin arvo<\/a> (4 min)<\/p>\n\n\n\n<p>65 <a href=\"https:\/\/media.savonia.fi\/View.aspx?id=82221~5c~UmDZ6xWsnN&amp;code=Tg~tkK7JgPIghlcyyylpQw9dRQfsuX8h8B6PjBuksBwwBFrj47R83NCRKVJyt6WMn9DTlUpa5eZ80uC6NNC&amp;ax=7O~yrBbPddmAAhXPX\">Ty\u00f6kustannukset<\/a> (5 min)<\/p>\n\n\n\n<p>66 <a href=\"https:\/\/media.savonia.fi\/View.aspx?id=82222~5d~uWTBHIgCLP&amp;code=SP~PvcFA0muubA0Rdw0ekS6WOAmzdv7XIosT4v7AdxW8qlhPiUEw6bayVPToOa3gyhDv8lLX78cwGJqzV8T&amp;ax=7G~oTiHjJsVV5irkS\">Poistot ja kunnossapito<\/a> (3 min)<\/p>\n\n\n\n<p>67 <a href=\"https:\/\/media.savonia.fi\/View.aspx?id=82223~5e~WKi2rHrYiF&amp;code=SW~xgfxujMLCHGg7gXf7cvOdY7Tpdc3SoIePZNcKiixVT6f7Pr9foBSzTgDliHZLE9glhvatsoqlWxgKw7y&amp;ax=7H~QGyjUUEirUbJII\">Muuttuvat kustannukset<\/a> (2 min)<\/p>\n\n\n\n<p>68 <a href=\"https:\/\/media.savonia.fi\/View.aspx?id=82224~5f~xlxDbGDkGH&amp;code=T7~Jcc2tMTUcTsnwP6WjOfcxwOQixmPSnVh9DXP7ubJmcumIxRpek7Fevr58DKSvgH7mgInTDLoB8nvvhHK&amp;ax=7I~riNUETPDPWWefm\">Yleiskustannus, sivu 16<\/a> (8 min)<\/p>\n\n\n\n<p>69 <a href=\"https:\/\/media.savonia.fi\/View.aspx?id=82225~5g~7VNfMSOGdy&amp;code=SY~zDKKPuihxysPSVXqkmhQDaBLJaedmtVtHw8LNaXJiPwmpOb8pOR8kYtnOFnmxKBkaIxLdmt3USQCbxeS&amp;ax=7J~T5cloS9NmMPvDc\">Yleiskustannus, kaavat<\/a> (5 min)<\/p>\n\n\n\n<p>70 <a href=\"https:\/\/media.savonia.fi\/View.aspx?id=82226~5h~zIbEwR8QBA&amp;code=T6~hoNCJMIzG5z58ZxsdeMLLw9jzaMlh9o3EtqQXfIkf7hjzyyO97qDlXLjL8VibDt8S4HbAZJ7KbEpm8dt&amp;ax=7K~tFrW8SlaKOIN9P\">Kalkitus yleiskustannuksissa vai muuttuvissa kustannuksissa<\/a> (2 min)<\/p>\n\n\n\n<h2 class=\"wp-block-heading\">Maatilan talouden tunnusluvut<\/h2>\n\n\n\n<p>71 <a href=\"https:\/\/media.savonia.fi\/View.aspx?id=82227~5i~akrggQkc8q&amp;code=T7~Jcc2tMTUcTsnwP6WjOfcxwOQixmPSnVh9DXP7ubJmcumIxRpek7Fevr58EKOviH5mhIpTELuB0nvvkHH&amp;ax=7L~VsHyK4wvhEC6xE\">Maatilan talouden tunnusluvut, sivu 17<\/a> (12 min)<\/p>\n\n\n\n<p>72 <a href=\"https:\/\/media.savonia.fi\/View.aspx?id=82228~5j~C7GRS2vyws&amp;code=T8~jMrDdLe5AUlFUFxDqoyNjvDbT7OvCqBjvZDC8VwktgHqRxiMjxFS726PnlAuOWV0HFJOl3NHrY6tErkI&amp;ax=7M~w4Xau3HRFGvoVu\">Tuotot, tuet, p\u00e4\u00e4omat, ty\u00f6, poistot, tuotantokustannus<\/a> (9 min)<\/p>\n\n\n\n<p>73 <a href=\"https:\/\/media.savonia.fi\/View.aspx?id=82229~5k~cHWtC2GTUu&amp;code=SW~xgfxujMLCHGg7gXf7cvOdY7Tpdc3SoIePZNcKiixVT6f7Pr9foBSzTgDljI2LH9nlav6tqoqlUxeKy7A&amp;ax=7N~6Elze2TdcxoGs8\">Laskelmat valmiiksi ennen analysointia<\/a> (2 min)<\/p>\n\n\n\n<h2 class=\"wp-block-heading\">Tunnuslukujen analysointi<\/h2>\n\n\n\n<p>74 <a href=\"https:\/\/media.savonia.fi\/View.aspx?id=82231~5d~uWTBHIgDLO&amp;code=Tq~FgGCIIWRHE7j6VzfCtfwxpFZlOgHh7O98VM8yQuIO6cmTLy8YcjowleYlQ9Nw5HoUngBAfC2ndkHILwv&amp;ax=7P~93QMzdoJ7pbgmB\">Tulosten analysointi, sivu 17<\/a> (6 min)<\/p>\n\n\n\n<p>75 <a href=\"https:\/\/media.savonia.fi\/View.aspx?id=82232~5e~WKi2rHrZiE&amp;code=SN~N8yDeQQYzlNrWJvPSmeQxCXHfgsWCsbdalilxkJWLtMnxjjulEN8NQDbMFuLupGOFsj4lWUSOVq7hISS&amp;ax=7H~QGyjUUEjrTbJII\">Tulosten analysointi, esimerkki<\/a> (4 min)<\/p>\n\n\n\n<h2 class=\"wp-block-heading\">Taustatiedot taloussuunnitelmaan<\/h2>\n\n\n\n<p>76 <a href=\"https:\/\/media.savonia.fi\/View.aspx?id=82233~5f~xlxDbGDlGG&amp;code=SO~nIOfQ2b8XmGItnWw7KytjCM2PPUDmuIrwHPkyLdlSy8eGjC4qRu9GoiVaaksO4UL9FknEsX5FO9jqSvT&amp;ax=7I~riNUETPEPVWefm\">Taustatiedot taloussuunnitelmaan, sivu 3<\/a> (7 min)<\/p>\n\n\n\n<h2 class=\"wp-block-heading\">Johtop\u00e4\u00e4t\u00f6kset<\/h2>\n\n\n\n<p>77 <a href=\"https:\/\/media.savonia.fi\/View.aspx?id=82234~5g~7VNfMSOHdx&amp;code=Th~V78wtf9SEieuWo7PwrPLR3EAbRxBSmh8kthhlTW8DFSus4qsdguDKiBvNdNKeMnDntVQsAhiQ7dGg0qC&amp;ax=7J~T5cloS9OmLPvDc\">Johtop\u00e4\u00e4t\u00f6kset, sivu 18<\/a> (8 min)<\/p>\n\n\n\n<p>78 <a href=\"https:\/\/media.savonia.fi\/View.aspx?id=82235~5h~zIbEwR8RBz&amp;code=To~CRbonxAaMOkIcsz4pjtu8dc8T4exN2AThpzmvYGIzWDrBNO9NKVmLgTrJFuvJSfgdDdWQjxsFvSzqCpg&amp;ax=7K~tFrW8SlbKNIN9P\">Pit\u00e4\u00e4k\u00f6 tulos paikkansa, esimerkki<\/a> (2 min)<\/p>\n\n\n\n<p>79 <a href=\"https:\/\/media.savonia.fi\/View.aspx?id=82236~5i~akrggQkd8p&amp;code=Tg~tkK7JgPIghlcyyylpQw9dRQfsuX8h8B6PjBuksBwwBFrj47R83NCRKVJyw6XMm9ETjUsa6f484uu6NNx&amp;ax=7L~VsHyK4wwhDC6xE\">Johtop\u00e4\u00e4t\u00f6kset, esimerkki<\/a> (7 min)<\/p>\n\n\n\n<h2 class=\"wp-block-heading\">Tuloksien vertailu<\/h2>\n\n\n\n<p>80 <a href=\"https:\/\/media.savonia.fi\/View.aspx?id=82237~5j~C7GRS2vzwr&amp;code=SY~zDKKPuihxysPSVXqkmhQDaBLJaedmtVtHw8LNaXJiPwmpOb8pOR8kYtnOInhxHBmaQxMdrsVUUQxbyeQ&amp;ax=7M~w4Xau3HSFFvoVu\">Tuloksien vertailu, sivu 19<\/a> (2 min)<\/p>\n\n\n\n<p>81 <a href=\"https:\/\/media.savonia.fi\/View.aspx?id=82238~5k~cHWtC2GUUt&amp;code=T6~hoNCJMIzG5z58ZxsdeMLLw9jzaMlh9o3EtqQXfIkf7hjzyyO97qDlXLjLbVdbBsZSdH8B4J7KaEnmbdv&amp;ax=7N~6Elze2TecwoGs8\">Luken Taloustohtorin k\u00e4ytt\u00f6 vertailussa<\/a> (10 min)<\/p>\n\n\n\n<h2 class=\"wp-block-heading\">Yhteenveto<\/h2>\n\n\n\n<p>82 <a href=\"https:\/\/media.savonia.fi\/View.aspx?id=82242~5f~xlxDbGDmGF&amp;code=SX~7Qv9ejY89wzyv6wJdMPqRaNr8ADJCroglasYLJD9bLjigPJJkBiTsrNBA3xCe7nnGAwnM4qJcVghTCBK&amp;ax=7I~riNUETPFPUWefm\">Yhteenveto Talsusta<\/a> (26 min)<\/p>\n","protected":false},"excerpt":{"rendered":"<p>Katetuottomenetelm\u00e4n mukainen taloussuunnitelma (Talsu) on esitelty t\u00e4ll\u00e4 sivulla luentotallenteissa: Tausta ja tarkoitus, esimerkkej\u00e4 ja harjoitusteht\u00e4v\u00e4n ohjeita. Tutustu ensiksi yleisohjeisiin harjoitusteht\u00e4v\u00e4ss\u00e4 etenemisest\u00e4 ja etene vaiheittain. Luentotallenteissa voi esiinty\u00e4 vanhoja hintatietoja, mutta esitetyt periaatteet ovat kuitenkin edelleen toimivia! Tarkista ajantasaiset ohjeet Moodlesta:<\/p>\n","protected":false},"author":21,"featured_media":0,"parent":0,"menu_order":0,"comment_status":"open","ping_status":"open","template":"","meta":{"footnotes":""},"class_list":["post-18","page","type-page","status-publish","hentry"],"_links":{"self":[{"href":"https:\/\/blogi.savonia.fi\/myrverkkoluennot\/wp-json\/wp\/v2\/pages\/18","targetHints":{"allow":["GET"]}}],"collection":[{"href":"https:\/\/blogi.savonia.fi\/myrverkkoluennot\/wp-json\/wp\/v2\/pages"}],"about":[{"href":"https:\/\/blogi.savonia.fi\/myrverkkoluennot\/wp-json\/wp\/v2\/types\/page"}],"author":[{"embeddable":true,"href":"https:\/\/blogi.savonia.fi\/myrverkkoluennot\/wp-json\/wp\/v2\/users\/21"}],"replies":[{"embeddable":true,"href":"https:\/\/blogi.savonia.fi\/myrverkkoluennot\/wp-json\/wp\/v2\/comments?post=18"}],"version-history":[{"count":47,"href":"https:\/\/blogi.savonia.fi\/myrverkkoluennot\/wp-json\/wp\/v2\/pages\/18\/revisions"}],"predecessor-version":[{"id":665,"href":"https:\/\/blogi.savonia.fi\/myrverkkoluennot\/wp-json\/wp\/v2\/pages\/18\/revisions\/665"}],"wp:attachment":[{"href":"https:\/\/blogi.savonia.fi\/myrverkkoluennot\/wp-json\/wp\/v2\/media?parent=18"}],"curies":[{"name":"wp","href":"https:\/\/api.w.org\/{rel}","templated":true}]}}