{"id":183,"date":"2017-11-11T10:35:48","date_gmt":"2017-11-11T08:35:48","guid":{"rendered":"https:\/\/blogi.savonia.fi\/myrverkkoluennot\/?page_id=183"},"modified":"2024-11-15T16:45:21","modified_gmt":"2024-11-15T14:45:21","slug":"arvonlisavero","status":"publish","type":"page","link":"https:\/\/blogi.savonia.fi\/myrverkkoluennot\/arvonlisavero\/","title":{"rendered":"Arvonlis\u00e4vero"},"content":{"rendered":"<h1 class=\"entry-title\">Maatalousyritt\u00e4j\u00e4n arvonlis\u00e4verotus<\/h1>\n<div class=\"entry-content\">\n<p>Maatalousyritt\u00e4j\u00e4n arvonlis\u00e4verotus on esitelty verkkoluennoilla harjoitusteht\u00e4vien avulla. Tutustu ensiksi ohjeisiin: Laadi harjoitusteht\u00e4v\u00e4 ja sen j\u00e4lkeen katso ratkaisu verkkoluennolta. Harjoittele, kunnes osaat!<\/p>\n<p>Veroharjoitukset on saatavissa Maatilan verosuunnittelu Moodlesta, johon saat tunnukset ilmoittautumalla Avoimen amkin tai CampusOnlinen kautta opintojaksolle.<\/p>\n<p>Katso lis\u00e4ksi verkkoluennot aiheista maatalouden verotus, mets\u00e4verotus ja maatilan verosuunnittelu.<\/p>\n<p>Tarkista ajantasaiset ohjeet Moodlesta ja <a href=\"https:\/\/www.vero.fi\/yritykset-ja-yhteisot\/tietoa-yritysverotuksesta\/arvonlisaverotus\/\" target=\"_blank\" rel=\"noopener noreferrer\">www.vero.fi<\/a><\/p>\n<p>Katso lis\u00e4ksi verkkoluennot aiheista maatalouden verotus, mets\u00e4verotus\u00a0ja maatilan verosuunnittelu.<\/p>\n<p>Sivua on viimeksi p\u00e4ivitetty 15.11.2024<\/p>\n<\/div>\n<p>&#8211;<\/p>\n<p><a href=\"https:\/\/media.savonia.fi\/View.aspx?id=92668~5s~mgnLgnrpzO&amp;code=T8~jMrDdLe5AUlFUFxDqoyNjvDbT7OvCqBjvZDC8VwktgHqRxiMjxFV6W6InoAAOSV0HIJJkYNNrZ6uEtkI&amp;ax=7D~LVp6euLXCkCzTL\">Maatalousyritt\u00e4j\u00e4n arvonlis\u00e4verotus<\/a> (8 min)<\/p>\n<p><a href=\"https:\/\/media.savonia.fi\/View.aspx?id=92669~5t~O4DnRyCL6E&amp;code=SN~N8yDeQQYzlNrWJvPSmeQxCXHfgsWCsbdalilxkJWLtMnxjjulENbNLD4MIuLupGLFuj8lQUTOZq7hJSV&amp;ax=7E~mxEHPF689avQqp\">Maatalousyritt\u00e4j\u00e4n arvonlis\u00e4verotus, sis\u00e4ll\u00f6n esittely<\/a> (3 min)<\/p>\n<p>\u00a0<\/p>\n<p><a href=\"https:\/\/media.savonia.fi\/View.aspx?id=92670~5l~EvkTm5Slra&amp;code=SX~7Qv9ejY89wzyv6wJdMPqRaNr8ADJCroglasYLJD9bLjigPJJkBiWsmNuA4xEe7nkGFwnM6qIcPglTFBM&amp;ax=7F~OkUjzEhtxcp9Of\">Alv 1, Mik\u00e4 on arvonlis\u00e4vero<\/a> (5 min)<\/p>\n<p><a href=\"https:\/\/media.savonia.fi\/View.aspx?id=92670~5l~EvkTm5Slra&amp;code=SX~7Qv9ejY89wzyv6wJdMPqRaNr8ADJCroglasYLJD9bLjigPJJkBiWsmNuA4xEe7nkGFwnM6qIcPglTFBM&amp;ax=7F~OkUjzEhtxcp9Of\">Alv 2, Mit\u00e4 arvonlis\u00e4verovelvollisuus edellytt\u00e4\u00e4<\/a> (5 min)<\/p>\n<p><a href=\"https:\/\/media.savonia.fi\/View.aspx?id=92672~5n~GTQ7HfnQm2&amp;code=SW~xgfxujMLCHGg7gXf7cvOdY7Tpdc3SoIePZNcKiixVT6f7Pr9foBVzOgwlnI6LH9mlcv4troqm3xdKv7x&amp;ax=7y~fnRrFmIpowiUGY\">Alv 3, Arvonlis\u00e4verokausi<\/a> (8 min)<\/p>\n<p><a href=\"https:\/\/media.savonia.fi\/View.aspx?id=92673~5o~huewrezdK4&amp;code=SX~7Qv9ejY89wzyv6wJdMPqRaNr8ADJCroglasYLJD9bLjigPJJkBiWsmNuA5xCe5noGCwuM4qEcRgiTIBL&amp;ax=7z~HafQplTLMzccdC\">Alv 4, Arvonlis\u00e4verotuksen perusteet alkutuotannossa<\/a> (2 min)<\/p>\n<p><a href=\"https:\/\/media.savonia.fi\/View.aspx?id=92674~5p~Jiu8beKzgT&amp;code=SY~zDKKPuihxysPSVXqkmhQDaBLJaedmtVtHw8LNaXJiPwmpOb8pORbkTtgOLnkxEBpaRxLdosXUSQybAeT&amp;ax=7A~hKvs9kdUjpWGBs\">Alv 5, Arvonlis\u00e4veroprosentit eli alv-kannat<\/a> (8 min)<\/p>\n<p><a href=\"https:\/\/media.savonia.fi\/View.aspx?id=92675~5q~jSJJMpVUEV&amp;code=T6~hoNCJMIzG5z58ZxsdeMLLw9jzaMlh9o3EtqQXfIkf7hjzyyO97qGlSLcLeVgbEsYS6H4B3JdKhElmcdw&amp;ax=7B~JyL4KwphHrPY86\">Alv 6, Miten arvonlis\u00e4vero lasketaan<\/a> (6 min)<\/p>\n<p><a href=\"https:\/\/media.savonia.fi\/View.aspx?id=92677~5s~mgnLgnrqzN&amp;code=SY~zDKKPuihxysPSVXqkmhQDaBLJaedmtVtHw8LNaXJiPwmpOb8pORbkTtgOMnhxNBjaPxOdtsVUTQxbyeQ&amp;ax=7D~LVp6euLYCjCzTL\">Alv 7, Maatalouden arvonlis\u00e4verottomat tulot<\/a> (3 min)<\/p>\n<p><a href=\"https:\/\/media.savonia.fi\/View.aspx?id=92678~5t~O4DnRyCM6D&amp;code=Tf~SJuv84EmJsrTaI7FjhcxrRaIJ7vrx6V5sWVHj0gVpxsna5GuU2fs7VoFjThfsLMLxNT9IFcHhiLzP0jn&amp;ax=7E~mxEHPF6999vQqp\">Alv 8, Maatalouden arvonlis\u00e4verottomat menot<\/a> (3 min)<\/p>\n<p><a href=\"https:\/\/media.savonia.fi\/View.aspx?id=92679~5u~oESYByO9uG&amp;code=T7~Jcc2tMTUcTsnwP6WjOfcxwOQixmPSnVh9DXP7ubJmcumIxRpek7IeqqX8KKVvcH5mjItTzLsB6nuvlHF&amp;ax=7F~OkUjzEhuxbp9Of\">Alv 9, Alvia varten laskuun teht\u00e4v\u00e4t merkinn\u00e4t<\/a> (3 min)<\/p>\n<p><a href=\"https:\/\/media.savonia.fi\/View.aspx?id=92680~5m~f7AvXgcwPb&amp;code=T8~jMrDdLe5AUlFUFxDqoyNjvDbT7OvCqBjvZDC8VwktgHqRxiMjxFV6W6InrABOVV6HKJNkXNIrU6vEpkE&amp;ax=7G~oUiIjEsQVdirkS\">Alv 10, Arvonlis\u00e4veroilmoituksen laatiminen<\/a> (10 min)<\/p>\n<p><a href=\"https:\/\/media.savonia.fi\/View.aspx?id=92681~5n~GTQ7HfnRm0&amp;code=Tf~SJuv84EmJsrTaI7FjhcxrRaIJ7vrx6V5sWVHj0gVpxsna5GuU2fs7VoFjUhdsJMOxWT9IHcIh9LsP2jq&amp;ax=7H~QHykUPEds3bJII\">Alv 11, Viiv\u00e4styskorko<\/a> (6 min)<\/p>\n<p><a href=\"https:\/\/media.savonia.fi\/View.aspx?id=92682~5o~huewrezeK3&amp;code=SX~7Qv9ejY89wzyv6wJdMPqRaNr8ADJCroglasYLJD9bLjigPJJkBiWsmNuA7xFeanqGywvLYqGcTghTCBK&amp;ax=7z~HafQplTMMyccdC\">Alv 12, My\u00f6h\u00e4stymismaksu<\/a> (3 min)<\/p>\n<p><a href=\"https:\/\/media.savonia.fi\/View.aspx?id=92683~5p~Jiu8beKAgS&amp;code=T8~jMrDdLe5AUlFUFxDqoyNjvDbT7OvCqBjvZDC8VwktgHqRxiMjxFV6W6InsAzOUUZHKJGl3NOrU6wEtkD&amp;ax=7A~hKvs9kdVjoWGBs\">Alv, Viiv\u00e4styskorko ja my\u00f6h\u00e4stymismaksu, esimerkki<\/a> (5 min)<\/p>\n<p><a href=\"https:\/\/media.savonia.fi\/View.aspx?id=92684~5q~jSJJMpVVEU&amp;code=SN~N8yDeQQYzlNrWJvPSmeQxCXHfgsWCsbdalilxkJWLtMnxjjulENbNLD5MCuKurGKFxj4lOUUOTqahOT0&amp;ax=7B~JyL4KwpiHqPY86\">Alv 13, V\u00e4h\u00e4inen liiketoiminta<\/a> (3 min)<\/p>\n<p><a href=\"https:\/\/media.savonia.fi\/View.aspx?id=92685~5r~LF89wog6bK&amp;code=SX~7Qv9ejY89wzyv6wJdMPqRaNr8ADJCroglasYLJD9bLjigPJJkBiWsmNvzXxDe9nkGywrM8qIcTghTFBR&amp;ax=7C~k99uuvAEegJhvV\">Alv 14, Oma k\u00e4ytt\u00f6<\/a> (2 min)<\/p>\n<p><a href=\"https:\/\/media.savonia.fi\/View.aspx?id=92686~5s~mgnLgnrrzM&amp;code=SY~zDKKPuihxysPSVXqkmhQDaBLJaedmtVtHw8LNaXJiPwmpOb8pORbkTthOEnlxIBlaNxPdpt4UTQDbweP&amp;ax=7D~LVp6euLZCiCzTL\">Alv 15, K\u00e4ytettyjen koneiden kauppa<\/a> (2 min)<\/p>\n<p><a href=\"https:\/\/media.savonia.fi\/View.aspx?id=92687~5t~O4DnRyCN6C&amp;code=SW~xgfxujMLCHGg7gXf7cvOdY7Tpdc3SoIePZNcKiixVT6f7Pr9foBVzOgxlhI6Lz9llhv5trorlUxgKC7C&amp;ax=7E~mxEHPF6a98vQqp\">Alv 16, Yhteis\u00f6hankinnat ja myynnit<\/a> (2 min)<\/p>\n<p><a href=\"https:\/\/media.savonia.fi\/View.aspx?id=92688~5u~oESYByOauF&amp;code=SX~7Qv9ejY89wzyv6wJdMPqRaNr8ADJCroglasYLJD9bLjigPJJkBiWsmNvzYxBe7noGywtM8qEcTghTHBQ&amp;ax=7F~OkUjzEhvxap9Of\">Alv 17, Erityistapauksia esim. k\u00e4\u00e4nnetty alv<\/a> (4 min)<\/p>\n<p><a href=\"https:\/\/media.savonia.fi\/View.aspx?id=92689~5v~Qrholx8jSH&amp;code=SP~PvcFA0muubA0Rdw0ekS6WOAmzdv7XIosT4v7AdxW8qlhPiUEw6bdyQPNoOa6gwhHv5lJWX8ewGJxA08W&amp;ax=7G~oUiIjEsRVcirkS\">Alv 18, Oikaisuvaatimus<\/a> (1 min)<\/p>\n<p>&#8211;<\/p>\n<p><a href=\"https:\/\/media.savonia.fi\/View.aspx?id=92690~5n~GTQ7HfnSlZ&amp;code=Tf~SJuv84EmJsrTaI7FjhcxrRaIJ7vrx6V5sWVHj0gVpxsna5GuU2fs7VoGjMhgsOMQxWTaIFcMh9LuP0jj&amp;ax=7H~QHykUPEes2bJII\">Alv-teht\u00e4v\u00e4n ohjeita<\/a> (8 min)<\/p>\n\n\n<p><\/p>\n","protected":false},"excerpt":{"rendered":"<p>Maatalousyritt\u00e4j\u00e4n arvonlis\u00e4verotus Maatalousyritt\u00e4j\u00e4n arvonlis\u00e4verotus on esitelty verkkoluennoilla harjoitusteht\u00e4vien avulla. Tutustu ensiksi ohjeisiin: Laadi harjoitusteht\u00e4v\u00e4 ja sen j\u00e4lkeen katso ratkaisu verkkoluennolta. Harjoittele, kunnes osaat! Veroharjoitukset on saatavissa Maatilan verosuunnittelu Moodlesta, johon saat tunnukset ilmoittautumalla Avoimen amkin tai CampusOnlinen kautta opintojaksolle. Katso<\/p>\n","protected":false},"author":21,"featured_media":0,"parent":0,"menu_order":0,"comment_status":"open","ping_status":"closed","template":"","meta":{"footnotes":""},"class_list":["post-183","page","type-page","status-publish","hentry"],"_links":{"self":[{"href":"https:\/\/blogi.savonia.fi\/myrverkkoluennot\/wp-json\/wp\/v2\/pages\/183","targetHints":{"allow":["GET"]}}],"collection":[{"href":"https:\/\/blogi.savonia.fi\/myrverkkoluennot\/wp-json\/wp\/v2\/pages"}],"about":[{"href":"https:\/\/blogi.savonia.fi\/myrverkkoluennot\/wp-json\/wp\/v2\/types\/page"}],"author":[{"embeddable":true,"href":"https:\/\/blogi.savonia.fi\/myrverkkoluennot\/wp-json\/wp\/v2\/users\/21"}],"replies":[{"embeddable":true,"href":"https:\/\/blogi.savonia.fi\/myrverkkoluennot\/wp-json\/wp\/v2\/comments?post=183"}],"version-history":[{"count":16,"href":"https:\/\/blogi.savonia.fi\/myrverkkoluennot\/wp-json\/wp\/v2\/pages\/183\/revisions"}],"predecessor-version":[{"id":700,"href":"https:\/\/blogi.savonia.fi\/myrverkkoluennot\/wp-json\/wp\/v2\/pages\/183\/revisions\/700"}],"wp:attachment":[{"href":"https:\/\/blogi.savonia.fi\/myrverkkoluennot\/wp-json\/wp\/v2\/media?parent=183"}],"curies":[{"name":"wp","href":"https:\/\/api.w.org\/{rel}","templated":true}]}}