{"id":21,"date":"2013-09-22T13:35:32","date_gmt":"2013-09-22T10:35:32","guid":{"rendered":"https:\/\/blogi.savonia.fi\/myrverkkoluennot\/?page_id=21"},"modified":"2025-10-02T15:32:13","modified_gmt":"2025-10-02T12:32:13","slug":"kannattavuustekijat","status":"publish","type":"page","link":"https:\/\/blogi.savonia.fi\/myrverkkoluennot\/kannattavuustekijat\/","title":{"rendered":"Kannattavuustekij\u00e4t"},"content":{"rendered":"\n<p>Maatalouden kannattavuustekij\u00e4t on esitelty t\u00e4m\u00e4n sivun luentotallenteissa: Johdanto ja esimerkkej\u00e4. Lis\u00e4\u00e4 aiheesta mm. sivuilla Tuotantokustannuslaskelmat, Investoinnin kannattavuus ja Riskit.<\/p>\n\n\n\n<p>Sivua on viimeksi p\u00e4ivitetty 2.10.2025<\/p>\n\n\n\n<p>&#8211;<\/p>\n\n\n\n<p><a href=\"https:\/\/media.savonia.fi\/View.aspx?id=101151~5S~R9VbpxUzlRbE&amp;code=TL~DHPerCvkg4q2sGawh5T6Wt9NJ2cJSkUgQXNcbTBHCVkrvMQ0a5KizbfxbgWniQiqqTIzRQxiIfBhnjsjCp&amp;ax=8v~vfSmgUbuyATBFsIE\">Kannattavuustekij\u00e4t ja kehitt\u00e4mismahdollisuudet, johdanto<\/a> (5 min)<\/p>\n\n\n\n<p><a href=\"https:\/\/media.savonia.fi\/View.aspx?id=101155~5W~VUdeeGMMbyC5&amp;code=Tw~MptST2kBsbkgHxzMoKqPTLpcssnarKAGAIxfHuLUDjBsUwDeChbPEGR5URRWHukVp7ovFdPXlvpvKhS3aY&amp;ax=8h~exMCsjc8hnH2qWHo\">Maatalouden kannattavuustekij\u00e4t<\/a> (3 min)<\/p>\n\n\n\n<p><a href=\"https:\/\/media.savonia.fi\/View.aspx?id=101156~5X~wwsPPR6Wzzvo&amp;code=TF~wyaLhjgpvyd5Jh9ZuNHMA7qBCp6gHGgvpbaTUskvNIMwv3KTvZRMqJuytvdX7lEFW3AEMPjuJNwzlP6K6a&amp;ax=8i~Gkb2cjnuFoAlOMgS\">Viljelyn kannattavuustekij\u00e4t<\/a> (27 min)<\/p>\n\n\n\n<p><a href=\"https:\/\/media.savonia.fi\/View.aspx?id=101157~5Y~77IrzQii6ooH&amp;code=Tw~MptST2kBsbkgHxzMoKqPTLpcssnarKAGAIxfHuLUDjBsUwDeChbPEGR5URRXHqkXp8oDFiPQlypsKcS2aY&amp;ax=8j~gUqENuyQcdtDlqHz\">Kannattavuustekij\u00e4t t\u00e4rkeysj\u00e4rjestykseen<\/a> (9 min)<\/p>\n\n\n\n<p>&#8211;<\/p>\n\n\n\n<p><a href=\"https:\/\/media.savonia.fi\/View.aspx?id=82314~5f~xlxDbHDjGH&amp;code=Sw~Trzhl5jxQCV5pUUUMRRKWVJevVBeHNvBTLGO8QeXxIDiE4mJDqQDh6aFbCLcfKhjO8NApihAKyMbmski&amp;ax=7I~riNUEUPCPWWefm\">Maatalouden kannattavuustekij\u00e4t, Padlet ja keskustelu<\/a> (36 min)<\/p>\n\n\n\n<p><a href=\"https:\/\/media.savonia.fi\/View.aspx?id=82315~5g~7VNfMTOFdy&amp;code=SP~PvcFA0muubA0Rdw0ekS6WOAmzdv7XIosT4v7AdxW8qlhPiUEw6bayWPLoNa5gwhFv5lHX68fwDJtzZ90&amp;ax=7J~T5cloT9MmMPvDc\">Investoinnit maataloudessa<\/a> (6 min)<\/p>\n","protected":false},"excerpt":{"rendered":"<p>Maatalouden kannattavuustekij\u00e4t on esitelty t\u00e4m\u00e4n sivun luentotallenteissa: Johdanto ja esimerkkej\u00e4. Lis\u00e4\u00e4 aiheesta mm. sivuilla Tuotantokustannuslaskelmat, Investoinnin kannattavuus ja Riskit. Sivua on viimeksi p\u00e4ivitetty 2.10.2025 &#8211; Kannattavuustekij\u00e4t ja kehitt\u00e4mismahdollisuudet, johdanto (5 min) Maatalouden kannattavuustekij\u00e4t (3 min) Viljelyn kannattavuustekij\u00e4t (27 min) Kannattavuustekij\u00e4t<\/p>\n","protected":false},"author":21,"featured_media":0,"parent":0,"menu_order":0,"comment_status":"open","ping_status":"open","template":"","meta":{"footnotes":""},"class_list":["post-21","page","type-page","status-publish","hentry"],"_links":{"self":[{"href":"https:\/\/blogi.savonia.fi\/myrverkkoluennot\/wp-json\/wp\/v2\/pages\/21","targetHints":{"allow":["GET"]}}],"collection":[{"href":"https:\/\/blogi.savonia.fi\/myrverkkoluennot\/wp-json\/wp\/v2\/pages"}],"about":[{"href":"https:\/\/blogi.savonia.fi\/myrverkkoluennot\/wp-json\/wp\/v2\/types\/page"}],"author":[{"embeddable":true,"href":"https:\/\/blogi.savonia.fi\/myrverkkoluennot\/wp-json\/wp\/v2\/users\/21"}],"replies":[{"embeddable":true,"href":"https:\/\/blogi.savonia.fi\/myrverkkoluennot\/wp-json\/wp\/v2\/comments?post=21"}],"version-history":[{"count":12,"href":"https:\/\/blogi.savonia.fi\/myrverkkoluennot\/wp-json\/wp\/v2\/pages\/21\/revisions"}],"predecessor-version":[{"id":745,"href":"https:\/\/blogi.savonia.fi\/myrverkkoluennot\/wp-json\/wp\/v2\/pages\/21\/revisions\/745"}],"wp:attachment":[{"href":"https:\/\/blogi.savonia.fi\/myrverkkoluennot\/wp-json\/wp\/v2\/media?parent=21"}],"curies":[{"name":"wp","href":"https:\/\/api.w.org\/{rel}","templated":true}]}}