{"id":229,"date":"2018-05-18T13:32:50","date_gmt":"2018-05-18T10:32:50","guid":{"rendered":"https:\/\/blogi.savonia.fi\/myrverkkoluennot\/?page_id=229"},"modified":"2025-10-02T15:47:34","modified_gmt":"2025-10-02T12:47:34","slug":"_ohje","status":"publish","type":"page","link":"https:\/\/blogi.savonia.fi\/myrverkkoluennot\/_ohje\/","title":{"rendered":"_Ohje"},"content":{"rendered":"<p>T\u00e4lle sivustolle on koottu Savonia-ammattikorkeakoulun agrologikoulutuksen maatalouden yritystalouden verkkoluennot.<\/p>\n<p>Verkkoluennot on tarkoitettu ensisijaisesti Savonia-ammattikorkeakoulun agrologiopiskelijoille: Verkkoluennoilla on harjoitust\u00f6iden ohjeita ja mm. viittauksia Savonian Moodle -oppimisymp\u00e4rist\u00f6jen opintomateriaaleihin.<\/p>\n<p>Verkkoluentoja voivat hy\u00f6dynt\u00e4\u00e4 my\u00f6s muut aiheesta kiinnostuneet: Savonia-ammattikorkeakoulun yritt\u00e4j\u00e4- ym. koulutuksiin osallistuvat, valmistuneet agrologit, maatalousyritt\u00e4j\u00e4t, neuvojat ym.<\/p>\n<p>Verkkoluennoilla mainittuja harjoitusteht\u00e4vi\u00e4 voi tiedustella s\u00e4hk\u00f6postilla osoitteesta hannu.viitala (at) savonia.fi<\/p>\n<p>Harjoitusteht\u00e4vi\u00e4 luovutetaan p\u00e4\u00e4s\u00e4\u00e4nt\u00f6isesti vain sellaisille henkil\u00f6ille, jotka ovat osallistuneet kyseiseen koulutukseen. T\u00e4m\u00e4 sen vuoksi, ett\u00e4 harjoitusteht\u00e4v\u00e4t eiv\u00e4t ole \u201dvalmiita\u201d ty\u00f6kaluja, vaan niiden k\u00e4ytt\u00f6 edellytt\u00e4\u00e4 harjaannusta. Savonia-ammattikorkeakoulussa harjoitusty\u00f6t tehd\u00e4\u00e4n ohjatusti todellisille ja toimiville maatiloille\/hevostiloille. Sivustolla on my\u00f6s linkkej\u00e4 sellaisiin ty\u00f6kaluihin, jotka ovat esim. projektin sivustolta vapaasti ladattavissa.<\/p>\n<p>Verkkoluentoja p\u00e4ivitet\u00e4\u00e4n s\u00e4\u00e4nn\u00f6llisesti. Kaikkia verkkoluentoja ei kuitenkaan p\u00e4ivitet\u00e4 vuosittain, joten niiss\u00e4 saattaa esiinty\u00e4 joiltain osin vanhentunutta tietoa, viittauksia vanhentuneisiin l\u00e4hteisiin jne. Sivuston yll\u00e4pit\u00e4j\u00e4 ei vastaa vanhentuneesta tiedosta. Ota t\u00e4ll\u00f6in asiasta itse selv\u00e4\u00e4 ajankohtaisista l\u00e4hteist\u00e4. Ilmoita tarvittaessa virheellisest\u00e4 tai vanhentuneesta tiedosta kommentoimalla sit\u00e4 kyseisen sivun alalaidassa tai l\u00e4het\u00e4 s\u00e4hk\u00f6postia osoitteeseen hannu.viitala (at) savonia.fi<\/p>\n<p>Antoisia hetki\u00e4 maatalouden yritystalouden verkkoluentojen parissa!<\/p>\n<p>&#8211;<\/p>\n<p>T\u00e4h\u00e4n on koottu Maatalouden yritystalouden verkkoluentojen k\u00e4yt\u00f6st\u00e4 esitettyj\u00e4 kysymyksi\u00e4 vastauksineen:<\/p>\n<p><strong>Verkkoluento ei avaudu<\/strong> -&gt; Kokeile toisella selaimella<\/p>\n<p><strong>Voinko saada k\u00e4ytt\u00f6\u00f6ni \/ miten saan k\u00e4ytt\u00f6\u00f6ni verkkoluennoilla esitellyt teht\u00e4v\u00e4pohjat?<\/strong> -&gt; Ilmoittaudu kyseiselle opintojaksolle avoinamk (at) savonia.fi ja hannu.viitala (at) savonia.fi tai korkeakouluopiskelijana RIPA (kaikki kurssit eiv\u00e4t ole ristiinopiskelupalvelutarjonnassa, joten osallistu avoimen amkin kautta)<\/p>\n<p><strong>Tallenne aukeaa samaan selaimen ikkunaan<\/strong> -&gt; \u00c4l\u00e4 sulje ikkunaa, vaan palaa edelliseen ikkunaan: K\u00e4yt\u00e4 selaimen Palaa takaisin -valintaa (nuoli vasemmalle selaimen vasemmassa yl\u00e4reunassa)<\/p>\n<p><strong>Tekstitys<\/strong> -&gt; Tallenteet ovat p\u00e4\u00e4asiassa selostettuja PowerPoint-esityksi\u00e4, joissa tekstitys on ruudun vasemmassa laidassa.<\/p>\n","protected":false},"excerpt":{"rendered":"<p>T\u00e4lle sivustolle on koottu Savonia-ammattikorkeakoulun agrologikoulutuksen maatalouden yritystalouden verkkoluennot. Verkkoluennot on tarkoitettu ensisijaisesti Savonia-ammattikorkeakoulun agrologiopiskelijoille: Verkkoluennoilla on harjoitust\u00f6iden ohjeita ja mm. viittauksia Savonian Moodle -oppimisymp\u00e4rist\u00f6jen opintomateriaaleihin. Verkkoluentoja voivat hy\u00f6dynt\u00e4\u00e4 my\u00f6s muut aiheesta kiinnostuneet: Savonia-ammattikorkeakoulun yritt\u00e4j\u00e4- ym. koulutuksiin osallistuvat, valmistuneet agrologit,<\/p>\n","protected":false},"author":21,"featured_media":0,"parent":0,"menu_order":0,"comment_status":"open","ping_status":"closed","template":"","meta":{"footnotes":""},"class_list":["post-229","page","type-page","status-publish","hentry"],"_links":{"self":[{"href":"https:\/\/blogi.savonia.fi\/myrverkkoluennot\/wp-json\/wp\/v2\/pages\/229","targetHints":{"allow":["GET"]}}],"collection":[{"href":"https:\/\/blogi.savonia.fi\/myrverkkoluennot\/wp-json\/wp\/v2\/pages"}],"about":[{"href":"https:\/\/blogi.savonia.fi\/myrverkkoluennot\/wp-json\/wp\/v2\/types\/page"}],"author":[{"embeddable":true,"href":"https:\/\/blogi.savonia.fi\/myrverkkoluennot\/wp-json\/wp\/v2\/users\/21"}],"replies":[{"embeddable":true,"href":"https:\/\/blogi.savonia.fi\/myrverkkoluennot\/wp-json\/wp\/v2\/comments?post=229"}],"version-history":[{"count":5,"href":"https:\/\/blogi.savonia.fi\/myrverkkoluennot\/wp-json\/wp\/v2\/pages\/229\/revisions"}],"predecessor-version":[{"id":750,"href":"https:\/\/blogi.savonia.fi\/myrverkkoluennot\/wp-json\/wp\/v2\/pages\/229\/revisions\/750"}],"wp:attachment":[{"href":"https:\/\/blogi.savonia.fi\/myrverkkoluennot\/wp-json\/wp\/v2\/media?parent=229"}],"curies":[{"name":"wp","href":"https:\/\/api.w.org\/{rel}","templated":true}]}}