{"id":27,"date":"2013-09-22T13:37:49","date_gmt":"2013-09-22T10:37:49","guid":{"rendered":"https:\/\/blogi.savonia.fi\/myrverkkoluennot\/?page_id=27"},"modified":"2025-11-27T09:16:17","modified_gmt":"2025-11-27T07:16:17","slug":"investoinnin-kannattavuus","status":"publish","type":"page","link":"https:\/\/blogi.savonia.fi\/myrverkkoluennot\/investoinnin-kannattavuus\/","title":{"rendered":"Investoinnin kannattavuus"},"content":{"rendered":"<p>Maatalouden investoinnin kannattavuus on esitelty t\u00e4ll\u00e4 sivulla luentotallenteissa: Johdanto, esimerkkej\u00e4 ja harjoitusteht\u00e4v\u00e4n ohjeita.<\/p>\n<p>Huom! Tallenteissa voi esiinty\u00e4 joitain vanhentuneita tietoja. Tarkista esim. urakointihinnat <a href=\"https:\/\/www.tts.fi\/hankkeet\/maatalous\/urakointi-ja-yhteistyo\/\" target=\"_blank\" rel=\"noopener\">Ty\u00f6tehoseuran sivuilta<\/a>.<\/p>\n<p>Sivua on viimeksi p\u00e4ivitetty 27.11.2025<\/p>\n<p>&#8211;<\/p>\n\n\n<p><a href=\"https:\/\/media.savonia.fi\/View.aspx?id=103092~5Y~77IrzSih6soC&amp;code=TB~rMSIsaobFRDUUk9DVFiwCVk4PIT9SlHdG8CyOGIvlrNwMhpLb9njUBWenWTrzfBUpJvkrHaft4L7CwJqTA&amp;ax=8j~gUqENwyPchtylqHz\">I01 Maatalouden investoinnin kannattavuus<\/a> (4 min)<\/p>\n\n\n\n<p><a href=\"https:\/\/media.savonia.fi\/View.aspx?id=103093~5Z~yT6QjRtDuthV&amp;code=TT~NggvX7fLMCpyXMbfgxQqQPmSiqlmx2U3j4L4nqGTGhisOwF6PMS2sHdbmssEgro2CsTiGXPMop8bGUVcJV&amp;ax=8k~IIGgxvKbAimRJgh4\">I02 Investoinnin kannattavuus<\/a> (15 min)<\/p>\n\n\n\n<p><a href=\"https:\/\/media.savonia.fi\/View.aspx?id=103094~60~9vmsV4EZSubf&amp;code=TL~DHPerCvkg4q2sGawh5T6Wt9NJ2cJSkUgQXNcbTBHCVkrvMQ0a5KizcftbiWjiNinqNIBRUxkIgBgnjssCp&amp;ax=8l~jjVRhuVx77gbfTHK\">I03 Investoinnin kannattavuuslaskelma<\/a> (7 min)<\/p>\n\n\n\n<p>&#8211;<\/p>\n\n\n\n<h2 class=\"wp-block-heading\">Investoinnin kannattavuuslaskelman ohjeet<\/h2>\n\n\n\n<p><a href=\"https:\/\/media.savonia.fi\/View.aspx?id=103095~62~BiC5F3QlpjVJ&amp;code=Tv~kCeghQ9fVmqXjH96ib7dgzARJ5MGHHUFemRsG3rjweopLwkEx4uOMak4GbbbnN6ZUXngmENzuEGmB8nNnl&amp;ax=8m~L6khSGfHv89uDIhf\">I04 Investoinnin kannattavuuslaskelman ohjeet tiivistettyn\u00e4<\/a> (7 min)<\/p>\n\n\n\n<p><a href=\"https:\/\/media.savonia.fi\/View.aspx?id=103096~63~bSRGp2avNkP3&amp;code=TQ~j5mRRWyTtKJGFtBzNZKMFEVRf6IIrI9AWnSwj6yil5wvnxCxA9VLP6kGvz6xaHzirsPfEkINPJWWfHjRtN&amp;ax=8n~lGzSCFr3T9TZamHV\">I05 Investoinnin kannattavuuslaskelman esittely<\/a> (6 min)<\/p>\n\n\n\n<p><a href=\"https:\/\/media.savonia.fi\/View.aspx?id=103097~64~DFg690lQk9Im&amp;code=Tm~AuxnTzdsRYy9hYySc9HsAezsz8corKnEpSmBt6SIlOdljOcYDkG38UGAgkPc6AEonXbdf2sN6rzl8nhXsa&amp;ax=8o~NuPumECppXNiychq\">I06 Investoinnin kustannuslaskelma<\/a> (2 min)<\/p>\n\n\n\n<p><a href=\"https:\/\/media.savonia.fi\/View.aspx?id=103098~65~ehvHKcxdIaBF&amp;code=Tw~MptST2kBsbkgHxzMoKqPTLpcssnarKAGAIxfHuLUDjBsUwDeChbPEHR0USS3HrkWp9oxFaPUlvprKkS4aY&amp;ax=8p~o5dT6DNKNYGBW2I7\">I07 Investoinnin rahoituslaskelma<\/a> (4 min)<\/p>\n\n\n\n<p><a href=\"https:\/\/media.savonia.fi\/View.aspx?id=103099~66~G4LjucIzeYuY&amp;code=Tz~ponv6ZSFL2Rk8E9sIvwudKHovLQZx4tXOBpMLOUv7jnquiFMRU85ikJvLKmYNd9PAaswHHWPLjrMkqCfr7&amp;ax=8q~PRtwHO7UkNzUsFhB\">I08 Investointilaskelman l\u00e4ht\u00f6tiedot<\/a> (10 min)<\/p>\n\n\n\n<p><a href=\"https:\/\/media.savonia.fi\/View.aspx?id=103100~5O~MnLWAqb9w7Ct&amp;code=TH~yVFYCtD7qoQQDKabHXtO86UtWl8qbLtLgHnFXl8vaElrN2uRGqfObPHdWUKyKCfzLKDbwIo0rvPQE9e0yD&amp;ax=8r~qtJ8rOjhIOteQvIi\">I09 Investointilaskelmat<\/a> (8 min)<\/p>\n\n\n\n<p><a href=\"https:\/\/media.savonia.fi\/View.aspx?id=103101~5P~mYamkpmvU8vM&amp;code=TU~nQw7H6r8jriQuqBVn8iQCObdSYN2h4A5FqqQoRaiNmvvXvXFUZz3lfK8B9ilzZCc6xUE8eS0fhIrQ9yfxz&amp;ax=8s~Sg7xbNuCfDmxn9hM\">I10 Investointilaskelman menetelm\u00e4n valinta<\/a> (5 min)<\/p>\n\n\n\n<p><a href=\"https:\/\/media.savonia.fi\/View.aspx?id=103102~5Q~OLpXVAxQqWp6&amp;code=TC~Tzh8c9zxcGxcqXAkb3C8oV8pz5tDCnnfbiilQ8bUsw9nVgIlgmVxN9BZCDJ8SVPOL7wDKicvk0ubLDmrHe&amp;ax=8k~IIGgxvKbAjmQJgh4\">I11 Investointilaskelman johtop\u00e4\u00e4t\u00f6kset<\/a> (7 min)<\/p>\n\n\n\n<p>Esimerkit<\/p>\n\n\n\n<p><a href=\"https:\/\/media.savonia.fi\/View.aspx?id=103103~5R~pmFzFAJdOXio&amp;code=TR~KRCuBWKgRLCXc7b4UzdcrDKdPFjcbKGNrxyikxSTs9JywxV8FmCMHDREKgNqueNfMQQCWXLbGDFYoOO2hs&amp;ax=8l~jjVRhuVx78gafTHK\">I12 Investointilaskelman l\u00e4ht\u00f6tiedot, esimerkki<\/a> (3 min)<\/p>\n\n\n\n<p><a href=\"https:\/\/media.savonia.fi\/View.aspx?id=103104~5S~R9VbpzUzlMbH&amp;code=TM~ejdDbBGGE5jjQwBdnFlvItPlspEpCmAhm8sYdlWjJZxuEMhofirjrJMqpZLZCtwqMbJWjlzEz8klwlWwq3&amp;ax=8m~L6khSGfHv99tDIhf\">I13 Investointilaskelmat, esimerkki<\/a> (14 min)<\/p>\n\n\n\n<p><\/p>\n","protected":false},"excerpt":{"rendered":"<p>Maatalouden investoinnin kannattavuus on esitelty t\u00e4ll\u00e4 sivulla luentotallenteissa: Johdanto, esimerkkej\u00e4 ja harjoitusteht\u00e4v\u00e4n ohjeita. Huom! Tallenteissa voi esiinty\u00e4 joitain vanhentuneita tietoja. Tarkista esim. urakointihinnat Ty\u00f6tehoseuran sivuilta. Sivua on viimeksi p\u00e4ivitetty 27.11.2025 &#8211; I01 Maatalouden investoinnin kannattavuus (4 min) I02 Investoinnin kannattavuus<\/p>\n","protected":false},"author":21,"featured_media":0,"parent":0,"menu_order":0,"comment_status":"open","ping_status":"open","template":"","meta":{"footnotes":""},"class_list":["post-27","page","type-page","status-publish","hentry"],"_links":{"self":[{"href":"https:\/\/blogi.savonia.fi\/myrverkkoluennot\/wp-json\/wp\/v2\/pages\/27","targetHints":{"allow":["GET"]}}],"collection":[{"href":"https:\/\/blogi.savonia.fi\/myrverkkoluennot\/wp-json\/wp\/v2\/pages"}],"about":[{"href":"https:\/\/blogi.savonia.fi\/myrverkkoluennot\/wp-json\/wp\/v2\/types\/page"}],"author":[{"embeddable":true,"href":"https:\/\/blogi.savonia.fi\/myrverkkoluennot\/wp-json\/wp\/v2\/users\/21"}],"replies":[{"embeddable":true,"href":"https:\/\/blogi.savonia.fi\/myrverkkoluennot\/wp-json\/wp\/v2\/comments?post=27"}],"version-history":[{"count":19,"href":"https:\/\/blogi.savonia.fi\/myrverkkoluennot\/wp-json\/wp\/v2\/pages\/27\/revisions"}],"predecessor-version":[{"id":754,"href":"https:\/\/blogi.savonia.fi\/myrverkkoluennot\/wp-json\/wp\/v2\/pages\/27\/revisions\/754"}],"wp:attachment":[{"href":"https:\/\/blogi.savonia.fi\/myrverkkoluennot\/wp-json\/wp\/v2\/media?parent=27"}],"curies":[{"name":"wp","href":"https:\/\/api.w.org\/{rel}","templated":true}]}}