{"id":31,"date":"2013-09-22T13:39:11","date_gmt":"2013-09-22T10:39:11","guid":{"rendered":"https:\/\/blogi.savonia.fi\/myrverkkoluennot\/?page_id=31"},"modified":"2024-02-24T08:33:59","modified_gmt":"2024-02-24T06:33:59","slug":"maksuvalmius","status":"publish","type":"page","link":"https:\/\/blogi.savonia.fi\/myrverkkoluennot\/maksuvalmius\/","title":{"rendered":"Maksuvalmius"},"content":{"rendered":"<p>Maatilan maksuvalmius on esitelty verkkoluennoilla harjoitusty\u00f6n avulla. Tutustu ensiksi yleisohjeisiin harjoitusteht\u00e4v\u00e4ss\u00e4 etenemisest\u00e4 jne. Voit k\u00e4ytt\u00e4\u00e4 tallenteita my\u00f6s maatilan maksuvalmiuteen perehtymiseen ilman harjoitusteht\u00e4v\u00e4\u00e4.<\/p>\n<p>Verkkoluennoissa voi esiinty\u00e4 esim. vanhoja hintatietoja, mutta esitetyt periaatteet ovat kuitenkin toimivia! Tarkista ajantasaiset ohjeet ja aikataulut opintojakson Moodlesta ja Ruokaviraston linkist\u00e4.<\/p>\n<p>Maksuvalmiusharjoitusteht\u00e4v\u00e4pohja ovat saatavissa ainoastaan opintojakson Moodlesta, johon saat tunnukset ilmoittautumalla Avoimen amkin tai CampusOnlinen kautta opintojaksolle.<\/p>\n<p>Ruokavirasto <a href=\"https:\/\/www.ruokavirasto.fi\/tuet\/maatalous\/investoinnit\/maatalouden-investointituet\/\" target=\"_blank\" rel=\"noopener\">www.ruokavirasto.fi<\/a><\/p>\n<p>\u2013<\/p>\n<p>Sivua on viimeksi p\u00e4ivitetty 24.2.2024<\/p>\n<p>&#8211;<\/p>\n<h3>Maatilan maksuvalmius<\/h3>\n<p>01 <a href=\"https:\/\/media.savonia.fi\/View.aspx?id=85424~5k~cHWwC4GTUp&amp;code=Tf~SJuv84EmJsrTaI7FjhcxrRaIJ7vrx6V5sWVHj0gVpxsna5GuU2fq7XoKjRhgsKMPxUT5IHcHheLsOXjp&amp;ax=7E~mwEKPC6e95vQqp\">Maatilan maksuvalmius<\/a> (20 min)<\/p>\n<p>&#8211;<\/p>\n<h3>Maatilan maksuvalmiussuunnitelma<\/h3>\n<p>02 <a href=\"https:\/\/media.savonia.fi\/View.aspx?id=85425~5l~EukWm3Sgrf&amp;code=T7~Jcc2tMTUcTsnwP6WjOfcxwOQixmPSnVh9DXP7ubJmcumIxRpek7Gesr38IKVviGZmpIvTALuB0nnveHJ&amp;ax=7F~OjUmzBhzx7p9Of\">Maksuvalmiuslaskelman tavoite ja tarkoitus<\/a> (5 min)<\/p>\n<p>03 <a href=\"https:\/\/media.savonia.fi\/View.aspx?id=85426~5m~f6AyXecqPh&amp;code=SY~zDKKPuihxysPSVXqkmhQDaBLJaedmtVtHw8LNaXJiPwmpOb8pOR9kVtlOKnpxNBkaKxLdosWUTQybyeP&amp;ax=7G~oTiLjBsVV9irkS\">Maksuvalmiuslaskelman hy\u00f6dynt\u00e4minen<\/a> (7 min)<\/p>\n<p>04 <a href=\"https:\/\/media.savonia.fi\/View.aspx?id=85427~5n~GSQaHdnLm7&amp;code=T6~hoNCJMIzG5z58ZxsdeMLLw9jzaMlh9o3EtqQXfIkf7hjzyyO97qElULhLeVcbyt4S9H3B5JcK9Ermddu&amp;ax=7H~QGynUMEirYbJII\">Maksuvalmiuslaskelman arviointi<\/a> (2 min)<\/p>\n<p>05 <a href=\"https:\/\/media.savonia.fi\/View.aspx?id=85428~5o~htezrcz8K9&amp;code=Tp~dsr07xLwjDe0Ai8yvSN7LpRECrGex5gUDLf9xpa7H0QvKMfxSYCoDKzb7ek6cltlz3fihDzKwkBIzITr&amp;ax=7I~riNYELPDQ0Wefm\">Maksuvalmiuslaskelman toimintaohje 1<\/a> (2 min)<\/p>\n<p>06 <a href=\"https:\/\/media.savonia.fi\/View.aspx?id=85429~5p~JhubbcKugY&amp;code=SY~zDKKPuihxysPSVXqkmhQDaBLJaedmtVtHw8LNaXJiPwmpOb8pOR9kVtlOLnmxKBhaIxMdnsYUYQBbzeO&amp;ax=7J~T5cpoK9NmQPvDc\">Maksuvalmiuslaskelman toimintaohje 2<\/a> (3 min)<\/p>\n<p>07 <a href=\"https:\/\/media.savonia.fi\/View.aspx?id=85430~5h~zIbHwT8RBu&amp;code=T6~hoNCJMIzG5z58ZxsdeMLLw9jzaMlh9o3EtqQXfIkf7hjzyyO97qElULhLeVibFt0S7H6AZJ9KeEombdr&amp;ax=7K~tFs08KlaKSIN9P\">Maksuvalmiuslaskelman aloitus<\/a> (11 min)<\/p>\n<p>08 <a href=\"https:\/\/media.savonia.fi\/View.aspx?id=85431~5i~akrjgSkd8k&amp;code=SX~7Qv9ejY89wzyv6wJdMPqRaNr8ADJCroglasYLJD9bLjigPJJkBiUsoNzA6xCe0nlGCwoM5qKcNghTFBT&amp;ax=7L~VsHCJVwvhIC6xE\">Maksuvalmiuslaskelman analysointi<\/a> (9 min)<\/p>\n<p>09 <a href=\"https:\/\/media.savonia.fi\/View.aspx?id=85432~5j~C7GUS4vzwm&amp;code=SP~PvcFA0muubA0Rdw0ekS6WOAmzdv7XIosT4v7AdxW8qlhPiUEw6bbySPRoVa6gwhFv8lHX58dwFJqzV8T&amp;ax=7D~LUp9erM5CeCzTL\">Veroaineistoesimerkki, P\u00e4\u00e4kirja<\/a> (7 min)<\/p>\n<p>&#8211;<\/p>\n<h3>Maksuvalmiuslaskelman ohjeet<\/h3>\n<h4>Ensimm\u00e4inen vaihe, nykytilanne<\/h4>\n<p>10 <a href=\"https:\/\/media.savonia.fi\/View.aspx?id=85433~5k~cHWwC4GUUo&amp;code=T6~hoNCJMIzG5z58ZxsdeMLLw9jzaMlh9o3EtqQXfIkf7hjzyyO97qElULhLfVfbBt8S6H3B0JbKhEnmadq&amp;ax=7E~mwEKPC6f94vQqp\">L\u00e4ht\u00f6tiedot<\/a> (12 min)<\/p>\n<p>11 <a href=\"https:\/\/media.savonia.fi\/View.aspx?id=85434~5l~EukWm3Shre&amp;code=T7~Jcc2tMTUcTsnwP6WjOfcxwOQixmPSnVh9DXP7ubJmcumIxRpek7Gesr38KKVviH0mlInTBLrB3nqvjHK&amp;ax=7F~OjUmzBhAx6p9Of\">Taustatietoja maatilayrityksest\u00e4 ja suunnitellusta investoinnista<\/a> (4 min)<\/p>\n<p>12 <a href=\"https:\/\/media.savonia.fi\/View.aspx?id=85435~5m~f6AyXecrPg&amp;code=Tq~FgGCIIWRHE7j6VzfCtfwxpFZlOgHh7O98VM8yQuIO6cmTLy8YcjpwieWlW9Ow5HiUsgwAgC2n9kKIQwt&amp;ax=7G~oTiLjBsWV8irkS\">Maatalouden tulot<\/a> (10 min)<\/p>\n<p>13 <a href=\"https:\/\/media.savonia.fi\/View.aspx?id=85436~5n~GSQaHdnMm6&amp;code=SN~N8yDeQQYzlNrWJvPSmeQxCXHfgsWCsbdalilxkJWLtMnxjjulEN9NND9MLuMuqGPFpj4lOUPOTqehISW&amp;ax=7H~QGynUMEjrXbJII\">Maatalouden menot, erittely<\/a> (7 min)<\/p>\n<p>14 <a href=\"https:\/\/media.savonia.fi\/View.aspx?id=85437~5o~htezrcz9K8&amp;code=T7~Jcc2tMTUcTsnwP6WjOfcxwOQixmPSnVh9DXP7ubJmcumIxRpek7Gesr38LKSveH8mkIqTELtB4novfHH&amp;ax=7I~riNYELPEPZWefm\">Rehuostot eriteltyin\u00e4<\/a> (3 min)<\/p>\n<p>15 <a href=\"https:\/\/media.savonia.fi\/View.aspx?id=85438~5p~JhubbcKvgX&amp;code=T8~jMrDdLe5AUlFUFxDqoyNjvDbT7OvCqBjvZDC8VwktgHqRxiMjxFT6Y6NnsAyOUUZHLJMl4NGrV6qEpkI&amp;ax=7J~T5cpoK9OmPPvDc\">Yhteenveto tulojen ja menojen kirjaamisesta<\/a> (6 min)<\/p>\n<p>16 <a href=\"https:\/\/media.savonia.fi\/View.aspx?id=85439~5q~jRJMMnVQEZ&amp;code=T6~hoNCJMIzG5z58ZxsdeMLLw9jzaMlh9o3EtqQXfIkf7hjzyyO97qElULhLgVibFt2S4HbB3JbK8Eom6ds&amp;ax=7K~tFs08KlbKRIN9P\">T\u00e4ydennys ja viittaus ohjeita Maksuvalmiuslaskelmaan<\/a> (3 min)<\/p>\n<p>17 <a href=\"https:\/\/media.savonia.fi\/View.aspx?id=85440~5i~akrjgSke8j&amp;code=SO~nIOfQ2b8XmGItnWw7KytjCM2PPUDmuIrwHPkyLdlSy8eGjC4qRuaGliUa7kqO3UP9EkoEuX8FO9fqVvU&amp;ax=7L~VsHCJVwwhHC6xE\">Ensimm\u00e4isess\u00e4 vaiheessa tulot ja menot kopioidaan seuraaville vuosille<\/a> (6 min)<\/p>\n<p>18 <a href=\"https:\/\/media.savonia.fi\/View.aspx?id=85441~5j~C7GUS4vAwl&amp;code=T8~jMrDdLe5AUlFUFxDqoyNjvDbT7OvCqBjvZDC8VwktgHqRxiMjxFT6Y6OnjAvOQV7HLJMkYNIrT6zEqkL&amp;ax=7M~w4XetUHSFJvoVu\">Mets\u00e4talous ja muu yritystoiminta<\/a> (4 min)<\/p>\n<p>19 <a href=\"https:\/\/media.savonia.fi\/View.aspx?id=85442~5k~cHWwC4GVUn&amp;code=SE~bMRKQzVbvXUBUZVDMkP6RhWiWvJQmvvolREGknk9B4BjWNbOrV7cax8umLhDdkn08t70ejA4qPj0G7N0&amp;ax=7E~mwEKPC6g93vQqp\">Verovuoden investointimenot<\/a> (6 min)<\/p>\n<p>20 <a href=\"https:\/\/media.savonia.fi\/View.aspx?id=85443~5l~EukWm3Sird&amp;code=SX~7Qv9ejY89wzyv6wJdMPqRaNr8ADJCroglasYLJD9bLjigPJJkBiUsoNAzXxIe8njGAwrM0qIcNgmTJBL&amp;ax=7F~OjUmzBhBx5p9Of\">Vanhat lainat<\/a> (4 min)<\/p>\n<p>21 <a href=\"https:\/\/media.savonia.fi\/View.aspx?id=85453~5m~f6AyXectPe&amp;code=T8~jMrDdLe5AUlFUFxDqoyNjvDbT7OvCqBjvZDC8VwktgHqRxiMjxFT6Y6OnlABOXV6HGJGl4NOrZ6tEkkD&amp;ax=7x~ELBSVlx0RIpCj9\">Vanhat lainat eli laskentakauden alun lainat<\/a> (12 min)<\/p>\n<p>22 <a href=\"https:\/\/media.savonia.fi\/View.aspx?id=85454~5n~GSQaHdnOm4&amp;code=SW~xgfxujMLCHGg7gXf7cvOdY7Tpdc3SoIePZNcKiixVT6f7Pr9foBTzQgClkHZLA9olev3tqotlXxfKv7F&amp;ax=7y~fmRuFkInoyiUGY\">Yksityistalous<\/a> (4 min)<\/p>\n<p>23 <a href=\"https:\/\/media.savonia.fi\/View.aspx?id=85455~5o~htezrczbK6&amp;code=SO~nIOfQ2b8XmGItnWw7KytjCM2PPUDmuIrwHPkyLdlSy8eGjC4qRuaGliUaaktO7UL9AkoEqX6FP9iqQvZ&amp;ax=7z~H9fTpjTJMBccdC\">Laadi maksuvalmiussivu<\/a> (5 min)<\/p>\n<p>&#8211;<\/p>\n<h4>Tarkista ja vertaa verolomakkeeseen<\/h4>\n<p>24 <a href=\"https:\/\/media.savonia.fi\/View.aspx?id=85444~5m~f6AyXecsPf&amp;code=Th~V78wtf9SEieuWo7PwrPLR3EAbRxBSmh8kthhlTW8DFSus4qsdguEKfBuNaNOeUnAnwVHsAhoQ5dDg3qC&amp;ax=7G~oTiLjBsXV7irkS\">Tarkista ja vertaa maksuvalmiuslaskelma 2-lomakkeeseen<\/a> (7 min)<\/p>\n<p>25 <a href=\"https:\/\/media.savonia.fi\/View.aspx?id=85445~5n~GSQaHdnNm5&amp;code=SW~xgfxujMLCHGg7gXf7cvOdY7Tpdc3SoIePZNcKiixVT6f7Pr9foBTzQgCliHZLA9nl9v8tqoom0xgKA7E&amp;ax=7H~QGynUMEkrWbJII\">2-lomakkeen 1-2 sivut<\/a> (3 min)<\/p>\n<p>26 <a href=\"https:\/\/media.savonia.fi\/View.aspx?id=85446~5o~htezrczaK7&amp;code=T7~Jcc2tMTUcTsnwP6WjOfcxwOQixmPSnVh9DXP7ubJmcumIxRpek7Gesr48DKSveH9mlIoTDLoB8nsvlHG&amp;ax=7I~riNYELPFPYWefm\">Tasausvarausta ei kopioida seuraaville vuosille<\/a> (1 min)<\/p>\n<p>27 <a href=\"https:\/\/media.savonia.fi\/View.aspx?id=85447~5p~JhubbcKwgW&amp;code=T8~jMrDdLe5AUlFUFxDqoyNjvDbT7OvCqBjvZDC8VwktgHqRxiMjxFT6Y6OnkAyOUV0HMJPkYNGrY6tErkH&amp;ax=7J~T5cpoK9PmOPvDc\">Poistot<\/a> (4 min)<\/p>\n<p>28 <a href=\"https:\/\/media.savonia.fi\/View.aspx?id=85448~5q~jRJMMnVREY&amp;code=T6~hoNCJMIzG5z58ZxsdeMLLw9jzaMlh9o3EtqQXfIkf7hjzyyO97qElULiL8VibFt3S6H8B5J6KaEqm9dv&amp;ax=7K~tFs08KlcKQIN9P\">Korjaa poikkeavat poistot tai perustele<\/a> (1 min)<\/p>\n<p>29 <a href=\"https:\/\/media.savonia.fi\/View.aspx?id=85449~5r~LE8cwmg2bO&amp;code=SX~7Qv9ejY89wzyv6wJdMPqRaNr8ADJCroglasYLJD9bLjigPJJkBiUsoNAzZxCe0nnGCwqM3qGcQgnTJBN&amp;ax=7L~VsHCJVwxhGC6xE\">Korotetut konepoistot<\/a> (1 min)<\/p>\n<p>30 <a href=\"https:\/\/media.savonia.fi\/View.aspx?id=85450~5j~C7GUS4vBwk&amp;code=SY~zDKKPuihxysPSVXqkmhQDaBLJaedmtVtHw8LNaXJiPwmpOb8pOR9kVtmOGnjxGBqaIxIdtt3UTQxbFeN&amp;ax=7M~w4XetUHTFIvoVu\">Nettovarallisuus<\/a> (6 min)<\/p>\n<p>31 <a href=\"https:\/\/media.savonia.fi\/View.aspx?id=85451~5k~cHWwC4GWUm&amp;code=T6~hoNCJMIzG5z58ZxsdeMLLw9jzaMlh9o3EtqQXfIkf7hjzyyO97qElULiL9VfbCsZS8H3B5J7KgElmfdy&amp;ax=7N~6ElDdTTfczoGs8\">Tulos<\/a> (5 min)<\/p>\n<p>32 <a href=\"https:\/\/media.savonia.fi\/View.aspx?id=85452~5l~EukWm3Sjrc&amp;code=SF~DzgaAyflTYNTrDv8SThwDhKCFSkkXJbqIektlNEKI8OmeAupx9FpUhFsBu7jwZB5tY8nwNCkhyTgPeq2&amp;ax=7w~cXmhk9lFtGwkMv\">Maatilaosakeyhti\u00f6n verotus<\/a> (10 min)<\/p>\n<p>&#8211;<\/p>\n<h3>Toinen vaihe, Kehitt\u00e4misinvestointi ja rahoitus<\/h3>\n<p>33 <a href=\"https:\/\/media.savonia.fi\/View.aspx?id=85456~5p~JhubbcKxgV&amp;code=T8~jMrDdLe5AUlFUFxDqoyNjvDbT7OvCqBjvZDC8VwktgHqRxiMjxFT6Y6OnmAyOUV3HIJJl2NLrT6yEqkG&amp;ax=7A~hJvv9idSjrWGBs\">Kehitt\u00e4misinvestointi ja rahoitus<\/a> (14 min)<\/p>\n<p>34 <a href=\"https:\/\/media.savonia.fi\/View.aspx?id=85457~5q~jRJMMnVSEX&amp;code=Tf~SJuv84EmJsrTaI7FjhcxrRaIJ7vrx6V5sWVHj0gVpxsna5GuU2fq7XoLjOhjsOMMxVT7IFcDhgLwOVjm&amp;ax=7B~JxL7KupfHtPY86\">Investointituet<\/a> (10 min)<\/p>\n<p>35 <a href=\"https:\/\/media.savonia.fi\/View.aspx?id=85458~5r~LE8cwmg3bN&amp;code=SX~7Qv9ejY89wzyv6wJdMPqRaNr8ADJCroglasYLJD9bLjigPJJkBiUsoNAA2xCe0npGywuLYqKcVghTDBQ&amp;ax=7C~k89xutABejJhvV\">Investointituet Ruokaviraston sivulta, esimerkki<\/a> (3 min)<\/p>\n<p>&#8211;<\/p>\n<h3>Maksuvalmiuslaskelman viimeistely<\/h3>\n<p>36 <a href=\"https:\/\/media.savonia.fi\/View.aspx?id=85459~5s~mfnOglrozP&amp;code=SP~PvcFA0muubA0Rdw0ekS6WOAmzdv7XIosT4v7AdxW8qlhPiUEw6bbySPSoRa6gxhzv6lHWX8iwKJqzZ8W&amp;ax=7D~LUp9esLWClCzTL\">Maksuvalmiuslaskelman viimeistely<\/a> (12 min)<\/p>\n<p>37 <a href=\"https:\/\/media.savonia.fi\/View.aspx?id=85460~5k~cHWwC4GXUl&amp;code=SW~xgfxujMLCHGg7gXf7cvOdY7Tpdc3SoIePZNcKiixVT6f7Pr9foBTzQgCllI3LE9jl9v6ttorlVxkKw7z&amp;ax=7E~mwEKPD679bvQqp\">Maksuvalmiuslaskelman viimeistely, nollaa kassa toteutuneilta vuosilta<\/a> (2 min)<\/p>\n<p>38 <a href=\"https:\/\/media.savonia.fi\/View.aspx?id=85461~5l~EukWm3Skrb&amp;code=Tg~tkK7JgPIghlcyyylpQw9dRQfsuX8h8B6PjBuksBwwBFrj47R83NDRHVIyx6VMr9AThUua2f584ut6PNC&amp;ax=7F~OjUmzChsxdp9Of\">Maksuvalmiuslaskelman viimeistely, alv-menettely<\/a> (4 min)<\/p>\n<p>39 <a href=\"https:\/\/media.savonia.fi\/View.aspx?id=85462~5m~f6AyXecuPd&amp;code=SP~PvcFA0muubA0Rdw0ekS6WOAmzdv7XIosT4v7AdxW8qlhPiUEw6bbySPSoRacgDhHuYlJWY8fwEJqzV8T&amp;ax=7x~ELBSVlx2RHpCj9\">Maksuvalmiuslaskelman viimeistely, suunnitelmapoistot<\/a> (7 min)<\/p>\n<p>40 <a href=\"https:\/\/media.savonia.fi\/View.aspx?id=85463~5n~GSQaHdnPm3&amp;code=SW~xgfxujMLCHGg7gXf7cvOdY7Tpdc3SoIePZNcKiixVT6f7Pr9foBTzQgClmHZLB9glcvatposlZxjKy7y&amp;ax=7y~fmRuFkIooxiUGY\">Maksuvalmiuslaskelman viimeistely, kuukausi- tai nelj\u00e4nnesvuosialviin<\/a> (10 min)<\/p>\n<p>&#8211;<\/p>\n<h3>Testaa, analysoi ja tee johtop\u00e4\u00e4t\u00f6kset<\/h3>\n<p>41 <a href=\"https:\/\/media.savonia.fi\/View.aspx?id=85464~5o~htezrczcK5&amp;code=Tg~tkK7JgPIghlcyyylpQw9dRQfsuX8h8B6PjBuksBwwBFrj47R83NDRHVIyy6SMo9xTlUpa4f087uC6PNB&amp;ax=7z~H9fTpjTKMAccdC\">Testaa maksuvalmiutta<\/a> (7 min)<\/p>\n<p>42 <a href=\"https:\/\/media.savonia.fi\/View.aspx?id=85465~5p~JhubbcKygU&amp;code=Tq~FgGCIIWRHE7j6VzfCtfwxpFZlOgHh7O98VM8yQuIO6cmTLy8YcjpwieXlT9Lw2HkUngEAfC3nakLIRwt&amp;ax=7A~hJvv9idTjqWGBs\">Analysoi maksuvalmius ja tee johtop\u00e4\u00e4t\u00f6kset<\/a> (8 min)<\/p>\n<p>43 <a href=\"https:\/\/media.savonia.fi\/View.aspx?id=85466~5q~jRJMMnVTEW&amp;code=To~CRbonxAaMOkIcsz4pjtu8dc8T4exN2AThpzmvYGIzWDrBNO9NKVnLdTqJHuwJYfkdFdVQexrFvSBqypd&amp;ax=7B~JxL7KupgHsPY86\">Grafiikan hy\u00f6dynt\u00e4minen analysoinnissa<\/a> (11 min)<\/p>\n<p>44 <a href=\"https:\/\/media.savonia.fi\/View.aspx?id=85467~5r~LE8cwmg4bM&amp;code=SX~7Qv9ejY89wzyv6wJdMPqRaNr8ADJCroglasYLJD9bLjigPJJkBiUsoNAA4xCe2nhGzwpM4qKcMgpTJBP&amp;ax=7C~k89xutACeiJhvV\">Rahoittajan vaatimukset<\/a> (8 min)<\/p>\n<p>45 <a href=\"https:\/\/media.savonia.fi\/View.aspx?id=85468~5s~mfnOglrpzO&amp;code=T8~jMrDdLe5AUlFUFxDqoyNjvDbT7OvCqBjvZDC8VwktgHqRxiMjxFT6Y6OnpAvORV2HMJHkXNGrZ6yEtkI&amp;ax=7D~LUp9esLXCkCzTL\">L\u00e4ht\u00f6tietojen arviointi<\/a> (7 min)<\/p>\n<p>&#8211;<\/p>\n<h3>Tase, tuloslaskelma, tunnusluvut, MiniLikwi ja maksimilainam\u00e4\u00e4r\u00e4laskuri<\/h3>\n<p>46 <a href=\"https:\/\/media.savonia.fi\/View.aspx?id=85469~5t~O3DqRwCL6E&amp;code=T6~hoNCJMIzG5z58ZxsdeMLLw9jzaMlh9o3EtqQXfIkf7hjzyyO97qElULiLdVfbCt4S6HbB2JbKbEpm7ds&amp;ax=7E~mwEKPD689avQqp\">Tase, Maatalouden varat<\/a> (24 min)<\/p>\n<p>47 <a href=\"https:\/\/media.savonia.fi\/View.aspx?id=85470~5l~EukWm3Slra&amp;code=T7~Jcc2tMTUcTsnwP6WjOfcxwOQixmPSnVh9DXP7ubJmcumIxRpek7Gesr48IKVviH7mnIuTyLqB5nnvgHE&amp;ax=7F~OjUmzChtxcp9Of\">MiniLikwi<\/a> (13 min)<\/p>\n<p>48 <a href=\"https:\/\/media.savonia.fi\/View.aspx?id=85471~5m~f6AyXecvPc&amp;code=SP~PvcFA0muubA0Rdw0ekS6WOAmzdv7XIosT4v7AdxW8qlhPiUEw6bbySPSoUa3guhzv0lNWZ8ewGJrA093&amp;ax=7G~oTiLjCsPVeirkS\">Maksimilainam\u00e4\u00e4r\u00e4laskuri<\/a> (4 min)<\/p>\n<p>&#8211;<\/p>\n","protected":false},"excerpt":{"rendered":"<p>Maatilan maksuvalmius on esitelty verkkoluennoilla harjoitusty\u00f6n avulla. Tutustu ensiksi yleisohjeisiin harjoitusteht\u00e4v\u00e4ss\u00e4 etenemisest\u00e4 jne. Voit k\u00e4ytt\u00e4\u00e4 tallenteita my\u00f6s maatilan maksuvalmiuteen perehtymiseen ilman harjoitusteht\u00e4v\u00e4\u00e4. Verkkoluennoissa voi esiinty\u00e4 esim. vanhoja hintatietoja, mutta esitetyt periaatteet ovat kuitenkin toimivia! Tarkista ajantasaiset ohjeet ja aikataulut opintojakson<\/p>\n","protected":false},"author":21,"featured_media":0,"parent":0,"menu_order":0,"comment_status":"open","ping_status":"open","template":"","meta":{"footnotes":""},"class_list":["post-31","page","type-page","status-publish","hentry"],"_links":{"self":[{"href":"https:\/\/blogi.savonia.fi\/myrverkkoluennot\/wp-json\/wp\/v2\/pages\/31","targetHints":{"allow":["GET"]}}],"collection":[{"href":"https:\/\/blogi.savonia.fi\/myrverkkoluennot\/wp-json\/wp\/v2\/pages"}],"about":[{"href":"https:\/\/blogi.savonia.fi\/myrverkkoluennot\/wp-json\/wp\/v2\/types\/page"}],"author":[{"embeddable":true,"href":"https:\/\/blogi.savonia.fi\/myrverkkoluennot\/wp-json\/wp\/v2\/users\/21"}],"replies":[{"embeddable":true,"href":"https:\/\/blogi.savonia.fi\/myrverkkoluennot\/wp-json\/wp\/v2\/comments?post=31"}],"version-history":[{"count":38,"href":"https:\/\/blogi.savonia.fi\/myrverkkoluennot\/wp-json\/wp\/v2\/pages\/31\/revisions"}],"predecessor-version":[{"id":689,"href":"https:\/\/blogi.savonia.fi\/myrverkkoluennot\/wp-json\/wp\/v2\/pages\/31\/revisions\/689"}],"wp:attachment":[{"href":"https:\/\/blogi.savonia.fi\/myrverkkoluennot\/wp-json\/wp\/v2\/media?parent=31"}],"curies":[{"name":"wp","href":"https:\/\/api.w.org\/{rel}","templated":true}]}}