{"id":340,"date":"2019-01-20T09:58:17","date_gmt":"2019-01-20T07:58:17","guid":{"rendered":"https:\/\/blogi.savonia.fi\/myrverkkoluennot\/?page_id=340"},"modified":"2025-04-01T17:24:29","modified_gmt":"2025-04-01T14:24:29","slug":"maatilayrittaminen","status":"publish","type":"page","link":"https:\/\/blogi.savonia.fi\/myrverkkoluennot\/maatilayrittaminen\/","title":{"rendered":"Maatilayritt\u00e4minen"},"content":{"rendered":"\n\n\n<p>Maatilayritt\u00e4minen tallenteissa on johdanto maatalouden yritystalouteen. Maatilayritt\u00e4misen opiskelu aloitetaan maatalouden <strong>verotuksella ja suunnittelun ja kannattavuuslaskennan perusteilla<\/strong>. Niiden verkkoluennot l\u00f6yt\u00e4v\u00e4t omilta sivuiltaan.<\/p>\n\n\n\n<p>Sivua on viimeksi p\u00e4ivitetty 1.4.2025<\/p>\n\n\n\n<p>\u2013<\/p>\n\n\n\n<p>01 <a href=\"https:\/\/media.savonia.fi\/View.aspx?id=96989~5C~yckkfSyBa2&amp;code=T6~hoNCJMIzG5z58ZxsdeMLLw9jzaMlh9o3EtqQXfIkf7hjzyyO97qHlULaLeVhbyt8S7H8B0JaKbErmbds&amp;ax=7N~6FlEdZT9cxoGs8\">Maatilayritt\u00e4minen, suunnittelun ja kannattavuuslaskennan perusteet<\/a> (14 min)<\/p>\n\n\n\n<p>02 <a href=\"https:\/\/media.savonia.fi\/View.aspx?id=96990~5u~oET3BBObux&amp;code=SX~7Qv9ejY89wzyv6wJdMPqRaNr8ADJCroglasYLJD9bLjigPJJkBiXsoNsA6xBe0nmGzwrM3qMcUghTJBM&amp;ax=7O~ysBgPbdjAzhXPX\">T\u00e4rkeimm\u00e4t tuotannontekij\u00e4t maataloudessa<\/a> (6 min)<\/p>\n\n\n\n<p>03 <a href=\"https:\/\/media.savonia.fi\/View.aspx?id=96991~5v~QrhslA8kSz&amp;code=SY~zDKKPuihxysPSVXqkmhQDaBLJaedmtVtHw8LNaXJiPwmpOb8pORckVteOMnixNBiaLxLdpsXUYQxbxeU&amp;ax=7P~94QRzboF7pbgmB\">Mit\u00e4 maataloudessa tavoitellaan<\/a> (6 min)<\/p>\n\n\n\n<p>04 <a href=\"https:\/\/media.savonia.fi\/View.aspx?id=96992~5w~r2x4WLjGpp&amp;code=SW~xgfxujMLCHGg7gXf7cvOdY7Tpdc3SoIePZNcKiixVT6f7Pr9foBWzQgulpI3LG9nlbv7tvoolYxdKv7x&amp;ax=7H~QHyoUSEfrTbJII\">Maatalouden erityispiirteet, v\u00e4henev\u00e4n rajatuoton laki<\/a> (17 min)<\/p>\n\n\n\n<p>05 <a href=\"https:\/\/media.savonia.fi\/View.aspx?id=96993~5x~SPMFGKv2Nr&amp;code=T7~Jcc2tMTUcTsnwP6WjOfcxwOQixmPSnVh9DXP7ubJmcumIxRpek7JesqV8KKWvhH3mjIsTFLrB5nuvfHD&amp;ax=7I~rjNZERPAPVWefm\">Maatilan talous, kolme n\u00e4k\u00f6kulmaa<\/a> (14 min)<\/p>\n\n\n\n<p>06 <a href=\"https:\/\/media.savonia.fi\/View.aspx?id=96994~5y~tqb5qKGokh&amp;code=T8~jMrDdLe5AUlFUFxDqoyNjvDbT7OvCqBjvZDC8VwktgHqRxiMjxFW6Y6GnsAtOSV9HHJOkYNJrU6sEskK&amp;ax=7J~T6cqoQ9KmLPvDc\">Maatalouden kannattavuuslaskelmia<\/a> (4 min)<\/p>\n","protected":false},"excerpt":{"rendered":"<p>Maatilayritt\u00e4minen tallenteissa on johdanto maatalouden yritystalouteen. Maatilayritt\u00e4misen opiskelu aloitetaan maatalouden verotuksella ja suunnittelun ja kannattavuuslaskennan perusteilla. Niiden verkkoluennot l\u00f6yt\u00e4v\u00e4t omilta sivuiltaan. Sivua on viimeksi p\u00e4ivitetty 1.4.2025 \u2013 01 Maatilayritt\u00e4minen, suunnittelun ja kannattavuuslaskennan perusteet (14 min) 02 T\u00e4rkeimm\u00e4t tuotannontekij\u00e4t maataloudessa (6<\/p>\n","protected":false},"author":21,"featured_media":0,"parent":0,"menu_order":0,"comment_status":"closed","ping_status":"closed","template":"","meta":{"footnotes":""},"class_list":["post-340","page","type-page","status-publish","hentry"],"_links":{"self":[{"href":"https:\/\/blogi.savonia.fi\/myrverkkoluennot\/wp-json\/wp\/v2\/pages\/340","targetHints":{"allow":["GET"]}}],"collection":[{"href":"https:\/\/blogi.savonia.fi\/myrverkkoluennot\/wp-json\/wp\/v2\/pages"}],"about":[{"href":"https:\/\/blogi.savonia.fi\/myrverkkoluennot\/wp-json\/wp\/v2\/types\/page"}],"author":[{"embeddable":true,"href":"https:\/\/blogi.savonia.fi\/myrverkkoluennot\/wp-json\/wp\/v2\/users\/21"}],"replies":[{"embeddable":true,"href":"https:\/\/blogi.savonia.fi\/myrverkkoluennot\/wp-json\/wp\/v2\/comments?post=340"}],"version-history":[{"count":7,"href":"https:\/\/blogi.savonia.fi\/myrverkkoluennot\/wp-json\/wp\/v2\/pages\/340\/revisions"}],"predecessor-version":[{"id":737,"href":"https:\/\/blogi.savonia.fi\/myrverkkoluennot\/wp-json\/wp\/v2\/pages\/340\/revisions\/737"}],"wp:attachment":[{"href":"https:\/\/blogi.savonia.fi\/myrverkkoluennot\/wp-json\/wp\/v2\/media?parent=340"}],"curies":[{"name":"wp","href":"https:\/\/api.w.org\/{rel}","templated":true}]}}