{"id":9,"date":"2013-09-22T13:31:54","date_gmt":"2013-09-22T10:31:54","guid":{"rendered":"https:\/\/blogi.savonia.fi\/myrverkkoluennot\/?page_id=9"},"modified":"2025-03-01T11:02:28","modified_gmt":"2025-03-01T09:02:28","slug":"maatalouden-verotus","status":"publish","type":"page","link":"https:\/\/blogi.savonia.fi\/myrverkkoluennot\/maatalouden-verotus\/","title":{"rendered":"Maatalouden verotus"},"content":{"rendered":"<p>Maatalouden verotus on esitelty verkkoluennoilla harjoitusteht\u00e4vien avulla. Tutustu ensiksi ohjeisiin: Maatalouden verotus vaihe-vaiheelta. Laadi harjoitusteht\u00e4v\u00e4 ja sen j\u00e4lkeen katso ratkaisu verkkoluennolta. Harjoittele, kunnes osaat!<\/p>\n<p>Aluksi verkkoluennoilla esitell\u00e4\u00e4n verotusta yleisesti. Yleisohjeet auttavat hahmottamaan kokonaisuutta.<\/p>\n<p>Veroharjoitukset on saatavissa Maatilayritt\u00e4minen Moodlesta, johon saat tunnukset ilmoittautumalla Avoimen amkin tai CampusOnlinen kautta opintojaksolle.<\/p>\n<p>Maatalouden verotusosiossa veroratkaisuja tehd\u00e4\u00e4n oletuksella, ett\u00e4 verovelkaa ei synny ja verovuosien tulos pysyy jokseenkin samana, joten esimerkiksi tasausvaraus voidaan purkaa investointiin esitetyll\u00e4 tavalla.\u00a0 Kehittyv\u00e4ll\u00e4 ja voimakkaasti investoivalla tilalla t\u00e4m\u00e4 ei p\u00e4de vaan silloin t\u00e4ytyy erityisesti perehty\u00e4 verosuunnitteluun pitk\u00e4ll\u00e4 aikav\u00e4lill\u00e4.<\/p>\n<p>Katso lis\u00e4ksi verkkoluennot aiheista arvonlis\u00e4verotus, mets\u00e4verotus ja maatilan verosuunnittelu.<\/p>\n<p>Sivua on viimeksi p\u00e4ivitetty 1.3.2025<\/p>\n<p>&#8211;<\/p>\n<p><a href=\"https:\/\/media.savonia.fi\/View.aspx?id=82752~5l~EukTm6Sjrc&amp;code=Sw~Trzhl5jxQCV5pUUUMRRKWVJevVBeHNvBTLGO8QeXxIDiE4mJDqQDh7aEbCLlfLhqO7NBpdhAKxMamqka&amp;ax=7w~cXmekclFtGwkMv\">Verotus<\/a>\u00a0(51 min)<\/p>\n<p>&#8211;<\/p>\n<h3>Maatalouden verotus 2025<\/h3>\n<p>01 <a href=\"https:\/\/media.savonia.fi\/View.aspx?id=94954~5s~mgnNgqrozK&amp;code=T8~jMrDdLe5AUlFUFxDqoyNjvDbT7OvCqBjvZDC8VwktgHqRxiMjxFV736JnqAzOVV6HJJJkYNGrY6sEkkK&amp;ax=7D~LVp8exLWCgCzTL\">Maatalouden verotus<\/a> (11 min)<\/p>\n<p>02 <a href=\"https:\/\/media.savonia.fi\/View.aspx?id=94955~5t~O4DpRBCK6A&amp;code=SW~xgfxujMLCHGg7gXf7cvOdY7Tpdc3SoIePZNcKiixVT6f7Pr9foBVzUgxlpHXLE9glfv4twomlVxfKx7E&amp;ax=7E~mxEJPI6796vQqp\">Maatilalla voi olla monta tulol\u00e4hdett\u00e4<\/a> (3 min)<\/p>\n<p>03 <a href=\"https:\/\/media.savonia.fi\/View.aspx?id=94956~5u~oET0BBO7uD&amp;code=Tg~tkK7JgPIghlcyyylpQw9dRQfsuX8h8B6PjBuksBwwBFrj47R83NFRLVDyB6RMm9zTlUoa6eV89uB6TNx&amp;ax=7F~OkUlzHhsx8p9Of\">Maatalouden verolomake eli 2-lomake<\/a> (6 min)<\/p>\n<p>04 <a href=\"https:\/\/media.savonia.fi\/View.aspx?id=94957~5v~QrhqlA8gSF&amp;code=T8~jMrDdLe5AUlFUFxDqoyNjvDbT7OvCqBjvZDC8VwktgHqRxiMjxFV736JnrAxOXV9HFJJl0NNrR6rEmkH&amp;ax=7G~oUiKjHsOVairkS\">Maatalouden verotus vaiheittain<\/a> (5 min)<\/p>\n<p>&#8211;<\/p>\n<p><a href=\"https:\/\/media.savonia.fi\/View.aspx?id=94958~5w~r2x2WLjCpv&amp;code=T6~hoNCJMIzG5z58ZxsdeMLLw9jzaMlh9o3EtqQXfIkf7hjzyyO97qGlYLdLfVibEt2S7H6B7J5KdEjm7dv&amp;ax=7H~QHymUSEbrZbJII\">Vaihe 1, Maatalousyritt\u00e4j\u00e4n verotettavat tulot ja v\u00e4hennyskelpoiset menot<\/a> (8 min)<\/p>\n<p><a href=\"https:\/\/media.savonia.fi\/View.aspx?id=94959~5x~SPMDGKuXNx&amp;code=T7~Jcc2tMTUcTsnwP6WjOfcxwOQixmPSnVh9DXP7ubJmcumIxRpek7IewqY8LKPvfH7mlIsTELoB3nsvhHF&amp;ax=7I~rjNXERPwQ2Wefm\">Vaihe 2, Poistot<\/a> (19 min)<\/p>\n<p><a href=\"https:\/\/media.savonia.fi\/View.aspx?id=94960~5p~JiuabhKygP&amp;code=Th~V78wtf9SEieuWo7PwrPLR3EAbRxBSmh8kthhlTW8DFSus4qsdguGKjBpNjNJeNnxnvVPsFhoQadEfVqw&amp;ax=7J~T6cooQ9GmRPvDc\">Vaihe 3, Investointi vai kertav\u00e4hennys<\/a> (10 min)<\/p>\n<p><a href=\"https:\/\/media.savonia.fi\/View.aspx?id=94961~5q~jSJLMsVTER&amp;code=Tf~SJuv84EmJsrTaI7FjhcxrRaIJ7vrx6V5sWVHj0gVpxsna5GuU2fs82oGjUhhsPMNxNT3IIcIhaLvOVjq&amp;ax=7K~tGrZ8Ql3KTIN9P\">Vaihe 4, Suora tuloutus vai ep\u00e4suora tuloutus<\/a> (6 min)<\/p>\n<p><a href=\"https:\/\/media.savonia.fi\/View.aspx?id=94962~5r~LF8bwrg4bH&amp;code=SX~7Qv9ejY89wzyv6wJdMPqRaNr8ADJCroglasYLJD9bLjigPJJkBiWssNvA7xKe8nhGywrM3qLcNghTCBK&amp;ax=7C~k99wuyACedJhvV\">Vaiheet 5 ja 6, Tasausvaraus<\/a> (22 min)<\/p>\n<p style=\"padding-left: 40px\">Huom! T\u00e4ss\u00e4 on esitetty tasausvarauksen k\u00e4ytt\u00f6 tilanteessa, kun tuotanto on vakiintunut ja tuloksen ennakoidaan pysyv\u00e4n samalla tasolla tulevaisuudessa. Kehittyv\u00e4ll\u00e4 maatilalla, joka investoi paljon velkarahalla, tasausvarausta ei ole j\u00e4rkev\u00e4\u00e4 k\u00e4ytt\u00e4\u00e4 t\u00e4ss\u00e4 esitetyll\u00e4 tavalla! Katso ohjaat kohdasta Maatilan verosuunnittelu.<\/p>\n<p><a href=\"https:\/\/media.savonia.fi\/View.aspx?id=95483~5q~jSJMMnVVET&amp;code=T6~hoNCJMIzG5z58ZxsdeMLLw9jzaMlh9o3EtqQXfIkf7hjzyyO97qGlZLiLaVgbzt7S7H4B5J6KeEjmfdq&amp;ax=7B~JyL7KupiHpPY86\">Vaihe 7, P\u00e4\u00e4omatulo-osuuden optimointi<\/a> (8 min)<\/p>\n<p style=\"padding-left: 40px\"><a href=\"https:\/\/media.savonia.fi\/View.aspx?id=95482~5p~JiubbcKAgR&amp;code=SY~zDKKPuihxysPSVXqkmhQDaBLJaedmtVtHw8LNaXJiPwmpOb8pORbl0tmOHnjxJBiaIxPdpt5UXQwbweL&amp;ax=7A~hKvv9idVjnWGBs\">Nettovarallisuus<\/a> (10 min)<\/p>\n<p><a href=\"https:\/\/media.savonia.fi\/View.aspx?id=95486~5t~O4DqRwCN6B&amp;code=SW~xgfxujMLCHGg7gXf7cvOdY7Tpdc3SoIePZNcKiixVT6f7Pr9foBVzVgCllI2LF9gl8v7tvonlYxeKv7B&amp;ax=7E~mxEKPD6a97vQqp\">Vaihe 8, Jakoer\u00e4t (maatalous ja yksityistalous)<\/a> (6 min)<\/p>\n<p><a href=\"https:\/\/media.savonia.fi\/View.aspx?id=95487~5u~oET2BwOauE&amp;code=T7~Jcc2tMTUcTsnwP6WjOfcxwOQixmPSnVh9DXP7ubJmcumIxRpek7Iexr48GKVveH7mjInTALtAZnqvkHH&amp;ax=7F~OkUmzChvx9p9Of\">Vaihe 9, K\u00e4ytt\u00f6\u00f6nottamattomat koneet ja rakennukset<\/a> (7 min)<\/p>\n<p><a href=\"https:\/\/media.savonia.fi\/View.aspx?id=95488~5v~Qrhrlv8jSG&amp;code=T8~jMrDdLe5AUlFUFxDqoyNjvDbT7OvCqBjvZDC8VwktgHqRxiMjxFV746OnoAsOPV4HJJNkYNMrU6uEpkI&amp;ax=7G~oUiLjCsRVbirkS\">Vaihe 10, Arvionvaraiset er\u00e4t<\/a> (7 min)<\/p>\n<p><a href=\"https:\/\/media.savonia.fi\/View.aspx?id=96213~5i~alrkgQkb8m&amp;code=T7~Jcc2tMTUcTsnwP6WjOfcxwOQixmPSnVh9DXP7ubJmcumIxRpek7Jepr48JKTvgGZmmIsTFLpB5nqvlHD&amp;ax=7L~VtHCK4wuhAC6xE\">Vaihe 11, Yritystulon jako puolisoiden kesken<\/a> (8 min)<\/p>\n<p><a href=\"https:\/\/media.savonia.fi\/View.aspx?id=96214~5j~C8GVS2vxwo&amp;code=T8~jMrDdLe5AUlFUFxDqoyNjvDbT7OvCqBjvZDC8VwktgHqRxiMjxFW6V6OnqAAORV2HFJJkWNNrW6zEmkK&amp;ax=7M~w5Xeu3HQFCvoVu\">Vaihe 12, Tappio ja sen v\u00e4hent\u00e4minen maatalouden verotuksessa<\/a> (7 min)<\/p>\n<p><a href=\"https:\/\/media.savonia.fi\/View.aspx?id=96217~5m~f7AzXccpPi&amp;code=T8~jMrDdLe5AUlFUFxDqoyNjvDbT7OvCqBjvZDC8VwktgHqRxiMjxFW6V6OnrAyOVV6HJJMkVNHrV6wEmkH&amp;ax=7P~94QQzdoI7lbgmB\">Verokysymyksi\u00e4 ja vastauksia<\/a> (12 min)<\/p>\n<p>&#8211;<\/p>\n<p><a href=\"https:\/\/media.savonia.fi\/View.aspx?id=94963~5s~mgnNgqrpzJ&amp;code=SY~zDKKPuihxysPSVXqkmhQDaBLJaedmtVtHw8LNaXJiPwmpOb8pORbkZtiOEnixIBlaMxPdrt4UUQxbzeM&amp;ax=7D~LVp8exLXCfCzTL\">Veroharjoitus 01a ratkaisu<\/a> (8 min)<\/p>\n<p><a href=\"https:\/\/media.savonia.fi\/View.aspx?id=94964~5t~O4DpRBCL6z&amp;code=T6~hoNCJMIzG5z58ZxsdeMLLw9jzaMlh9o3EtqQXfIkf7hjzyyO97qGlYLeL7Vfbyt7SbH6B0JbK8Esm8dx&amp;ax=7E~mxEJPI6895vQqp\">Veroharjoitus 01b ratkaisu<\/a> (6 min)<\/p>\n<p><a href=\"https:\/\/media.savonia.fi\/View.aspx?id=94965~5u~oET0BBO8uC&amp;code=Tg~tkK7JgPIghlcyyylpQw9dRQfsuX8h8B6PjBuksBwwBFrj47R83NFRLVEyt6VMt9xTlUva2eW82uw6WNA&amp;ax=7F~OkUlzHhtx7p9Of\">Veroharjoitus 01c ratkaisu<\/a> (5 min)<\/p>\n<p><a href=\"https:\/\/media.savonia.fi\/View.aspx?id=94966~5v~QrhqlA8hSE&amp;code=SY~zDKKPuihxysPSVXqkmhQDaBLJaedmtVtHw8LNaXJiPwmpOb8pORbkZtiOFngxKBoaKxLdpsYUVQBbAeP&amp;ax=7G~oUiKjHsPV9irkS\">Veroharjoitus 01d ratkaisu<\/a> (5 min)<\/p>\n<p><a href=\"https:\/\/media.savonia.fi\/View.aspx?id=94967~5w~r2x2WLjDpu&amp;code=SW~xgfxujMLCHGg7gXf7cvOdY7Tpdc3SoIePZNcKiixVT6f7Pr9foBVzUgyliI0LD9hldv3tvonlXxgKC7C&amp;ax=7H~QHymUSEcrYbJII\">Veroharjoitus 02a ratkaisu<\/a> (16 min)<\/p>\n<p><a href=\"https:\/\/media.savonia.fi\/View.aspx?id=94968~5x~SPMDGKuYNw&amp;code=Tg~tkK7JgPIghlcyyylpQw9dRQfsuX8h8B6PjBuksBwwBFrj47R83NFRLVEyu6UMl9ATjUua4eV85uB6WNz&amp;ax=7I~rjNXERPxQ0Wefm\">Veroharjoitus 02b ratkaisu<\/a> (13 min)<\/p>\n<p><a href=\"https:\/\/media.savonia.fi\/View.aspx?id=94969~5y~tqb3qKGlkm&amp;code=SP~PvcFA0muubA0Rdw0ekS6WOAmzdv7XIosT4v7AdxW8qlhPiUEw6bdyWPOoOabgDhzuYlMWZ8hwDJrzW8W&amp;ax=7J~T6cooQ9HmQPvDc\">Veroharjoitus 03a ratkaisu<\/a> (13 min)<\/p>\n<p><a href=\"https:\/\/media.savonia.fi\/View.aspx?id=94970~5q~jSJLMsVUEQ&amp;code=SW~xgfxujMLCHGg7gXf7cvOdY7Tpdc3SoIePZNcKiixVT6f7Pr9foBVzUgyljHYLF9klbv6troqm4xdKy7z&amp;ax=7K~tGrZ8Ql4KSIN9P\">Veroharjoitus 03b ratkaisu<\/a> (6 min)<\/p>\n<p><a href=\"https:\/\/media.savonia.fi\/View.aspx?id=94971~5r~LF8bwrg5bG&amp;code=T7~Jcc2tMTUcTsnwP6WjOfcxwOQixmPSnVh9DXP7ubJmcumIxRpek7IewqZ8EKSveH8mmIpTyLtB0ntviHL&amp;ax=7L~VtHBK2wphIC6xE\">Veroharjoitus 04a ratkaisu<\/a> (9 min)<\/p>\n<p><a href=\"https:\/\/media.savonia.fi\/View.aspx?id=94972~5s~mgnNgqrqzI&amp;code=SP~PvcFA0muubA0Rdw0ekS6WOAmzdv7XIosT4v7AdxW8qlhPiUEw6bdyWPOoPaagvhBv8lIX08ewLJqzV8T&amp;ax=7D~LVp8exLYCeCzTL\">Veroharjoitus 04b ratkaisu<\/a> (5 min)<\/p>\n<p><a href=\"https:\/\/media.savonia.fi\/View.aspx?id=95493~5r~LF8cwmg7bI&amp;code=SX~7Qv9ejY89wzyv6wJdMPqRaNr8ADJCroglasYLJD9bLjigPJJkBiWstNAA4xFe0nhGFwsM4qGcNgjTEBL&amp;ax=7C~k99xutAFeeJhvV\">Veroharjoitus 5a ja 5b ratkaisut<\/a> (8 min)<\/p>\n<p><a href=\"https:\/\/media.savonia.fi\/View.aspx?id=95492~5q~jSJMMnVWES&amp;code=SW~xgfxujMLCHGg7gXf7cvOdY7Tpdc3SoIePZNcKiixVT6f7Pr9foBVzVgClnHYLB9jlev9ttoolYxdKv7x&amp;ax=7B~JyL7KupjHoPY86\">Veroharjoitus 6a ja 6b ratkaisut<\/a> (11 min)<\/p>\n<p><a href=\"https:\/\/media.savonia.fi\/View.aspx?id=95485~5s~mgnOglrrzL&amp;code=Th~V78wtf9SEieuWo7PwrPLR3EAbRxBSmh8kthhlTW8DFSus4qsdguGKkBuNeNGeTnynwVHsDhnQ9dDfXqB&amp;ax=7D~LVp9esLZChCzTL\">Veroharjoitus 7a ratkaisu<\/a> (14 min)<\/p>\n<p style=\"padding-left: 40px\"><a href=\"https:\/\/media.savonia.fi\/View.aspx?id=95484~5r~LF8cwmg6bJ&amp;code=Tg~tkK7JgPIghlcyyylpQw9dRQfsuX8h8B6PjBuksBwwBFrj47R83NFRMVIyw6XMk9AThUsa0eW82uC6TNB&amp;ax=7C~k99xutAEefJhvV\">P\u00e4\u00e4omatulo-osuuden optimointi, erityistapaus 5a<\/a> (5 min)<\/p>\n<p><a href=\"https:\/\/media.savonia.fi\/View.aspx?id=95489~5w~r2x3WGjFpw&amp;code=T6~hoNCJMIzG5z58ZxsdeMLLw9jzaMlh9o3EtqQXfIkf7hjzyyO97qGlZLiLcVcbGsZScH6AYJ9KbEmmbds&amp;ax=7H~QHynUNEes0bJII\">Veroharjoitus 8a ratkaisu<\/a> (5 min)<\/p>\n<p><a href=\"https:\/\/media.savonia.fi\/View.aspx?id=95490~5o~huezrczfK0&amp;code=SX~7Qv9ejY89wzyv6wJdMPqRaNr8ADJCroglasYLJD9bLjigPJJkBiWstNAA3xGe7nqGxwnM2qDcMghTJBM&amp;ax=7I~rjNYEMPzQ3Wefm\">Veroharjoitus 9a ratkaisu<\/a> (9 min)<\/p>\n<p><a href=\"https:\/\/media.savonia.fi\/View.aspx?id=96215~5k~cIWxC2GSUq&amp;code=SW~xgfxujMLCHGg7gXf7cvOdY7Tpdc3SoIePZNcKiixVT6f7Pr9foBWzNgClpHYLA9jlev2tqokm2xjKz7E&amp;ax=7N~6FlDe2TcctoGs8\">Veroharjoitus 10a ratkaisu<\/a> (3 min)<\/p>\n<p><a href=\"https:\/\/media.savonia.fi\/View.aspx?id=96216~5l~EvkXm0Sfrg&amp;code=T7~Jcc2tMTUcTsnwP6WjOfcxwOQixmPSnVh9DXP7ubJmcumIxRpek7Jepr48KKRvkH5mgItTGLpAZnsvhHG&amp;ax=7O~ysBfPddmAvhXPX\">Veroharjoitus 11a ratkaisu<\/a> (4 min)<\/p>\n<p>&#8211;<\/p>\n","protected":false},"excerpt":{"rendered":"<p>Maatalouden verotus on esitelty verkkoluennoilla harjoitusteht\u00e4vien avulla. Tutustu ensiksi ohjeisiin: Maatalouden verotus vaihe-vaiheelta. Laadi harjoitusteht\u00e4v\u00e4 ja sen j\u00e4lkeen katso ratkaisu verkkoluennolta. Harjoittele, kunnes osaat! Aluksi verkkoluennoilla esitell\u00e4\u00e4n verotusta yleisesti. Yleisohjeet auttavat hahmottamaan kokonaisuutta. Veroharjoitukset on saatavissa Maatilayritt\u00e4minen Moodlesta, johon saat<\/p>\n","protected":false},"author":21,"featured_media":0,"parent":0,"menu_order":0,"comment_status":"open","ping_status":"open","template":"","meta":{"footnotes":""},"class_list":["post-9","page","type-page","status-publish","hentry"],"_links":{"self":[{"href":"https:\/\/blogi.savonia.fi\/myrverkkoluennot\/wp-json\/wp\/v2\/pages\/9","targetHints":{"allow":["GET"]}}],"collection":[{"href":"https:\/\/blogi.savonia.fi\/myrverkkoluennot\/wp-json\/wp\/v2\/pages"}],"about":[{"href":"https:\/\/blogi.savonia.fi\/myrverkkoluennot\/wp-json\/wp\/v2\/types\/page"}],"author":[{"embeddable":true,"href":"https:\/\/blogi.savonia.fi\/myrverkkoluennot\/wp-json\/wp\/v2\/users\/21"}],"replies":[{"embeddable":true,"href":"https:\/\/blogi.savonia.fi\/myrverkkoluennot\/wp-json\/wp\/v2\/comments?post=9"}],"version-history":[{"count":63,"href":"https:\/\/blogi.savonia.fi\/myrverkkoluennot\/wp-json\/wp\/v2\/pages\/9\/revisions"}],"predecessor-version":[{"id":726,"href":"https:\/\/blogi.savonia.fi\/myrverkkoluennot\/wp-json\/wp\/v2\/pages\/9\/revisions\/726"}],"wp:attachment":[{"href":"https:\/\/blogi.savonia.fi\/myrverkkoluennot\/wp-json\/wp\/v2\/media?parent=9"}],"curies":[{"name":"wp","href":"https:\/\/api.w.org\/{rel}","templated":true}]}}