{"id":96,"date":"2015-11-24T17:58:31","date_gmt":"2015-11-24T15:58:31","guid":{"rendered":"https:\/\/blogi.savonia.fi\/myrverkkoluennot\/?page_id=96"},"modified":"2023-12-28T11:19:17","modified_gmt":"2023-12-28T09:19:17","slug":"riskit","status":"publish","type":"page","link":"https:\/\/blogi.savonia.fi\/myrverkkoluennot\/riskit\/","title":{"rendered":"Riskit"},"content":{"rendered":"<p><strong>Maatalouden riskit ja niiden hallinta sek\u00e4 riskien huomioiminen taloudellisessa suunnittelussa<\/strong><\/p>\n<p>on esitelty t\u00e4ll\u00e4 sivulla luentotallenteissa: Johdanto, esimerkkej\u00e4 ja harjoitusteht\u00e4v\u00e4n ohjeita.<\/p>\n<p>Sivua on viimeksi p\u00e4ivitetty 28.12.2023<\/p>\n<p>&#8211;<\/p>\n<p>R01 <a href=\"https:\/\/media.savonia.fi\/View.aspx?id=82334~5h~zIbEwS8RBy&amp;code=SW~xgfxujMLCHGg7gXf7cvOdY7Tpdc3SoIePZNcKiixVT6f7Pr9foBSzUgvllHYLE9glfv6tuorlUxeKB7F&amp;ax=7K~tFrW8TlbKMIN9P\">Riski ja ep\u00e4varmuus<\/a> (19 min)<\/p>\n<p>R02 <a href=\"https:\/\/media.savonia.fi\/View.aspx?id=82335~5i~akrggRkd8o&amp;code=T7~Jcc2tMTUcTsnwP6WjOfcxwOQixmPSnVh9DXP7ubJmcumIxRpek7FewqW8GKRvgH7mjIoTHLsB6nnvlHJ&amp;ax=7L~VsHyK5wwhCC6xE\">Riskien hallinta ja arviointi taloudellisessa suunnittelussa<\/a> (12 min)<\/p>\n<p>R03 <a href=\"https:\/\/media.savonia.fi\/View.aspx?id=82336~5j~C7GRS3vzwq&amp;code=T8~jMrDdLe5AUlFUFxDqoyNjvDbT7OvCqBjvZDC8VwktgHqRxiMjxFS736HnnAxOUV3HNJHl3NJs06zEkkG&amp;ax=7M~w4Xau4HSFEvoVu\">Riskien arviointiteht\u00e4v\u00e4<\/a> (5 min)<\/p>\n<p>R04 <a href=\"https:\/\/media.savonia.fi\/View.aspx?id=82337~5k~cHWtC3GUUs&amp;code=SN~N8yDeQQYzlNrWJvPSmeQxCXHfgsWCsbdalilxkJWLtMnxjjulEN8NRD3MGuRuwGJFtj2lOUNOUqdhKSX&amp;ax=7N~6Elze3TecvoGs8\">Maatalouden riskien hallinta, Padlet<\/a> (54 min)<\/p>\n","protected":false},"excerpt":{"rendered":"<p>Maatalouden riskit ja niiden hallinta sek\u00e4 riskien huomioiminen taloudellisessa suunnittelussa on esitelty t\u00e4ll\u00e4 sivulla luentotallenteissa: Johdanto, esimerkkej\u00e4 ja harjoitusteht\u00e4v\u00e4n ohjeita. Sivua on viimeksi p\u00e4ivitetty 28.12.2023 &#8211; R01 Riski ja ep\u00e4varmuus (19 min) R02 Riskien hallinta ja arviointi taloudellisessa suunnittelussa (12<\/p>\n","protected":false},"author":21,"featured_media":0,"parent":0,"menu_order":0,"comment_status":"open","ping_status":"closed","template":"","meta":{"footnotes":""},"class_list":["post-96","page","type-page","status-publish","hentry"],"_links":{"self":[{"href":"https:\/\/blogi.savonia.fi\/myrverkkoluennot\/wp-json\/wp\/v2\/pages\/96","targetHints":{"allow":["GET"]}}],"collection":[{"href":"https:\/\/blogi.savonia.fi\/myrverkkoluennot\/wp-json\/wp\/v2\/pages"}],"about":[{"href":"https:\/\/blogi.savonia.fi\/myrverkkoluennot\/wp-json\/wp\/v2\/types\/page"}],"author":[{"embeddable":true,"href":"https:\/\/blogi.savonia.fi\/myrverkkoluennot\/wp-json\/wp\/v2\/users\/21"}],"replies":[{"embeddable":true,"href":"https:\/\/blogi.savonia.fi\/myrverkkoluennot\/wp-json\/wp\/v2\/comments?post=96"}],"version-history":[{"count":8,"href":"https:\/\/blogi.savonia.fi\/myrverkkoluennot\/wp-json\/wp\/v2\/pages\/96\/revisions"}],"predecessor-version":[{"id":673,"href":"https:\/\/blogi.savonia.fi\/myrverkkoluennot\/wp-json\/wp\/v2\/pages\/96\/revisions\/673"}],"wp:attachment":[{"href":"https:\/\/blogi.savonia.fi\/myrverkkoluennot\/wp-json\/wp\/v2\/media?parent=96"}],"curies":[{"name":"wp","href":"https:\/\/api.w.org\/{rel}","templated":true}]}}