{"id":290,"date":"2023-11-06T13:37:32","date_gmt":"2023-11-06T11:37:32","guid":{"rendered":"https:\/\/blogi.savonia.fi\/nellileppanen\/?page_id=290"},"modified":"2024-05-10T10:36:45","modified_gmt":"2024-05-10T07:36:45","slug":"lahtotaso-ja-tavoitteet-2024","status":"publish","type":"page","link":"https:\/\/blogi.savonia.fi\/nellileppanen\/esimerkkisivu\/5-harjoittelu-asiakaslahtoinen-suun-terveydenhoitotyo\/lahtotaso-ja-tavoitteet-2024\/","title":{"rendered":"L\u00e4ht\u00f6taso ja tavoitteet kev\u00e4t 2024"},"content":{"rendered":"","protected":true},"excerpt":{"rendered":"","protected":true},"author":8416,"featured_media":0,"parent":288,"menu_order":1,"comment_status":"open","ping_status":"closed","template":"","meta":{"footnotes":""},"class_list":["post-290","page","type-page","status-publish","post-password-required","hentry","clearfix"],"_links":{"self":[{"href":"https:\/\/blogi.savonia.fi\/nellileppanen\/wp-json\/wp\/v2\/pages\/290","targetHints":{"allow":["GET"]}}],"collection":[{"href":"https:\/\/blogi.savonia.fi\/nellileppanen\/wp-json\/wp\/v2\/pages"}],"about":[{"href":"https:\/\/blogi.savonia.fi\/nellileppanen\/wp-json\/wp\/v2\/types\/page"}],"author":[{"embeddable":true,"href":"https:\/\/blogi.savonia.fi\/nellileppanen\/wp-json\/wp\/v2\/users\/8416"}],"replies":[{"embeddable":true,"href":"https:\/\/blogi.savonia.fi\/nellileppanen\/wp-json\/wp\/v2\/comments?post=290"}],"version-history":[{"count":5,"href":"https:\/\/blogi.savonia.fi\/nellileppanen\/wp-json\/wp\/v2\/pages\/290\/revisions"}],"predecessor-version":[{"id":381,"href":"https:\/\/blogi.savonia.fi\/nellileppanen\/wp-json\/wp\/v2\/pages\/290\/revisions\/381"}],"up":[{"embeddable":true,"href":"https:\/\/blogi.savonia.fi\/nellileppanen\/wp-json\/wp\/v2\/pages\/288"}],"wp:attachment":[{"href":"https:\/\/blogi.savonia.fi\/nellileppanen\/wp-json\/wp\/v2\/media?parent=290"}],"curies":[{"name":"wp","href":"https:\/\/api.w.org\/{rel}","templated":true}]}}