{"id":72,"date":"2024-10-21T19:59:57","date_gmt":"2024-10-21T16:59:57","guid":{"rendered":"https:\/\/blogi.savonia.fi\/norairissihvonen\/?page_id=72"},"modified":"2025-10-03T09:43:59","modified_gmt":"2025-10-03T06:43:59","slug":"kuka-olen","status":"publish","type":"page","link":"https:\/\/blogi.savonia.fi\/norairissihvonen\/","title":{"rendered":"Kuka olen?"},"content":{"rendered":"\n<h3 class=\"wp-block-heading\">Kuka olen?<\/h3>\n\n\n\n<p>Hei! Olen\u00a0Norairis Sihvonen, 29-vuotias fysioterapiaopiskelija. Aikaisemmalta koulutukseltani olen nuoriso- ja vapaa-ajan ohjaaja. Ty\u00f6kokemusta minulle on kertynyt monipuolisesti muun muassa hyvinvointiohjaajana Kajaanin alakouluissa, ohjaajana kehitysvammaisten asumisyksik\u00f6ss\u00e4 sek\u00e4 sijaisena p\u00e4iv\u00e4kodeissa ja ik\u00e4\u00e4ntyneiden asumisyksik\u00f6iss\u00e4.<\/p>\n\n\n\n<p>Fysioterapeutin opintoihin liittyvi\u00e4 harjoitteluja olen tehnyt esimerkiksi Montessori-p\u00e4iv\u00e4kodissa ja yleisl\u00e4\u00e4ketieteen osastolla. Ensimm\u00e4isen pidemm\u00e4n harjoitteluni suoritin Kainuun Keskussairaalassa sis\u00e4tautien osastolla.<\/p>\n\n\n\n<p>Tulevalta harjoittelulta odotan ennen kaikkea sit\u00e4, ett\u00e4 p\u00e4\u00e4sen syvent\u00e4m\u00e4\u00e4n osaamistani fysioterapian menetelmist\u00e4 sek\u00e4 tuki- ja liikuntaelinsairauksien hoidosta.<\/p>\n","protected":false},"excerpt":{"rendered":"<p>Kuka olen? Hei! Olen\u00a0Norairis Sihvonen, 29-vuotias fysioterapiaopiskelija. Aikaisemmalta koulutukseltani olen nuoriso- ja vapaa-ajan ohjaaja. Ty\u00f6kokemusta minulle on kertynyt monipuolisesti muun muassa hyvinvointiohjaajana Kajaanin alakouluissa, ohjaajana kehitysvammaisten asumisyksik\u00f6ss\u00e4 sek\u00e4 sijaisena p\u00e4iv\u00e4kodeissa ja ik\u00e4\u00e4ntyneiden asumisyksik\u00f6iss\u00e4. Fysioterapeutin opintoihin liittyvi\u00e4 harjoitteluja olen tehnyt esimerkiksi Montessori-p\u00e4iv\u00e4kodissa ja yleisl\u00e4\u00e4ketieteen osastolla. Ensimm\u00e4isen pidemm\u00e4n harjoitteluni suoritin Kainuun Keskussairaalassa &#8230; <a class=\"continue-reading-link\" href=\"https:\/\/blogi.savonia.fi\/norairissihvonen\/\"> Continue reading<\/a><\/p>\n","protected":false},"author":11315,"featured_media":0,"parent":0,"menu_order":0,"comment_status":"open","ping_status":"closed","template":"","meta":{"footnotes":""},"class_list":["post-72","page","type-page","status-publish","hentry"],"_links":{"self":[{"href":"https:\/\/blogi.savonia.fi\/norairissihvonen\/wp-json\/wp\/v2\/pages\/72","targetHints":{"allow":["GET"]}}],"collection":[{"href":"https:\/\/blogi.savonia.fi\/norairissihvonen\/wp-json\/wp\/v2\/pages"}],"about":[{"href":"https:\/\/blogi.savonia.fi\/norairissihvonen\/wp-json\/wp\/v2\/types\/page"}],"author":[{"embeddable":true,"href":"https:\/\/blogi.savonia.fi\/norairissihvonen\/wp-json\/wp\/v2\/users\/11315"}],"replies":[{"embeddable":true,"href":"https:\/\/blogi.savonia.fi\/norairissihvonen\/wp-json\/wp\/v2\/comments?post=72"}],"version-history":[{"count":3,"href":"https:\/\/blogi.savonia.fi\/norairissihvonen\/wp-json\/wp\/v2\/pages\/72\/revisions"}],"predecessor-version":[{"id":93,"href":"https:\/\/blogi.savonia.fi\/norairissihvonen\/wp-json\/wp\/v2\/pages\/72\/revisions\/93"}],"wp:attachment":[{"href":"https:\/\/blogi.savonia.fi\/norairissihvonen\/wp-json\/wp\/v2\/media?parent=72"}],"curies":[{"name":"wp","href":"https:\/\/api.w.org\/{rel}","templated":true}]}}