{"id":8,"date":"2021-11-08T08:54:35","date_gmt":"2021-11-08T06:54:35","guid":{"rendered":"https:\/\/blogi.savonia.fi\/oivatreeni4568\/?page_id=8"},"modified":"2021-11-08T09:02:43","modified_gmt":"2021-11-08T07:02:43","slug":"kuntosali","status":"publish","type":"page","link":"https:\/\/blogi.savonia.fi\/oivatreeni4568\/tuotteet-ja-palvelut\/kuntosali\/","title":{"rendered":"Kuntosali"},"content":{"rendered":"\n<p>K\u00e4yt\u00f6ss\u00e4 on moderni kuntosali<\/p>\n\n\n\n<figure class=\"wp-block-image size-full\"><img loading=\"lazy\" decoding=\"async\" width=\"640\" height=\"426\" src=\"https:\/\/blogi.savonia.fi\/oivatreeni4568\/wp-content\/uploads\/sites\/10383\/2021\/11\/fitness-gf493272e4_640.jpg\" alt=\"\" class=\"wp-image-11\" srcset=\"https:\/\/blogi.savonia.fi\/oivatreeni4568\/wp-content\/uploads\/sites\/10383\/2021\/11\/fitness-gf493272e4_640.jpg 640w, https:\/\/blogi.savonia.fi\/oivatreeni4568\/wp-content\/uploads\/sites\/10383\/2021\/11\/fitness-gf493272e4_640-300x200.jpg 300w, https:\/\/blogi.savonia.fi\/oivatreeni4568\/wp-content\/uploads\/sites\/10383\/2021\/11\/fitness-gf493272e4_640-624x415.jpg 624w\" sizes=\"auto, (max-width: 640px) 100vw, 640px\" \/><\/figure>\n","protected":false},"excerpt":{"rendered":"<p>K\u00e4yt\u00f6ss\u00e4 on moderni kuntosali<\/p>\n","protected":false},"author":22,"featured_media":0,"parent":6,"menu_order":0,"comment_status":"closed","ping_status":"closed","template":"","meta":{"footnotes":""},"class_list":["post-8","page","type-page","status-publish","hentry"],"_links":{"self":[{"href":"https:\/\/blogi.savonia.fi\/oivatreeni4568\/wp-json\/wp\/v2\/pages\/8","targetHints":{"allow":["GET"]}}],"collection":[{"href":"https:\/\/blogi.savonia.fi\/oivatreeni4568\/wp-json\/wp\/v2\/pages"}],"about":[{"href":"https:\/\/blogi.savonia.fi\/oivatreeni4568\/wp-json\/wp\/v2\/types\/page"}],"author":[{"embeddable":true,"href":"https:\/\/blogi.savonia.fi\/oivatreeni4568\/wp-json\/wp\/v2\/users\/22"}],"replies":[{"embeddable":true,"href":"https:\/\/blogi.savonia.fi\/oivatreeni4568\/wp-json\/wp\/v2\/comments?post=8"}],"version-history":[{"count":3,"href":"https:\/\/blogi.savonia.fi\/oivatreeni4568\/wp-json\/wp\/v2\/pages\/8\/revisions"}],"predecessor-version":[{"id":12,"href":"https:\/\/blogi.savonia.fi\/oivatreeni4568\/wp-json\/wp\/v2\/pages\/8\/revisions\/12"}],"up":[{"embeddable":true,"href":"https:\/\/blogi.savonia.fi\/oivatreeni4568\/wp-json\/wp\/v2\/pages\/6"}],"wp:attachment":[{"href":"https:\/\/blogi.savonia.fi\/oivatreeni4568\/wp-json\/wp\/v2\/media?parent=8"}],"curies":[{"name":"wp","href":"https:\/\/api.w.org\/{rel}","templated":true}]}}