{"id":7,"date":"2022-05-02T16:00:40","date_gmt":"2022-05-02T13:00:40","guid":{"rendered":"https:\/\/blogi.savonia.fi\/opintoja\/?page_id=7"},"modified":"2022-05-02T16:00:40","modified_gmt":"2022-05-02T13:00:40","slug":"opintomatka","status":"publish","type":"page","link":"https:\/\/blogi.savonia.fi\/opintoja\/opintomatka\/","title":{"rendered":"Opintomatka"},"content":{"rendered":"\n<p>L\u00e4hdimme opinto matkalle Lepp\u00e4virralle 27.4.2022 Siell\u00e4 k\u00e4vimme tutustumassa Vesileppiksen hotellin tiloihin ja sen ymp\u00e4rist\u00f6\u00f6n. He kertoivat hotellista ja sen historiasta. P\u00e4\u00e4simme kiert\u00e4m\u00e4\u00e4n my\u00f6s Vesileppiksen tiloja. He kertoivat, ett\u00e4 tekev\u00e4t tiiviisti yhteisty\u00f6t\u00e4 eri toimijoiden kanssa. Heill\u00e4 on hotellin ymp\u00e4rill\u00e4 paljon mahdollisuuksia eri aktiviteetteihin. He itse ovat rakentaneet hotellin yhteyteen kylpyl\u00e4n, j\u00e4\u00e4hallin, monitoimiareenan ja keilahallin. Olin aiemmin k\u00e4ynyt Vesileppiksess\u00e4 vanhempien kanssa pienen\u00e4, mutta minut yll\u00e4tti se kuinka paljon laajasti kaikkea heill\u00e4 on tarjota. Jatkoimme Vesileppikest\u00e4 sy\u00f6m\u00e4\u00e4n Varkauden ammattikoululle. <\/p>\n\n\n\n<p>Sielt\u00e4 tiemme jatkui Rantasalmelle J\u00e4rvisyd\u00e4mmeen. Se oli hyvin tunnelmallinen ja romanttinen paikka ja jokainen yksityiskohta oli hiottu viimeisenp\u00e4\u00e4lle. Siell\u00e4 oli v\u00e4h\u00e4n h\u00e4m\u00e4r\u00e4\u00e4 ja sisustuksessa oli k\u00e4ytetty paljon puuta ja kive\u00e4. Kaliioonhan paikka on rakennettu Kuvailevat itse sisustusta keski kievari tyyliseksi ja tottahan se on. Siell\u00e4 kuuntelimme kun he kertoivat hotellista ja sen huoneista, heill\u00e4 erikoissuutena oli el\u00e4mys sviittej\u00e4 joissa osa seinist\u00e4 ja katto on lasia. Lis\u00e4ksi heill\u00e4 on kylpyl\u00e4. He myyv\u00e4t kylpyl\u00e4lomat paketteina ja niihin kuuluu aamiainen, sis\u00e4\u00e4np\u00e4\u00e4sy j\u00e4rvikylpyl\u00e4\u00e4n ja lis\u00e4ksi joku aktiviteetti mink\u00e4 saa itse valita. Kiersimme bussilla my\u00f6s ulko aluetta enemm\u00e4n ja n\u00e4imme mets\u00e4 sviittej\u00e4 ylemp\u00e4n\u00e4 kaliolla.<\/p>\n\n\n\n<p>Lis\u00e4ksi saimme kuulla viel\u00e4 Kuru Resortista joka on my\u00f6s Rantasalmella, mutta siell\u00e4 emme valitettavasti p\u00e4\u00e4sseet k\u00e4ym\u00e4\u00e4n. Kuru resort kuulosti luksus paikalta johon pariskunnat voivat menn\u00e4 lomailemaan. Siin\u00e4 erikoista oli se ett\u00e4 he myiv\u00e4t rauhallisuutta ja kahden keskeist\u00e4 aikaa kumppanin kanssa. Sinne lapsilta on kokonaan p\u00e4\u00e4sy kielletty. <\/p>\n\n\n\n<p>Kaikki paikoista olivat hy\u00f6dynt\u00e4neet luontoa majoituksessaan ja markkinoivat my\u00f6s sen avulla. Kaksi viimeisint\u00e4 paikkaa olivat kalliimpia ja mielest\u00e4ni enemm\u00e4n rentoutumista varten. Ensimm\u00e4iseeen paikkaan menee varmasti lapsiperheit\u00e4 ja aktiivisia lomailijoita jotka haluavat tehd\u00e4 paljon lomallaan sek\u00e4 lis\u00e4ksi urheilu joukkueet.<\/p>\n","protected":false},"excerpt":{"rendered":"<p>L\u00e4hdimme opinto matkalle Lepp\u00e4virralle 27.4.2022 Siell\u00e4 k\u00e4vimme tutustumassa Vesileppiksen hotellin tiloihin ja sen ymp\u00e4rist\u00f6\u00f6n. He kertoivat hotellista ja sen historiasta. P\u00e4\u00e4simme kiert\u00e4m\u00e4\u00e4n my\u00f6s Vesileppiksen tiloja. He kertoivat, ett\u00e4 tekev\u00e4t tiiviisti yhteisty\u00f6t\u00e4 eri toimijoiden kanssa. Heill\u00e4 on hotellin ymp\u00e4rill\u00e4 paljon mahdollisuuksia eri aktiviteetteihin. He itse ovat rakentaneet hotellin yhteyteen kylpyl\u00e4n, j\u00e4\u00e4hallin, monitoimiareenan ja keilahallin. Olin aiemmin&#8230;<\/p>\n","protected":false},"author":9042,"featured_media":0,"parent":0,"menu_order":0,"comment_status":"closed","ping_status":"closed","template":"","meta":{"footnotes":""},"class_list":["post-7","page","type-page","status-publish","hentry"],"_links":{"self":[{"href":"https:\/\/blogi.savonia.fi\/opintoja\/wp-json\/wp\/v2\/pages\/7","targetHints":{"allow":["GET"]}}],"collection":[{"href":"https:\/\/blogi.savonia.fi\/opintoja\/wp-json\/wp\/v2\/pages"}],"about":[{"href":"https:\/\/blogi.savonia.fi\/opintoja\/wp-json\/wp\/v2\/types\/page"}],"author":[{"embeddable":true,"href":"https:\/\/blogi.savonia.fi\/opintoja\/wp-json\/wp\/v2\/users\/9042"}],"replies":[{"embeddable":true,"href":"https:\/\/blogi.savonia.fi\/opintoja\/wp-json\/wp\/v2\/comments?post=7"}],"version-history":[{"count":1,"href":"https:\/\/blogi.savonia.fi\/opintoja\/wp-json\/wp\/v2\/pages\/7\/revisions"}],"predecessor-version":[{"id":9,"href":"https:\/\/blogi.savonia.fi\/opintoja\/wp-json\/wp\/v2\/pages\/7\/revisions\/9"}],"wp:attachment":[{"href":"https:\/\/blogi.savonia.fi\/opintoja\/wp-json\/wp\/v2\/media?parent=7"}],"curies":[{"name":"wp","href":"https:\/\/api.w.org\/{rel}","templated":true}]}}