{"id":13,"date":"2020-11-04T11:13:52","date_gmt":"2020-11-04T09:13:52","guid":{"rendered":"https:\/\/blogi.savonia.fi\/opiskelijanohjaus\/?page_id=13"},"modified":"2020-12-16T19:21:50","modified_gmt":"2020-12-16T17:21:50","slug":"ohjaajan-nimeaminen","status":"publish","type":"page","link":"https:\/\/blogi.savonia.fi\/opiskelijanohjaus\/ohjaajan-nimeaminen\/","title":{"rendered":"Ohjaajan nime\u00e4minen &#8211; millainen on hyv\u00e4 ohjaaja?"},"content":{"rendered":"\n<iframe loading=\"lazy\" title=\"Opiskelijan ohjaajan nime\u00e4minen\" width=\"604\" height=\"340\" src=\"https:\/\/www.youtube.com\/embed\/SuTYLGpxfEc?feature=oembed\" frameborder=\"0\" allow=\"accelerometer; autoplay; clipboard-write; encrypted-media; gyroscope; picture-in-picture; web-share\" referrerpolicy=\"strict-origin-when-cross-origin\" allowfullscreen><\/iframe>\n\n\n\n<p><strong>Teht\u00e4v\u00e4: <\/strong>Pohtikaa ty\u00f6yhteis\u00f6ss\u00e4nne, miten olette t\u00e4h\u00e4n asti nimenneet ohjaajat opiskelijoille. T\u00e4yttyyk\u00f6 videossa esitetyt kriteerit vai olisiko viel\u00e4 kehitt\u00e4misen varaa?<\/p>\n\n\n\n<iframe loading=\"lazy\" title=\"Millainen on hyv\u00e4 ohjaaja\" width=\"604\" height=\"453\" src=\"https:\/\/www.youtube.com\/embed\/qq9IvImnN7E?feature=oembed\" frameborder=\"0\" allow=\"accelerometer; autoplay; clipboard-write; encrypted-media; gyroscope; picture-in-picture; web-share\" referrerpolicy=\"strict-origin-when-cross-origin\" allowfullscreen><\/iframe>\n\n\n\n<p><strong>Teht\u00e4v\u00e4: <\/strong>Katso video ja pohdi, millainen sin\u00e4 olet ohjaajana. Miss\u00e4 haluaisit kehitty\u00e4 tai vahvistaa osaamistasi? Mit\u00e4 asiaa erityisesti haluaisit harjoitella seuraavassa ohjaussuhteessasi? <\/p>\n","protected":false},"excerpt":{"rendered":"<p>Teht\u00e4v\u00e4: Pohtikaa ty\u00f6yhteis\u00f6ss\u00e4nne, miten olette t\u00e4h\u00e4n asti nimenneet ohjaajat opiskelijoille. T\u00e4yttyyk\u00f6 videossa esitetyt kriteerit vai olisiko viel\u00e4 kehitt\u00e4misen varaa? Teht\u00e4v\u00e4: Katso video ja pohdi, millainen sin\u00e4 olet ohjaajana. Miss\u00e4 haluaisit kehitty\u00e4 tai vahvistaa osaamistasi? Mit\u00e4 asiaa erityisesti haluaisit harjoitella seuraavassa ohjaussuhteessasi?<\/p>\n","protected":false},"author":24,"featured_media":0,"parent":0,"menu_order":2,"comment_status":"closed","ping_status":"closed","template":"","meta":{"footnotes":""},"class_list":["post-13","page","type-page","status-publish","hentry"],"_links":{"self":[{"href":"https:\/\/blogi.savonia.fi\/opiskelijanohjaus\/wp-json\/wp\/v2\/pages\/13","targetHints":{"allow":["GET"]}}],"collection":[{"href":"https:\/\/blogi.savonia.fi\/opiskelijanohjaus\/wp-json\/wp\/v2\/pages"}],"about":[{"href":"https:\/\/blogi.savonia.fi\/opiskelijanohjaus\/wp-json\/wp\/v2\/types\/page"}],"author":[{"embeddable":true,"href":"https:\/\/blogi.savonia.fi\/opiskelijanohjaus\/wp-json\/wp\/v2\/users\/24"}],"replies":[{"embeddable":true,"href":"https:\/\/blogi.savonia.fi\/opiskelijanohjaus\/wp-json\/wp\/v2\/comments?post=13"}],"version-history":[{"count":14,"href":"https:\/\/blogi.savonia.fi\/opiskelijanohjaus\/wp-json\/wp\/v2\/pages\/13\/revisions"}],"predecessor-version":[{"id":128,"href":"https:\/\/blogi.savonia.fi\/opiskelijanohjaus\/wp-json\/wp\/v2\/pages\/13\/revisions\/128"}],"wp:attachment":[{"href":"https:\/\/blogi.savonia.fi\/opiskelijanohjaus\/wp-json\/wp\/v2\/media?parent=13"}],"curies":[{"name":"wp","href":"https:\/\/api.w.org\/{rel}","templated":true}]}}