{"id":16,"date":"2020-11-04T11:15:13","date_gmt":"2020-11-04T09:15:13","guid":{"rendered":"https:\/\/blogi.savonia.fi\/opiskelijanohjaus\/?page_id=16"},"modified":"2020-12-16T19:31:11","modified_gmt":"2020-12-16T17:31:11","slug":"opiskelijan-ohjausprosessin-toteutuminen","status":"publish","type":"page","link":"https:\/\/blogi.savonia.fi\/opiskelijanohjaus\/opiskelijan-ohjausprosessin-toteutuminen\/","title":{"rendered":"Opiskelijan ohjausprosessin toteutuminen"},"content":{"rendered":"\n<iframe loading=\"lazy\" title=\"Ohjausprosessin toteutuminen\" width=\"604\" height=\"340\" src=\"https:\/\/www.youtube.com\/embed\/y6TWZBRVTas?feature=oembed\" frameborder=\"0\" allow=\"accelerometer; autoplay; clipboard-write; encrypted-media; gyroscope; picture-in-picture; web-share\" referrerpolicy=\"strict-origin-when-cross-origin\" allowfullscreen><\/iframe>\n\n\n\n<p><strong>Teht\u00e4v\u00e4<\/strong>: Katsokaa video ja keskustelkaa, mik\u00e4 ohjausprosessin eri vaiheista toteutuu jo hyvin ja miss\u00e4 olisi viel\u00e4 kehitt\u00e4mist\u00e4. Huomioikaa my\u00f6s vuorovaikutusprosessi <em>luottamus &#8211; dialogi- uudet oivallukset <\/em>. Miten varmistatte niiden toteutumisen? <\/p>\n","protected":false},"excerpt":{"rendered":"<p>Teht\u00e4v\u00e4: Katsokaa video ja keskustelkaa, mik\u00e4 ohjausprosessin eri vaiheista toteutuu jo hyvin ja miss\u00e4 olisi viel\u00e4 kehitt\u00e4mist\u00e4. Huomioikaa my\u00f6s vuorovaikutusprosessi luottamus &#8211; dialogi- uudet oivallukset . Miten varmistatte niiden toteutumisen?<\/p>\n","protected":false},"author":24,"featured_media":0,"parent":0,"menu_order":3,"comment_status":"closed","ping_status":"closed","template":"","meta":{"footnotes":""},"class_list":["post-16","page","type-page","status-publish","hentry"],"_links":{"self":[{"href":"https:\/\/blogi.savonia.fi\/opiskelijanohjaus\/wp-json\/wp\/v2\/pages\/16","targetHints":{"allow":["GET"]}}],"collection":[{"href":"https:\/\/blogi.savonia.fi\/opiskelijanohjaus\/wp-json\/wp\/v2\/pages"}],"about":[{"href":"https:\/\/blogi.savonia.fi\/opiskelijanohjaus\/wp-json\/wp\/v2\/types\/page"}],"author":[{"embeddable":true,"href":"https:\/\/blogi.savonia.fi\/opiskelijanohjaus\/wp-json\/wp\/v2\/users\/24"}],"replies":[{"embeddable":true,"href":"https:\/\/blogi.savonia.fi\/opiskelijanohjaus\/wp-json\/wp\/v2\/comments?post=16"}],"version-history":[{"count":10,"href":"https:\/\/blogi.savonia.fi\/opiskelijanohjaus\/wp-json\/wp\/v2\/pages\/16\/revisions"}],"predecessor-version":[{"id":129,"href":"https:\/\/blogi.savonia.fi\/opiskelijanohjaus\/wp-json\/wp\/v2\/pages\/16\/revisions\/129"}],"wp:attachment":[{"href":"https:\/\/blogi.savonia.fi\/opiskelijanohjaus\/wp-json\/wp\/v2\/media?parent=16"}],"curies":[{"name":"wp","href":"https:\/\/api.w.org\/{rel}","templated":true}]}}