{"id":18,"date":"2020-11-04T11:16:51","date_gmt":"2020-11-04T09:16:51","guid":{"rendered":"https:\/\/blogi.savonia.fi\/opiskelijanohjaus\/?page_id=18"},"modified":"2020-12-17T14:03:28","modified_gmt":"2020-12-17T12:03:28","slug":"opetussuunnitelma-ohjauksen-perustana","status":"publish","type":"page","link":"https:\/\/blogi.savonia.fi\/opiskelijanohjaus\/opetussuunnitelma-ohjauksen-perustana\/","title":{"rendered":"Opetussuunnitelma ohjauksen ja arvioinnin perustana"},"content":{"rendered":"\n<iframe loading=\"lazy\" title=\"Opetussuunnitelma ohjaamisen perusty\u00f6kaluna\" width=\"604\" height=\"340\" src=\"https:\/\/www.youtube.com\/embed\/Kpv34lYcN6o?feature=oembed\" frameborder=\"0\" allow=\"accelerometer; autoplay; clipboard-write; encrypted-media; gyroscope; picture-in-picture; web-share\" referrerpolicy=\"strict-origin-when-cross-origin\" allowfullscreen><\/iframe>\n\n\n\n<p><strong>Teht\u00e4v\u00e4: <\/strong>Pohtikaa ty\u00f6yhteis\u00f6ss\u00e4nne, miten t\u00e4ll\u00e4 hetkell\u00e4 huomioitte opiskelijan opetussuunnitelman tavoitteet? Onko tavoitteet etuk\u00e4teen tiedossa (ohjaajan nime\u00e4mist\u00e4 ajatellen)? Ent\u00e4, onko ohjaajalla aikaa perehty\u00e4 tavoitteisiin ja miten muuta ty\u00f6yhteis\u00f6\u00e4 on tiedotettu tavoitteista?  Miten tavoitteet ohjaavat arviointia?<\/p>\n","protected":false},"excerpt":{"rendered":"<p>Teht\u00e4v\u00e4: Pohtikaa ty\u00f6yhteis\u00f6ss\u00e4nne, miten t\u00e4ll\u00e4 hetkell\u00e4 huomioitte opiskelijan opetussuunnitelman tavoitteet? Onko tavoitteet etuk\u00e4teen tiedossa (ohjaajan nime\u00e4mist\u00e4 ajatellen)? Ent\u00e4, onko ohjaajalla aikaa perehty\u00e4 tavoitteisiin ja miten muuta ty\u00f6yhteis\u00f6\u00e4 on tiedotettu tavoitteista? Miten tavoitteet ohjaavat arviointia?<\/p>\n","protected":false},"author":24,"featured_media":0,"parent":0,"menu_order":4,"comment_status":"closed","ping_status":"closed","template":"","meta":{"footnotes":""},"class_list":["post-18","page","type-page","status-publish","hentry"],"_links":{"self":[{"href":"https:\/\/blogi.savonia.fi\/opiskelijanohjaus\/wp-json\/wp\/v2\/pages\/18","targetHints":{"allow":["GET"]}}],"collection":[{"href":"https:\/\/blogi.savonia.fi\/opiskelijanohjaus\/wp-json\/wp\/v2\/pages"}],"about":[{"href":"https:\/\/blogi.savonia.fi\/opiskelijanohjaus\/wp-json\/wp\/v2\/types\/page"}],"author":[{"embeddable":true,"href":"https:\/\/blogi.savonia.fi\/opiskelijanohjaus\/wp-json\/wp\/v2\/users\/24"}],"replies":[{"embeddable":true,"href":"https:\/\/blogi.savonia.fi\/opiskelijanohjaus\/wp-json\/wp\/v2\/comments?post=18"}],"version-history":[{"count":5,"href":"https:\/\/blogi.savonia.fi\/opiskelijanohjaus\/wp-json\/wp\/v2\/pages\/18\/revisions"}],"predecessor-version":[{"id":141,"href":"https:\/\/blogi.savonia.fi\/opiskelijanohjaus\/wp-json\/wp\/v2\/pages\/18\/revisions\/141"}],"wp:attachment":[{"href":"https:\/\/blogi.savonia.fi\/opiskelijanohjaus\/wp-json\/wp\/v2\/media?parent=18"}],"curies":[{"name":"wp","href":"https:\/\/api.w.org\/{rel}","templated":true}]}}