{"id":2,"date":"2020-11-04T10:50:41","date_gmt":"2020-11-04T08:50:41","guid":{"rendered":"https:\/\/blogi.savonia.fi\/opiskelijanohjaus\/?page_id=2"},"modified":"2020-12-16T19:49:07","modified_gmt":"2020-12-16T17:49:07","slug":"esimerkkisivu","status":"publish","type":"page","link":"https:\/\/blogi.savonia.fi\/opiskelijanohjaus\/esimerkkisivu\/","title":{"rendered":"Laadukkaan ohjauksen kulmakivet"},"content":{"rendered":"\n<p><\/p>\n\n\n\n<iframe loading=\"lazy\" title=\"Opiskelijan ohjauksen kulmakivet\" width=\"604\" height=\"340\" src=\"https:\/\/www.youtube.com\/embed\/vtcZxOmCyKU?feature=oembed\" frameborder=\"0\" allow=\"accelerometer; autoplay; clipboard-write; encrypted-media; gyroscope; picture-in-picture; web-share\" referrerpolicy=\"strict-origin-when-cross-origin\" allowfullscreen><\/iframe>\n\n\n\n<p><strong>Teht\u00e4v\u00e4:<\/strong> Pohtikaa ty\u00f6yhteis\u00f6ss\u00e4nne, miten videolla esitetyt laadukkaan ohjauksen elementit toteutuvat t\u00e4ll\u00e4 hetkell\u00e4 ty\u00f6yhteis\u00f6ss\u00e4nne. Listatkaa mik\u00e4 toimii ja mit\u00e4 pit\u00e4\u00e4 viel\u00e4 kehitt\u00e4\u00e4. <\/p>\n\n\n\n<p><\/p>\n","protected":false},"excerpt":{"rendered":"<p>Teht\u00e4v\u00e4: Pohtikaa ty\u00f6yhteis\u00f6ss\u00e4nne, miten videolla esitetyt laadukkaan ohjauksen elementit toteutuvat t\u00e4ll\u00e4 hetkell\u00e4 ty\u00f6yhteis\u00f6ss\u00e4nne. Listatkaa mik\u00e4 toimii ja mit\u00e4 pit\u00e4\u00e4 viel\u00e4 kehitt\u00e4\u00e4.<\/p>\n","protected":false},"author":24,"featured_media":0,"parent":0,"menu_order":1,"comment_status":"closed","ping_status":"open","template":"","meta":{"footnotes":""},"class_list":["post-2","page","type-page","status-publish","hentry"],"_links":{"self":[{"href":"https:\/\/blogi.savonia.fi\/opiskelijanohjaus\/wp-json\/wp\/v2\/pages\/2","targetHints":{"allow":["GET"]}}],"collection":[{"href":"https:\/\/blogi.savonia.fi\/opiskelijanohjaus\/wp-json\/wp\/v2\/pages"}],"about":[{"href":"https:\/\/blogi.savonia.fi\/opiskelijanohjaus\/wp-json\/wp\/v2\/types\/page"}],"author":[{"embeddable":true,"href":"https:\/\/blogi.savonia.fi\/opiskelijanohjaus\/wp-json\/wp\/v2\/users\/24"}],"replies":[{"embeddable":true,"href":"https:\/\/blogi.savonia.fi\/opiskelijanohjaus\/wp-json\/wp\/v2\/comments?post=2"}],"version-history":[{"count":17,"href":"https:\/\/blogi.savonia.fi\/opiskelijanohjaus\/wp-json\/wp\/v2\/pages\/2\/revisions"}],"predecessor-version":[{"id":130,"href":"https:\/\/blogi.savonia.fi\/opiskelijanohjaus\/wp-json\/wp\/v2\/pages\/2\/revisions\/130"}],"wp:attachment":[{"href":"https:\/\/blogi.savonia.fi\/opiskelijanohjaus\/wp-json\/wp\/v2\/media?parent=2"}],"curies":[{"name":"wp","href":"https:\/\/api.w.org\/{rel}","templated":true}]}}