{"id":20,"date":"2020-11-04T11:18:03","date_gmt":"2020-11-04T09:18:03","guid":{"rendered":"https:\/\/blogi.savonia.fi\/opiskelijanohjaus\/?page_id=20"},"modified":"2020-12-17T14:06:15","modified_gmt":"2020-12-17T12:06:15","slug":"palautteen-antaminen-opiskelijalle","status":"publish","type":"page","link":"https:\/\/blogi.savonia.fi\/opiskelijanohjaus\/palautteen-antaminen-opiskelijalle\/","title":{"rendered":"Palautteen antaminen opiskelijalle"},"content":{"rendered":"\n<iframe loading=\"lazy\" title=\"Palautteen antaminen opiskelijalle\" width=\"604\" height=\"340\" src=\"https:\/\/www.youtube.com\/embed\/rV1657A5uNA?feature=oembed\" frameborder=\"0\" allow=\"accelerometer; autoplay; clipboard-write; encrypted-media; gyroscope; picture-in-picture; web-share\" referrerpolicy=\"strict-origin-when-cross-origin\" allowfullscreen><\/iframe>\n\n\n\n<p><strong>Teht\u00e4v\u00e4: <\/strong>Keskustelkaa ty\u00f6yhteis\u00f6ss\u00e4, miten palautteen antaminen toteutuu t\u00e4ll\u00e4 hetkell\u00e4. Kysyk\u00e4\u00e4 my\u00f6s opiskelijoilta heid\u00e4n mielipiteit\u00e4\u00e4n.  Arvioikaa, millaiset palautteen antamisen taidot teill\u00e4 on ja millaisissa asioissa olisi viel\u00e4 kehitett\u00e4v\u00e4\u00e4. Ent\u00e4, onko ty\u00f6yhteis\u00f6ss\u00e4 varattu riitt\u00e4v\u00e4sti aikaa ohjaajan ja opiskelijan v\u00e4liselle palautekeskusteluille? <\/p>\n","protected":false},"excerpt":{"rendered":"<p>Teht\u00e4v\u00e4: Keskustelkaa ty\u00f6yhteis\u00f6ss\u00e4, miten palautteen antaminen toteutuu t\u00e4ll\u00e4 hetkell\u00e4. Kysyk\u00e4\u00e4 my\u00f6s opiskelijoilta heid\u00e4n mielipiteit\u00e4\u00e4n. Arvioikaa, millaiset palautteen antamisen taidot teill\u00e4 on ja millaisissa asioissa olisi viel\u00e4 kehitett\u00e4v\u00e4\u00e4. Ent\u00e4, onko ty\u00f6yhteis\u00f6ss\u00e4 varattu riitt\u00e4v\u00e4sti aikaa ohjaajan ja opiskelijan v\u00e4liselle palautekeskusteluille?<\/p>\n","protected":false},"author":24,"featured_media":0,"parent":0,"menu_order":5,"comment_status":"closed","ping_status":"closed","template":"","meta":{"footnotes":""},"class_list":["post-20","page","type-page","status-publish","hentry"],"_links":{"self":[{"href":"https:\/\/blogi.savonia.fi\/opiskelijanohjaus\/wp-json\/wp\/v2\/pages\/20","targetHints":{"allow":["GET"]}}],"collection":[{"href":"https:\/\/blogi.savonia.fi\/opiskelijanohjaus\/wp-json\/wp\/v2\/pages"}],"about":[{"href":"https:\/\/blogi.savonia.fi\/opiskelijanohjaus\/wp-json\/wp\/v2\/types\/page"}],"author":[{"embeddable":true,"href":"https:\/\/blogi.savonia.fi\/opiskelijanohjaus\/wp-json\/wp\/v2\/users\/24"}],"replies":[{"embeddable":true,"href":"https:\/\/blogi.savonia.fi\/opiskelijanohjaus\/wp-json\/wp\/v2\/comments?post=20"}],"version-history":[{"count":7,"href":"https:\/\/blogi.savonia.fi\/opiskelijanohjaus\/wp-json\/wp\/v2\/pages\/20\/revisions"}],"predecessor-version":[{"id":142,"href":"https:\/\/blogi.savonia.fi\/opiskelijanohjaus\/wp-json\/wp\/v2\/pages\/20\/revisions\/142"}],"wp:attachment":[{"href":"https:\/\/blogi.savonia.fi\/opiskelijanohjaus\/wp-json\/wp\/v2\/media?parent=20"}],"curies":[{"name":"wp","href":"https:\/\/api.w.org\/{rel}","templated":true}]}}