{"id":99,"date":"2020-12-13T23:00:19","date_gmt":"2020-12-13T21:00:19","guid":{"rendered":"https:\/\/blogi.savonia.fi\/opiskelijanohjaus\/?page_id=99"},"modified":"2022-05-04T14:10:30","modified_gmt":"2022-05-04T11:10:30","slug":"yhteenveto","status":"publish","type":"page","link":"https:\/\/blogi.savonia.fi\/opiskelijanohjaus\/yhteenveto\/","title":{"rendered":"Yhteenveto"},"content":{"rendered":"\n<p><\/p>\n\n\n\n<figure class=\"wp-block-image size-large is-resized is-style-default\"><a href=\"https:\/\/ohjaan.fi\/wp-content\/uploads\/2017\/09\/Onnistuneen_ohjauksen_periaatteet.pdf\" target=\"_blank\" rel=\"noopener noreferrer\"><img loading=\"lazy\" decoding=\"async\" src=\"https:\/\/blogi.savonia.fi\/opiskelijanohjaus\/wp-content\/uploads\/sites\/9159\/2020\/12\/onnistuneen-ohjauksen-periaatteita-1024x722.jpg\" alt=\"\" class=\"wp-image-78\" width=\"825\" height=\"582\" srcset=\"https:\/\/blogi.savonia.fi\/opiskelijanohjaus\/wp-content\/uploads\/sites\/9159\/2020\/12\/onnistuneen-ohjauksen-periaatteita-1024x722.jpg 1024w, https:\/\/blogi.savonia.fi\/opiskelijanohjaus\/wp-content\/uploads\/sites\/9159\/2020\/12\/onnistuneen-ohjauksen-periaatteita-300x211.jpg 300w, https:\/\/blogi.savonia.fi\/opiskelijanohjaus\/wp-content\/uploads\/sites\/9159\/2020\/12\/onnistuneen-ohjauksen-periaatteita-768x541.jpg 768w, https:\/\/blogi.savonia.fi\/opiskelijanohjaus\/wp-content\/uploads\/sites\/9159\/2020\/12\/onnistuneen-ohjauksen-periaatteita.jpg 1094w\" sizes=\"auto, (max-width: 825px) 100vw, 825px\" \/><\/a><\/figure>\n\n\n\n<p>Taulukossa on<a href=\"http:\/\/ohjaan.fi\" data-type=\"URL\" data-id=\"ohjaan.fi\"> Ohjaan.fi<\/a> -sivustolta otettu kuva, joka kiteytt\u00e4\u00e4 hyvin laadukkaan ohjauksen elementit.  Voitte k\u00e4ytt\u00e4\u00e4 kyseist\u00e4 taulukkoa hyv\u00e4ksenne, kun laaditte oman yksikk\u00f6nne suunnitelmaa laadukkaan ohjauksen toteuttamiseksi. <\/p>\n\n\n\n<p><\/p>\n","protected":false},"excerpt":{"rendered":"<p>Taulukossa on Ohjaan.fi -sivustolta otettu kuva, joka kiteytt\u00e4\u00e4 hyvin laadukkaan ohjauksen elementit. Voitte k\u00e4ytt\u00e4\u00e4 kyseist\u00e4 taulukkoa hyv\u00e4ksenne, kun laaditte oman yksikk\u00f6nne suunnitelmaa laadukkaan ohjauksen toteuttamiseksi.<\/p>\n","protected":false},"author":24,"featured_media":0,"parent":0,"menu_order":6,"comment_status":"closed","ping_status":"closed","template":"","meta":{"footnotes":""},"class_list":["post-99","page","type-page","status-publish","hentry"],"_links":{"self":[{"href":"https:\/\/blogi.savonia.fi\/opiskelijanohjaus\/wp-json\/wp\/v2\/pages\/99","targetHints":{"allow":["GET"]}}],"collection":[{"href":"https:\/\/blogi.savonia.fi\/opiskelijanohjaus\/wp-json\/wp\/v2\/pages"}],"about":[{"href":"https:\/\/blogi.savonia.fi\/opiskelijanohjaus\/wp-json\/wp\/v2\/types\/page"}],"author":[{"embeddable":true,"href":"https:\/\/blogi.savonia.fi\/opiskelijanohjaus\/wp-json\/wp\/v2\/users\/24"}],"replies":[{"embeddable":true,"href":"https:\/\/blogi.savonia.fi\/opiskelijanohjaus\/wp-json\/wp\/v2\/comments?post=99"}],"version-history":[{"count":4,"href":"https:\/\/blogi.savonia.fi\/opiskelijanohjaus\/wp-json\/wp\/v2\/pages\/99\/revisions"}],"predecessor-version":[{"id":148,"href":"https:\/\/blogi.savonia.fi\/opiskelijanohjaus\/wp-json\/wp\/v2\/pages\/99\/revisions\/148"}],"wp:attachment":[{"href":"https:\/\/blogi.savonia.fi\/opiskelijanohjaus\/wp-json\/wp\/v2\/media?parent=99"}],"curies":[{"name":"wp","href":"https:\/\/api.w.org\/{rel}","templated":true}]}}