{"id":162,"date":"2025-12-02T12:35:07","date_gmt":"2025-12-02T10:35:07","guid":{"rendered":"https:\/\/blogi.savonia.fi\/peppikapanen\/?page_id=162"},"modified":"2025-12-03T13:09:54","modified_gmt":"2025-12-03T11:09:54","slug":"perioperatiivisen-hoitotyon-harjoittelu","status":"publish","type":"page","link":"https:\/\/blogi.savonia.fi\/peppikapanen\/esimerkkisivu\/perioperatiivisen-hoitotyon-harjoittelu\/","title":{"rendered":"Perioperatiivisen hoitoty\u00f6n harjoittelu"},"content":{"rendered":"\n<h3 class=\"wp-block-heading\"><strong>Osaamistavoitteet<\/strong><\/h3>\n\n\n\n<p>Opintojakson suoritettuaan opiskelija osaa<br><br>&#8211; ty\u00f6skennell\u00e4 hoitoty\u00f6n arvojen ja periaatteiden mukaisesti perioperatiivisessa hoitoty\u00f6ss\u00e4.<br>&#8211; k\u00e4ytt\u00e4\u00e4 tietoja perioperatiivisen potilaan hoidon tarpeenm\u00e4\u00e4rittelyss\u00e4, suunnittelussa, toteutuksessa ja arvioinnissa.<br>&#8211; soveltaa tietoja potilaan toimenpiteeseen valmistamisessa ja ohjauksessa, sek\u00e4 toimenpiteen j\u00e4lkeisess\u00e4 tarkkailussa ja hoidossa.<br>&#8211; tutkia, arvioida ja yll\u00e4pit\u00e4\u00e4 perioperatiivisen potilaan peruselintoimintoja<br>&#8211; aseptisen toiminnan periaatteet.<br>&#8211; keskeiset perioperatiivisen hoitoty\u00f6n toiminnot ja niiss\u00e4 tarvittavien hoitov\u00e4lineiden- ja laitteiden oikean ja turvallisen k\u00e4yt\u00f6n<br>&#8211; turvallisen perioperatiivisen l\u00e4\u00e4kehoidon, nestehoidon ja verensiirron &nbsp;toteuttamisen sek\u00e4 l\u00e4\u00e4kelaskennan<br>&#8211; ohjata potilaita ja l\u00e4heisi\u00e4 perioperatiivisen hoitoprosessin eri vaiheissa<br>&#8211; toteuttaa ja arvioida moniammatillista yhteisty\u00f6t\u00e4 perioperatiivisessa hoitoty\u00f6ss\u00e4<br>&#8211; arvioida ja kehitt\u00e4\u00e4 perioperatiivisen hoitoty\u00f6n osaamistaan<br>&#8211; reflektoida omaa oppimistaan ja kehittymist\u00e4\u00e4n<br><br><\/p>\n\n\n\n<h3 class=\"wp-block-heading\">Sis\u00e4lt\u00f6<\/h3>\n\n\n\n<p>&#8211; preoperatiivinen hoitoty\u00f6<br>&#8211; intraoperatiivinen hoitoty\u00f6<br>&#8211; postoperatiivinen hoitoty\u00f6<br>&#8211; moniammatillinen yhteisty\u00f6<br><br><\/p>\n\n\n\n<h3 class=\"wp-block-heading\">Esitietovaatimukset<\/h3>\n\n\n\n<p>Hoitotaito, Hoitotaidon kliininen osaaminen ja L\u00e4\u00e4kehoidon perusteet suoritettu. Perioperatiivinen hoitoty\u00f6 -opintojakso meneill\u00e4\u00e4n.<\/p>\n","protected":false},"excerpt":{"rendered":"<p>Osaamistavoitteet Opintojakson suoritettuaan opiskelija osaa &#8211; ty\u00f6skennell\u00e4 hoitoty\u00f6n arvojen ja periaatteiden mukaisesti perioperatiivisessa hoitoty\u00f6ss\u00e4.&#8211; k\u00e4ytt\u00e4\u00e4 tietoja perioperatiivisen potilaan hoidon tarpeenm\u00e4\u00e4rittelyss\u00e4, suunnittelussa, toteutuksessa ja arvioinnissa.&#8211; soveltaa tietoja potilaan toimenpiteeseen valmistamisessa ja ohjauksessa, sek\u00e4 toimenpiteen j\u00e4lkeisess\u00e4 tarkkailussa ja hoidossa.&#8211; tutkia, arvioida ja yll\u00e4pit\u00e4\u00e4 perioperatiivisen potilaan peruselintoimintoja&#8211; aseptisen toiminnan periaatteet.&#8211; keskeiset perioperatiivisen hoitoty\u00f6n toiminnot ja niiss\u00e4 tarvittavien hoitov\u00e4lineiden-&#8230;<\/p>\n","protected":false},"author":12439,"featured_media":0,"parent":2,"menu_order":3,"comment_status":"open","ping_status":"closed","template":"","meta":{"footnotes":""},"class_list":["post-162","page","type-page","status-publish","hentry"],"_links":{"self":[{"href":"https:\/\/blogi.savonia.fi\/peppikapanen\/wp-json\/wp\/v2\/pages\/162","targetHints":{"allow":["GET"]}}],"collection":[{"href":"https:\/\/blogi.savonia.fi\/peppikapanen\/wp-json\/wp\/v2\/pages"}],"about":[{"href":"https:\/\/blogi.savonia.fi\/peppikapanen\/wp-json\/wp\/v2\/types\/page"}],"author":[{"embeddable":true,"href":"https:\/\/blogi.savonia.fi\/peppikapanen\/wp-json\/wp\/v2\/users\/12439"}],"replies":[{"embeddable":true,"href":"https:\/\/blogi.savonia.fi\/peppikapanen\/wp-json\/wp\/v2\/comments?post=162"}],"version-history":[{"count":2,"href":"https:\/\/blogi.savonia.fi\/peppikapanen\/wp-json\/wp\/v2\/pages\/162\/revisions"}],"predecessor-version":[{"id":172,"href":"https:\/\/blogi.savonia.fi\/peppikapanen\/wp-json\/wp\/v2\/pages\/162\/revisions\/172"}],"up":[{"embeddable":true,"href":"https:\/\/blogi.savonia.fi\/peppikapanen\/wp-json\/wp\/v2\/pages\/2"}],"wp:attachment":[{"href":"https:\/\/blogi.savonia.fi\/peppikapanen\/wp-json\/wp\/v2\/media?parent=162"}],"curies":[{"name":"wp","href":"https:\/\/api.w.org\/{rel}","templated":true}]}}