{"id":166,"date":"2025-12-02T12:40:35","date_gmt":"2025-12-02T10:40:35","guid":{"rendered":"https:\/\/blogi.savonia.fi\/peppikapanen\/?page_id=166"},"modified":"2026-01-26T10:13:22","modified_gmt":"2026-01-26T08:13:22","slug":"oppimisen-reflektointi","status":"publish","type":"page","link":"https:\/\/blogi.savonia.fi\/peppikapanen\/esimerkkisivu\/perioperatiivisen-hoitotyon-harjoittelu\/oppimisen-reflektointi\/","title":{"rendered":"Oppimisen reflektointi"},"content":{"rendered":"\n<p><strong>Viikko 1 reflektio<\/strong><\/p>\n\n\n\n<p>Ensimm\u00e4isell\u00e4 viikolla p\u00e4\u00e4sin yleisell\u00e4 tasolla tutustumaan syd\u00e4ntoimenpideyksik\u00f6n toimintaan. Ensimm\u00e4isen viikon aikana p\u00e4\u00e4sin seuraamaan angiografioita. P\u00e4\u00e4sin n\u00e4kem\u00e4\u00e4n ja tutustumaan hoitajien eri rooleja salissa. Opin hahmottamaan, ett\u00e4 salissa on anestesiahoitaja, instrumentoiva hoitaja ja valvova hoitaja. Oli mielenkiintoista p\u00e4\u00e4st\u00e4 seuraamaan, mit\u00e4 teht\u00e4vi\u00e4 mihinkin rooliin sis\u00e4ltyy. Olen oppinut, ett\u00e4 jokaisella on oma rooli salissa ja jokainen tiet\u00e4\u00e4 mit\u00e4 tekee omassa roolissa. Ensimm\u00e4inen viikko oli aika pitk\u00e4lti tutustumista uuteen paikkaan ja sen k\u00e4yt\u00e4nteihin. Sain hyv\u00e4n k\u00e4sityksen yksik\u00f6n toiminnasta, mit\u00e4 siell\u00e4 p\u00e4ivitt\u00e4in tehd\u00e4\u00e4n.<\/p>\n\n\n\n<p><strong>Viikko 2 reflektio<\/strong><\/p>\n\n\n\n<p>Toisella viikolla p\u00e4\u00e4sin paneutumaan valvovan hoitajan rooliin. Olen p\u00e4\u00e4ssyt tekem\u00e4\u00e4n kirjauksia neuvotusti, olen p\u00e4\u00e4ssyt avaamaan steriilej\u00e4 pakkauksia, avaamaan steriileit\u00e4 suojavarustuksia ja valmistelemaan salia potilasta varten. Toisella viikolla olen alkanut enemm\u00e4n hahmottamaan mit\u00e4 kaikkea valvovan hoitajan teht\u00e4viin kuuluu ennen toimenpidett\u00e4, sen aikana ja sen j\u00e4lkeen. Olen huomannut, ett\u00e4 ty\u00f6 on tarkkaa ja tietyt asiat on muistettava tehd\u00e4 joka kerta samalla tavalla. Alkuun asioiden muistaminen tuntui hieman haastavalta, mutta mit\u00e4 enemm\u00e4n on saanut toistoja salissa ollessa, sit\u00e4 paremmin asioita on alkanut tarttua p\u00e4\u00e4h\u00e4n. Olen my\u00f6s kiinnitt\u00e4nyt huomiota aseptiikan t\u00e4rkeyteen. Aseptiikan kanssa t\u00e4ytyy olla todella huolellinen ja tarkka ja siin\u00e4 haluan viel\u00e4 kehitty\u00e4, jota aseptiikka etenkin steriilien v\u00e4lineiden kanssa toteutuisi oikea oppisesti.<\/p>\n\n\n\n<p><strong>Viikko 4 reflektio<\/strong><\/p>\n\n\n\n<p>Nelj\u00e4nnell\u00e4 viikolla olen p\u00e4\u00e4ssyt harjoittelemaan steriiliksi pukeutumista ja steriilin\u00e4 toimimista. Olen p\u00e4\u00e4ssyt my\u00f6s tutustumaan, mit\u00e4 v\u00e4lineit\u00e4 steriiliin p\u00f6yt\u00e4\u00e4n kuuluu. Steriiliksi pukeutumisessa olen yritt\u00e4nyt olla mahdollisimman huolellinen ja on ollut kiva saada siihen toistoja, jotta se alkaa sujumaan. Steriiliksi pukeutuessa aseptiikan t\u00e4rkeys korostuu ja on osattava toimia salissa niin, ett\u00e4 pysyy steriilin\u00e4. Ennen steriiliksi pukeutumista on t\u00e4rke\u00e4 muistaa k\u00e4sidesinfektio. Takin ja hanskojen pukemiseen olen saanut hyvi\u00e4 neuvoja ohjaajaltani ja tuntuu, ett\u00e4 se alkaa pikkuhiljaa sujumaan paremmin ja alkaa muistamaan, mitk\u00e4 asiat siin\u00e4 on t\u00e4rke\u00e4 ottaa huomioon. Takkia ja hanskoja pukiessa t\u00e4rkeint\u00e4 on huolehtia, ett\u00e4 ne ei p\u00e4\u00e4se kontaminoitumaan. <\/p>\n\n\n\n<p><strong>V\u00e4liarviointi<\/strong><\/p>\n\n\n\n<p><strong>OPPIMISEN TAIDOT<\/strong>&nbsp;<\/p>\n\n\n\n<p>Harjoittelun ensimm\u00e4isten viikkojen aikana olen p\u00e4\u00e4ssyt tutustumaan ja hahmottamaan perioperatiivisen hoitoty\u00f6n polkua ja mit\u00e4 siihen sis\u00e4ltyy. Syd\u00e4ntoimenpideyksik\u00f6ss\u00e4 olen p\u00e4\u00e4ssyt seuraamaan ja oppimaan mit\u00e4 valmisteluita ennen toimenpidett\u00e4 tehd\u00e4\u00e4n ennen potilaan saapumista saliin, mit\u00e4 toimenpiteen aikana tapahtuu ja t\u00e4ytyy ottaa huomioon ja mit\u00e4 toimenpiteen j\u00e4lkeen tehd\u00e4\u00e4n. Alkuun olen enemm\u00e4n seuraillut mit\u00e4 salissa tapahtuu, mutta olen my\u00f6s p\u00e4ivitt\u00e4in p\u00e4\u00e4ssyt itse konkreettisesti harjoittamaan k\u00e4dentaitoja. Ohjaajani ovat mielest\u00e4ni sopivalla tahdilla neuvonut uusia asioita ja olen p\u00e4\u00e4ssyt asia kerrallaan harjoittelemaan uusia asioita, mik\u00e4 on tuntunut kivalta. On ollut mielenkiintoista p\u00e4\u00e4st\u00e4 k\u00e4yt\u00e4nn\u00f6n tasolla n\u00e4kem\u00e4\u00e4n ja tekem\u00e4\u00e4n koulussa l\u00e4pi k\u00e4ytyj\u00e4 ja opittuja asioita. Omaan tekemiseen toivon saavani lis\u00e4\u00e4 varmuutta harjoittelun edetess\u00e4.<\/p>\n\n\n\n<p><strong>EETTINEN OSAAMINEN JA AMMATILLISUUS<\/strong>&nbsp;<\/p>\n\n\n\n<p>Olen pyrkinyt toimimaan hoitoty\u00f6n arvojen mukaisesti harjoittelun aikana. Potilaat haluan kohdata rauhallisesti ja kunnioittavasti. On ollut kiva p\u00e4\u00e4st\u00e4 seuraamaan, kuinka hyv\u00e4\u00e4 huolta potilaista pidet\u00e4\u00e4n toimenpiteen ajan sen kestosta riippumatta. Olen huomannut, ett\u00e4 toimenpiteisiin tullessa potilaat voivat olla j\u00e4nnittyneit\u00e4 tai jopa pelokkaita, joten rauhallinen ja empaattinen l\u00e4hestyminen on t\u00e4rke\u00e4\u00e4, jotta potilaalle tulisi turvallinen ja luottavainen olo.<\/p>\n\n\n\n<p><strong>TY\u00d6YHTEIS\u00d6OSAAMINEN<\/strong>&nbsp;<\/p>\n\n\n\n<p>Ty\u00f6yhteisen s\u00e4\u00e4nt\u00f6j\u00e4 olen pyrkinyt noudattamaan parhaani mukaan. Tulen sovittuun aikaan vuoroon ja poissaoloista ilmoitan asianmukaisesti. Blogiin olen tehnyt viikko reflektiot, jossa reflektoin omaa oppimistani ensimm\u00e4isilt\u00e4 viikoilta. Mielest\u00e4ni olen tullut hyvin toimeen ty\u00f6ntekij\u00f6iden ja etenkin ohjaajieni kanssa ja haluan, ett\u00e4 yhteisty\u00f6 sujuu mahdollisimman mutkattomasti. Salissa olen kiinnitt\u00e4nyt huomiota, kuinka t\u00e4rke\u00e4\u00e4 yhteisty\u00f6n sujuminen mahdollisimman saumattomasti siell\u00e4 on parhaan lopputuloksen saavuttamiseksi. Ty\u00f6ntekij\u00f6iden ammattitaitoa ihailen kovasti ja arvostus heid\u00e4n ty\u00f6t\u00e4 kohtaan on kasvanut p\u00e4iv\u00e4 p\u00e4iv\u00e4lt\u00e4 harjoittelun aikana.<\/p>\n\n\n\n<p><strong>SOSIAALI- JA TERVEYDENHUOLLON TOIMINTAYMP\u00c4RIST\u00d6<\/strong>&nbsp;<\/p>\n\n\n\n<p>Harjoittelun aikana olen alkanut paremmin hahmottamaan esimerkiksi elektiivisen ja p\u00e4ivystyspotilaan hoitopolkua ja miten ne eroavat toisistaan. Yksik\u00f6ss\u00e4 on ollut paljon elektiivisi\u00e4 potilaita, joten etenkin heid\u00e4n hoitopolku on alkanut tulla pikkuhiljaa tutuksi. Olen alkanut saamaan kokonaisvaltaisemman kuvan perioperatiivisen hoitoty\u00f6n eri vaiheista ja niiden kulusta. Perioperatiivisen hoitoty\u00f6n sanastoa haluaisin oppia muistamaan enemm\u00e4n, se ei kuulu vahvuuksiini.<\/p>\n\n\n\n<p><strong>KLIININEN OSAAMINEN: PREOPERATIIVINEN HOITOTY\u00d6<\/strong>&nbsp;<\/p>\n\n\n\n<p>Olen p\u00e4\u00e4ssyt tutustumaan potilaan preoperatiiviseen vaiheeseen toimenpideyksik\u00f6ss\u00e4. Olen alkanut hahmottamaan, miten potilaat valmistellaan juuri ennen toimenpiteen alkamista. Potilailla on ohjeena esimerkiksi olla ravinnotta ennen toimenpidett\u00e4. Ihon kuntoa tarkastellaan ennen toimenpidett\u00e4 ja k\u00e4yd\u00e4\u00e4n tarkastuslista l\u00e4pi. Tarkastuslistaan kuuluu mm. henkil\u00f6llisyyden, l\u00e4\u00e4keaineallergioiden, oireiden, taustatietojen ja muiden sairauksien l\u00e4pi k\u00e4yminen. Tarkastuslistan l\u00e4pi k\u00e4ynnin j\u00e4lkeen toimenpide voi alkaa. Olen p\u00e4\u00e4ssyt laittamaan potilaille EKG l\u00e4tki\u00e4 paikoilleen, happisaturaatio mittarin sormeen, sen lis\u00e4ksi olen p\u00e4\u00e4ssyt avustamaan oikeiden toimenpidev\u00e4lineiden etsimisess\u00e4 etuk\u00e4teen ja auttamaan steriiliksi pukeutumisessa.<\/p>\n\n\n\n<p><strong>KLIININEN OSAAMINEN: INTRA &#8211; OPERATIIVINEN HOITOTY\u00d6<\/strong>&nbsp;<\/p>\n\n\n\n<p>Salissa olen p\u00e4\u00e4ssyt seuraamaan ja olemaan osana toimenpiteen aikana tapahtuvia asioita. Salissa on l\u00e4\u00e4k\u00e4rin lis\u00e4ksi valvova hoitaja, instrumentoiva hoitaja ja anestesia hoitaja. Olen p\u00e4\u00e4ssyt olemaan eniten t\u00e4h\u00e4n menness\u00e4 harjoittelua valvovan hoitajan roolissa. Valvovan hoitajan rooliin kuuluu esimerkiksi toimenpiteess\u00e4 k\u00e4ytettyjen v\u00e4lineiden kirjaus ja laskutus asiat. Olen oppinut, ett\u00e4 kirjaukset on t\u00e4rke\u00e4 osa salissa toimenpiteen aikana, jotta t\u00e4rkeimm\u00e4t toimenpiteess\u00e4 tapahtuvat asiat on varmasti ylh\u00e4\u00e4ll\u00e4 oikeissa j\u00e4rjestelmiss\u00e4. Olen p\u00e4\u00e4ssyt olemaan muutaman kerran anestesia hoitajan mukana toimenpiteess\u00e4. Siit\u00e4 olen oppinut, ett\u00e4 l\u00e4\u00e4kkeiden huolellinen anto ja l\u00e4\u00e4kkeiden kirjaus on anestesia hoitajan vastuulla, sek\u00e4 vitaalien tarkkailu ja niiden muutoksiin reagointi. Instrumentoiva hoitaja pukeutuu steriiliksi ja ty\u00f6skentelee l\u00e4\u00e4k\u00e4rin kanssa steriilisti toimenpidep\u00f6yd\u00e4n \u00e4\u00e4rell\u00e4.<\/p>\n\n\n\n<p>Aseptiikan t\u00e4rkeyden olen ymm\u00e4rt\u00e4nyt ja siihen pyrkinyt kiinnitt\u00e4m\u00e4\u00e4n huomiota ja siihen haluan koko harjoittelun ajan panostaa. Steriiliksi pukeutumisessa olen p\u00e4\u00e4ssyt avustamaan ja toivon p\u00e4\u00e4sev\u00e4ni sit\u00e4 my\u00f6s itse harjoittelemaan. Se hieman j\u00e4nnitt\u00e4\u00e4, koska koen steriilin\u00e4 toimimisen viel\u00e4 haastavaksi itselleni, koska siihen on l\u00e4hinn\u00e4 teoria pohjaa koulusta, joten toivon p\u00e4\u00e4sev\u00e4ni harjoittelemaan sit\u00e4 my\u00f6s k\u00e4yt\u00e4nn\u00f6ntasolla. Instrumenttien tunnistamiseen kaipaan viel\u00e4 lis\u00e4\u00e4 harjoitusta, sen koen haastavana osa-alueena itselleni.<\/p>\n\n\n\n<p><strong>KLIININEN OSAAMINEN: POST &#8211; OPERATIIVINEN HOITOTY\u00d6<\/strong>&nbsp;<\/p>\n\n\n\n<p>Post-operatiivisen vaiheen seuraaminen j\u00e4\u00e4 aika lyhyeksi toimenpideyksik\u00f6ss\u00e4, koska toimenpiteen j\u00e4lkeen potilas siirtyy suht nopealla aikataululla jatkohoitoon ja tarkkailuun sovittuun paikkaan, yleens\u00e4 vuodeosastolle. Toimenpiteen j\u00e4lkeen potilaan ohjaus kuitenkin korostuu ja on t\u00e4rke\u00e4\u00e4 antaa potilaalle hyv\u00e4t ohjeet jatkohoidosta ja varmistaa, ett\u00e4 h\u00e4n ymm\u00e4rt\u00e4\u00e4 ne. Yleisimm\u00e4t ohjeet toimenpiteen j\u00e4lkeen potilaalle on parin tunnin vuodelepo ja punktioidun k\u00e4den lepuuttaminen.<\/p>\n\n\n\n<p><strong>N\u00c4YTT\u00d6\u00d6N PERUSTUVA TOIMINTA JA P\u00c4\u00c4T\u00d6KSENTEKO<\/strong><\/p>\n\n\n\n<p>Tiedonhakuun olen saanut lis\u00e4\u00e4 ty\u00f6v\u00e4lineit\u00e4. Sain ohjaajaltani hyvi\u00e4 neuvoja, mist\u00e4 luotettavaa tietoa voi hakea. Olen hakenut esimerkiksi sepelvaltimotautiin liittyv\u00e4\u00e4 tietoa syd\u00e4nliiton sivuilta, mist\u00e4 on saanut hyvin tietoa asioihin, mit\u00e4 syd\u00e4ntoimenpideyksik\u00f6ss\u00e4 p\u00e4ivitt\u00e4in k\u00e4sitell\u00e4\u00e4n. P\u00e4\u00e4t\u00f6ksenteko on iso osa perioperatiivista hoitoty\u00f6t\u00e4. Olen p\u00e4\u00e4ssyt seuraamaan, kuinka salissa l\u00e4\u00e4k\u00e4rit, sek\u00e4 hoitajat tekev\u00e4t p\u00e4ivitt\u00e4in potilaan hoitoon liittyvi\u00e4 p\u00e4\u00e4t\u00f6ksi\u00e4. Salissa joutuu tekem\u00e4\u00e4n v\u00e4lill\u00e4 hyvin nopeitakin p\u00e4\u00e4t\u00f6ksi\u00e4. Ihailen mill\u00e4 varmuudella l\u00e4\u00e4k\u00e4rit ja hoitajat p\u00e4\u00e4t\u00f6ksi\u00e4 tekee ja siihen haluan itsekin oppia.<\/p>\n\n\n\n<p><strong>OHJAUS- JA OPETUSOSAAMINEN<\/strong>&nbsp;<\/p>\n\n\n\n<p>Salissa tulee p\u00e4ivitt\u00e4in potilaan ohjaus tilanteita. On t\u00e4rke\u00e4\u00e4 antaa potilaalle selke\u00e4t ohjeet. Potilasta ohjeistetaan esimerkiksi miten h\u00e4nen kuuluu k\u00e4yd\u00e4 toimenpidep\u00f6yd\u00e4lle, saako potilas puhua toimenpiteen aikana vai ei tai miss\u00e4 asennossa t\u00e4ytyy olla toimenpiteen ajan. Ohjauksen t\u00e4rkeys korostuu toimenpiteiss\u00e4, koska hyv\u00e4ll\u00e4 ohjauksella helpotetaan toimenpiteen sujumista. Potilaiden kanssa kommunikoidessa tai ohjatessa olen pyrkinyt itse olemaan rauhallinen ja selke\u00e4. Potilaiden ohjaamiseen toivon saavani viel\u00e4 lis\u00e4\u00e4 harjoitusta ja uskon siihen tulevan varmuutta rohkeasti ohjaus tilanteisiin osallistumalla.<\/p>\n\n\n\n<p><strong>SOSIAALI- JA TERVEYSPALVELUJEN LAATU JA TURVALLISUUS<\/strong>&nbsp;<\/p>\n\n\n\n<p>Potilasturvallisuus on t\u00e4rke\u00e4 ja iso osa hoitoty\u00f6t\u00e4. Sen on taas harjoittelun my\u00f6t\u00e4 p\u00e4\u00e4ssyt todistamaan. Ymm\u00e4rr\u00e4n sen t\u00e4rkeyden ja haluan huolehtia sen toteutumisesta. Turvallinen l\u00e4\u00e4kehoidon toteutuminen on isossa osassa toimenpideyksik\u00f6ss\u00e4. Olen p\u00e4\u00e4ssyt muutamia kertoja annostelemaan l\u00e4\u00e4kkeit\u00e4. Siin\u00e4 haluan aina olla todella huolellinen, jotta potilas saa varmasti oikean annoksen l\u00e4\u00e4kett\u00e4. L\u00e4\u00e4kelaskut koen edelleen hieman hankalaksi itselleni ja niihin saatan tarvita aikaa. L\u00e4\u00e4kelaskuja laskemalla ne muistuu kuitenkin takaisin mieleen suht hyvin.<\/p>\n","protected":false},"excerpt":{"rendered":"<p>Viikko 1 reflektio Ensimm\u00e4isell\u00e4 viikolla p\u00e4\u00e4sin yleisell\u00e4 tasolla tutustumaan syd\u00e4ntoimenpideyksik\u00f6n toimintaan. Ensimm\u00e4isen viikon aikana p\u00e4\u00e4sin seuraamaan angiografioita. P\u00e4\u00e4sin n\u00e4kem\u00e4\u00e4n ja tutustumaan hoitajien eri rooleja salissa. Opin hahmottamaan, ett\u00e4 salissa on anestesiahoitaja, instrumentoiva hoitaja ja valvova hoitaja. Oli mielenkiintoista p\u00e4\u00e4st\u00e4 seuraamaan, mit\u00e4 teht\u00e4vi\u00e4 mihinkin rooliin sis\u00e4ltyy. Olen oppinut, ett\u00e4 jokaisella on oma rooli salissa ja jokainen&#8230;<\/p>\n","protected":false},"author":12439,"featured_media":0,"parent":162,"menu_order":2,"comment_status":"open","ping_status":"closed","template":"","meta":{"footnotes":""},"class_list":["post-166","page","type-page","status-publish","hentry"],"_links":{"self":[{"href":"https:\/\/blogi.savonia.fi\/peppikapanen\/wp-json\/wp\/v2\/pages\/166","targetHints":{"allow":["GET"]}}],"collection":[{"href":"https:\/\/blogi.savonia.fi\/peppikapanen\/wp-json\/wp\/v2\/pages"}],"about":[{"href":"https:\/\/blogi.savonia.fi\/peppikapanen\/wp-json\/wp\/v2\/types\/page"}],"author":[{"embeddable":true,"href":"https:\/\/blogi.savonia.fi\/peppikapanen\/wp-json\/wp\/v2\/users\/12439"}],"replies":[{"embeddable":true,"href":"https:\/\/blogi.savonia.fi\/peppikapanen\/wp-json\/wp\/v2\/comments?post=166"}],"version-history":[{"count":50,"href":"https:\/\/blogi.savonia.fi\/peppikapanen\/wp-json\/wp\/v2\/pages\/166\/revisions"}],"predecessor-version":[{"id":250,"href":"https:\/\/blogi.savonia.fi\/peppikapanen\/wp-json\/wp\/v2\/pages\/166\/revisions\/250"}],"up":[{"embeddable":true,"href":"https:\/\/blogi.savonia.fi\/peppikapanen\/wp-json\/wp\/v2\/pages\/162"}],"wp:attachment":[{"href":"https:\/\/blogi.savonia.fi\/peppikapanen\/wp-json\/wp\/v2\/media?parent=166"}],"curies":[{"name":"wp","href":"https:\/\/api.w.org\/{rel}","templated":true}]}}