{"id":168,"date":"2025-12-02T12:41:23","date_gmt":"2025-12-02T10:41:23","guid":{"rendered":"https:\/\/blogi.savonia.fi\/peppikapanen\/?page_id=168"},"modified":"2026-02-04T15:10:54","modified_gmt":"2026-02-04T13:10:54","slug":"loppuarviointi","status":"publish","type":"page","link":"https:\/\/blogi.savonia.fi\/peppikapanen\/esimerkkisivu\/perioperatiivisen-hoitotyon-harjoittelu\/loppuarviointi\/","title":{"rendered":"Loppuarviointi"},"content":{"rendered":"\n<p><strong>OPPIMISEN TAIDOT<\/strong>&nbsp;<\/p>\n\n\n\n<p>Viiden viikon aikana olen p\u00e4\u00e4ssyt oppimaan paljon uusia taitoja. Ohjaajani ovat mielest\u00e4ni sopivalla tahdilla&nbsp;opettanut uusia asioita ja olenkin p\u00e4\u00e4ssyt perehtym\u00e4\u00e4n asia kerrallaan l\u00e4pik\u00e4yt\u00e4viin asioihin. Harjoittelun alussa mietimme sopivia&nbsp;tavoitteita harjoittelun ajaksi ja mielest\u00e4ni olen p\u00e4\u00e4ssyt&nbsp;ihan hyvin tavoitteisiin. Yksi tavoitteeni oli esimerkiksi sinusrytmin tunnistaminen ja harjoittelun edetess\u00e4 on ollut kiva huomata, ett\u00e4 pystyn sen useimmissa tapauksissa tunnistamaan tai huomaan, jos sinusrytmi\u00e4 ei ole. Olen p\u00e4\u00e4ssyt seuraamaan,&nbsp;miten asioita&nbsp;salissa tehd\u00e4\u00e4n ja p\u00e4\u00e4ssyt kokeilemaan ja harjoittelemaan niit\u00e4 my\u00f6s itse&nbsp;p\u00e4ivitt\u00e4in.&nbsp;Olen saanut hyvi\u00e4 neuvoja l\u00e4pi harjoittelun, jotka otan hyvill\u00e4 mielin jatkoon mukaan ja uskon, ett\u00e4 p\u00e4\u00e4sen t\u00e4\u00e4ll\u00e4 opittuja asioita my\u00f6hemmin hy\u00f6dynt\u00e4m\u00e4\u00e4n.&nbsp;<\/p>\n\n\n\n<p><strong>EETTINEN OSAAMINEN JA AMMATILLISUUS<\/strong>&nbsp;<\/p>\n\n\n\n<p>Potilaskohtaamiset olen kokenut mukavina. Tykk\u00e4\u00e4n kohdata potilaita ja haluankin kohdata jokaisen kunnioittavasti ja yksil\u00f6llisesti, mielest\u00e4ni olen onnistunut t\u00e4ss\u00e4 hyvin ja saanut&nbsp;siit\u00e4 my\u00f6s hyv\u00e4\u00e4 palautetta ohjaajiltani. Potilaiden kohtaamisessa olen pyrkinyt aina esittelem\u00e4\u00e4n itseni ja toimimaan rauhallisesti.&nbsp;Osaa potilaista on j\u00e4nnitt\u00e4nyt kovasti&nbsp;toimenpide, joten empaattinen l\u00e4hestyminen ja selke\u00e4 ohjeistus tilanteessa&nbsp;ovat avainasemassa. Jos saliin tulee todella j\u00e4nnittynyt&nbsp;potilas, olen oppinut ja huomannut, ett\u00e4 hoitajat pyrkiv\u00e4t tekem\u00e4\u00e4n tilanteesta mahdollisimman turvallisen ja lievitt\u00e4m\u00e4\u00e4n j\u00e4nnityst\u00e4 erilaisin keinoin.&nbsp;<\/p>\n\n\n\n<p><strong>TY\u00d6YHTEIS\u00d6OSAAMINEN<\/strong>&nbsp;<\/p>\n\n\n\n<p>Ty\u00f6yhteis\u00f6\u00f6n yksik\u00f6ss\u00e4&nbsp;olen sopeutunut mielest\u00e4ni hyvin. Minut on otettu tosi kivasti opiskelijana vastaan&nbsp;ja yksikk\u00f6\u00f6n on&nbsp;ollut&nbsp;kiva&nbsp;tulla harjoitteluun joka p\u00e4iv\u00e4. Ilmapiiri on t\u00e4\u00e4ll\u00e4 ollut rento ja helposti l\u00e4hestytt\u00e4v\u00e4.&nbsp;Omat vastuuni, esimerkiksi blogin t\u00e4ytt\u00e4misen, ty\u00f6vuoroihin ajoissa saapumisen ja mahdollisista poissaoloista ilmoittamisen olen&nbsp;huolehtinut. Olen saanut todella hyv\u00e4\u00e4 ohjausta ja hyvi\u00e4 neuvoja etenkin omilta ohjaajiltani, mutta my\u00f6s muilta ty\u00f6ntekij\u00f6ilt\u00e4. Tiimity\u00f6t\u00e4 olen p\u00e4\u00e4ssyt seuraamaan&nbsp;yksik\u00f6ss\u00e4 p\u00e4ivitt\u00e4in ja olemaan osa sit\u00e4. Selke\u00e4 kommunikointi ja sen t\u00e4rkeys on korostunut tiimity\u00f6n sujumisessa ja on ollut kiva p\u00e4\u00e4st\u00e4 seuraamaan&nbsp;sen toteutumista.&nbsp;<\/p>\n\n\n\n<p><strong>SOSIAALI- JA TERVEYDENHUOLLON TOIMINTAYMP\u00c4RIST\u00d6<\/strong>&nbsp;<\/p>\n\n\n\n<p>Olen alkanut hahmottamaan ja ymm\u00e4rt\u00e4m\u00e4\u00e4n harjoittelun edetess\u00e4 perioperatiivisen potilaan hoitopolkua ja mit\u00e4 se pit\u00e4\u00e4 sis\u00e4ll\u00e4\u00e4n.&nbsp;Syd\u00e4ntoimenpideyksik\u00f6ss\u00e4&nbsp;on&nbsp;paljon&nbsp;elektiivisi\u00e4&nbsp;potilaita, joten etenkin heid\u00e4n hoitopolkunsa on alkanut hahmottumaan&nbsp;paremmin.&nbsp;Olemme harjoittelun edetess\u00e4 k\u00e4yneet l\u00e4pi, mit\u00e4&nbsp;valmisteluita toimenpiteeseen tulo vaatii, mit\u00e4 toimenpiteen aikana tapahtuu ja p\u00e4\u00e4ssyt my\u00f6s tutustumaan, mit\u00e4&nbsp;toimenpiteen&nbsp;j\u00e4lkeen tapahtuu ja mihin eri osastoille potilaat esimerkiksi toimenpiteen j\u00e4lkeen vied\u00e4\u00e4n. P\u00e4ivystyspotilaiden kanssa tilanteet voivat edet\u00e4 hyvinkin nopeasti ja kriittisiss\u00e4 tilanteissa toiminta on hyvinkin nopeatempoista, t\u00e4llaisia tilanteita olen muutaman kerran p\u00e4\u00e4ssyt n\u00e4kem\u00e4\u00e4n ja seuraamaan.&nbsp;<\/p>\n\n\n\n<p><strong>KLIININEN OSAAMINEN: PREOPERATIIVINEN HOITOTY\u00d6<\/strong>&nbsp;<\/p>\n\n\n\n<p>Preoperatiivista&nbsp;hoitoty\u00f6t\u00e4 olen p\u00e4\u00e4ssyt v\u00e4hemm\u00e4n seuraamaan, koska yksik\u00f6ss\u00e4 toiminta keskittyy intra-operatiiviseen hoitoty\u00f6h\u00f6n. P\u00e4\u00e4sin kuitenkin olemaan&nbsp;yhden vuoron ajan syd\u00e4ntutkimusosastolla ja yhden vuoron syd\u00e4nosastolla, joten niiss\u00e4 p\u00e4\u00e4sin enemm\u00e4n seuraamaan, mit\u00e4 valmisteluita toimenpiteeseen tuleminen vaatii. Syd\u00e4ntutkimusosastolla p\u00e4\u00e4sin&nbsp;laittamaan kanyyleja&nbsp;ja&nbsp;seuraamaan vitaalielintoimintoja.&nbsp;P\u00e4\u00e4sin seuraamaan, mink\u00e4laista ohjeistusta potilaille annetaan&nbsp;ennen toimenpiteeseen menoa ja kuinka t\u00e4rke\u00e4 osa potilaiden rauhoittelu ja heit\u00e4 askarruttaviin kysymyksiin vastaaminen ja&nbsp;potilaiden yleinen huomiointi on, jotta heille tulisi mahdollisimman turvallinen olo ennen toimenpidett\u00e4.&nbsp;&nbsp;<\/p>\n\n\n\n<p>Salissa on&nbsp;check-lista, mik\u00e4 k\u00e4yd\u00e4\u00e4n l\u00e4pi ennen toimenpiteen aloitusta.&nbsp;Se pit\u00e4\u00e4 sis\u00e4ll\u00e4\u00e4n esimerkiksi: henkil\u00f6llisyyden,&nbsp;olemassa olevat sairaudet,&nbsp;l\u00e4\u00e4keaine&nbsp;allergiat, mitk\u00e4 l\u00e4\u00e4kkeet on aamulla ottanut\/saanut ja taustatietoja. Ennen toimenpidett\u00e4&nbsp;ja potilaan saapumista&nbsp;valmistellaan sali kuntoon.&nbsp;Kun potilas tulee saliin, h\u00e4net ohjataan k\u00e4ym\u00e4\u00e4n p\u00f6yd\u00e4lle,&nbsp;miss\u00e4&nbsp;laitetaan&nbsp;muun&nbsp;muassa ekg-l\u00e4tk\u00e4t&nbsp;ja&nbsp;saturaatio mittari, joiden arvoja seurataan l\u00e4pi toimenpiteen.&nbsp;<\/p>\n\n\n\n<p><strong>KLIININEN OSAAMINEN: INTRA &#8211; OPERATIIVINEN HOITOTY\u00d6<\/strong>&nbsp;<\/p>\n\n\n\n<p>Olen p\u00e4\u00e4ssyt olemaan salissa instrumentoivan hoitajan kanssa p\u00f6yd\u00e4ss\u00e4, anestesia hoitajan kanssa ja valvovan hoitajan kanssa. Olen p\u00e4\u00e4ssyt siis tutustumaan jokaiseen rooliin ja p\u00e4\u00e4ssyt tekem\u00e4\u00e4n eri asioita eri roolissa. Aseptiikan t\u00e4rkeyden olen ymm\u00e4rt\u00e4nyt ja sit\u00e4 pyrkinyt toteuttamaan. Aseptiikkaan olen pyrkinyt kiinnitt\u00e4m\u00e4\u00e4n huomiota koko harjoittelun aikana. Olen p\u00e4\u00e4ssyt\u00a0harjoittelemaan steriiliksi pukeutumista ja pikkuhiljaa se on alkanut sujumaan.\u00a0Ennen steriiliksi pukeutumista olen tehnyt k\u00e4sidesinfektion.\u00a0Olen kuitenkin huomannut, ett\u00e4 sen kanssa t\u00e4ytyy olla todella tarkka ja\u00a0pit\u00e4\u00e4 huolta, ettei steriilit vaatteet\u00a0p\u00e4\u00e4se\u00a0kontaminoitumaan.\u00a0ABCDE-luokitusta on etenkin anestesia p\u00e4\u00e4ss\u00e4 k\u00e4ytetty ja siihen kannustettu.\u00a0<\/p>\n\n\n\n<p>Olen p\u00e4\u00e4ssyt harjoittelemaan toimenpide alueen desinfektiota ja steriiliksi peittely\u00e4. Ne ovat tuntuneet haastavammalta osa-alueelta itselleni. Syd\u00e4ntoimenpideyksik\u00f6ss\u00e4 on omanlaiset v\u00e4lineist\u00f6t esimerkiksi katetrit, mit\u00e4 k\u00e4ytet\u00e4\u00e4n toimenpiteess\u00e4. Niit\u00e4&nbsp;olen joitakin oppinut pikkuhiljaa muistamaan ja tunnistamaan, mutta en ole kokenut sit\u00e4 omaksi vahvuudekseni.&nbsp;<\/p>\n\n\n\n<p><strong>KLIININEN OSAAMINEN: POST &#8211; OPERATIIVINEN HOITOTY\u00d6<\/strong>&nbsp;<\/p>\n\n\n\n<p>Post-operatiivinen hoitoty\u00f6 on j\u00e4\u00e4nyt v\u00e4h\u00e4iseksi harjoittelun aikana, koska yksik\u00f6ss\u00e4 keskityt\u00e4\u00e4n intra-operatiiviseen vaiheeseen. P\u00e4\u00e4sin\u00a0kuitenkin yhden vuoron verran vierailemaan syd\u00e4ntutkimusosastolla, sek\u00e4 syd\u00e4nosastolla, jossa p\u00e4\u00e4sin seuraamaan, kuinka post-operatiivista hoitoty\u00f6t\u00e4 toteutetaan. P\u00e4\u00e4llimm\u00e4isen\u00e4 post-operatiivisesta hoitoty\u00f6st\u00e4 j\u00e4i mieleen vitaalielintoimintojen tarkkailu toimenpiteen j\u00e4lkeen ja selke\u00e4 ohjaus potilaalle, kuinka esimerkiksi kotona tulee toimia, kun\u00a0kotiutuu.\u00a0Kivunhoito on my\u00f6s t\u00e4rke\u00e4 huomioida. Toimenpiteen j\u00e4lkeen kyseltiin potilaalta, onko kipuja ja huomioitiin mittausten lukemia.\u00a0\u00a0<\/p>\n\n\n\n<p><strong>N\u00c4YTT\u00d6\u00d6N PERUSTUVA TOIMINTA JA P\u00c4\u00c4T\u00d6KSENTEKO<\/strong>&nbsp;<\/p>\n\n\n\n<p>Olen&nbsp;saanut hyvi\u00e4 vinkkej\u00e4 tiedonhakuun liittyen. Olen saanut vinkkej\u00e4, mist\u00e4 luotettavaa tietoa l\u00f6ytyy, mit\u00e4 olenkin hy\u00f6dynt\u00e4nyt.&nbsp;P\u00e4\u00e4t\u00f6ksi\u00e4 salissa tehd\u00e4\u00e4n p\u00e4ivitt\u00e4in. P\u00e4\u00e4t\u00f6ksenteko tilanteissa itse olen toki l\u00e4hinn\u00e4&nbsp;ollut&nbsp;sivusta seuraaja, mutta on ollut opettavaista p\u00e4\u00e4st\u00e4 n\u00e4kem\u00e4\u00e4n, mill\u00e4&nbsp;varmuudella l\u00e4\u00e4k\u00e4rit ja hoitajat potilaan hoitoon&nbsp;liittyvi\u00e4 p\u00e4\u00e4t\u00f6ksi\u00e4 tekev\u00e4t. Olen oppinut, ett\u00e4 jos itse on ep\u00e4varma jostakin asiasta tai ei t\u00e4ysin muista, miten jokin asia&nbsp;tehd\u00e4\u00e4n, on parempi kysy\u00e4&nbsp;apua&nbsp;ja varmistaa asia joltakin,&nbsp;jolloin pystyy itse varmistumaan&nbsp;asiasta ja jatkamaan&nbsp;tekemist\u00e4&nbsp;oikeilla tiedoilla.&nbsp;&nbsp;<\/p>\n\n\n\n<p><strong>OHJAUS- JA OPETUSOSAAMINEN<\/strong>&nbsp;<\/p>\n\n\n\n<p>Ohjaustilanteet toimenpiteess\u00e4 voivat olla hyvinkin lyhyit\u00e4. Ohjeiden selkeys on kuitenkin todella t\u00e4rke\u00e4\u00e4. Sain ohjaajiltani hyv\u00e4n neuvon, ett\u00e4 toimenpiteen aikana potilaalle ei v\u00e4ltt\u00e4m\u00e4tt\u00e4 j\u00e4\u00e4 paljoakaan mieleen l\u00e4\u00e4kkeiden vaikutuksen tai shokkitilan takia, joten on t\u00e4rke\u00e4 osata ohjeistaa vain oleellisimmat asiat, joilla on siihen hetkeen merkityst\u00e4.&nbsp;&nbsp;<\/p>\n\n\n\n<p>Potilaan saapuessa saliin h\u00e4nt\u00e4 ohjataan, mihin t\u00e4ytyy menn\u00e4,&nbsp;mihin asentoon, mit\u00e4 toimenpiteen aikana saa tai ei saa tehd\u00e4 ja&nbsp;k\u00e4yd\u00e4\u00e4n l\u00e4pi muita&nbsp;t\u00e4rkeit\u00e4 asioita, mill\u00e4 on vaikutusta toimenpiteeseen.&nbsp;P\u00e4\u00e4sin antamaan yhdelle potilaalle ohjausta punktio paikalle laitettavasta rannekkeesta. Ohjeistin h\u00e4nt\u00e4,&nbsp;miten rannekkeen kanssa tulee toimia ja mist\u00e4 merkeist\u00e4 tulee kertoa hoitajalle. Olen oppinut, ett\u00e4 selke\u00e4 ja rauhallinen ohjaus on t\u00e4rke\u00e4\u00e4 ja&nbsp;on hyv\u00e4&nbsp;osata ottaa huomioon, mit\u00e4 potilas pystyy ottamaan&nbsp;vastaan&nbsp;miss\u00e4kin&nbsp;tilanteessa.&nbsp;<\/p>\n\n\n\n<p><strong>SOSIAALI- JA TERVEYSPALVELUJEN LAATU JA TURVALLISUUS<\/strong>&nbsp;<\/p>\n\n\n\n<p>Potilasturvallisuuden olen pyrkinyt ottamaan huomioon jokaisen potilaan kohdalla. Turvallinen l\u00e4\u00e4kehoito on iso osa perioperatiivista hoitoty\u00f6t\u00e4 ja siihen olen saanut harjoittelun aikana hyv\u00e4\u00e4 harjoitusta. L\u00e4\u00e4kkeit\u00e4 jakaessa pyrin aina olemaan huolellinen ja tarkka ja varmistamaan l\u00e4\u00e4kkeen m\u00e4\u00e4r\u00e4n&nbsp;ohjaajaltani, jos olen siit\u00e4 ep\u00e4varma.&nbsp;L\u00e4\u00e4kelaskuja olen p\u00e4\u00e4ssyt kertaamaan l\u00e4\u00e4kkeit\u00e4 annostellessa. L\u00e4\u00e4kelaskut eiv\u00e4t ole vahvuusaluettani, mutta koen p\u00e4rj\u00e4\u00e4v\u00e4ni niiden kanssa ja tarvittaessa&nbsp;kysynyt niihin apua.&nbsp;&nbsp;<\/p>\n\n\n\n<p>Kirjaamista olen p\u00e4\u00e4ssyt tekem\u00e4\u00e4n p\u00e4ivitt\u00e4in. Yksik\u00f6ss\u00e4 on omat juttunsa, mitk\u00e4 kirjaamisessa tulee ottaa&nbsp;huomioon esimerkiksi laskutus asiat.&nbsp;ABCDE-luokitusta olen oppinut hy\u00f6dynt\u00e4m\u00e4\u00e4n anestesia p\u00e4\u00e4ss\u00e4.&nbsp;Se on hyv\u00e4 apuv\u00e4line&nbsp;esimerkiksi kirjaamiseen, jolloin tulee huomioitua t\u00e4rkeimm\u00e4t&nbsp;asiat&nbsp;sen avulla.&nbsp;<\/p>\n","protected":false},"excerpt":{"rendered":"<p>OPPIMISEN TAIDOT&nbsp; Viiden viikon aikana olen p\u00e4\u00e4ssyt oppimaan paljon uusia taitoja. Ohjaajani ovat mielest\u00e4ni sopivalla tahdilla&nbsp;opettanut uusia asioita ja olenkin p\u00e4\u00e4ssyt perehtym\u00e4\u00e4n asia kerrallaan l\u00e4pik\u00e4yt\u00e4viin asioihin. Harjoittelun alussa mietimme sopivia&nbsp;tavoitteita harjoittelun ajaksi ja mielest\u00e4ni olen p\u00e4\u00e4ssyt&nbsp;ihan hyvin tavoitteisiin. Yksi tavoitteeni oli esimerkiksi sinusrytmin tunnistaminen ja harjoittelun edetess\u00e4 on ollut kiva huomata, ett\u00e4 pystyn sen useimmissa&#8230;<\/p>\n","protected":false},"author":12439,"featured_media":0,"parent":162,"menu_order":3,"comment_status":"open","ping_status":"closed","template":"","meta":{"footnotes":""},"class_list":["post-168","page","type-page","status-publish","hentry"],"_links":{"self":[{"href":"https:\/\/blogi.savonia.fi\/peppikapanen\/wp-json\/wp\/v2\/pages\/168","targetHints":{"allow":["GET"]}}],"collection":[{"href":"https:\/\/blogi.savonia.fi\/peppikapanen\/wp-json\/wp\/v2\/pages"}],"about":[{"href":"https:\/\/blogi.savonia.fi\/peppikapanen\/wp-json\/wp\/v2\/types\/page"}],"author":[{"embeddable":true,"href":"https:\/\/blogi.savonia.fi\/peppikapanen\/wp-json\/wp\/v2\/users\/12439"}],"replies":[{"embeddable":true,"href":"https:\/\/blogi.savonia.fi\/peppikapanen\/wp-json\/wp\/v2\/comments?post=168"}],"version-history":[{"count":4,"href":"https:\/\/blogi.savonia.fi\/peppikapanen\/wp-json\/wp\/v2\/pages\/168\/revisions"}],"predecessor-version":[{"id":254,"href":"https:\/\/blogi.savonia.fi\/peppikapanen\/wp-json\/wp\/v2\/pages\/168\/revisions\/254"}],"up":[{"embeddable":true,"href":"https:\/\/blogi.savonia.fi\/peppikapanen\/wp-json\/wp\/v2\/pages\/162"}],"wp:attachment":[{"href":"https:\/\/blogi.savonia.fi\/peppikapanen\/wp-json\/wp\/v2\/media?parent=168"}],"curies":[{"name":"wp","href":"https:\/\/api.w.org\/{rel}","templated":true}]}}