{"id":2,"date":"2018-02-21T08:17:36","date_gmt":"2018-02-21T08:17:36","guid":{"rendered":"https:\/\/blogi.savonia.fi\/podcast\/?page_id=2"},"modified":"2023-01-25T12:56:16","modified_gmt":"2023-01-25T12:56:16","slug":"podcast","status":"publish","type":"page","link":"https:\/\/blogi.savonia.fi\/podcast\/podcast\/","title":{"rendered":"Mitk\u00e4 podcastit?"},"content":{"rendered":"<p>Haluamme jakaa mahdollisimman monipuolisesti tietoa eri alojemme toiminnasta. Julkaisemme vuosittain satoja artikkeleita tekemisest\u00e4mme, mutta niiden lis\u00e4ksi haluamme tarjota tietoa my\u00f6s \u00e4\u00e4nittein\u00e4. Oletpa iltalenkill\u00e4, autossa tai t\u00f6iss\u00e4, voit kuunnella podcastien kautta kiinnostavia tarinoita ajankohtaisista aiheista.<\/p>\n","protected":false},"excerpt":{"rendered":"<p>Haluamme jakaa mahdollisimman monipuolisesti tietoa eri alojemme toiminnasta. Julkaisemme vuosittain satoja artikkeleita tekemisest\u00e4mme, mutta niiden lis\u00e4ksi haluamme tarjota tietoa my\u00f6s \u00e4\u00e4nittein\u00e4. Oletpa iltalenkill\u00e4, autossa tai t\u00f6iss\u00e4, voit kuunnella podcastien kautta kiinnostavia tarinoita ajankohtaisista aiheista.<\/p>\n","protected":false},"author":476,"featured_media":0,"parent":0,"menu_order":0,"comment_status":"closed","ping_status":"open","template":"","meta":{"footnotes":""},"class_list":["post-2","page","type-page","status-publish","hentry"],"_links":{"self":[{"href":"https:\/\/blogi.savonia.fi\/podcast\/wp-json\/wp\/v2\/pages\/2","targetHints":{"allow":["GET"]}}],"collection":[{"href":"https:\/\/blogi.savonia.fi\/podcast\/wp-json\/wp\/v2\/pages"}],"about":[{"href":"https:\/\/blogi.savonia.fi\/podcast\/wp-json\/wp\/v2\/types\/page"}],"author":[{"embeddable":true,"href":"https:\/\/blogi.savonia.fi\/podcast\/wp-json\/wp\/v2\/users\/476"}],"replies":[{"embeddable":true,"href":"https:\/\/blogi.savonia.fi\/podcast\/wp-json\/wp\/v2\/comments?post=2"}],"version-history":[{"count":4,"href":"https:\/\/blogi.savonia.fi\/podcast\/wp-json\/wp\/v2\/pages\/2\/revisions"}],"predecessor-version":[{"id":144,"href":"https:\/\/blogi.savonia.fi\/podcast\/wp-json\/wp\/v2\/pages\/2\/revisions\/144"}],"wp:attachment":[{"href":"https:\/\/blogi.savonia.fi\/podcast\/wp-json\/wp\/v2\/media?parent=2"}],"curies":[{"name":"wp","href":"https:\/\/api.w.org\/{rel}","templated":true}]}}