{"id":12,"date":"2020-10-07T10:43:42","date_gmt":"2020-10-07T07:43:42","guid":{"rendered":"https:\/\/blogi.savonia.fi\/portfolioat\/?page_id=12"},"modified":"2021-10-13T17:02:05","modified_gmt":"2021-10-13T14:02:05","slug":"it-opinnot","status":"publish","type":"page","link":"https:\/\/blogi.savonia.fi\/portfolioat\/opinnot\/it-opinnot\/","title":{"rendered":"Portfoliot"},"content":{"rendered":"\n<p>T\u00e4nne lis\u00e4\u00e4n opinnoistani opintojaksojen portfolit<\/p>\n\n\n\n<p>Sis\u00e4lt\u00f6: Matkailu ja majoituspalvelut<\/p>\n\n\n\n<p><\/p>\n\n\n\n<!--more-->\n\n\n\n<div class=\"wp-block-buttons is-layout-flex wp-block-buttons-is-layout-flex\"><\/div>\n","protected":false},"excerpt":{"rendered":"<p>T\u00e4nne lis\u00e4\u00e4n opinnoistani opintojaksojen portfolit Sis\u00e4lt\u00f6: Matkailu ja majoituspalvelut<\/p>\n","protected":false},"author":6982,"featured_media":0,"parent":10,"menu_order":0,"comment_status":"closed","ping_status":"closed","template":"","meta":{"footnotes":""},"class_list":["post-12","page","type-page","status-publish","hentry"],"_links":{"self":[{"href":"https:\/\/blogi.savonia.fi\/portfolioat\/wp-json\/wp\/v2\/pages\/12","targetHints":{"allow":["GET"]}}],"collection":[{"href":"https:\/\/blogi.savonia.fi\/portfolioat\/wp-json\/wp\/v2\/pages"}],"about":[{"href":"https:\/\/blogi.savonia.fi\/portfolioat\/wp-json\/wp\/v2\/types\/page"}],"author":[{"embeddable":true,"href":"https:\/\/blogi.savonia.fi\/portfolioat\/wp-json\/wp\/v2\/users\/6982"}],"replies":[{"embeddable":true,"href":"https:\/\/blogi.savonia.fi\/portfolioat\/wp-json\/wp\/v2\/comments?post=12"}],"version-history":[{"count":5,"href":"https:\/\/blogi.savonia.fi\/portfolioat\/wp-json\/wp\/v2\/pages\/12\/revisions"}],"predecessor-version":[{"id":44,"href":"https:\/\/blogi.savonia.fi\/portfolioat\/wp-json\/wp\/v2\/pages\/12\/revisions\/44"}],"up":[{"embeddable":true,"href":"https:\/\/blogi.savonia.fi\/portfolioat\/wp-json\/wp\/v2\/pages\/10"}],"wp:attachment":[{"href":"https:\/\/blogi.savonia.fi\/portfolioat\/wp-json\/wp\/v2\/media?parent=12"}],"curies":[{"name":"wp","href":"https:\/\/api.w.org\/{rel}","templated":true}]}}